{"id":229,"date":"2014-01-28T16:22:36","date_gmt":"2014-01-28T16:22:36","guid":{"rendered":"http:\/\/uenf.br\/pos-graduacao\/producao-vegetal\/?page_id=229"},"modified":"2017-04-05T12:46:10","modified_gmt":"2017-04-05T15:46:10","slug":"doutorado-conclusao-entre-1996-e-2002","status":"publish","type":"page","link":"https:\/\/uenf.br\/posgraduacao\/producao-vegetal\/teses-e-dissertacoes-concluidas\/doutorado\/doutorado-conclusao-entre-1996-e-2002\/","title":{"rendered":"Doutorado &#8211; conclus\u00e3o entre 1996 e 2002"},"content":{"rendered":"<p><strong>1997<\/strong><\/p>\n<hr \/>\n<p>Aluno: Ernani Clarete da Silva<br \/>\nOrientador: Prof. Nilton Rocha Leal<br \/>\nData de In\u00edcio: 1994<br \/>\nData da Defesa de Tese: 15.12.97<br \/>\nT\u00edtulo da Tese: Estudos Gen\u00e9ticos Relacionados \u00e0 Adapta\u00e7\u00e3o da Alface (Lactuca sativa L.) sob Altas Temperaturas em Cultivo Protegido na Regi\u00e3o Norte Fluminense.<\/p>\n<hr \/>\n<p>Aluno: Eliemar Campostrini<br \/>\nOrientador: Prof. Oswaldo Kiyoshi Yamanishi<br \/>\nData de In\u00edcio: 1993<br \/>\nData da Defesa de Tese: 15.12.97<br \/>\nT\u00edtulo da Tese: Comportamento de Quatro Gen\u00f3tipos de Mamoeiro (Carica papaya L.) sob Restri\u00e7\u00e3o Mec\u00e2nica ao Crescimento do Sistema Radicular.<\/p>\n<hr \/>\n<p>Aluno: Rosana Rodrigues<br \/>\nOrientador: Prof. Prof. Nilton Rocha Leal<br \/>\nData de In\u00edcio: 1993<br \/>\nData da Defesa de Tese: 16.12.97<br \/>\nT\u00edtulo da Tese: An\u00e1lise gen\u00e9tica da resist\u00eancia ao crestamento bacteriano comum e outras caracter\u00edsticas agron\u00f4micas em Phaseolus vulgaris L.<\/p>\n<hr \/>\n<p>Aluno: Elias Fernandes de Sousa<br \/>\nOrientador: Prof. Prof. Salassier Bernardo<br \/>\nData de In\u00edcio: 1993<br \/>\nData da Defesa de Tese: 18.12.97<br \/>\nT\u00edtulo da Tese: Fun\u00e7\u00e3o de Produ\u00e7\u00e3o da Cana-de-a\u00e7\u00facar e da Goiabeira em Rela\u00e7\u00e3o \u00e0 Irriga\u00e7\u00e3o.<\/p>\n<hr \/>\n<p><strong>1998<\/strong><\/p>\n<hr \/>\n<p>Aluno: Ricardo Enrique Bressan Smith<br \/>\nOrientador: Prof. Messias Gonzaga Pereira<br \/>\nData de In\u00edcio: 1993<br \/>\nData da Defesa de Tese: 16.01.98<br \/>\nT\u00edtulo da Tese: Mapeamento de Locos de Caracter\u00edsticas Quantitativas Associados com a Morfologia, a Fotoss\u00edntese e o Rendimento do Feij\u00e3o (Phaseolus vulgaris L.)<\/p>\n<hr \/>\n<p>Aluno: Almy Junior Cordeiro de Carvalho<br \/>\nOrientador: Prof. Pedro Henrique Monnerat<br \/>\nData de In\u00edcio: 1993<br \/>\nData da Defesa de Tese: 19.01.98<br \/>\nT\u00edtulo da Tese: Composi\u00e7\u00e3o Mineral e Produtividade do Maracujazeiro Amarelo em Resposta a Aduba\u00e7\u00f5es Nitrogenada e Pot\u00e1ssica sob L\u00e2minas de Irriga\u00e7\u00e3o.<\/p>\n<hr \/>\n<p>Aluno: Donivaldo Pedro Martins<br \/>\nOrientador: Prof. Salassier Bernardo<br \/>\nData de In\u00edcio: 1994<br \/>\nData de Defesa de Tese: 13.02.98<br \/>\nT\u00edtulo da Tese: Resposta do Maracujazeiro Amarelo (Passiflora edulis Sins var. flavicarpa Deg.) a L\u00e2minas de Irriga\u00e7\u00e3o e Doses de Nitrog\u00eanio e de Pot\u00e1ssio.<\/p>\n<hr \/>\n<p>Aluno: Fl\u00e1vio Meira Bor\u00e9m<br \/>\nOrientador: Prof. Roberto Ferreira daSilva<br \/>\nData de In\u00edcio: 1994<br \/>\nData de Defesa de Tese: 17.02.98<br \/>\nT\u00edtulo da Tese: Estudo de um Equipamento Modificador de Atmosfera e seu Efeito na Qualidade e no Armazenamento de Sementes de Feij\u00e3o (Phaseolus vulgaris L.).<\/p>\n<hr \/>\n<p>Aluno: Celso Vainer Manzatto<br \/>\nOrientador: Prof. Doracy Pessoa Ramos<br \/>\nData de In\u00edcio: 1994<br \/>\nData de Defesa de Tese: 24.04.98<br \/>\nT\u00edtulo da Tese: Pedog\u00eanese Toposequencial de Solos desenvolvidos de Sedimentos do Terci\u00e1rio do Norte Fluminense: Um Subs\u00eddio ao Manejo Agr\u00edcola Racional.<\/p>\n<hr \/>\n<p>Aluno: Janie Jasmim Corabi Adell<br \/>\nOrientador: Prof. Pedro Henrique Monnerat<br \/>\nData de In\u00edcio: 1993<br \/>\nData da Defesa de Tese: 04.05.98<br \/>\nT\u00edtulo da Tese: Altera\u00e7\u00f5es nos Teores de Nitrog\u00eanio e em Pigmentos Foliares do Feijoeiro Submetido \u00e0 Defici\u00eancia de Nitrog\u00eanio, em Casa-de-Vegeta\u00e7\u00e3o.<\/p>\n<hr \/>\n<p>Aluno: Ana Cristina Fermino Soares<br \/>\nOrientador: Prof. Marco Antonio Martins<br \/>\nData de In\u00edcio: 1994<br \/>\nData da Defesa de Tese: 28.05.98<br \/>\nT\u00edtulo da Tese: Influ\u00eancia de Fungos Micorr\u00edzicos Arbusculares (FMAs) e poss\u00edvel Ocorr\u00eancia de flavon\u00f3ides em Mudas de Maracujazeiro Amarelo.<\/p>\n<hr \/>\n<p>Aluno: Norma Eliane Pereira<br \/>\nOrientador: Prof. Nilton Rocha Leal<br \/>\nData de In\u00edcio: 1993<br \/>\nData da Defesa de Tese: 11.08.98<br \/>\nT\u00edtulo da Tese: Estudos Gen\u00e9ticos da Resist\u00eancia \u00e0 Tra\u00e7a-do-Tomateiro (Tuta absoluta) no Cruzamento de Lycopersicon esculentum X L. hirsutum f. glabratum.<\/p>\n<hr \/>\n<p>Aluno: Tarcisio Castro Alves de Barros Leal<br \/>\nOrientador: Prof. Jos\u00e9 Francisco da Silva<br \/>\nData de In\u00edcio: 1994<br \/>\nData da Defesa de Tese: 27.08.98<br \/>\nT\u00edtulo da Tese: Produ\u00e7\u00e3o de \u00d3leo Essencial de Capim Cidreira (Cymbopogon citratus (DC) STAPF) em Fun\u00e7\u00e3o de Fatores End\u00f3genos e Ex\u00f3genos.<\/p>\n<hr \/>\n<p>Aluno: Silvio Favero<br \/>\nOrientador: Prof. Jos\u00e9 Oscar Gomes de Lima<br \/>\nData de In\u00edcio: 1993<br \/>\nData da Defesa de Tese: 28.08.98<br \/>\nT\u00edtulo da Tese: Controle da Lagarta-do-Cartucho-do-Milho, Spodoptera frugiperda (J. E. Smith) (LEPDOPTERA: NOCTUIDAE): Intera\u00e7\u00f5es entre Milho Resistente, Inseticidas e Inimigos Naturais.<\/p>\n<hr \/>\n<p>Aluno: Ivan Ferreira Morgado<br \/>\nOrientador: Prof. Jos\u00e9 Geraldo de Ara\u00fajo Carneiro<br \/>\nData de In\u00edcio: 1993<br \/>\nData da Defesa de Tese: 05.10.98<br \/>\nT\u00edtulo da Tese: Res\u00edduos agroindustriais prensados como substrato para a Produ\u00e7\u00e3o de Mudas de Eucalyptus grandis Hill ex Maiden e Saccharum spp.<\/p>\n<hr \/>\n<p>Aluno: Ros\u00e2ngela Alves Trist\u00e3o Bor\u00e9m<br \/>\nOrientador: Prof. Doracy Pessoa Ramos<br \/>\nData de In\u00edcio: 1994<br \/>\nData da Defesa de Tese: 18.11.98<br \/>\nT\u00edtulo da Tese: Estudo das Rela\u00e7\u00f5es Solo x Vegeta\u00e7\u00e3o em Topossequ\u00eancias de \u00c1reas de Dom\u00ednio de Mata Atl\u00e2ntica.<\/p>\n<hr \/>\n<p>Aluno: Henrique Duarte Vieira<br \/>\nOrientador: Prof. Roberto Ferreira da Silva<br \/>\nData de In\u00edcio: 1995<br \/>\nData da Defesa de Tese: 09.12.98<br \/>\nT\u00edtulo da Tese: Efeitos de Fatores Promotores de Germina\u00e7\u00e3o sobre Sementes dormentes de braquiar\u00e3o (Brachiaria brizantha cv. Marandu).<\/p>\n<hr \/>\n<p>Aluno: Maur\u00edlio Fernandes de Oliveira<br \/>\nOrientador: Prof. Jos\u00e9 Francisco da Silva<br \/>\nData de In\u00edcio: 1995<br \/>\nData da Defesa de Tese: 15.12.98<br \/>\nT\u00edtulo da Tese: Reten\u00e7\u00e3o dos herbicidas Flazasulfuron e Imazaquin em Solos de Diferentes Classes e Hidr\u00f3lise do Flazasulfuron em Diferentes valores de pH e temperatura.<\/p>\n<hr \/>\n<p>Aluno: Paulo S\u00e9rgio dos Santos Leles<br \/>\nOrientador: Prof. Jos\u00e9 Geraldo de Ara\u00fajo Carneiro<br \/>\nData de In\u00edcio: 1995<br \/>\nData da Defesa de Tese: 17.12.98<br \/>\nT\u00edtulo da Tese: Produ\u00e7\u00e3o de Mudas de Eucalyptus camaldulensis, E. grandis e E. pellita em blocos Prensados e em tubetes.<\/p>\n<hr \/>\n<p><strong>1999<\/strong><\/p>\n<hr \/>\n<p>Aluno: Deborah Guerra Barroso<br \/>\nOrientador: Prof. Jos\u00e9 Geraldo de Ara\u00fajo Carneiro<br \/>\nData de In\u00edcio: 1995<br \/>\nData da Defesa de Tese: 12.01.99<br \/>\nT\u00edtulo da Tese: Qualidade de Mudas de Eucalyptus camaldulensis e E. urophhylla Produzidas em Tubetes e em Blocos Prensados com Diferentes Substratos.<\/p>\n<hr \/>\n<p>Aluno: Mauri Lima Filho<br \/>\nOrientador: Prof. Jos\u00e9 Oscar Gomes de Lima<br \/>\nData de In\u00edcio: 1993<br \/>\nData da Defesa de Tese: 03.02.99<br \/>\nT\u00edtulo da Tese: Aperfei\u00e7oamento dos Sistemas de Produ\u00e7\u00e3o e Libera\u00e7\u00e3o Inundativa de Trichogramma galloi Zucchi (Hymenoptera: Trichogrammatidae) para o Controle de Diatrae saccharalis (Fabricius)(Lepidoptera: Pyralidae) em Cana-de-a\u00e7\u00facar.<\/p>\n<hr \/>\n<p>Aluno: Cl\u00e1udia Sales Marinho<br \/>\nOrientador: Prof. Pedro Henrique Monnerat<br \/>\nData de In\u00edcio: 1995<br \/>\nData da Defesa de Tese: 04.02.99<br \/>\nT\u00edtulo da Tese: Avalia\u00e7\u00e3o do Estado Nutricional e Aduba\u00e7\u00e3o do Mamoeiro (Carica papaya L.) no Norte Fluminense.<\/p>\n<hr \/>\n<p>Aluno: Marco Antonio Lima Bragan\u00e7a<br \/>\nOrientador: Prof. Athayde Tonhasca Jr.<br \/>\nData de In\u00edcio: 1995<br \/>\nData da Defesa de Tese: 05.02.99<br \/>\nT\u00edtulo da Tese: Caracter\u00edsticas do Forrageamento da Sa\u00fava Atta sexdens (L.)(Hymenoptera: Formicidae) e Sua Intera\u00e7\u00e3o com Moscas Parasit\u00f3ides da Fam\u00edlia Phoridae.<\/p>\n<hr \/>\n<p>Aluno: Rog\u00e9rio Carvalho Guar\u00e7oni<br \/>\nOrientador: Prof. Roberto Ferreira da Silva<br \/>\nData de In\u00edcio: 1995<br \/>\nData da Defesa de Tese: 18.02.99<br \/>\nT\u00edtulo da Tese: Avalia\u00e7\u00e3o de Caracteres agron\u00f4micos e do Potencial de Armazenamento das Sementes de Popula\u00e7\u00f5es de Milho Submetidas a Estresses H\u00eddrico e Mineral.<\/p>\n<hr \/>\n<p>Aluno: Leonardo dos Santos Collier<br \/>\nOrientador: Prof. Ary CarlosXavier Velloso<br \/>\nData de In\u00edcio: 1994<br \/>\nData da Defesa de Tese: 19.03.99<br \/>\nT\u00edtulo da Tese: Metais Pesados em Solos Tratados com Compostos de Res\u00edduos S\u00f3lido Urbano.<\/p>\n<hr \/>\n<p>Aluno: Eduardo Fontes Ara\u00fajo<br \/>\nOrientador: Prof. Roberto Ferreira da Silva<br \/>\nData de In\u00edcio: 1995<br \/>\nData da Defesa de Tese: 11.05.99<br \/>\nT\u00edtulo da Tese: Efeito da temperaturas e umidade relativa do ar e secagem sobre a qualidade sisiol\u00f3gica e determina\u00e7\u00e3o do equil\u00edbrio higrosc\u00f3pico de sementes de milho doce (Zea mays L.).<\/p>\n<hr \/>\n<p>Aluno: Roberto dos Anjos Reis Junior<br \/>\nOrientador: Prof. Pedro Henrique Monnerat<br \/>\nData de In\u00edcio: 1995<br \/>\nData da Defesa de Tese: 14.05.99<br \/>\nT\u00edtulo da Tese: Diagnose nutricional da cana-de-a\u00e7\u00facar com o uso do sistema integrado de diagnose e recomenda\u00e7\u00e3o(DRIS).<\/p>\n<hr \/>\n<p>Aluno: Gilmar Efrem Martinello<br \/>\nOrientador: Prof. Nilton Rocha Leal<br \/>\nData de In\u00edcio: 1995<br \/>\nData da Defesa de Tese: 02.07.99<br \/>\nT\u00edtulo da Tese: Diversidade Molecular e Morfol\u00f3gica e Infer\u00eancias Citogen\u00e9ticas em Abelmoschus spp.<\/p>\n<hr \/>\n<p><strong>2000<\/strong><\/p>\n<hr \/>\n<p>Aluno: Ernane Ronie Martins<br \/>\nOrientador: Prof. Luiz Orlando de Oliveira<br \/>\nData de In\u00edcio: 1996<br \/>\nData da Defesa de Tese: 25\/02\/2000<br \/>\nT\u00edtulo da Tese: Conserva\u00e7\u00e3o da Poaia (Psichotrya ipecacuanha): Coleta, Ecogeografia, Variabilidade Gen\u00e9tica e Caracteriza\u00e7\u00e3o Reprodutiva.<\/p>\n<hr \/>\n<p>Aluno: Carlos Frederico de Menezes Veiga<br \/>\nOrientador: Prof. Silvio Lopes Teixeira<br \/>\nData de In\u00edcio: 1994<br \/>\nData da Defesa de Tese: 15\/03\/2000<br \/>\nT\u00edtulo da Tese: Estudo comparativo do desenvolvimento e do ac\u00famulo de a\u00e7\u00facares in vitro e ex vitro de cultivares de cana-de-a\u00e7\u00facar (Saccharum spp.).<\/p>\n<hr \/>\n<p>Aluno: Amaury da Silva Santos<br \/>\nOrientador: Prof. Messias Gonzaga Pereira<br \/>\nData de In\u00edcio: 1996<br \/>\nData da Defesa de Tese: 13\/04\/2000<br \/>\nT\u00edtulo da Tese: Marcadores de DNA no Melhoramento Gen\u00e9tico do Feijoeiro (Phaseolus vulgaris L.) visando resist\u00eancia \u00e0 Xanthomonas axonopodis pv. phaseoli.<\/p>\n<hr \/>\n<p>Aluno: Frederico Terra de Almeida<br \/>\nOrientador: Prof. Salassier Bernardo<br \/>\nData de In\u00edcio: 03\/1997<br \/>\nData da Defesa de Tese: 10\/10\/2000<br \/>\nT\u00edtulo da Tese: Respostas do Mamoeiro (Carica papaya L.) \u201cdo grupo Solo\u201d a Diferentes L\u00e2minas de Irriga\u00e7\u00e3o no Norte Fluminense.<\/p>\n<hr \/>\n<p>Aluno: J\u00falio C\u00e9sar Lima Neves<br \/>\nOrientador: Prof. Ary Carlos Xavier Velloso<br \/>\nData de In\u00edcio: 03\/1996<br \/>\nData da Defesa de Tese: 21\/12\/2000<br \/>\nT\u00edtulo da Tese: Produ\u00e7\u00e3o e parti\u00e7\u00e3o de biomassa, aspectos nutricionais e h\u00eddricos em plantios clonais de eucalipto na regi\u00e3o litor\u00e2nea do Esp\u00edrito Santo.<\/p>\n<hr \/>\n<p><strong>2001<\/strong><\/p>\n<hr \/>\n<p>Aluno: Cl\u00e1udio Luiz Melo de Souza<br \/>\nOrientador: Prof\u00aa Ana Maria Matoso Viana-Bailez<br \/>\nData de In\u00edcio: 03\/1997<br \/>\nData da Defesa de Tese: 22\/02\/2001<br \/>\nT\u00edtulo da Tese: Influ\u00eancia de aleloqu\u00edmicos na intera\u00e7\u00e3o tritr\u00f3fica entre Lycopersicon spp Miller (Solanales: Solanaceae), Neoleucinodes elegantalis (GUEN\u00c9E) (Lepidoptera: Crambidae) e Trichogramma pretiosum Riley (Hymenoptera: Trichogrammatidae).<\/p>\n<hr \/>\n<p>Aluno: Luciana Aparecida Rodrigues<br \/>\nOrientador: Prof. Marco Ant\u00f4nio Martins<br \/>\nData de In\u00edcio: 03\/1997<br \/>\nData da Defesa de Tese: 09\/04\/2001<br \/>\nT\u00edtulo da Tese: Crescimento e absor\u00e7\u00e3o de nutrientes por plantas de Eucalyptus grandis e leguminosas em resposta \u00e0 inocula\u00e7\u00e3o com fungos micorr\u00edzicos arbusculares e riz\u00f3bio.<\/p>\n<hr \/>\n<p>Aluno: Patr\u00edcia do Nascimento Bordallo<br \/>\nOrientador: Prof. Messias Gonzaga Pereira<br \/>\nData de In\u00edcio: 03\/1997<br \/>\nData da Defesa de Tese: 25\/05\/2001<br \/>\nT\u00edtulo da Tese: Marcadores de DNA e an\u00e1lise dial\u00e9lica em milho doce (Zea mays L.): diversidade gen\u00e9tica e heran\u00e7a de caracteres morfoagron\u00f4micos e bioqu\u00edmicos.<\/p>\n<hr \/>\n<p>Aluno: Gl\u00f3ria Cristina da Silva Lemos<br \/>\nOrientador: Prof\u00aa Telma Nair Santana Pereira<br \/>\nData de In\u00edcio: 03\/1997<br \/>\nData da Defesa de Tese: 13\/07\/2001<br \/>\nT\u00edtulo da Tese: Monitoramento morfoagron\u00f4mico, molecular e citol\u00f3gico da introgress\u00e3o de genes em Tripsac\u00f3ides.<\/p>\n<hr \/>\n<p>Aluno: Alexandre Pio Viana<br \/>\nOrientador: Prof\u00aa Telma Nair Santana Pereira<br \/>\nData de In\u00edcio: 08\/1998<br \/>\nData da Defesa de Tese: 10\/08\/2001<br \/>\nT\u00edtulo da Tese: Correla\u00e7\u00f5es e par\u00e2metros gen\u00e9ticos em popula\u00e7\u00f5es de maracujazeiro amarelo (Passiflora edulis f. flavicarpa) e diversidade molecular no g\u00eanero passiflora.<\/p>\n<hr \/>\n<p>Aluno: Karin Ferretto Santos Collier<br \/>\nOrientador: Prof. Jos\u00e9 Oscar Gomes de Lima<br \/>\nData de In\u00edcio: 03\/1998<br \/>\nData da Defesa de Tese: 21\/09\/2001<br \/>\nT\u00edtulo da Tese: Potencial de Neoseiulus idaeus Denmark &amp; Muma (ACARI: PHYTOSEIIDAE) como agente de controle biol\u00f3gico de \u00e1caros fit\u00f3fagos em mamoeiro.<\/p>\n<hr \/>\n<p>Aluno: S\u00e9rgio L\u00facio David Marin<br \/>\nOrientador: Prof. Messias Gonzaga Pereira<br \/>\nData de In\u00edcio: 03\/1998<br \/>\nData da Defesa de Tese: 23\/10\/2001<br \/>\nT\u00edtulo da Tese: Melhoramento gen\u00e9tico do mamoeiro (Carica papaya L.): Habilidade combinat\u00f3ria de gen\u00f3tipos dos grupos \u2018SOLO\u2019 e \u2018FORMOSA\u2019.<\/p>\n<hr \/>\n<p>Aluno: La\u00e9rcio Francisco Cattaneo<br \/>\nOrientador: Prof. Messias Gonzaga Pereira<br \/>\nData de In\u00edcio: 08\/1997<br \/>\nData da Defesa de Tese: 07\/11\/2001<br \/>\nT\u00edtulo da Tese: Avalia\u00e7\u00e3o da diverg\u00eancia gen\u00e9tica e an\u00e1lise de gera\u00e7\u00f5es em mamoeiro (Carica papaya L.).<\/p>\n<hr \/>\n<p>Aluno: Marlucia Cruz de Santana<br \/>\nOrientador: Prof. Silvio Lopes Teixeira<br \/>\nData de In\u00edcio: 03\/1997<br \/>\nData da Defesa de Tese: 20\/12\/2001<br \/>\nT\u00edtulo da Tese: Cultivo in vitro de embri\u00f5es zig\u00f3ticos de coqueiro (Cocos nucifera L.) \u2018An\u00e3o Verde do Brasil\u2019.<\/p>\n<hr \/>\n<p><strong>2002<\/strong><\/p>\n<hr \/>\n<p>Aluno: Gilmar Santos Costa<br \/>\nOrientador: Prof. Ant\u00f4nio Carlos da Gama-Rodrigues<br \/>\nData de In\u00edcio: 03\/1998<br \/>\nData da Defesa de Tese: 24\/01\/2002<br \/>\nT\u00edtulo da Tese: Decomposi\u00e7\u00e3o em florestas plantadas e fragmentos da Mata Atl\u00e2ntica na Regi\u00e3o Norte Fluminense.<\/p>\n<hr \/>\n<p>Aluno: Cl\u00e1udia Fortes Ferreira<br \/>\nOrientador: Prof. Messias Gonzaga Pereira<br \/>\nData de In\u00edcio: 03\/1998<br \/>\nData da Defesa de Tese: 20\/03\/2002<br \/>\nT\u00edtulo da Tese: Marcadores de DNA no mapeamento de Regi\u00f5es gen\u00f4micas do feijoeiro (Phaseolus vulgaris L.) associados \u00e0 resist\u00eancia ao crestamento bacteriano comum.<\/p>\n<hr \/>\n<p>Aluno: Marcos Jos\u00e9 de Oliveira Fonseca<br \/>\nOrientador: Prof. Nilton Rocha Leal<br \/>\nData de In\u00edcio: 08\/1998<br \/>\nData da Defesa de Tese: 12\/07\/2002<br \/>\nT\u00edtulo da Tese: Conserva\u00e7\u00e3o p\u00f3s-colheita de mam\u00e3o (Carica papaya L.): An\u00e1lise das cultivares \u2018Sunrise Solo\u2019 e \u2018Golden\u2019, sob controle de temperatura e de atmosfera.<\/p>\n<hr \/>\n<p>Aluno: Susana Cristine Siebeneichler<br \/>\nOrientador: Prof. Pedro Henrique Monnerat<br \/>\nData de In\u00edcio: 03\/1998<br \/>\nData da Defesa de Tese: 25\/07\/2002<br \/>\nT\u00edtulo da Tese: O boro na cultura do abacaxizeiro cv p\u00e9rola no Norte do estado do Rio de Janeiro.<\/p>\n<hr \/>\n<p>Aluno: Anselmo L\u00facio dos Santos<br \/>\nOrientador: Prof. Pedro Henrique Monnerat<br \/>\nData de In\u00edcio: 08\/1998<br \/>\nData da Defesa de Tese: 19\/08\/2002<br \/>\nT\u00edtulo da Tese: Estabelecimento de normas de amostragem foliar para avalia\u00e7\u00e3o do estado nutricional e aduba\u00e7\u00e3o mineral do coqueiro An\u00e3o Verde na Regi\u00e3o Norte Fluminense.<\/p>\n<hr \/>\n<p>Aluno: Gl\u00e1ucio de Mello Cunha<br \/>\nOrientador: Prof. Ary Carlos Xavier Velloso<br \/>\nData de In\u00edcio: 08\/1998<br \/>\nData da Defesa de Tese: 02\/08\/2002<br \/>\nT\u00edtulo da Tese: Ciclagem de nutrientes em florestas montanas e em Eucalyptus citriodora na regi\u00e3o Norte Fluminense.<\/p>\n<hr \/>\n<p>Aluno: Claudineli C\u00e1ssia Bueno Rosa<br \/>\nOrientador: Profa Meire L\u00e9lis Leal Martins<br \/>\nData de In\u00edcio: 03\/1998<br \/>\nData da Defesa de Tese: 16\/08\/2002<br \/>\nT\u00edtulo da Tese: Ocorr\u00eancia de bact\u00e9rias ent\u00e9ricas em hortas comunit\u00e1rias de Campos dos Goytacazes-RJ, Brasil e suas resist\u00eancias a antibi\u00f3ticos.<\/p>\n<hr \/>\n<p>Aluno: Margarete Magalh\u00e3es de Souza<br \/>\nOrientador: Profa Telma Nair Santana Pereira<br \/>\nData de In\u00edcio: 03\/1998<br \/>\nData da Defesa de Tese: 16\/08\/2002<br \/>\nT\u00edtulo da Tese: Estudos gen\u00f4mico e reprodutivo em esp\u00e9cies de Passiflora.<\/p>\n<hr \/>\n<p>Aluno: Luiz de Morais R\u00eago Filho<br \/>\nOrientador: Prof. Salassier Bernardo<br \/>\nData de In\u00edcio: 31\/08\/98<br \/>\nData de Defesa da Tese: 30\/09\/2002<br \/>\nT\u00edtulo da Tese: Respostas do abacaxizeiro \u201cP\u00e9rola\u201d a diferentes l\u00e2minas de irriga\u00e7\u00e3o no Norte-Fluminense<\/p>\n<hr \/>\n<p>Aluno: Lourdes Silva de Figueiredo<br \/>\nOrientador: Prof. Silvio Lopes Teixeira<br \/>\nData de In\u00edcio: 03\/98<br \/>\nData de Defesa da Tese: 01\/11\/2002<br \/>\nT\u00edtulo da Tese: Avalia\u00e7\u00e3o do comportamento em cultivo de campo e in vitro de acessos de Pfaffia glomerata (Spreng.) Pedersen (Amaranthaceae).<\/p>\n<hr \/>\n<p>Aluno: Mayron Augusto Borges de Oliveira<br \/>\nOrientador: Prof. Romeu Vianni<br \/>\nData de In\u00edcio: 03\/99<br \/>\nData de Defesa da Tese: 14\/11\/2002<br \/>\nT\u00edtulo da Tese: Influ\u00eancia do 1-MCP na p\u00f3s-colheita do mam\u00e3o (Carica papaya L.).<\/p>\n<hr \/>\n<p>Aluno: Carlos Alberto Martins Cordeiro<br \/>\nOrientador: Profa Meire L\u00e9lis Leal Martins<br \/>\nData de In\u00edcio: 03\/99<br \/>\nData de Defesa da Tese: 10\/12\/2002<br \/>\nT\u00edtulo da Tese: Produ\u00e7\u00e3o e caracteriza\u00e7\u00e3o de xilanase, a-amilase e poligalacturonase pelo termof\u00edlico Bacillus sp. SMIA-2.<\/p>\n","protected":false},"excerpt":{"rendered":"<p>1997 Aluno: Ernani Clarete da Silva Orientador: Prof. Nilton Rocha Leal Data de In\u00edcio: 1994 Data da Defesa de Tese:&#8230;<\/p>\n","protected":false},"author":21,"featured_media":0,"parent":186,"menu_order":12,"comment_status":"closed","ping_status":"open","template":"","meta":{"footnotes":""},"class_list":["post-229","page","type-page","status-publish","hentry"],"_links":{"self":[{"href":"https:\/\/uenf.br\/posgraduacao\/producao-vegetal\/wp-json\/wp\/v2\/pages\/229","targetHints":{"allow":["GET"]}}],"collection":[{"href":"https:\/\/uenf.br\/posgraduacao\/producao-vegetal\/wp-json\/wp\/v2\/pages"}],"about":[{"href":"https:\/\/uenf.br\/posgraduacao\/producao-vegetal\/wp-json\/wp\/v2\/types\/page"}],"author":[{"embeddable":true,"href":"https:\/\/uenf.br\/posgraduacao\/producao-vegetal\/wp-json\/wp\/v2\/users\/21"}],"replies":[{"embeddable":true,"href":"https:\/\/uenf.br\/posgraduacao\/producao-vegetal\/wp-json\/wp\/v2\/comments?post=229"}],"version-history":[{"count":0,"href":"https:\/\/uenf.br\/posgraduacao\/producao-vegetal\/wp-json\/wp\/v2\/pages\/229\/revisions"}],"up":[{"embeddable":true,"href":"https:\/\/uenf.br\/posgraduacao\/producao-vegetal\/wp-json\/wp\/v2\/pages\/186"}],"wp:attachment":[{"href":"https:\/\/uenf.br\/posgraduacao\/producao-vegetal\/wp-json\/wp\/v2\/media?parent=229"}],"curies":[{"name":"wp","href":"https:\/\/api.w.org\/{rel}","templated":true}]}}