{"id":232,"date":"2014-01-28T17:01:20","date_gmt":"2014-01-28T17:01:20","guid":{"rendered":"http:\/\/uenf.br\/pos-graduacao\/producao-vegetal\/?page_id=232"},"modified":"2021-10-07T18:15:44","modified_gmt":"2021-10-07T21:15:44","slug":"processo-seletivo","status":"publish","type":"page","link":"https:\/\/uenf.br\/posgraduacao\/producao-vegetal\/processo-seletivo\/","title":{"rendered":"Processo Seletivo &#8211; 1\u00ba\/2017"},"content":{"rendered":"<p style=\"text-align: center\"><span style=\"color: #0000ff\"><strong>EDITAL 2017\/1 &#8211; RESULTADO\u00a0FINAL!!!<\/strong><\/span><\/p>\n<p style=\"text-align: center\"><span style=\"color: #ff0000\">Segunda chamada<\/span><\/p>\n<p style=\"text-align: justify\">A Comiss\u00e3o Coordenadora do Programa de P\u00f3s-Gradua\u00e7\u00e3o em Produ\u00e7\u00e3o Vegetal da UENF, com base no Edital publicado para sele\u00e7\u00e3o de P\u00f3s-Graduandos (Mestrado e Doutorado) para ingresso no primeiro semestre de 2017, divulga, no dia 20\/03\/2017,\u00a0a segunda chamada:<\/p>\n<p style=\"text-align: left\"><span style=\"text-decoration: underline\"><span style=\"color: #ff0000;text-decoration: underline\">Mestrado &#8211; 2\u00aa chamada:<\/span><\/span>\u00a0<span style=\"text-decoration: underline\"><span style=\"color: #0000ff\"><a href=\"https:\/\/uenf.br\/posgraduacao\/producao-vegetal\/wp-content\/uploads\/sites\/10\/2014\/01\/edital-producao-vegetal-2017-resultado-final-MESTRADO-segunda-convoca\u00e7\u00e3o.pdf\">edital-producao-vegetal-2017-resultado-final-mestrado-segunda-convocacao<\/a><\/span><\/span><\/p>\n<hr \/>\n<p style=\"text-align: center\"><span style=\"color: #0000ff\"><strong>EDITAL 2017\/1 &#8211; RESULTADO\u00a0FINAL!!!<\/strong><\/span><\/p>\n<p>A Comiss\u00e3o Coordenadora do Programa de P\u00f3s-Gradua\u00e7\u00e3o em Produ\u00e7\u00e3o Vegetal da UENF, com base no Edital publicado para sele\u00e7\u00e3o de P\u00f3s-Graduandos (Mestrado e Doutorado) para ingresso no primeiro semestre de 2017, divulga, no dia 10\/03\/2017, os resultados finais:<\/p>\n<p><span style=\"text-decoration: underline\"><span style=\"color: #ff0000;text-decoration: underline\">Mestrado:<\/span><\/span>\u00a0<a href=\"https:\/\/uenf.br\/posgraduacao\/producao-vegetal\/wp-content\/uploads\/sites\/10\/2014\/01\/edital-producao-vegetal-2017-resultado-final-MESTRADO-corrigido.pdf\"><span style=\"text-decoration: underline\"><span style=\"color: #0000ff\">edital producao vegetal 2017 &#8211; resultado final MESTRADO<\/span><\/span><\/a><\/p>\n<p><span style=\"text-decoration: underline\"><span style=\"color: #ff0000;text-decoration: underline\">Doutorado:<\/span><\/span>\u00a0<a href=\"https:\/\/uenf.br\/posgraduacao\/producao-vegetal\/wp-content\/uploads\/sites\/10\/2014\/01\/edital-producao-vegetal-2017-resultado-final-DOUTORADO-1.pdf\"><span style=\"text-decoration: underline\"><span style=\"color: #0000ff\">edital producao vegetal 2017 &#8211; resultado final DOUTORADO<\/span><\/span><\/a><\/p>\n<hr \/>\n<hr \/>\n<p style=\"text-align: center\"><span style=\"color: #0000ff\"><strong>EDITAL DE SELE\u00c7\u00c3O &#8211; PRODU\u00c7\u00c3O VEGETAL\/UENF &#8211; 2017\/1<\/strong><\/span><\/p>\n<p style=\"text-align: center\">Convoca\u00e7\u00e3o para segunda etapa: \u00a0Entrevistas<\/p>\n<p style=\"text-align: justify\">A Comiss\u00e3o Coordenadora do Programa de P\u00f3s-Gradua\u00e7\u00e3o em Produ\u00e7\u00e3o Vegetal da UENF, com base no Edital publicado para sele\u00e7\u00e3o de P\u00f3s-Graduandos (Mestrado e Doutorado) para ingresso no primeiro semestre de 2017, CONVOCA, no dia 23\/02\/2017, os classificados na primeira etapa, para a realiza\u00e7\u00e3o da segunda etapa, conforme detalhamento no documento abaixo.<\/p>\n<ul>\n<li style=\"text-align: justify\">Data e hora da entrevista com os candidatos classificados na primeira etapa do processo seletivo da Produ\u00e7\u00e3o Vegetal da UENF &#8211; 2017\/1 &#8211; <span style=\"color: #ff0000\"><strong><a style=\"color: #ff0000\" href=\"https:\/\/uenf.br\/posgraduacao\/producao-vegetal\/wp-content\/uploads\/sites\/10\/2014\/01\/agendamento-de-entrevistas-edital-2017.pdf\">CLIQUE AQUI<\/a><\/strong><\/span><\/li>\n<\/ul>\n<hr \/>\n<p style=\"text-align: center\"><span style=\"color: #0000ff\"><strong>EDITAL DE SELE\u00c7\u00c3O &#8211; PRODU\u00c7\u00c3O VEGETAL\/UENF &#8211; 2017\/1<\/strong><\/span><\/p>\n<p style=\"text-align: justify\">A Comiss\u00e3o Coordenadora do Programa de P\u00f3s-Gradua\u00e7\u00e3o em Produ\u00e7\u00e3o Vegetal da UENF, com base no Edital publicado para sele\u00e7\u00e3o de P\u00f3s-Graduandos (Mestrado e Doutorado) para ingresso no primeiro semestre de 2017, divulga, no dia 17\/02\/2017, os resultados da primeira fase:<\/p>\n<p><span style=\"text-decoration: underline\"><span style=\"color: #ff0000;text-decoration: underline\">Mestrado:<\/span><\/span> <a href=\"https:\/\/uenf.br\/posgraduacao\/producao-vegetal\/wp-content\/uploads\/sites\/10\/2014\/01\/Edital-Produ\u00e7\u00e3o-Vegetal-2017-resultado-da-primeira-etapa-mestrado-1.pdf\"><span style=\"color: #0000ff\">edital-producao-vegetal-2017-resultado-da-primeira-etapa-mestrado<\/span><\/a><\/p>\n<p><span style=\"text-decoration: underline\"><span style=\"color: #ff0000;text-decoration: underline\">Doutorado:<\/span><\/span> <span style=\"color: #0000ff\"><a style=\"color: #0000ff\" href=\"https:\/\/uenf.br\/posgraduacao\/producao-vegetal\/wp-content\/uploads\/sites\/10\/2014\/01\/Edital-Produ\u00e7\u00e3o-Vegetal-2017-resultado-da-primeira-etapa-doutorado.pdf\">edital-producao-vegetal-2017-resultado-da-primeira-etapa-doutorado<\/a><\/span><\/p>\n<p><span style=\"color: #0000ff\"><strong>OBSERVA\u00c7\u00d5ES IMPORTANTES<\/strong><\/span><\/p>\n<p style=\"text-align: justify\">Os candidatos classificados para a segunda etapa dever\u00e3o indicar at\u00e9 <span style=\"color: #0000ff\">21\/02\/2017<\/span> se querem realizar a entrevista por Skype (neste caso devem entrar em contato pelo Skype <span style=\"color: #0000ff\">posgpveg@gmail.com<\/span>) ou de forma presencial. A coordena\u00e7\u00e3o do Programa de P\u00f3s-Gradua\u00e7\u00e3o em Produ\u00e7\u00e3o Vegetal ir\u00e1 informar aos candidatos data e hora da entrevista, que ocorrer\u00e1 no per\u00edodo de 22\/02\/2017 a 10\/03\/2017.<\/p>\n<p><span style=\"color: #0000ff\">Endere\u00e7o completo para contatos com o Programa:<\/span><\/p>\n<p>Secretaria da P\u00f3s-Gradua\u00e7\u00e3o em Produ\u00e7\u00e3o Vegetal<br \/>\nPr\u00e9dio do CCTA (P4) \u2013 T\u00e9rreo &#8211; Campus da UENF<br \/>\nAv. Alberto Lamego, 2000 \u2013 Parque Calif\u00f3rnia<br \/>\nCEP 28013-602. &#8211; Campos dos Goytacazes &#8211; RJ<br \/>\nFone: (22) 2748-6019 &#8211; E-mail: posgpveg@gmail.br<\/p>\n<hr \/>\n<p><span style=\"color: #0000ff\"><strong>EDITAL DE SELE\u00c7\u00c3O &#8211; PRODU\u00c7\u00c3O VEGETAL\/UENF &#8211; 2017\/1<\/strong><\/span><\/p>\n<p style=\"text-align: left\"><strong>DIVULGA\u00c7\u00c3O DOS RESULTADOS!!!<\/strong><\/p>\n<p style=\"text-align: left\">17\/02\/2017 &#8211; 1\u00aa FASE<\/p>\n<p style=\"text-align: left\">10\/03\/2016 &#8211; 2\u00aa FASE<\/p>\n<hr \/>\n<p style=\"text-align: center\"><span style=\"color: #ff0000\"><a href=\"https:\/\/uenf.br\/posgraduacao\/producao-vegetal\/wp-content\/uploads\/sites\/10\/2014\/01\/Inscri\u00e7\u00f5es-no-Edital-Produ\u00e7\u00e3o-Vegetal-2017.pdf\"><span style=\"color: #0000ff\">LISTA DE INSCRITOS<\/span><\/a>\u00a0NO PROCESSO DE SELE\u00c7\u00c3O 2017\/1<\/span><\/p>\n<p><strong>SISTEMA DE COTAS &#8211; RESULTADO!!!<\/strong><\/p>\n<ul>\n<li>Helane Cristina Aguiar Santos &#8211; <strong>INDEFERIDO<\/strong><\/li>\n<li>Tadeu dos Reis de Oliveira &#8211;\u00a0<strong>DEFERIDO<\/strong><\/li>\n<li>Vanessa Aparecida Pereira Batista &#8211;\u00a0<strong>INDEFERIDO<\/strong><\/li>\n<li>Jo\u00e3o Silv\u00e9rio Pereira Cassin &#8211; <strong>INDEFERIDO<\/strong><\/li>\n<li>J\u00fania Naara da Silva Carvalho &#8211; <strong>INDEFERIDO<\/strong><\/li>\n<li>L\u00edgia Tuani da Silva Santos &#8211; <strong>INDEFERIDO<\/strong><\/li>\n<\/ul>\n<hr \/>\n<p style=\"text-align: center\"><span style=\"color: #0000ff\"><strong>EDITAL DE SELE\u00c7\u00c3O &#8211; PRODU\u00c7\u00c3O VEGETAL\/UENF &#8211; 2017\/1<\/strong><\/span><\/p>\n<ul>\n<li><span style=\"color: #ff0000\"><a style=\"color: #ff0000\" href=\"https:\/\/uenf.br\/posgraduacao\/producao-vegetal\/wp-content\/uploads\/sites\/10\/2014\/01\/edital-producao-vegetal-2017-vers\u00e3o-final.pdf\" target=\"_blank\" rel=\"noopener\">Normas Gerais do Edital de sele\u00e7\u00e3o 1\u00ba\/2017<\/a><\/span><\/li>\n<\/ul>\n<ul>\n<li>Requerimento de inscri\u00e7\u00e3o <strong><span style=\"color: #0000ff\"><a style=\"color: #0000ff\" href=\"http:\/\/uenf.br\/pos-graduacao\/producao-vegetal\/files\/2014\/01\/Form-inscri%C3%A7%C3%A3o.doc\" target=\"_blank\" rel=\"noopener\">(Anexo I)<\/a><\/span><\/strong><\/li>\n<li>Ficha de inscri\u00e7\u00e3o para candidatos ao <span style=\"color: #ff0000\">MESTRADO<\/span> com indica\u00e7\u00f5es do <em>Curriculum vitae<\/em> e da \u00e1rea de atua\u00e7\u00e3o que deseja concorrer \u2013 <strong><span style=\"color: #0000ff\"><a style=\"color: #0000ff\" href=\"https:\/\/uenf.br\/posgraduacao\/producao-vegetal\/wp-content\/uploads\/sites\/10\/2014\/01\/Ficha-de-inscri\u00e7\u00e3o-detalhada-do-curriculum-para-candidato-a-MESTRADO-2017.doc\" target=\"_blank\" rel=\"noopener\">(Anexo II)<\/a><\/span><\/strong><\/li>\n<li>Ficha de inscri\u00e7\u00e3o para candidatos ao <span style=\"color: #ff0000\">DOUTORADO<\/span>\u00a0com indica\u00e7\u00f5es do <em>Curriculum vitae<\/em> e da \u00e1rea de atua\u00e7\u00e3o que deseja concorrer \u2013 <strong><a href=\"https:\/\/uenf.br\/posgraduacao\/producao-vegetal\/wp-content\/uploads\/sites\/10\/2014\/01\/Ficha-de-inscri\u00e7\u00e3o-detalhada-do-curriculum-para-candidato-a-doutorado-2017.doc\" target=\"_blank\" rel=\"noopener\"><span style=\"color: #0000ff\">(Anexo II)<\/span><\/a><\/strong><\/li>\n<li>Formul\u00e1rio de perguntas devidamente respondido \u2013<strong><span style=\"color: #0000ff\"><a style=\"color: #0000ff\" href=\"https:\/\/uenf.br\/posgraduacao\/producao-vegetal\/wp-content\/uploads\/sites\/10\/2014\/01\/Formulario-de-perguntas-Anexo-III.doc\" target=\"_blank\" rel=\"noopener\"> (Anexo III)<\/a><\/span><\/strong><\/li>\n<li><span style=\"color: #0000ff\"><a style=\"color: #0000ff\" href=\"http:\/\/uenf.br\/pos-graduacao\/producao-vegetal\/files\/2014\/01\/Formul%C3%A1rios-de-Informa%C3%A7%C3%B5es-Socioecon%C3%B4micas.pdf\" target=\"_blank\" rel=\"noopener\">Formul\u00e1rios de Informa\u00e7\u00f5es Socioecon\u00f4micas<\/a><\/span><\/li>\n<li><span style=\"color: #0000ff\"><a style=\"color: #0000ff\" href=\"http:\/\/uenf.br\/pos-graduacao\/producao-vegetal\/files\/2014\/01\/Autodeclara%C3%A7%C3%A3o-%C3%89tnico-Racial.pdf\" target=\"_blank\" rel=\"noopener\">Autodeclara\u00e7\u00e3o \u00c9tnico-Racial<\/a><\/span><\/li>\n<li><span style=\"color: #0000ff\"><a style=\"color: #0000ff\" href=\"http:\/\/uenf.br\/pos-graduacao\/producao-vegetal\/files\/2014\/01\/Autodeclara%C3%A7%C3%A3o-Ind%C3%ADgenas.pdf\" target=\"_blank\" rel=\"noopener\">Autodeclara\u00e7\u00e3o Ind\u00edgenas<\/a><\/span><\/li>\n<li><span style=\"color: #0000ff\"><a style=\"color: #0000ff\" href=\"http:\/\/uenf.br\/pos-graduacao\/producao-vegetal\/files\/2014\/01\/Form-carta-de-recomenda%C3%A7%C3%A3o.doc\" target=\"_blank\" rel=\"noopener\">Formul\u00e1rio de carta de recomenda\u00e7\u00e3o<\/a><\/span><\/li>\n<\/ul>\n<hr \/>\n<hr \/>\n<hr \/>\n<hr \/>\n<hr \/>\n<hr \/>\n<p><span style=\"color: #0000ff\"><strong>EDITAL 2016\/1 &#8211; QUARTA\u00a0CONVOCA\u00c7\u00c3O!!!<\/strong><\/span><\/p>\n<p>A Comiss\u00e3o Coordenadora do Programa de P\u00f3s-Gradua\u00e7\u00e3o em Produ\u00e7\u00e3o Vegetal da UENF, com base no Edital publicado para sele\u00e7\u00e3o de P\u00f3s-Graduandos (Mestrado e Doutorado) para ingresso no primeiro semestre de 2016, promove a QUARTA\u00a0CONVOCA\u00c7\u00c3O, com base nos resultados divulgados em 17\/12\/215, a convoca\u00e7\u00e3o de candidatos suplentes, conforme listas em anexo.<\/p>\n<p><img loading=\"lazy\" decoding=\"async\" class=\"wp-image-1598 alignleft\" src=\"https:\/\/uenf.br\/posgraduacao\/producao-vegetal\/wp-content\/uploads\/sites\/10\/2016\/01\/banner.jpg\" alt=\"banner\" width=\"418\" height=\"314\" \/><\/p>\n<p><strong><span style=\"text-decoration: underline\"><span style=\"color: #ff0000;text-decoration: underline\">Mestrado:<\/span><\/span><\/strong> <span style=\"color: #0000ff\"><a style=\"color: #0000ff\" href=\"https:\/\/uenf.br\/posgraduacao\/producao-vegetal\/wp-content\/uploads\/sites\/10\/2014\/01\/edital-producao-vegetal-2016-resultado-final-MESTRADO-QUARTA-chamada.pdf\" target=\"_blank\" rel=\"noopener\">Quarta convoca\u00e7\u00e3o<\/a><\/span><\/p>\n<p><strong><span style=\"text-decoration: underline\"><span style=\"color: #ff0000;text-decoration: underline\">Doutorado:<\/span><\/span><\/strong> <span style=\"color: #0000ff\"><a style=\"color: #0000ff\" href=\"https:\/\/uenf.br\/posgraduacao\/producao-vegetal\/wp-content\/uploads\/sites\/10\/2014\/01\/edital-producao-vegetal-2016-resultado-final-DOUTORADO-QUARTA-chamada.pdf\" target=\"_blank\" rel=\"noopener\">Quarta\u00a0convoca\u00e7\u00e3o<\/a><\/span><\/p>\n<p>&nbsp;<\/p>\n<p>&nbsp;<\/p>\n<p>&nbsp;<\/p>\n<p>&nbsp;<\/p>\n<p>&nbsp;<\/p>\n<p>&nbsp;<\/p>\n<p>&nbsp;<\/p>\n<p>_____________________________________________________________________________<\/p>\n<p><span style=\"color: #0000ff\"><strong>EDITAL 2016\/1 &#8211; TERCEIRA\u00a0CONVOCA\u00c7\u00c3O!!!<\/strong><\/span><\/p>\n<p>A Comiss\u00e3o Coordenadora do Programa de P\u00f3s-Gradua\u00e7\u00e3o em Produ\u00e7\u00e3o Vegetal da UENF, com base no Edital publicado para sele\u00e7\u00e3o de P\u00f3s-Graduandos (Mestrado e Doutorado) para ingresso no primeiro semestre de 2016, promove a TERCEIRA CONVOCA\u00c7\u00c3O, com base nos resultados divulgados em 17\/12\/215, a convoca\u00e7\u00e3o de candidatos suplentes, conforme listas em anexo.<\/p>\n<p><img loading=\"lazy\" decoding=\"async\" class=\"wp-image-1598 alignleft\" src=\"https:\/\/uenf.br\/posgraduacao\/producao-vegetal\/wp-content\/uploads\/sites\/10\/2016\/01\/banner.jpg\" alt=\"banner\" width=\"418\" height=\"314\" \/><\/p>\n<p>&nbsp;<\/p>\n<p>&nbsp;<\/p>\n<p><strong><span style=\"text-decoration: underline\"><span style=\"color: #ff0000;text-decoration: underline\">Mestrado:<\/span><\/span><\/strong> <span style=\"color: #0000ff\"><a href=\"https:\/\/uenf.br\/posgraduacao\/producao-vegetal\/wp-content\/uploads\/sites\/10\/2014\/01\/edital-producao-vegetal-2016-resultado-final-MESTRADO-TERCEIRA-chamada.pdf\" target=\"_blank\" rel=\"noopener\">Terceira convoca\u00e7\u00e3o<\/a><\/span><\/p>\n<p><strong><span style=\"text-decoration: underline\"><span style=\"color: #ff0000;text-decoration: underline\">Doutorado:<\/span><\/span><\/strong> <span style=\"color: #0000ff\"><a href=\"https:\/\/uenf.br\/posgraduacao\/producao-vegetal\/wp-content\/uploads\/sites\/10\/2014\/01\/edital-producao-vegetal-2016-resultado-final-DOUTORADO-TERCEIRA-chamada.pdf\" target=\"_blank\" rel=\"noopener\">Terceira convoca\u00e7\u00e3o<\/a><\/span><\/p>\n<p>&nbsp;<\/p>\n<p>&nbsp;<\/p>\n<p>&nbsp;<\/p>\n<p>&nbsp;<\/p>\n<p>&nbsp;<\/p>\n<p>&nbsp;<\/p>\n<p>&nbsp;<\/p>\n<hr \/>\n<p>&nbsp;<\/p>\n<p><span style=\"color: #0000ff\"><strong>EDITAL 2016\/1 &#8211; SEGUNDA CONVOCA\u00c7\u00c3O!!!<\/strong><\/span><\/p>\n<p><img loading=\"lazy\" decoding=\"async\" class=\"wp-image-1598 alignleft\" src=\"https:\/\/uenf.br\/posgraduacao\/producao-vegetal\/wp-content\/uploads\/sites\/10\/2016\/01\/banner.jpg\" alt=\"banner\" width=\"362\" height=\"272\" \/>A Comiss\u00e3o Coordenadora do Programa de P\u00f3s-Gradua\u00e7\u00e3o em Produ\u00e7\u00e3o Vegetal da UENF, com base no Edital publicado para sele\u00e7\u00e3o de P\u00f3s-Graduandos (Mestrado e Doutorado) para ingresso no primeiro semestre de 2016, promove a SEGUNDA CONVOCA\u00c7\u00c3O, com base nos resultados divulgados em 17\/12\/215, a convoca\u00e7\u00e3o de candidatos suplentes, conforme listas em anexo.<\/p>\n<p>&nbsp;<\/p>\n<p><strong><span style=\"text-decoration: underline\"><span style=\"color: #ff0000;text-decoration: underline\">Mestrado:<\/span><\/span><\/strong> <span style=\"color: #0000ff\"><a style=\"color: #0000ff\" href=\"https:\/\/uenf.br\/posgraduacao\/producao-vegetal\/wp-content\/uploads\/sites\/10\/2014\/01\/edital-producao-vegetal-2016-resultado-final-MESTRADO-segunda-chamada.pdf\" target=\"_blank\" rel=\"noopener\">Segunda convoca\u00e7\u00e3o<\/a><\/span><\/p>\n<p><strong><span style=\"text-decoration: underline\"><span style=\"color: #ff0000;text-decoration: underline\">Doutorado:<\/span><\/span><\/strong> <span style=\"color: #0000ff\"><a style=\"color: #0000ff\" href=\"https:\/\/uenf.br\/posgraduacao\/producao-vegetal\/wp-content\/uploads\/sites\/10\/2014\/01\/edital-producao-vegetal-2016-resultado-final-DOUTORADO-segunda-chamada.pdf\" target=\"_blank\" rel=\"noopener\">Segunda convoca\u00e7\u00e3o<\/a><\/span><\/p>\n<p>&nbsp;<\/p>\n<p>&nbsp;<\/p>\n<p>&nbsp;<\/p>\n<hr \/>\n<p>&nbsp;<\/p>\n<p>&nbsp;<\/p>\n<p><span style=\"color: #0000ff\"><strong>EDITAL 2016\/1 &#8211; RESULTADO\u00a0FINAL!!!<\/strong><\/span><\/p>\n<p>A Comiss\u00e3o Coordenadora do Programa de P\u00f3s-Gradua\u00e7\u00e3o em Produ\u00e7\u00e3o Vegetal da UENF, com base no Edital publicado para sele\u00e7\u00e3o de P\u00f3s-Graduandos (Mestrado e Doutorado) para ingresso no primeiro semestre de 2016, divulga, no dia 17\/12\/2015, os resultados finais:<\/p>\n<p><span style=\"text-decoration: underline\"><span style=\"color: #ff0000;text-decoration: underline\">Mestrado:<\/span><\/span>\u00a0<span style=\"text-decoration: underline\"><span style=\"color: #0000ff\"><a style=\"color: #0000ff;text-decoration: underline\" href=\"https:\/\/uenf.br\/posgraduacao\/producao-vegetal\/wp-content\/uploads\/sites\/10\/2014\/01\/edital-producao-vegetal-2016-resultado-final-MESTRADO2.pdf\" target=\"_blank\" rel=\"noopener\">edital producao vegetal 2016 &#8211; resultado final MESTRADO<\/a><\/span><\/span><\/p>\n<p><span style=\"text-decoration: underline\"><span style=\"color: #ff0000;text-decoration: underline\">Doutorado:<\/span><\/span>\u00a0<span style=\"text-decoration: underline\"><span style=\"color: #0000ff\"><a style=\"color: #0000ff;text-decoration: underline\" href=\"https:\/\/uenf.br\/posgraduacao\/producao-vegetal\/wp-content\/uploads\/sites\/10\/2014\/01\/edital-producao-vegetal-2016-resultado-final-DOUTORADO-corrigido.pdf\" target=\"_blank\" rel=\"noopener\">edital producao vegetal 2016 &#8211; resultado final DOUTORADO<\/a><\/span><\/span><\/p>\n<p>&nbsp;<\/p>\n<hr \/>\n<p>&nbsp;<\/p>\n<p><strong>SISTEMA DE COTAS &#8211; RESULTADO!!!<\/strong><\/p>\n<ul>\n<li>Alane Cristina Peixoto de Brito &#8211; <strong>INDEFERIDO<\/strong><\/li>\n<li>Cristilane Macharete de Andrade &#8211; <strong>INDEFERIDO<\/strong><\/li>\n<li>Edinalva Almeida da Fonseca &#8211; <strong>DEFERIDO<\/strong><\/li>\n<li>Helane Cristina Aguiar Santos &#8211; <strong>INDEFERIDO<\/strong><\/li>\n<li>Jo\u00e3o Paulo Silva Sousa &#8211; <strong>INDEFERIDO<\/strong><\/li>\n<li>Luan Baritiello da Silva Bezerra &#8211; <strong>DEFERIDO<\/strong><\/li>\n<\/ul>\n<hr \/>\n<p>&nbsp;<\/p>\n<p><strong>EDITAL 2016\/1 &#8211; RESULTADOS DA PRIMEIRA ETAPA!!!<\/strong><\/p>\n<ul>\n<li><a href=\"https:\/\/uenf.br\/posgraduacao\/producao-vegetal\/wp-content\/uploads\/sites\/10\/2014\/01\/edital-producao-vegetal-2016-RESULTADO-DA-PRIMEIRA-ETAPA-corrigido.pdf\">edital producao vegetal 2016 &#8211; RESULTADO DA PRIMEIRA ETAPA &#8211; corrigido<\/a><\/li>\n<\/ul>\n<p>&nbsp;<\/p>\n<hr \/>\n<p>&nbsp;<\/p>\n<p><strong>HOMOLOGA\u00c7\u00c3O DE INSCRI\u00c7\u00d5ES!!!<\/strong><\/p>\n<p align=\"left\">&#8220;O Programa de P\u00f3s-Gradua\u00e7\u00e3o em Produ\u00e7\u00e3o Vegetal divulga as inscri\u00e7\u00f5es homologadas no processo de sele\u00e7\u00e3o para ingresso em 2016.\u00a0 Foram homologadas 101 inscri\u00e7\u00f5es concorrendo para o Mestrado e 68 inscri\u00e7\u00f5es para o Doutorado.&#8221;<\/p>\n<p dir=\"ltr\">O resultado da primeira etapa ser\u00e1 divulgado no dia 30\/11\/2015.<\/p>\n<p dir=\"ltr\">Os classificados para a segunda etapa ser\u00e3o entrevistados entre os dias 01 e\u00a0 15\/12\/2015.<\/p>\n<p dir=\"ltr\"><a href=\"https:\/\/uenf.br\/posgraduacao\/producao-vegetal\/wp-content\/uploads\/sites\/10\/2014\/01\/Inscri\u00e7\u00f5es-homologadas-Edital-Produ\u00e7\u00e3o-Vegetal-2016.pdf\">Inscri\u00e7\u00f5es homologadas Edital Produ\u00e7\u00e3o Vegetal 2016<\/a><\/p>\n<hr \/>\n<p align=\"left\"><strong>INSCRI\u00c7\u00d5ES:<\/strong><\/p>\n<p>&nbsp;<\/p>\n<p><strong>Per\u00edodo<\/strong>: De 05 de outubro\u00a0de 2015 a 13 de novembro\u00a0de 2015.<\/p>\n<p><strong>&#8211; Hor\u00e1rio<\/strong>: das 9 \u00e0s 12 horas e das 14 \u00e0s 17 horas (exceto s\u00e1bados, domingos e feriados).<br \/>\n<strong>&#8211; Local<\/strong>: Secretaria da Coordena\u00e7\u00e3o de P\u00f3s-Gradua\u00e7\u00e3o em Produ\u00e7\u00e3o Vegetal \u2013 Pr\u00e9dio do CCTA (P4) \u2013 T\u00e9rreo \u2013 Campus da UENF \u2013 Av. Alberto Lamego, 2000, Parque Calif\u00f3rnia \u2013 Campos dos Goytacazes \u2013 RJ, CEP 28013-602.<br \/>\n<strong>&#8211; Fone<\/strong>: (22) 2748-6019; e-mail: posgpveg@uenf.br.<br \/>\n<strong>&#8211; Endere\u00e7o eletr\u00f4nico do Programa<\/strong>: http:\/\/uenf.br\/pos-graduacao\/producao-vegetal\/<br \/>\nObs.: As inscri\u00e7\u00f5es realizadas pelo correio ser\u00e3o aceitas desde que a data de postagem seja at\u00e9 a data 13\/11\/2015, \u00faltimo dia de inscri\u00e7\u00e3o.<\/p>\n<p>&nbsp;<\/p>\n<ul>\n<li><a href=\"https:\/\/uenf.br\/posgraduacao\/producao-vegetal\/wp-content\/uploads\/sites\/10\/2014\/01\/edital-producao-vegetal-2016-vers\u00e3o-final.pdf\">Edital de sele\u00e7\u00e3o I\/2016<\/a><\/li>\n<\/ul>\n<ul>\n<li><a href=\"https:\/\/uenf.br\/posgraduacao\/producao-vegetal\/wp-content\/uploads\/sites\/10\/2014\/01\/Form-inscri\u00e7\u00e3o.doc\">Formul\u00e1rio de inscri\u00e7\u00e3o<\/a><\/li>\n<li><a href=\"https:\/\/uenf.br\/posgraduacao\/producao-vegetal\/wp-content\/uploads\/sites\/10\/2014\/01\/Formul\u00e1rios-de-Informa\u00e7\u00f5es-Socioecon\u00f4micas.pdf\">Formul\u00e1rios de Informa\u00e7\u00f5es Socioecon\u00f4micas<\/a><\/li>\n<li><a href=\"https:\/\/uenf.br\/posgraduacao\/producao-vegetal\/wp-content\/uploads\/sites\/10\/2014\/01\/Autodeclara\u00e7\u00e3o-\u00c9tnico-Racial.pdf\">Autodeclara\u00e7\u00e3o \u00c9tnico-Racial<\/a><\/li>\n<li><a href=\"https:\/\/uenf.br\/posgraduacao\/producao-vegetal\/wp-content\/uploads\/sites\/10\/2014\/01\/Autodeclara\u00e7\u00e3o-Ind\u00edgenas.pdf\">Autodeclara\u00e7\u00e3o Ind\u00edgenas<\/a><\/li>\n<li><a href=\"https:\/\/uenf.br\/posgraduacao\/producao-vegetal\/wp-content\/uploads\/sites\/10\/2014\/01\/Form-carta-de-recomenda\u00e7\u00e3o.doc\">Formul\u00e1rio de carta de recomenda\u00e7\u00e3o<\/a><\/li>\n<li><a href=\"https:\/\/uenf.br\/posgraduacao\/producao-vegetal\/wp-content\/uploads\/sites\/10\/2014\/01\/Formulario-de-perguntas-1.doc\">Formulario de perguntas<\/a><\/li>\n<li><a href=\"https:\/\/uenf.br\/posgraduacao\/producao-vegetal\/wp-content\/uploads\/sites\/10\/2014\/01\/Curriculum-para-candidato-a-DOUTORADO.doc\">Curriculum DOUTORADO<\/a><\/li>\n<li><a href=\"https:\/\/uenf.br\/posgraduacao\/producao-vegetal\/wp-content\/uploads\/sites\/10\/2014\/01\/Curriculum-para-candidato-a-MESTRADO.doc\">Curriculum MESTRADO<\/a><\/li>\n<\/ul>\n<p>&nbsp;<\/p>\n","protected":false},"excerpt":{"rendered":"<p>EDITAL 2017\/1 &#8211; RESULTADO\u00a0FINAL!!! Segunda chamada A Comiss\u00e3o Coordenadora do Programa de P\u00f3s-Gradua\u00e7\u00e3o em Produ\u00e7\u00e3o Vegetal da UENF, com base&#8230;<\/p>\n","protected":false},"author":21,"featured_media":0,"parent":0,"menu_order":3,"comment_status":"closed","ping_status":"open","template":"","meta":{"footnotes":""},"class_list":["post-232","page","type-page","status-publish","hentry"],"_links":{"self":[{"href":"https:\/\/uenf.br\/posgraduacao\/producao-vegetal\/wp-json\/wp\/v2\/pages\/232","targetHints":{"allow":["GET"]}}],"collection":[{"href":"https:\/\/uenf.br\/posgraduacao\/producao-vegetal\/wp-json\/wp\/v2\/pages"}],"about":[{"href":"https:\/\/uenf.br\/posgraduacao\/producao-vegetal\/wp-json\/wp\/v2\/types\/page"}],"author":[{"embeddable":true,"href":"https:\/\/uenf.br\/posgraduacao\/producao-vegetal\/wp-json\/wp\/v2\/users\/21"}],"replies":[{"embeddable":true,"href":"https:\/\/uenf.br\/posgraduacao\/producao-vegetal\/wp-json\/wp\/v2\/comments?post=232"}],"version-history":[{"count":0,"href":"https:\/\/uenf.br\/posgraduacao\/producao-vegetal\/wp-json\/wp\/v2\/pages\/232\/revisions"}],"wp:attachment":[{"href":"https:\/\/uenf.br\/posgraduacao\/producao-vegetal\/wp-json\/wp\/v2\/media?parent=232"}],"curies":[{"name":"wp","href":"https:\/\/api.w.org\/{rel}","templated":true}]}}