{"id":261,"date":"2014-01-29T17:18:48","date_gmt":"2014-01-29T17:18:48","guid":{"rendered":"http:\/\/uenf.br\/pos-graduacao\/producao-vegetal\/?page_id=261"},"modified":"2024-10-08T15:56:36","modified_gmt":"2024-10-08T18:56:36","slug":"defesa-de-projeto","status":"publish","type":"page","link":"https:\/\/uenf.br\/posgraduacao\/producao-vegetal\/defesa-de-projeto\/","title":{"rendered":"Defesa de Projeto"},"content":{"rendered":"<p style=\"text-align: center\"><strong>ATEN\u00c7\u00c3O!!!<\/strong><\/p>\n<p style=\"text-align: justify\">Para solicitar a defesa de projeto de disserta\u00e7\u00e3o\/tese, o aluno dever\u00e1 entregar na Secretaria do Programa formul\u00e1rio (<strong>download abaixo<\/strong>) preenchido e assinado. A banca examinadora dos mestrandos dever\u00e1 ser composta pelo orientador e no m\u00ednimo 2 (dois) profissionais com doutorado e a banca examinadora dos doutorandos dever\u00e1 ser composta pelo orientador e no m\u00ednimo 3 (tr\u00eas) profissionais com doutorado. Em ambos os casos colocar pelo menos 1 (hum) suplente.<\/p>\n<ul>\n<li><a href=\"http:\/\/uenf.br\/posgraduacao\/producao-vegetal\/wp-content\/uploads\/sites\/10\/2024\/10\/Formulario-de-Defesa-de-Projeto-1.doc\">Modelo de formul\u00e1rio para pedido de defesa de projeto<\/a><\/li>\n<li><a href=\"https:\/\/uenf.br\/posgraduacao\/producao-vegetal\/wp-content\/uploads\/sites\/10\/2023\/05\/FORMULARIO-PRORROGACAO-DE-DEFESA-DE-PROJETO.docx\">Modelo de Formul\u00e1rio para prorroga\u00e7\u00e3o de defesa de projeto<\/a><\/li>\n<\/ul>\n","protected":false},"excerpt":{"rendered":"<p>ATEN\u00c7\u00c3O!!! Para solicitar a defesa de projeto de disserta\u00e7\u00e3o\/tese, o aluno dever\u00e1 entregar na Secretaria do Programa formul\u00e1rio (download abaixo)&#8230;<\/p>\n","protected":false},"author":21,"featured_media":0,"parent":0,"menu_order":15,"comment_status":"closed","ping_status":"open","template":"","meta":{"footnotes":""},"class_list":["post-261","page","type-page","status-publish","hentry"],"_links":{"self":[{"href":"https:\/\/uenf.br\/posgraduacao\/producao-vegetal\/wp-json\/wp\/v2\/pages\/261","targetHints":{"allow":["GET"]}}],"collection":[{"href":"https:\/\/uenf.br\/posgraduacao\/producao-vegetal\/wp-json\/wp\/v2\/pages"}],"about":[{"href":"https:\/\/uenf.br\/posgraduacao\/producao-vegetal\/wp-json\/wp\/v2\/types\/page"}],"author":[{"embeddable":true,"href":"https:\/\/uenf.br\/posgraduacao\/producao-vegetal\/wp-json\/wp\/v2\/users\/21"}],"replies":[{"embeddable":true,"href":"https:\/\/uenf.br\/posgraduacao\/producao-vegetal\/wp-json\/wp\/v2\/comments?post=261"}],"version-history":[{"count":0,"href":"https:\/\/uenf.br\/posgraduacao\/producao-vegetal\/wp-json\/wp\/v2\/pages\/261\/revisions"}],"wp:attachment":[{"href":"https:\/\/uenf.br\/posgraduacao\/producao-vegetal\/wp-json\/wp\/v2\/media?parent=261"}],"curies":[{"name":"wp","href":"https:\/\/api.w.org\/{rel}","templated":true}]}}