{"id":273,"date":"2014-01-29T17:55:23","date_gmt":"2014-01-29T17:55:23","guid":{"rendered":"http:\/\/uenf.br\/pos-graduacao\/producao-vegetal\/?page_id=273"},"modified":"2024-10-30T15:21:02","modified_gmt":"2024-10-30T18:21:02","slug":"defesa-de-dissertacaotese","status":"publish","type":"page","link":"https:\/\/uenf.br\/posgraduacao\/producao-vegetal\/defesa-de-dissertacaotese\/","title":{"rendered":"Defesa de Disserta\u00e7\u00e3o\/Tese"},"content":{"rendered":"<p style=\"text-align: center\"><strong>ATEN\u00c7\u00c3O!!!<\/strong><\/p>\n<p style=\"text-align: justify\">Para solicitar a defesa de disserta\u00e7\u00e3o\/tese, o aluno dever\u00e1 entregar na Secretaria do Programa formul\u00e1rio (<strong>download abaixo<\/strong>) preenchido e assinado com toda documenta\u00e7\u00e3o exigida (<strong>download abaixo<\/strong>). A banca examinadora dever\u00e1 ser composta pelo orientador e\u00a0 3 (tr\u00eas) profissionais com doutorado sendo 1 (um) externo \u00e0 UENF. Dever\u00e1 conter tamb\u00e9m 2 (dois) suplentes sendo 1 (um) externo \u00e0 UENF. Toda documenta\u00e7\u00e3o dever\u00e1 ser entregue at\u00e9 15\u00a0 (quinze) dias antes da defesa.<\/p>\n<p style=\"text-align: justify\"><strong>OBS.: Quando, por motivo de for\u00e7a maior, n\u00e3o for poss\u00edvel o aluno defender no prazo de 24 (vinte e quatro) meses para o mestrado ou 48 (quarenta e oito) meses para o doutorado, dever\u00e1 ent\u00e3o, solicitar prorroga\u00e7\u00e3o de curso utilizando o modelo de formul\u00e1rio pr\u00f3prio (download abaixo).<br \/>\n<\/strong><\/p>\n<ul>\n<li><a href=\"http:\/\/uenf.br\/posgraduacao\/producao-vegetal\/wp-content\/uploads\/sites\/10\/2014\/01\/Form-X-PRORROGA\u00c7\u00c3O-DE-DEFESA-PROPPG-2016.docx\" target=\"_blank\" rel=\"noopener noreferrer\">Modelo de Formul\u00e1rio para prorroga\u00e7\u00e3o de curso<\/a><\/li>\n<\/ul>\n<ul>\n<li><a href=\"https:\/\/uenf.br\/posgraduacao\/producao-vegetal\/wp-content\/uploads\/sites\/10\/2022\/10\/DOCUMENTOS-NECESSARIOS-PARA-A-DEFESA.pdf\">Documentos necess\u00e1rios para defesa<\/a><\/li>\n<li><a href=\"http:\/\/uenf.br\/posgraduacao\/producao-vegetal\/wp-content\/uploads\/sites\/10\/2014\/01\/Form-defesa.doc\">Modelo de Formul\u00e1rio para defesa<\/a><\/li>\n<li><a href=\"https:\/\/uenf.br\/posgraduacao\/producao-vegetal\/wp-content\/uploads\/sites\/10\/2023\/09\/Resolucao_Normas-de-tese-Dissertacao_ContribuicaoCPP.pdf\">Normas para elabora\u00e7\u00e3o de tese\/disserta\u00e7\u00e3o<\/a><\/li>\n<li><a href=\"http:\/\/uenf.br\/posgraduacao\/producao-vegetal\/wp-content\/uploads\/sites\/10\/2024\/10\/Entrega-da-tese.pdf\">Documentos exigidos na entrega da Vers\u00e3o Final<\/a><\/li>\n<li><a href=\"http:\/\/uenf.br\/posgraduacao\/producao-vegetal\/wp-content\/uploads\/sites\/10\/2014\/01\/Termo-Bib-digital.pdf\">Termo para divulga\u00e7\u00e3o na Biblioteca digital<\/a><\/li>\n<\/ul>\n<p>&nbsp;<\/p>\n<p style=\"text-align: center\"><span style=\"color: #0000ff\"><strong>ATEN\u00c7\u00c3O!!!!<\/strong><\/span><\/p>\n<p>Abaixo disponibilizamos modelos de formata\u00e7\u00e3o, conforme as Normas vigentes, para serem seguidos.<\/p>\n<ul>\n<li><strong><span style=\"color: #0000ff\">TEMPLATE CL\u00c1SSICO<\/span><\/strong>: <a href=\"https:\/\/uenf.br\/posgraduacao\/producao-vegetal\/wp-content\/uploads\/sites\/10\/2024\/05\/Template_Formulario-Modelo-Classico-segundo-Norma-2023.docx\">CLIQUE AQUI<\/a><\/li>\n<li><strong><span style=\"color: #0000ff\">TEMPLATE FORMATO ARTIGO CIENT\u00cdFICO<\/span><\/strong>: <a href=\"https:\/\/uenf.br\/posgraduacao\/producao-vegetal\/wp-content\/uploads\/sites\/10\/2024\/05\/Formulario-Modelo-Artigo-Cientifico.docx\">CLIQUE AQUI<\/a><\/li>\n<\/ul>\n<p>&nbsp;<\/p>\n","protected":false},"excerpt":{"rendered":"<p>ATEN\u00c7\u00c3O!!! Para solicitar a defesa de disserta\u00e7\u00e3o\/tese, o aluno dever\u00e1 entregar na Secretaria do Programa formul\u00e1rio (download abaixo) preenchido e&#8230;<\/p>\n","protected":false},"author":21,"featured_media":0,"parent":0,"menu_order":17,"comment_status":"closed","ping_status":"open","template":"","meta":{"footnotes":""},"class_list":["post-273","page","type-page","status-publish","hentry"],"_links":{"self":[{"href":"https:\/\/uenf.br\/posgraduacao\/producao-vegetal\/wp-json\/wp\/v2\/pages\/273","targetHints":{"allow":["GET"]}}],"collection":[{"href":"https:\/\/uenf.br\/posgraduacao\/producao-vegetal\/wp-json\/wp\/v2\/pages"}],"about":[{"href":"https:\/\/uenf.br\/posgraduacao\/producao-vegetal\/wp-json\/wp\/v2\/types\/page"}],"author":[{"embeddable":true,"href":"https:\/\/uenf.br\/posgraduacao\/producao-vegetal\/wp-json\/wp\/v2\/users\/21"}],"replies":[{"embeddable":true,"href":"https:\/\/uenf.br\/posgraduacao\/producao-vegetal\/wp-json\/wp\/v2\/comments?post=273"}],"version-history":[{"count":0,"href":"https:\/\/uenf.br\/posgraduacao\/producao-vegetal\/wp-json\/wp\/v2\/pages\/273\/revisions"}],"wp:attachment":[{"href":"https:\/\/uenf.br\/posgraduacao\/producao-vegetal\/wp-json\/wp\/v2\/media?parent=273"}],"curies":[{"name":"wp","href":"https:\/\/api.w.org\/{rel}","templated":true}]}}