{"id":28,"date":"2013-12-17T17:34:41","date_gmt":"2013-12-17T17:34:41","guid":{"rendered":"http:\/\/uenf.br\/pos-graduacao\/producao-vegetal\/?page_id=28"},"modified":"2021-10-07T18:55:33","modified_gmt":"2021-10-07T21:55:33","slug":"teses-e-dissertacoes-concluidas","status":"publish","type":"page","link":"https:\/\/uenf.br\/posgraduacao\/producao-vegetal\/teses-e-dissertacoes-concluidas\/","title":{"rendered":"Teses e Disserta\u00e7\u00f5es"},"content":{"rendered":"<div id=\"post-43\">\n<div>\n<h1>Dom\u00ednio P\u00fablico \u2013 Banco de Teses \u2013 CAPES<\/h1>\n<\/div>\n<div>\n<p>CLIQUE NO ENDERE\u00c7O ABAIXO, para acessar o site da CAPES de DOM\u00cdNIO P\u00daBLICO, com as disserta\u00e7\u00f5es e teses defendidas e outros trabalhos.<br \/>\n<a href=\"http:\/\/www.dominiopublico.gov.br\">http:\/\/www.dominiopublico.gov.br<\/a><\/p>\n<\/div>\n<\/div>\n","protected":false},"excerpt":{"rendered":"<p>Dom\u00ednio P\u00fablico \u2013 Banco de Teses \u2013 CAPES CLIQUE NO ENDERE\u00c7O ABAIXO, para acessar o site da CAPES de DOM\u00cdNIO&#8230;<\/p>\n","protected":false},"author":21,"featured_media":0,"parent":0,"menu_order":18,"comment_status":"closed","ping_status":"open","template":"","meta":{"footnotes":""},"class_list":["post-28","page","type-page","status-publish","hentry"],"_links":{"self":[{"href":"https:\/\/uenf.br\/posgraduacao\/producao-vegetal\/wp-json\/wp\/v2\/pages\/28","targetHints":{"allow":["GET"]}}],"collection":[{"href":"https:\/\/uenf.br\/posgraduacao\/producao-vegetal\/wp-json\/wp\/v2\/pages"}],"about":[{"href":"https:\/\/uenf.br\/posgraduacao\/producao-vegetal\/wp-json\/wp\/v2\/types\/page"}],"author":[{"embeddable":true,"href":"https:\/\/uenf.br\/posgraduacao\/producao-vegetal\/wp-json\/wp\/v2\/users\/21"}],"replies":[{"embeddable":true,"href":"https:\/\/uenf.br\/posgraduacao\/producao-vegetal\/wp-json\/wp\/v2\/comments?post=28"}],"version-history":[{"count":0,"href":"https:\/\/uenf.br\/posgraduacao\/producao-vegetal\/wp-json\/wp\/v2\/pages\/28\/revisions"}],"wp:attachment":[{"href":"https:\/\/uenf.br\/posgraduacao\/producao-vegetal\/wp-json\/wp\/v2\/media?parent=28"}],"curies":[{"name":"wp","href":"https:\/\/api.w.org\/{rel}","templated":true}]}}