{"id":292,"date":"2014-01-29T18:21:43","date_gmt":"2014-01-29T18:21:43","guid":{"rendered":"http:\/\/uenf.br\/pos-graduacao\/producao-vegetal\/?page_id=292"},"modified":"2022-09-13T15:04:16","modified_gmt":"2022-09-13T18:04:16","slug":"registro-na-biblioteca-nacional","status":"publish","type":"page","link":"https:\/\/uenf.br\/posgraduacao\/producao-vegetal\/defesa-de-dissertacaotese\/registro-na-biblioteca-nacional\/","title":{"rendered":"Registro na Biblioteca Nacional"},"content":{"rendered":"<p><strong>SIGA ABAIXO AS INSTRU\u00c7\u00d5ES PARA REGISTRO DA TESE NA BIBLIOTECA NACIONAL<\/strong><\/p>\n<p>1. Rubricar todas as p\u00e1ginas da tese.<\/p>\n<p>2. Xerox do CPF, Carteira de Identidade e comprovante de resid\u00eancia.<\/p>\n<div>3. Preencher formul\u00e1rio pr\u00f3prio (Requerimento para Registro e\/ou Averba\u00e7\u00e3o). <a href=\"https:\/\/uenf.br\/posgraduacao\/producao-vegetal\/wp-content\/uploads\/sites\/10\/2022\/07\/formulario-de-requerimento-de-registro-ou-averbacao-1.pdf\">DOWNLOAD<\/a>.<\/div>\n<div><\/div>\n<div>4. Trazer comprovante original de pagamento de boleta banc\u00e1ria no valor de\u00a0 R$20,00 (pagamento somente no Banco do Brasil), conforme as orienta\u00e7\u00f5es descritas abaixo, a fim de retirada on line da guia de recolhimento da uni\u00e3o.<\/div>\n<div><\/div>\n<div><\/div>\n<div><b>GRU: <a href=\"http:\/\/arquivo.bn.br\/portal\/index.jsp?nu_pagina=69\">CLIQUE AQUI<\/a><\/b><\/div>\n<div><\/div>\n<div><\/div>\n<div>\n<p><strong>Preencha o\u00a0formul\u00e1rio de requerimento de registro\u00a0conforme as instru\u00e7\u00f5es a seguir:<\/strong><\/p>\n<ul>\n<li>N\u00e3o preencher os campos 1 e 8.<\/li>\n<li><strong>O t\u00edtulo (2.1) \u00e9 a principal informa\u00e7\u00e3o fornecida para identifica\u00e7\u00e3o da obra intelectual, sendo, portanto, um dos campos obrigat\u00f3rios<\/strong>.<\/li>\n<li><strong>O t\u00edtulo indicado na c\u00f3pia da obra intelectual deve estar indicado exatamente da mesma forma no formul\u00e1rio<\/strong>.<\/li>\n<li><strong>O n\u00famero total de p\u00e1ginas (2.4) deve corresponder exatamente \u00e0 c\u00f3pia depositada. Inconsist\u00eancias nesse dado implicar\u00e3o a necessidade de esclarecimentos<\/strong>.<\/li>\n<li>Os dados de publica\u00e7\u00e3o (2.5) somente devem ser preenchidos caso a c\u00f3pia da obra seja depositada em formato de livro publicado (ver lei do livro).<\/li>\n<li>O campo de averba\u00e7\u00e3o (2.6) deve ser utilizado para justificar o pedido, podendo ser complementado pelo campo de observa\u00e7\u00f5es (6).<\/li>\n<li><strong>O requerente deve preencher o campo 3, fornecendo obrigatoriamente o nome, CPF \/CNPJ e endere\u00e7o<\/strong>.<\/li>\n<li>Os demais autores e titulares, quando existirem, dever\u00e3o ser informados pelo requerente, que indicar\u00e1, no m\u00ednimo, nome, CPF\/CNPJ e v\u00ednculo com a obra.<\/li>\n<li>O campo 4 somente deve ser preenchido caso o requerente seja menor de 18 anos.<\/li>\n<li>O campo 5 deve ser utilizado quando a obra intelectual que se pretende o registro for criada a partir da transforma\u00e7\u00e3o de outra previamente publicada ou registrada.<\/li>\n<li>O campo 6 deve ser utilizado para esclarecimentos que possam facilitar o andamento do processo.<\/li>\n<li><strong>O campo que finaliza o formul\u00e1rio (7) \u00e9 o que traz a declara\u00e7\u00e3o de responsabilidade, devendo ser obrigatoriamente preenchido com a data, o local e a assinatura manuscrita do requerente ou seu representante legal<\/strong>.<\/li>\n<li>Formul\u00e1rios antigos ou alterados em sua formata\u00e7\u00e3o original n\u00e3o ser\u00e3o conhecidos.<\/li>\n<\/ul>\n<\/div>\n<div>\n<p>&nbsp;<\/p>\n<\/div>\n<div><\/div>\n<div>\n<hr \/>\n<p>&nbsp;<\/p>\n<\/div>\n<p>&nbsp;<\/p>\n","protected":false},"excerpt":{"rendered":"<p>SIGA ABAIXO AS INSTRU\u00c7\u00d5ES PARA REGISTRO DA TESE NA BIBLIOTECA NACIONAL 1. Rubricar todas as p\u00e1ginas da tese. 2. Xerox&#8230;<\/p>\n","protected":false},"author":21,"featured_media":0,"parent":273,"menu_order":2,"comment_status":"closed","ping_status":"open","template":"","meta":{"footnotes":""},"class_list":["post-292","page","type-page","status-publish","hentry"],"_links":{"self":[{"href":"https:\/\/uenf.br\/posgraduacao\/producao-vegetal\/wp-json\/wp\/v2\/pages\/292","targetHints":{"allow":["GET"]}}],"collection":[{"href":"https:\/\/uenf.br\/posgraduacao\/producao-vegetal\/wp-json\/wp\/v2\/pages"}],"about":[{"href":"https:\/\/uenf.br\/posgraduacao\/producao-vegetal\/wp-json\/wp\/v2\/types\/page"}],"author":[{"embeddable":true,"href":"https:\/\/uenf.br\/posgraduacao\/producao-vegetal\/wp-json\/wp\/v2\/users\/21"}],"replies":[{"embeddable":true,"href":"https:\/\/uenf.br\/posgraduacao\/producao-vegetal\/wp-json\/wp\/v2\/comments?post=292"}],"version-history":[{"count":0,"href":"https:\/\/uenf.br\/posgraduacao\/producao-vegetal\/wp-json\/wp\/v2\/pages\/292\/revisions"}],"up":[{"embeddable":true,"href":"https:\/\/uenf.br\/posgraduacao\/producao-vegetal\/wp-json\/wp\/v2\/pages\/273"}],"wp:attachment":[{"href":"https:\/\/uenf.br\/posgraduacao\/producao-vegetal\/wp-json\/wp\/v2\/media?parent=292"}],"curies":[{"name":"wp","href":"https:\/\/api.w.org\/{rel}","templated":true}]}}