{"id":34,"date":"2013-12-17T17:43:17","date_gmt":"2013-12-17T17:43:17","guid":{"rendered":"http:\/\/uenf.br\/pos-graduacao\/producao-vegetal\/?page_id=34"},"modified":"2017-10-23T11:31:22","modified_gmt":"2017-10-23T13:31:22","slug":"mestrado-conclusao-em-2013","status":"publish","type":"page","link":"https:\/\/uenf.br\/posgraduacao\/producao-vegetal\/teses-e-dissertacoes-concluidas\/mestrado\/mestrado-conclusao-em-2013\/","title":{"rendered":"Mestrado &#8211; conclus\u00e3o em 2013"},"content":{"rendered":"<p>&nbsp;<\/p>\n<hr \/>\n<p>&nbsp;<\/p>\n<p>Aluno: Delorme Corr\u00eaa J\u00fanior<br \/>\nOrientador: Prof. Ricardo Ferreira Garcia<br \/>\nData de In\u00edcio: 06\/2011<br \/>\nData de Defesa de Tese: 18\/02\/2013<br \/>\nT\u00edtulo da Tese: <a href=\"http:\/\/uenf.br\/posgraduacao\/producao-vegetal\/wp-content\/uploads\/sites\/10\/2013\/12\/Influ\u00eancia-da-aduba\u00e7\u00e3o-e-velocidade-de-trabalho.pdf\">Influ\u00eancia da aduba\u00e7\u00e3o e velocidade de trabalho de um conjunto trator e semeadora de precis\u00e3o na produtividade da cultura do milho verde.<\/a><\/p>\n<p>&nbsp;<\/p>\n<hr \/>\n<p>&nbsp;<\/p>\n<p>Aluno: Francemir Jos\u00e9 Lopes<br \/>\nOrientador: Prof\u00aa N\u00e1dia Rosa Pereira<br \/>\nData de In\u00edcio: 03\/2011<br \/>\nData de Defesa de Tese: 22\/02\/2013<br \/>\nT\u00edtulo da Tese: <a title=\"Disserta\u00e7\u00f5es 2013 - Conclu\u00eddas\" href=\"http:\/\/uenf.br\/posgraduacao\/producao-vegetal\/wp-content\/uploads\/sites\/10\/2014\/08\/Francemir.pdf\">Estudo do fen\u00f4meno de encolhimento na secagem convectiva de abacaxi com aplica\u00e7\u00e3o de micro-ondas.<\/a><\/p>\n<p>&nbsp;<\/p>\n<p>&nbsp;<\/p>\n<hr \/>\n<p>Aluno: Cristiano Ferolla de Lima<br \/>\nOrientador: Prof\u00aa Cl\u00e1udia Sales Marinho<br \/>\nData de In\u00edcio: 03\/2011<br \/>\nData de Defesa de Tese: 25\/02\/2013<br \/>\nT\u00edtulo da Tese: <a title=\"Disserta\u00e7\u00f5es 2013 - Conclu\u00eddas\" href=\"http:\/\/uenf.br\/posgraduacao\/producao-vegetal\/wp-content\/uploads\/sites\/10\/2014\/08\/Cristiano.pdf\">Avalia\u00e7\u00e3o do <em>Poncirus trifoliata<\/em> (L.) Raf. como porta-enxerto para laranjeira &#8216;lima&#8217;.<\/a><\/p>\n<hr \/>\n<p>Aluno: Clinimar Oliveira Amaral<br \/>\nOrientador: Prof. Elias Fernandes de Sousa<br \/>\nData de In\u00edcio: 03\/2011<br \/>\nData de Defesa de Tese: 27\/02\/2013<br \/>\nT\u00edtulo da Tese: <a title=\"Disserta\u00e7\u00f5es 2013 - Conclu\u00eddas\" href=\"http:\/\/uenf.br\/posgraduacao\/producao-vegetal\/wp-content\/uploads\/sites\/10\/2014\/08\/Clinimar.pdf\">Produ\u00e7\u00e3o e qualidade dos frutos da laranjeira (<em>Citrus sinensis<\/em> L. Osbeck) &#8216;Folha Murcha&#8217; sob diferentes l\u00e2minas de irriga\u00e7\u00e3o.<\/a><\/p>\n<hr \/>\n<p>Aluno: Marlon Alto\u00e9 Biazatti<br \/>\nOrientador: Prof\u00aa Claudia Sales Marinho<br \/>\nData de In\u00edcio: 03\/2011<br \/>\nData de Defesa de Tese: 27\/02\/2013<br \/>\nT\u00edtulo da Tese: <a title=\"Disserta\u00e7\u00f5es 2013 - Conclu\u00eddas\" href=\"http:\/\/uenf.br\/posgraduacao\/producao-vegetal\/wp-content\/uploads\/sites\/10\/2014\/08\/Marlon-Alto%C3%A9.pdf\">Potencial de enraizamento, vigor, enxertia interespec\u00edfica e resist\u00eancia a <em>Meloidogyne enterolabii<\/em> em gen\u00f3tipos de ara\u00e7azeiros.<\/a><\/p>\n<hr \/>\n<p>&nbsp;<\/p>\n<p>Aluno: Andr\u00e9 Vicente de Oliveira<br \/>\nOrientador: Prof. Rog\u00e9rio Figueiredo Daher<br \/>\nData de In\u00edcio: 03\/2011<br \/>\nData de Defesa de Tese: 01\/03\/2013<br \/>\nT\u00edtulo da Tese: <a title=\"Disserta\u00e7\u00f5es 2013 - Conclu\u00eddas\" href=\"http:\/\/uenf.br\/posgraduacao\/producao-vegetal\/wp-content\/uploads\/sites\/10\/2014\/03\/Andr%C3%A9-Vicente.pdf\">Avalia\u00e7\u00e3o do desenvolvimento e de caracter\u00edsticas morfoagron\u00f4micas e qualidade de biomassa energ\u00e9tica de 73 gen\u00f3tipos de capim-elefante em Campos dos Goytacazes-RJ.<\/a><\/p>\n<p>&nbsp;<\/p>\n<hr \/>\n<p>&nbsp;<\/p>\n<p>Aluno: Jeferson dos Santos Silva<br \/>\nOrientador: Prof\u00aa Karla Silva Ferreira<br \/>\nData de In\u00edcio: 03\/2011<br \/>\nData de Defesa de Tese: 14\/03\/2013<br \/>\nT\u00edtulo da Tese: <a title=\"Disserta\u00e7\u00f5es 2013 - Conclu\u00eddas\" href=\"http:\/\/uenf.br\/posgraduacao\/producao-vegetal\/wp-content\/uploads\/sites\/10\/2014\/08\/JEFERSON-DOS-SANTOS-SILVA.pdf\">Modifica\u00e7\u00e3o e valida\u00e7\u00e3o da metodologia para determina\u00e7\u00e3o de s\u00f3dio, pot\u00e1ssio e f\u00f3sforo em alimentos industrializados.<\/a><\/p>\n<p>&nbsp;<\/p>\n<hr \/>\n<p>&nbsp;<\/p>\n<p>Aluno: Weverton Pereira Rodrigues<br \/>\nOrientador: Prof. Henrique Duarte Vieira<br \/>\nData de In\u00edcio: 04\/2011<br \/>\nData de Defesa de Tese: 18\/03\/2013<br \/>\nT\u00edtulo da Tese: <a title=\"Disserta\u00e7\u00f5es 2013 - Conclu\u00eddas\" href=\"http:\/\/uenf.br\/posgraduacao\/producao-vegetal\/wp-content\/uploads\/sites\/10\/2014\/08\/Weverton.pdf\">Aspectos fisiol\u00f3gicos e produtividade de <em>Coffea<\/em> sp. na regi\u00e3o noroeste do estado do Rio de Janeiro.<\/a><\/p>\n<p>&nbsp;<\/p>\n<hr \/>\n<p>&nbsp;<\/p>\n<p>&nbsp;<\/p>\n<p>Aluno: Nayara Cantarino Barbosa<br \/>\nOrientador: Prof. Eder Dutra de Resende<br \/>\nData de In\u00edcio: 03\/2011<br \/>\nData de Defesa de Tese: 20\/03\/2013<br \/>\nT\u00edtulo da Tese: <a title=\"Disserta\u00e7\u00f5es 2013 - Conclu\u00eddas\" href=\"http:\/\/uenf.br\/posgraduacao\/producao-vegetal\/wp-content\/uploads\/sites\/10\/2014\/08\/Nayara.pdf\">Taxa de respira\u00e7\u00e3o do mam\u00e3o em fun\u00e7\u00e3o das diferentes condi\u00e7\u00f5es de atmosferas de armazenamento em temperatura ambiente.<\/a><\/p>\n<hr \/>\n<p>Aluno: Amanda Azevedo Bertolazi<br \/>\nOrientador: Prof. Arnoldo Rocha Fa\u00e7anha<br \/>\nData de In\u00edcio: 03\/2011<br \/>\nData de Defesa de Tese: 22\/03\/2013<br \/>\nT\u00edtulo da Tese: <a title=\"Disserta\u00e7\u00f5es 2013 - Conclu\u00eddas\" href=\"http:\/\/uenf.br\/posgraduacao\/producao-vegetal\/wp-content\/uploads\/sites\/10\/2014\/03\/Disserta%C3%A7%C3%A3o-Completa-Com-P%C3%A1ginas-OK-Pronta-pra-Revis%C3%A3o-de-Po.pdf\">Bombas de H+ na intera\u00e7\u00e3o simbi\u00f3tica <em>Pisolithus microcarpus<\/em>&#8211;<em>Eucalyptus urograndis<\/em>: efeitos do alum\u00ednio e o papel da melanina.<\/a><\/p>\n<hr \/>\n<p>&nbsp;<\/p>\n<p>Aluno: C\u00e1ssio Vittorazzi<br \/>\nOrientador: Prof. Antonio Teixeira do Amaral J\u00fanior<br \/>\nData de In\u00edcio: 06\/2011<br \/>\nData de Defesa de Tese: 26\/03\/2013<br \/>\nT\u00edtulo da Tese: <a title=\"Disserta\u00e7\u00f5es 2013 - Conclu\u00eddas\" href=\"http:\/\/uenf.br\/posgraduacao\/producao-vegetal\/wp-content\/uploads\/sites\/10\/2014\/04\/C%C3%A1ssio.pdf\">Influ\u00eancia do espa\u00e7amento entre linhas e da popula\u00e7\u00e3o de plantas em caracteres agron\u00f4micos de cultivares de milho pipoca na regi\u00e3o Norte Fluminense.<\/a><\/p>\n<p>&nbsp;<\/p>\n<hr \/>\n<p>&nbsp;<\/p>\n<p>&nbsp;<\/p>\n<p>Aluno: Jucimara Anuncia\u00e7\u00e3o de Jesus<br \/>\nOrientador: Prof. F\u00e1bio Lopes Olivares<br \/>\nData de In\u00edcio: 03\/2011<br \/>\nData de Defesa de Tese: 27\/03\/2013<br \/>\nT\u00edtulo da Tese: <a title=\"Disserta\u00e7\u00f5es 2013 - Conclu\u00eddas\" href=\"http:\/\/uenf.br\/posgraduacao\/producao-vegetal\/wp-content\/uploads\/sites\/10\/2014\/08\/Jucimara.pdf\">Potencial biotecnol\u00f3gico de actinobact\u00e9rias e bact\u00e9rias diazotr\u00f3ficas endof\u00edticas para o crescimento de plantas.<\/a><\/p>\n<p>&nbsp;<\/p>\n<p>&nbsp;<\/p>\n<hr \/>\n<p>Aluno: Jocarla Ambrosim Crevelari<br \/>\nOrientador: Prof. F\u00e1bio Cunha Coelho<br \/>\nData de In\u00edcio: 04\/2011<br \/>\nData de Defesa de Tese: 02\/04\/2013<br \/>\nT\u00edtulo da Tese: <a title=\"Disserta\u00e7\u00f5es 2013 - Conclu\u00eddas\" href=\"http:\/\/uenf.br\/posgraduacao\/producao-vegetal\/wp-content\/uploads\/sites\/10\/2014\/08\/Jocarla.pdf\">Forragens hidrop\u00f4nicas de milho e de soja cultivada em baga\u00e7o de cana-de-a\u00e7\u00facar e doses de subst\u00e2ncias h\u00famicas.<\/a><\/p>\n<p>&nbsp;<\/p>\n<p>&nbsp;<\/p>\n<hr \/>\n<p>&nbsp;<\/p>\n<p>&nbsp;<\/p>\n<p>Aluno: Victor Paulo Mesquita Arag\u00e3o<br \/>\nOrientador: Prof\u00aa Claudete Santa Catarina<br \/>\nData de In\u00edcio: 08\/2011<br \/>\nData de Defesa de Tese: 02\/04\/2013<br \/>\nT\u00edtulo da Tese: <a title=\"Disserta\u00e7\u00f5es 2013 - Conclu\u00eddas\" href=\"http:\/\/uenf.br\/posgraduacao\/producao-vegetal\/wp-content\/uploads\/sites\/10\/2014\/08\/Victor-Paulo.pdf\">Altera\u00e7\u00f5es bioqu\u00edmicas durante a germina\u00e7\u00e3o e desenvolvimento de brota\u00e7\u00f5es <em>in vitro<\/em> em <em>Cedrela fissilis<\/em> Vell. (Meliaceae).<\/a><\/p>\n<p>&nbsp;<\/p>\n<p>&nbsp;<\/p>\n<hr \/>\n<p>Aluno: Pedro Henrique Dias dos Santos<br \/>\nOrientador: Prof. Silvaldo Felipe da Silveira<br \/>\nData de In\u00edcio: 03\/2011<br \/>\nData de Defesa de Tese: 04\/04\/2013<br \/>\nT\u00edtulo da Tese: <a title=\"Disserta\u00e7\u00f5es 2013 - Conclu\u00eddas\" href=\"http:\/\/uenf.br\/posgraduacao\/producao-vegetal\/wp-content\/uploads\/sites\/10\/2014\/08\/Pedro-Henrique.pdf\">Produtos alternativos no controle de doen\u00e7as f\u00fangicas em folha e fruto de mamoeiro.<\/a><\/p>\n<p>&nbsp;<\/p>\n<p>&nbsp;<\/p>\n<hr \/>\n<p>&nbsp;<\/p>\n<p>&nbsp;<\/p>\n<p>Aluno: Lorena de Lima Gl\u00f3ria<br \/>\nOrientador: Prof\u00aa Daniela Barros de Oliveira<br \/>\nData de In\u00edcio: 03\/2011<br \/>\nData de Defesa de Tese: 18\/04\/2013<br \/>\nT\u00edtulo da Tese: <a title=\"Disserta\u00e7\u00f5es 2013 - Conclu\u00eddas\" href=\"http:\/\/uenf.br\/posgraduacao\/producao-vegetal\/wp-content\/uploads\/sites\/10\/2014\/03\/Gravar-em-CD-Disserta%C3%A7%C3%A3o-Final-em-PDF.pdf\"><em>Curcubita moschata<\/em> (ab\u00f3bora): caracteriza\u00e7\u00e3o qu\u00edmica e atividade antibacteriana para esp\u00e9cies de <em>Staphylococcus aureus<\/em> e <em>Staphylococcus epidermidis<\/em>.<\/a><\/p>\n<p>&nbsp;<\/p>\n<hr \/>\n<p>Aluno: Rodrigo Diniz de Souza<br \/>\nOrientador: Prof\u00aa Daniela Barros de Oliveira<br \/>\nData de In\u00edcio: 03\/2011<br \/>\nData de Defesa de Tese: 26\/04\/2013<br \/>\nT\u00edtulo da Tese: <a title=\"Disserta\u00e7\u00f5es 2013 - Conclu\u00eddas\" href=\"http:\/\/uenf.br\/posgraduacao\/producao-vegetal\/wp-content\/uploads\/sites\/10\/2014\/08\/Rodrigo-Diniz.pdf\">Estudo dos pigmentos polares do extrato das cascas dos frutos de manacaru (<em>Cereus fernanbucensis<\/em> \u2013 Cactaceae).<\/a><\/p>\n<hr \/>\n<p>Aluno: Manuela Aparecida de Oliveira Bento<br \/>\nOrientador: Prof. F\u00e1bio Lopes Olivares<br \/>\nData de In\u00edcio: 04\/2011<br \/>\nData de Defesa de Tese: 10\/05\/2013<br \/>\nT\u00edtulo da Tese: <a title=\"Disserta\u00e7\u00f5es 2013 - Conclu\u00eddas\" href=\"http:\/\/uenf.br\/posgraduacao\/producao-vegetal\/wp-content\/uploads\/sites\/10\/2014\/06\/DISSERTA%C3%87%C3%83O-FINAL-REVISADA-manu.pdf\">Prospec\u00e7\u00e3o e avalia\u00e7\u00e3o do potencial biotecnol\u00f3gico de bact\u00e9rias da serrapilheira e do solo em \u00e1rea de floresta atl\u00e2ntica do Norte Fluminense.<\/a><\/p>\n<p>&nbsp;<\/p>\n<p>&nbsp;<\/p>\n<hr \/>\n<p>Aluno: Ant\u00f3nio Jacinto Paulo da Gra\u00e7a<br \/>\nOrientador: Prof. Antonio Teixeira do Amaral J\u00fanior<br \/>\nData de In\u00edcio: 04\/2011<br \/>\nData de Defesa de Tese: 10\/05\/2013<br \/>\nT\u00edtulo da Tese: <a title=\"Disserta\u00e7\u00f5es 2013 - Conclu\u00eddas\" href=\"http:\/\/uenf.br\/posgraduacao\/producao-vegetal\/wp-content\/uploads\/sites\/10\/2014\/03\/Ant%C3%B3nio-Jacinto.pdf\">Heterose e capacidade combinat\u00f3ria de linhagens de tomateiro (<em>Solanum lycopersicum<\/em> L.) prospectadas para dupla finalidade.<\/a><\/p>\n<p>&nbsp;<\/p>\n<p>&nbsp;<\/p>\n<hr \/>\n<p>&nbsp;<\/p>\n<p>&nbsp;<\/p>\n<p>Aluno: Jean Gomes de Moraes<br \/>\nOrientador: Prof. Cl\u00e1udio Roberto Marciano<br \/>\nData de In\u00edcio: 05\/2011<br \/>\nData de Defesa de Tese: 14\/05\/2013<br \/>\nT\u00edtulo da Tese: <a title=\"Disserta\u00e7\u00f5es 2013 - Conclu\u00eddas\" href=\"http:\/\/uenf.br\/posgraduacao\/producao-vegetal\/wp-content\/uploads\/sites\/10\/2014\/08\/Jean.pdf\">Balan\u00e7o h\u00eddrico e coeficiente de cultura em argissolo vermelho amarelo cultivado com a laranjeira &#8216;Folha Murcha&#8217; no Noroeste Fluminense.<\/a><\/p>\n<hr \/>\n<p>&nbsp;<\/p>\n<p>Aluno: Let\u00edcia Celia Heitor<br \/>\nOrientador: Prof. Marco Antonio Martins<br \/>\nData de In\u00edcio: 03\/2011<br \/>\nData de Defesa de Tese: 04\/07\/2013<br \/>\nT\u00edtulo da Tese: <a title=\"Disserta\u00e7\u00f5es 2013 - Conclu\u00eddas\" href=\"http:\/\/uenf.br\/posgraduacao\/producao-vegetal\/wp-content\/uploads\/sites\/10\/2014\/08\/Let%C3%ADcia.pdf\">Crescimento, nutri\u00e7\u00e3o e flavonoides totais em <em>Calendula officinalis<\/em> L. em resposta a inocula\u00e7\u00e3o com micorrizas arbusculares e doses de f\u00f3sforo.<\/a><a href=\"http:\/\/uenf.br\/Uenf\/Downloads\/PRODVEGETAL_3434_1381402679.pdf\"><br \/>\n<\/a><\/p>\n<p>&nbsp;<\/p>\n<p>&nbsp;<\/p>\n<hr \/>\n<p>Aluno: Vanessa Nascimento Brito<br \/>\nOrientador: Prof. Marco Antonio Martins<br \/>\nData de In\u00edcio: 08\/2011<br \/>\nData de Defesa de Tese: 04\/07\/2013<br \/>\nT\u00edtulo da Tese: <a title=\"Disserta\u00e7\u00f5es 2013 - Conclu\u00eddas\" href=\"http:\/\/uenf.br\/posgraduacao\/producao-vegetal\/wp-content\/uploads\/sites\/10\/2014\/08\/Vanessa.pdf\">Fungos micorr\u00edzicos arbusculares e aduba\u00e7\u00e3o fosfatada na produ\u00e7\u00e3o de mudas de Paric\u00e1.<\/a><\/p>\n<p>&nbsp;<\/p>\n<p>&nbsp;<\/p>\n<hr \/>\n<p>&nbsp;<\/p>\n<p>&nbsp;<\/p>\n<p>Aluno: Jackeline Ara\u00fajo Mota Siqueira<br \/>\nOrientador: Prof. Silvaldo Felipe da Silveira<br \/>\nData de In\u00edcio: 08\/2011<br \/>\nData de Defesa de Tese: 05\/07\/2013<br \/>\nT\u00edtulo da Tese: <a title=\"Disserta\u00e7\u00f5es 2013 - Conclu\u00eddas\" href=\"http:\/\/uenf.br\/posgraduacao\/producao-vegetal\/wp-content\/uploads\/sites\/10\/2014\/03\/Disserta%C3%A7%C3%A3o-M.Sc_.-Jackeline-Ara%C3%BAjo-Mota-Siqueira-2013.pdf\">Efici\u00eancia da aplica\u00e7\u00e3o axilar de Ciproconazole no controle de doen\u00e7as foliares do coqueiro-an\u00e3o.<\/a><\/p>\n<p>&nbsp;<\/p>\n<p>&nbsp;<\/p>\n<hr \/>\n<p>Aluno: \u00c1urea Izabel Aguiar Fonseca e Souza<br \/>\nOrientador: Prof. F\u00e1bio Cunha Coelho<br \/>\nData de In\u00edcio: 09\/2011<br \/>\nData de Defesa de Tese: 08\/07\/2013<br \/>\nT\u00edtulo da Tese: <a title=\"Teses 2013 - conclu\u00eddas\" href=\"http:\/\/uenf.br\/posgraduacao\/producao-vegetal\/wp-content\/uploads\/sites\/10\/2014\/03\/aurea.pdf\">Desenvolvimento e produ\u00e7\u00e3o de milho e feij\u00e3o-caupi em cultivo org\u00e2nico.<\/a><\/p>\n<p>&nbsp;<\/p>\n<p>&nbsp;<\/p>\n<hr \/>\n<p>&nbsp;<\/p>\n<p>&nbsp;<\/p>\n<p>Aluno: Ivana Fernandes da Silva<br \/>\nOrientador: Prof. F\u00e1bio Cunha Coelho<br \/>\nData de In\u00edcio: 08\/2011<br \/>\nData de Defesa de Tese: 17\/07\/2013<br \/>\nT\u00edtulo da Tese: <a title=\"Disserta\u00e7\u00f5es 2013 - Conclu\u00eddas\" href=\"http:\/\/uenf.br\/posgraduacao\/producao-vegetal\/wp-content\/uploads\/sites\/10\/2014\/03\/Ivana.pdf\">Din\u00e2mica populacional de insetos e produtividade de minimilho adubado com composto org\u00e2nico.<\/a><\/p>\n<p>&nbsp;<\/p>\n<p>&nbsp;<\/p>\n<hr \/>\n<p>Aluno: Aurilena de Aviz Silva<br \/>\nOrientador: Prof. Almy Junior Cordeiro de Carvalho<br \/>\nData de In\u00edcio: 08\/2011<br \/>\nData de Defesa de Tese: 27\/08\/2013<br \/>\nT\u00edtulo da Tese: <a title=\"Disserta\u00e7\u00f5es 2013 - Conclu\u00eddas\" href=\"http:\/\/uenf.br\/posgraduacao\/producao-vegetal\/wp-content\/uploads\/sites\/10\/2014\/03\/Aurilena.pdf\">Bact\u00e9rias diazotr\u00f3ficas e aduba\u00e7\u00e3o nitrogenada na aclimatiza\u00e7\u00e3o de mudas micropropagadas de abacaxizeiro.<\/a><\/p>\n<p>&nbsp;<\/p>\n<p>&nbsp;<\/p>\n<hr \/>\n<p>&nbsp;<\/p>\n<p>&nbsp;<\/p>\n<p>Aluno: Jos\u00e9 Bastos Cavichini<br \/>\nOrientador: Prof. Jos\u00e9 Tarc\u00edsio Lima Thi\u00e9baut<br \/>\nData de In\u00edcio: 03\/2011<br \/>\nData de Defesa de Tese: 25\/09\/2013<br \/>\nT\u00edtulo da Tese: <a title=\"Disserta\u00e7\u00f5es 2013 - Conclu\u00eddas\" href=\"http:\/\/uenf.br\/posgraduacao\/producao-vegetal\/wp-content\/uploads\/sites\/10\/2014\/03\/Disserta%C3%A7%C3%A3o-corrigida-28-novembro.pdf\">Amostragem em linhagens promissoras de feij\u00e3o vagem para avalia\u00e7\u00e3o de viabilidade econ\u00f4mica da produ\u00e7\u00e3o para o Norte e Noroeste Fluminense.<\/a><\/p>\n<p>&nbsp;<\/p>\n<hr \/>\n<p>Aluno: Renan Coelho Lima<br \/>\nOrientador: Prof\u00aa Magali Hoffmann<br \/>\nData de In\u00edcio: 03\/2011<br \/>\nData de Defesa de Tese: 02\/10\/2013<br \/>\nT\u00edtulo da Tese: <a title=\"Disserta\u00e7\u00f5es 2013 - Conclu\u00eddas\" href=\"http:\/\/uenf.br\/posgraduacao\/producao-vegetal\/wp-content\/uploads\/sites\/10\/2014\/07\/Disserta%C3%A7%C3%A3o-Renan-Coelho-Lima.pdf\">Diversidade de Scarabaeinae (Coleoptera: Scarabaeidae), coletados em armadilha de solo com isca, na Reserva Natural Vale, Linhares &#8211; Esp\u00edrito Santo, Brasil.<\/a><\/p>\n<p>&nbsp;<\/p>\n<p>&nbsp;<\/p>\n<hr \/>\n<p>Aluno: Fernanda Cec\u00edlia Rohen S\u00e1<br \/>\nOrientador: Prof. Elias Fernandes de Sousa<br \/>\nData de In\u00edcio: 08\/2011<br \/>\nData de Defesa de Tese: 29\/10\/2013<br \/>\nT\u00edtulo da Tese: <a title=\"Disserta\u00e7\u00f5es 2013 - Conclu\u00eddas\" href=\"http:\/\/uenf.br\/posgraduacao\/producao-vegetal\/wp-content\/uploads\/sites\/10\/2014\/02\/DISEERTA%C3%87%C3%83O.pdf\">Desenvolvimento e coeficiente de resposta (Ky) do tomateiro (<em>Lycopersicon esculentum<\/em> Mill.) sob d\u00e9ficit h\u00eddrico no Noroeste Fluminense.<\/a><\/p>\n<p>&nbsp;<\/p>\n<p>&nbsp;<\/p>\n<hr \/>\n<p>Aluno: Luana Barros Freitas<br \/>\nOrientador: Prof. Geraldo de Amaral Gravina<br \/>\nData de In\u00edcio: 08\/2011<br \/>\nData de Defesa de Tese: 31\/10\/2013<br \/>\nT\u00edtulo da Tese: <a title=\"Disserta\u00e7\u00f5es 2013 - Conclu\u00eddas\" href=\"http:\/\/uenf.br\/posgraduacao\/producao-vegetal\/wp-content\/uploads\/sites\/10\/2015\/02\/Disserta%C3%A7%C3%A3oLuanaBarrosFreitas.pdf\">Qualidade fisiol\u00f3gica de sementes de linhagens promissoras de feij\u00e3o-de-vagem.<\/a><\/p>\n<div id=\"__if72ru4sdfsdfrkjahiuyi_once\"><\/div>\n","protected":false},"excerpt":{"rendered":"<p>&nbsp; &nbsp; Aluno: Delorme Corr\u00eaa J\u00fanior Orientador: Prof. Ricardo Ferreira Garcia Data de In\u00edcio: 06\/2011 Data de Defesa de Tese:&#8230;<\/p>\n","protected":false},"author":21,"featured_media":0,"parent":30,"menu_order":1,"comment_status":"closed","ping_status":"open","template":"","meta":{"footnotes":""},"class_list":["post-34","page","type-page","status-publish","hentry"],"_links":{"self":[{"href":"https:\/\/uenf.br\/posgraduacao\/producao-vegetal\/wp-json\/wp\/v2\/pages\/34","targetHints":{"allow":["GET"]}}],"collection":[{"href":"https:\/\/uenf.br\/posgraduacao\/producao-vegetal\/wp-json\/wp\/v2\/pages"}],"about":[{"href":"https:\/\/uenf.br\/posgraduacao\/producao-vegetal\/wp-json\/wp\/v2\/types\/page"}],"author":[{"embeddable":true,"href":"https:\/\/uenf.br\/posgraduacao\/producao-vegetal\/wp-json\/wp\/v2\/users\/21"}],"replies":[{"embeddable":true,"href":"https:\/\/uenf.br\/posgraduacao\/producao-vegetal\/wp-json\/wp\/v2\/comments?post=34"}],"version-history":[{"count":0,"href":"https:\/\/uenf.br\/posgraduacao\/producao-vegetal\/wp-json\/wp\/v2\/pages\/34\/revisions"}],"up":[{"embeddable":true,"href":"https:\/\/uenf.br\/posgraduacao\/producao-vegetal\/wp-json\/wp\/v2\/pages\/30"}],"wp:attachment":[{"href":"https:\/\/uenf.br\/posgraduacao\/producao-vegetal\/wp-json\/wp\/v2\/media?parent=34"}],"curies":[{"name":"wp","href":"https:\/\/api.w.org\/{rel}","templated":true}]}}