{"id":340,"date":"2014-01-30T17:41:26","date_gmt":"2014-01-30T17:41:26","guid":{"rendered":"http:\/\/uenf.br\/pos-graduacao\/producao-vegetal\/?page_id=340"},"modified":"2021-10-07T18:58:26","modified_gmt":"2021-10-07T21:58:26","slug":"portal-de-periodicos-da-capes","status":"publish","type":"page","link":"https:\/\/uenf.br\/posgraduacao\/producao-vegetal\/portal-de-periodicos-da-capes\/","title":{"rendered":"Acesse tamb\u00e9m"},"content":{"rendered":"<p>Clique abaixo para acessar os principais sites utilizados pela P\u00f3s-Gradua\u00e7\u00e3o:<\/p>\n<ul>\n<li>Portal de <a title=\"CAPES\" href=\"http:\/\/www-periodicos-capes-gov-br.ez81.periodicos.capes.gov.br\/index.php?option=com_phome\">Peri\u00f3dicos<\/a> da CAPES<\/li>\n<li><a title=\"CAPES\" href=\"http:\/\/www.capes.gov.br\/\">CAPES<\/a><\/li>\n<li><a title=\"CNPq\" href=\"http:\/\/www.cnpq.br\/\">CNPq<\/a><\/li>\n<li><a title=\"FAPERJ\" href=\"http:\/\/www.faperj.br\/\">FAPERJ<\/a><\/li>\n<li><a title=\"secacad\" href=\"http:\/\/uenf.br\/reitoria\/secacad\/pos-graduacao\/formularios-gerais\/\">Secretaria Acad\u00eamica<\/a><\/li>\n<li><a title=\"Pr\u00f3-Reitoria\" href=\"http:\/\/www.uenf.br\/Uenf\/Pages\/Reitoria\/Pos-Graduacao\/index.html?grupo=POS-GRADUACAO\">PROPPG<\/a><\/li>\n<\/ul>\n<p>&nbsp;<\/p>\n<p>Outros sites:<\/p>\n<ul>\n<li><a title=\"Jornal Universit\u00e1rio\" href=\"http:\/\/uenf.br\/cch\/jornaluniversitario\/\">Jornal Universit\u00e1rio<\/a><\/li>\n<\/ul>\n","protected":false},"excerpt":{"rendered":"<p>Clique abaixo para acessar os principais sites utilizados pela P\u00f3s-Gradua\u00e7\u00e3o: Portal de Peri\u00f3dicos da CAPES CAPES CNPq FAPERJ Secretaria Acad\u00eamica&#8230;<\/p>\n","protected":false},"author":21,"featured_media":0,"parent":0,"menu_order":20,"comment_status":"closed","ping_status":"open","template":"","meta":{"footnotes":""},"class_list":["post-340","page","type-page","status-publish","hentry"],"_links":{"self":[{"href":"https:\/\/uenf.br\/posgraduacao\/producao-vegetal\/wp-json\/wp\/v2\/pages\/340","targetHints":{"allow":["GET"]}}],"collection":[{"href":"https:\/\/uenf.br\/posgraduacao\/producao-vegetal\/wp-json\/wp\/v2\/pages"}],"about":[{"href":"https:\/\/uenf.br\/posgraduacao\/producao-vegetal\/wp-json\/wp\/v2\/types\/page"}],"author":[{"embeddable":true,"href":"https:\/\/uenf.br\/posgraduacao\/producao-vegetal\/wp-json\/wp\/v2\/users\/21"}],"replies":[{"embeddable":true,"href":"https:\/\/uenf.br\/posgraduacao\/producao-vegetal\/wp-json\/wp\/v2\/comments?post=340"}],"version-history":[{"count":0,"href":"https:\/\/uenf.br\/posgraduacao\/producao-vegetal\/wp-json\/wp\/v2\/pages\/340\/revisions"}],"wp:attachment":[{"href":"https:\/\/uenf.br\/posgraduacao\/producao-vegetal\/wp-json\/wp\/v2\/media?parent=340"}],"curies":[{"name":"wp","href":"https:\/\/api.w.org\/{rel}","templated":true}]}}