{"id":343,"date":"2014-01-30T17:48:01","date_gmt":"2014-01-30T17:48:01","guid":{"rendered":"http:\/\/uenf.br\/pos-graduacao\/producao-vegetal\/?page_id=343"},"modified":"2024-09-12T16:14:27","modified_gmt":"2024-09-12T19:14:27","slug":"normas-da-pos-graduacao","status":"publish","type":"page","link":"https:\/\/uenf.br\/posgraduacao\/producao-vegetal\/normas-da-pos-graduacao\/","title":{"rendered":"Normas da P\u00f3s-Gradua\u00e7\u00e3o"},"content":{"rendered":"<p>Clique abaixo para acessar o Regimento Geral de P\u00f3s-Gradua\u00e7\u00e3o e as Resolu\u00e7\u00f5es do Programa.<\/p>\n<p><strong>Regimento Geral de P\u00f3s-Gradua\u00e7\u00e3o<\/strong>:<\/p>\n<ul>\n<li><a href=\"http:\/\/uenf.br\/posgraduacao\/producao-vegetal\/wp-content\/uploads\/sites\/10\/2014\/01\/Regimento-da-P\u00f3s.pdf\">Download<\/a><\/li>\n<\/ul>\n<p><strong>Regimento Interno da Produ\u00e7\u00e3o Vegetal:<\/strong><\/p>\n<ul>\n<li><a href=\"https:\/\/uenf.br\/posgraduacao\/producao-vegetal\/wp-content\/uploads\/sites\/10\/2024\/09\/Regimento-PV.pdf\">Download<\/a><\/li>\n<\/ul>\n<p><strong>Resolu\u00e7\u00f5es do Programa<\/strong>:<\/p>\n<ul>\n<li><a href=\"https:\/\/uenf.br\/posgraduacao\/producao-vegetal\/wp-content\/uploads\/sites\/10\/2024\/09\/Normas_de_credenciamento_da_Producao_Vegetal_Final-2.pdf\">Credenciamento e descredenciamento Docente<\/a><\/li>\n<li><a href=\"http:\/\/uenf.br\/posgraduacao\/producao-vegetal\/wp-content\/uploads\/sites\/10\/2014\/01\/Resol-Relat.pdf\">Entrega de Relat\u00f3rio<\/a><\/li>\n<li><a href=\"http:\/\/uenf.br\/pos-graduacao\/producao-vegetal\/exame-de-qualificacao-3\/\">Exame de Qualifica\u00e7\u00e3o<\/a><\/li>\n<li><a href=\"http:\/\/uenf.br\/posgraduacao\/producao-vegetal\/wp-content\/uploads\/sites\/10\/2014\/01\/Resol-bolsa.pdf\">Oferta de Bolsa<\/a><\/li>\n<li><a href=\"http:\/\/uenf.br\/posgraduacao\/producao-vegetal\/wp-content\/uploads\/sites\/10\/2014\/01\/Resol-pass-dir-DS.pdf\">Passagem Direta para Doutorado<\/a><\/li>\n<li><a href=\"http:\/\/uenf.br\/posgraduacao\/producao-vegetal\/wp-content\/uploads\/sites\/10\/2014\/01\/Resol-publ-artigo.pdf\">Publica\u00e7\u00e3o de artigo<\/a><\/li>\n<li><a href=\"https:\/\/uenf.br\/posgraduacao\/producao-vegetal\/wp-content\/uploads\/sites\/10\/2023\/09\/Resolucao-01-2023-defesa-de-projeto-e-defesa-de-teses-e-dissertacoes-corrigida.pdf\">Defesa de projeto e defesa de tese\/disserta\u00e7\u00e3o<\/a><\/li>\n<\/ul>\n","protected":false},"excerpt":{"rendered":"<p>Clique abaixo para acessar o Regimento Geral de P\u00f3s-Gradua\u00e7\u00e3o e as Resolu\u00e7\u00f5es do Programa. Regimento Geral de P\u00f3s-Gradua\u00e7\u00e3o: Download Regimento&#8230;<\/p>\n","protected":false},"author":21,"featured_media":0,"parent":0,"menu_order":19,"comment_status":"closed","ping_status":"open","template":"","meta":{"footnotes":""},"class_list":["post-343","page","type-page","status-publish","hentry"],"_links":{"self":[{"href":"https:\/\/uenf.br\/posgraduacao\/producao-vegetal\/wp-json\/wp\/v2\/pages\/343","targetHints":{"allow":["GET"]}}],"collection":[{"href":"https:\/\/uenf.br\/posgraduacao\/producao-vegetal\/wp-json\/wp\/v2\/pages"}],"about":[{"href":"https:\/\/uenf.br\/posgraduacao\/producao-vegetal\/wp-json\/wp\/v2\/types\/page"}],"author":[{"embeddable":true,"href":"https:\/\/uenf.br\/posgraduacao\/producao-vegetal\/wp-json\/wp\/v2\/users\/21"}],"replies":[{"embeddable":true,"href":"https:\/\/uenf.br\/posgraduacao\/producao-vegetal\/wp-json\/wp\/v2\/comments?post=343"}],"version-history":[{"count":0,"href":"https:\/\/uenf.br\/posgraduacao\/producao-vegetal\/wp-json\/wp\/v2\/pages\/343\/revisions"}],"wp:attachment":[{"href":"https:\/\/uenf.br\/posgraduacao\/producao-vegetal\/wp-json\/wp\/v2\/media?parent=343"}],"curies":[{"name":"wp","href":"https:\/\/api.w.org\/{rel}","templated":true}]}}