{"id":433,"date":"2014-02-24T18:10:04","date_gmt":"2014-02-24T18:10:04","guid":{"rendered":"http:\/\/uenf.br\/pos-graduacao\/producao-vegetal\/?page_id=433"},"modified":"2017-10-23T12:02:12","modified_gmt":"2017-10-23T14:02:12","slug":"doutorado-conclusao-em-2014","status":"publish","type":"page","link":"https:\/\/uenf.br\/posgraduacao\/producao-vegetal\/teses-e-dissertacoes-concluidas\/doutorado\/doutorado-conclusao-em-2014\/","title":{"rendered":"Doutorado &#8211; conclus\u00e3o em 2014"},"content":{"rendered":"<p>Aluno: Nat\u00e1lia Ribeiro Bernardes<br \/>\nOrientador: Prof\u00aa Daniela Barros de Oliveira<br \/>\nData de In\u00edcio: 03\/2010<br \/>\nData de Defesa de Tese: 24\/02\/2014<br \/>\nT\u00edtulo da Tese: <a title=\"Teses 2014 - conclu\u00eddas\" href=\"http:\/\/uenf.br\/posgraduacao\/producao-vegetal\/wp-content\/uploads\/sites\/10\/2014\/05\/TESE-NATALIA-RIBEIRO-BERNARDES.pdf\"><em>Schinus terebinthifolius<\/em> Raddi: Atividade antioxidante e potencial biol\u00f3gico.<\/a><\/p>\n<p>Aluno: M\u00edrian Peixoto Soares da Silva<br \/>\nOrientador: Prof. Almy Junior Cordeiro de Carvalho<br \/>\nData de In\u00edcio: 03\/2010<br \/>\nData de Defesa de Tese: 25\/02\/2014<br \/>\nT\u00edtulo da Tese: <a href=\"http:\/\/uenf.br\/posgraduacao\/producao-vegetal\/wp-content\/uploads\/sites\/10\/2014\/07\/Tese-M%C3%ADrian-Vers%C3%A3o-Final.docx.pdf\">Macronutrientes e boro em <em>Capsicum annuum<\/em> var. <em>annuum<\/em>: crescimento, composi\u00e7\u00e3o mineral, sintomas de defici\u00eancia nutricional e produ\u00e7\u00e3o de capsaicinoides.<\/a><\/p>\n<p>Aluno: Jos\u00e9 Francisco S\u00e1 Vasconcelos J\u00fanior<br \/>\nOrientador: Prof. Ricardo Ferreira Garcia<br \/>\nData de In\u00edcio: 03\/2010<br \/>\nData de Defesa de Tese: 27\/02\/2014<br \/>\nT\u00edtulo da Tese: <a title=\"Teses 2014 - conclu\u00eddas\" href=\"http:\/\/uenf.br\/posgraduacao\/producao-vegetal\/wp-content\/uploads\/sites\/10\/2014\/06\/Tese-Jos%C3%A9-Francisco-S%C3%A1-Vasconcelos-Junior.pdf\">Desenvolvimento de um prot\u00f3tipo de baixo custo de colhedora de cana-de-a\u00e7\u00facar.<\/a><\/p>\n<p>Aluno: Roberta Samara Nunes de Lima<br \/>\nOrientador: Prof. Eliemar Campostrini<br \/>\nData de In\u00edcio: 03\/2010<br \/>\nData de Defesa de Tese: 12\/03\/2014<br \/>\nT\u00edtulo da Tese: <a title=\"Teses 2014 - conclu\u00eddas\" href=\"http:\/\/uenf.br\/posgraduacao\/producao-vegetal\/wp-content\/uploads\/sites\/10\/2014\/08\/TESE-ROBERTA.pdf\">Irriga\u00e7\u00e3o parcial do sistema radicular e d\u00e9ficit de irriga\u00e7\u00e3o regulado em mamoeiro (<em>Carica papaya<\/em> L.): capacidade fotossint\u00e9tica, crescimento e efici\u00eancia no uso da \u00e1gua.<\/a><\/p>\n<p>Aluno: Thiago de Freitas Ferreira<br \/>\nOrientador: Prof. Ricardo Moreira de Souza<br \/>\nData de In\u00edcio: 03\/2010<br \/>\nData de Defesa de Tese: 25\/03\/2014<br \/>\nT\u00edtulo da Tese: <a title=\"Teses 2014 - conclu\u00eddas\" href=\"http:\/\/uenf.br\/posgraduacao\/producao-vegetal\/wp-content\/uploads\/sites\/10\/2014\/06\/Tese-Thiago-F.-Ferreira-pdf.pdf\">Nematoides parasitos do abacaxizeiro no Estado do Rio de Janeiro: incid\u00eancia, correla\u00e7\u00e3o com a textura do solo e intera\u00e7\u00e3o com a murcha do abacaxizeiro.<\/a><\/p>\n<p>Aluno: Andrezza da Silva Machado Neto<br \/>\nOrientador: Prof. Niraldo Jos\u00e9 Ponciano<br \/>\nData de In\u00edcio: 03\/2010<br \/>\nData de Defesa de Tese: 27\/03\/2014<br \/>\nT\u00edtulo da Tese: <a title=\"Teses 2014 - conclu\u00eddas\" href=\"http:\/\/uenf.br\/posgraduacao\/producao-vegetal\/wp-content\/uploads\/sites\/10\/2014\/07\/TESE-CORRIGIDA-FINAL.pdf\">Viabilidade agroecon\u00f4mica da produ\u00e7\u00e3o de tomate de &#8216;mesa&#8217; sob diferentes sistemas de cultivo e manejo de aduba\u00e7\u00e3o.<\/a><\/p>\n<p>Aluno: Reynaldo Tancredo Amim<br \/>\nOrientador: Prof. Silv\u00e9rio de Paiva Freitas<br \/>\nData de In\u00edcio: 03\/2010<br \/>\nData de Defesa de Tese: 24\/04\/2014<br \/>\nT\u00edtulo da Tese: <a title=\"Teses 2014 - conclu\u00eddas\" href=\"http:\/\/uenf.br\/posgraduacao\/producao-vegetal\/wp-content\/uploads\/sites\/10\/2014\/06\/TESE-DOUTORADO-Reynaldo-Tancredo-Amim-UENF-2014-.pdf\">Efici\u00eancia do indaziflam no controle de plantas daninhas e na redu\u00e7\u00e3o do banco de sementes do solo.<\/a><\/p>\n<p>Aluno: Jadir Jose P\u00e9la<br \/>\nOrientador: Prof. Silv\u00e9rio de Paiva Freitas<br \/>\nData de In\u00edcio: 11\/2009<br \/>\nData de Defesa de Tese: 05\/05\/2014<br \/>\nT\u00edtulo da Tese: <a title=\"Teses 2014 - conclu\u00eddas\" href=\"http:\/\/uenf.br\/posgraduacao\/producao-vegetal\/wp-content\/uploads\/sites\/10\/2014\/09\/Tese-Jadir-Vers%C3%A3o-final.pdf\">Caracteriza\u00e7\u00e3o agron\u00f4mica da aroeira no Munic\u00edpio (<em>Schinus terebinthifolius<\/em> Raddi) no munic\u00edpio de S\u00e3o Mateus, no Estado do Esp\u00edrito Santo.<\/a><\/p>\n<p>Aluno: Giovanni Colonese<br \/>\nOrientador: Prof. Ricardo Ferreira Garcia<br \/>\nData de In\u00edcio: 03\/2010<br \/>\nData de Defesa de Tese: 28\/05\/2014<br \/>\nT\u00edtulo da Tese: <a title=\"Teses 2014 - conclu\u00eddas\" href=\"http:\/\/uenf.br\/posgraduacao\/producao-vegetal\/wp-content\/uploads\/sites\/10\/2014\/08\/Tese-Giovanni-com-Ficha-catalografica.pdf\">Emprego de Business Intelligence Espacial Open Source na agricultura de precis\u00e3o.<\/a><\/p>\n<p>Aluno: Alan Carvalho Galante<br \/>\nOrientador: Prof. Ricardo Ferreira Garcia<br \/>\nData de In\u00edcio: 03\/2010<br \/>\nData de Defesa de Tese: 30\/05\/2014<br \/>\nT\u00edtulo da Tese: <a title=\"Teses 2014 - conclu\u00eddas\" href=\"http:\/\/uenf.br\/posgraduacao\/producao-vegetal\/wp-content\/uploads\/sites\/10\/2014\/08\/Tese-Alan-Carvalho-Galante.pdf\">Webfazenda &#8211; um sistema integrado para gerenciamento de agricultura.<\/a><\/p>\n<p>Aluno: Elisa Maria Campos Minassa<br \/>\nOrientador: Prof. Silv\u00e9rio de Paiva Freitas<br \/>\nData de In\u00edcio: 03\/2010<br \/>\nData de Defesa de Tese: 03\/07\/2014<br \/>\nT\u00edtulo da Tese: <a title=\"Teses 2014 - conclu\u00eddas\" href=\"http:\/\/uenf.br\/posgraduacao\/producao-vegetal\/wp-content\/uploads\/sites\/10\/2014\/10\/TESE-Elisa-Maria-Campos-Minassa.pdf\">Efeito alelop\u00e1tico da palha de caf\u00e9 (<em>Coffea canephora<\/em> L. e <em>Coffea arabica<\/em> L.) sobre plantas cultivadas e espont\u00e2neas.<\/a><\/p>\n<p>Aluno: Priscila Pixoline Eiras<br \/>\nOrientador: Prof. F\u00e1bio Cunha Coelho<br \/>\nData de In\u00edcio: 03\/2010<br \/>\nData de Defesa de Tese: 11\/07\/2014<br \/>\nT\u00edtulo da Tese: <a title=\"Teses 2014 - conclu\u00eddas\" href=\"http:\/\/uenf.br\/posgraduacao\/producao-vegetal\/wp-content\/uploads\/sites\/10\/2014\/10\/Tese-Completa-pdf-Final.pdf\">Efeito do bioss\u00f3lido no desenvolvimento e produ\u00e7\u00e3o do caupi.<\/a><\/p>\n<p>Aluno: K\u00e9ssia Barreto Lima<br \/>\nOrientador: Prof. Marco Antonio Martins<br \/>\nData de In\u00edcio: 03\/2010<br \/>\nData de Defesa de Tese: 23\/07\/2014<br \/>\nT\u00edtulo da Tese: <a title=\"Teses 2014 - conclu\u00eddas\" href=\"http:\/\/uenf.br\/posgraduacao\/producao-vegetal\/wp-content\/uploads\/sites\/10\/2015\/02\/TESE-ARQUIVO-DIGITAL.pdf\">Microrganismos, gram\u00edneas e nutrientes minerais na degrada\u00e7\u00e3o de petr\u00f3leo e \u00f3leo diesel no solo.<\/a><\/p>\n<p>Aluno: Vanessa Pereira de Jesus<br \/>\nOrientador: Prof. F\u00e1bio Cunha Coelho<br \/>\nData de In\u00edcio: 03\/2010<br \/>\nData de Defesa de Tese: 31\/07\/2014<br \/>\nT\u00edtulo da Tese: <a title=\"Teses 2014 - conclu\u00eddas\" href=\"http:\/\/uenf.br\/posgraduacao\/producao-vegetal\/wp-content\/uploads\/sites\/10\/2015\/03\/TESE-vers%C3%A3o-final-PDF_Vanessa.pdf\">Manejo org\u00e2nico de milho doce e pipoca, visando a produ\u00e7\u00e3o de minimilho.<\/a><\/p>\n<p>Aluno: Luiz Fernando Miranda da Silva<br \/>\nOrientador: Prof\u00aa Karla Silva Ferreira<br \/>\nData de In\u00edcio: 03\/2010<br \/>\nData de Defesa de Tese: 22\/09\/2014<br \/>\nT\u00edtulo da Tese: <a title=\"Teses 2014 - conclu\u00eddas\" href=\"http:\/\/uenf.br\/posgraduacao\/producao-vegetal\/wp-content\/uploads\/sites\/10\/2015\/01\/TESE-Luiz-Fernando-Miranda-da-Silva.pdf\">Teor de cromo em alimentos e ingest\u00e3o diet\u00e9tica de cromo por atletas de basquetebol.<\/a><\/p>\n<p>Aluno: Luciana Almada Thomaz Gorini<br \/>\nOrientador: Prof. Eliemar Campostrini<br \/>\nData de In\u00edcio: 03\/2009<br \/>\nData de Defesa de Tese: 16\/10\/2014<br \/>\nT\u00edtulo da Tese: <a title=\"Teses 2014 - conclu\u00eddas\" href=\"http:\/\/uenf.br\/posgraduacao\/producao-vegetal\/wp-content\/uploads\/sites\/10\/2015\/02\/TESE-final-Almada-18-12-20141.pdf\">Crescimento populacional, qualidade nutricional e efici\u00eancia fotoqu\u00edmica de microalgas continentais cultivadas em diferentes espectros de luz e disponibilidades de N-P-K.<\/a><\/p>\n<p>Aluno: Carmen Maria Coimbra Manh\u00e3es<br \/>\nOrientador: Prof. Ricardo Ferreira Garcia<br \/>\nData de In\u00edcio: 03\/2011<br \/>\nData de Defesa de Tese: 20\/10\/2014<br \/>\nT\u00edtulo da Tese: <a title=\"Teses 2014 - conclu\u00eddas\" href=\"http:\/\/uenf.br\/posgraduacao\/producao-vegetal\/wp-content\/uploads\/sites\/10\/2014\/11\/Tese-Carmen-Maria-Coimbra-Vers%C3%A3o-final.pdf\">Avalia\u00e7\u00e3o do desempenho de colhedoras de cana-de-a\u00e7\u00facar na regi\u00e3o Norte Fluminense.<\/a><\/p>\n<p>Aluno: Debora Jesus Dantas<br \/>\nOrientador: Prof. Ricardo Enrique Bressan-Smith<br \/>\nData de In\u00edcio: 03\/2010<br \/>\nData de Defesa de Tese: 28\/11\/2014<br \/>\nT\u00edtulo da Tese: <a href=\"http:\/\/uenf.br\/posgraduacao\/producao-vegetal\/wp-content\/uploads\/sites\/10\/2016\/04\/Tese-Debora-final-dia-21-03-2015.pdf\" target=\"_blank\" rel=\"noopener\">Sinaliza\u00e7\u00e3o fotoperi\u00f3dica: dorm\u00eancia de gemas e aclimatiza\u00e7\u00e3o em <em>Vitis vinifera<\/em> L. cultivada em regi\u00e3o tropical de baixa latitude.<\/a><\/p>\n<p>Aluno: Ziraldo Moreno dos Santos<br \/>\nOrientador: Prof. Geraldo de Amaral Gravina<br \/>\nData de In\u00edcio: 03\/2010<br \/>\nData de Defesa de Tese: 03\/12\/2014<br \/>\nT\u00edtulo da Tese: <a title=\"Teses 2014 - conclu\u00eddas\" href=\"http:\/\/uenf.br\/posgraduacao\/producao-vegetal\/wp-content\/uploads\/sites\/10\/2015\/03\/TESE-FINAL-Ziraldo-.pdf\">Cultivo de girassol em diferentes \u00e9pocas no Norte Fluminense: Caracter\u00edsticas morfol\u00f3gicas, produtivas e teor de \u00f3leo.<\/a><\/p>\n<p>Aluno: Carlos Cezar de Oliveira Bettero<br \/>\nOrientador: Prof\u00aa Daniela Barros de Oliveira<br \/>\nData de In\u00edcio: 03\/2010<br \/>\nData de Defesa de Tese: 04\/12\/2014<br \/>\nT\u00edtulo da Tese: <a title=\"Teses 2014 - conclu\u00eddas\" href=\"http:\/\/uenf.br\/posgraduacao\/producao-vegetal\/wp-content\/uploads\/sites\/10\/2015\/03\/tese-Carlos-Bettero-23-2-15.pdf\">Fruta-p\u00e3o (<em>Artocarpus altilis<\/em>) uma fonte alternativa para concentrado alimentar em ovinos.<\/a><\/p>\n<p>&nbsp;<\/p>\n<p>&nbsp;<\/p>\n","protected":false},"excerpt":{"rendered":"<p>Aluno: Nat\u00e1lia Ribeiro Bernardes Orientador: Prof\u00aa Daniela Barros de Oliveira Data de In\u00edcio: 03\/2010 Data de Defesa de Tese: 24\/02\/2014&#8230;<\/p>\n","protected":false},"author":21,"featured_media":0,"parent":186,"menu_order":0,"comment_status":"closed","ping_status":"open","template":"","meta":{"footnotes":""},"class_list":["post-433","page","type-page","status-publish","hentry"],"_links":{"self":[{"href":"https:\/\/uenf.br\/posgraduacao\/producao-vegetal\/wp-json\/wp\/v2\/pages\/433","targetHints":{"allow":["GET"]}}],"collection":[{"href":"https:\/\/uenf.br\/posgraduacao\/producao-vegetal\/wp-json\/wp\/v2\/pages"}],"about":[{"href":"https:\/\/uenf.br\/posgraduacao\/producao-vegetal\/wp-json\/wp\/v2\/types\/page"}],"author":[{"embeddable":true,"href":"https:\/\/uenf.br\/posgraduacao\/producao-vegetal\/wp-json\/wp\/v2\/users\/21"}],"replies":[{"embeddable":true,"href":"https:\/\/uenf.br\/posgraduacao\/producao-vegetal\/wp-json\/wp\/v2\/comments?post=433"}],"version-history":[{"count":0,"href":"https:\/\/uenf.br\/posgraduacao\/producao-vegetal\/wp-json\/wp\/v2\/pages\/433\/revisions"}],"up":[{"embeddable":true,"href":"https:\/\/uenf.br\/posgraduacao\/producao-vegetal\/wp-json\/wp\/v2\/pages\/186"}],"wp:attachment":[{"href":"https:\/\/uenf.br\/posgraduacao\/producao-vegetal\/wp-json\/wp\/v2\/media?parent=433"}],"curies":[{"name":"wp","href":"https:\/\/api.w.org\/{rel}","templated":true}]}}