{"id":45,"date":"2013-12-17T18:03:53","date_gmt":"2013-12-17T18:03:53","guid":{"rendered":"http:\/\/uenf.br\/pos-graduacao\/producao-vegetal\/?page_id=45"},"modified":"2024-10-08T15:46:49","modified_gmt":"2024-10-08T18:46:49","slug":"docentes","status":"publish","type":"page","link":"https:\/\/uenf.br\/posgraduacao\/producao-vegetal\/docentes\/","title":{"rendered":"Professores Orientadores"},"content":{"rendered":"<p style=\"text-align: center\">CREDENCIAMENTO ESTABELECIDO EM 16\/10\/2020 CONFORME <span style=\"color: #0000ff\"><a style=\"color: #0000ff\" href=\"http:\/\/uenf.br\/posgraduacao\/producao-vegetal\/wp-content\/uploads\/sites\/10\/2018\/08\/Normas-de-credenciamento-da-Produ%C3%A7%C3%A3o-Vegetal-vers%C3%A3o-final-ap%C3%B3s-aprova%C3%A7%C3%A3o-da-CPPG.pdf\" target=\"_blank\" rel=\"noopener noreferrer\">NORMAS<\/a><\/span> APROVADAS EM 25 DE JULHO DE 2018<\/p>\n<table class=\" aligncenter\" width=\"1082\">\n<tbody>\n<tr>\n<td width=\"510\">\n<p style=\"text-align: center\"><span style=\"color: #0000ff\"><strong>Professores Orientadores<\/strong><\/span><\/p>\n<\/td>\n<td width=\"208\">\n<p style=\"text-align: center\"><span style=\"color: #0000ff\"><strong>\u00c1rea de Atua\u00e7\u00e3o<\/strong><\/span><\/p>\n<\/td>\n<td width=\"151\">\n<p style=\"text-align: center\"><span style=\"color: #0000ff\"><strong>Contato<\/strong><\/span><\/p>\n<\/td>\n<td width=\"212\">\n<p style=\"text-align: center\"><span style=\"color: #0000ff\"><strong>Informa\u00e7\u00f5es adicionais<\/strong><\/span><\/p>\n<\/td>\n<\/tr>\n<tr>\n<td width=\"510\">\n<ul>\n<li><span style=\"color: #000000\">Dr. Alessandro Coutinho Ramos<\/span><\/li>\n<\/ul>\n<\/td>\n<td width=\"208\">\n<p style=\"text-align: center\">Ecofisiologia e microbioma da intera\u00e7\u00e3o planta-microrganismo<\/p>\n<\/td>\n<td width=\"151\">\n<p style=\"text-align: center\"><a href=\"mailto:alessandro@uenf.br\">alessandro@uenf.br<\/a><\/p>\n<\/td>\n<td width=\"212\">\n<p style=\"text-align: center\"><a href=\"http:\/\/lattes.cnpq.br\/8921776090757789\" target=\"_blank\" rel=\"noopener noreferrer\">http:\/\/lattes.cnpq.br\/8921776090757789<\/a><\/p>\n<\/td>\n<\/tr>\n<tr>\n<td width=\"510\">\n<ul>\n<li>Dr. Alexandre Pio Viana<\/li>\n<\/ul>\n<\/td>\n<td width=\"208\">\n<p style=\"text-align: center\">Melhoramento gen\u00e9tico de fruteiras<\/p>\n<\/td>\n<td width=\"151\">\n<p style=\"text-align: center\"><a href=\"mailto:pirapora@uenf.br\">pirapora@uenf.br<\/a><\/p>\n<\/td>\n<td width=\"212\">\n<p style=\"text-align: center\"><a href=\"http:\/\/lattes.cnpq.br\/1925868226636086\" target=\"_blank\" rel=\"noopener noreferrer\">http:\/\/lattes.cnpq.br\/1925868226636086<\/a><\/p>\n<\/td>\n<\/tr>\n<tr>\n<td width=\"510\">\n<ul>\n<li>Dr. Almy Junior Cordeiro de Carvalho<\/li>\n<\/ul>\n<\/td>\n<td width=\"208\">\n<p style=\"text-align: center\">Fruticultura tropical<\/p>\n<\/td>\n<td width=\"151\">\n<p style=\"text-align: center\"><a href=\"mailto:almy@uenf.br\">almy@uenf.br<\/a><\/p>\n<\/td>\n<td width=\"212\">\n<p style=\"text-align: center\"><a href=\"http:\/\/lattes.cnpq.br\/7784823822401244\" target=\"_blank\" rel=\"noopener noreferrer\">http:\/\/lattes.cnpq.br\/7784823822401244<\/a><\/p>\n<\/td>\n<\/tr>\n<tr>\n<td width=\"510\">\n<ul>\n<li>Dr. Antonio Carlos da Gama-Rodrigues<\/li>\n<\/ul>\n<\/td>\n<td width=\"208\">\n<p style=\"text-align: center\">Fertilidade do solo e ciclagem de nutrientes<\/p>\n<\/td>\n<td width=\"151\">\n<p style=\"text-align: center\"><a href=\"mailto:tonygama@uenf.br\">tonygama@uenf.br<\/a><\/p>\n<\/td>\n<td width=\"212\">\n<p style=\"text-align: center\"><a href=\"http:\/\/lattes.cnpq.br\/7005032309546440\" target=\"_blank\" rel=\"noopener noreferrer\">http:\/\/lattes.cnpq.br\/7005032309546440<\/a><\/p>\n<\/td>\n<\/tr>\n<tr>\n<td width=\"510\">\n<ul>\n<li>Dr. Antonio Teixeira do Amaral Junior<\/li>\n<\/ul>\n<\/td>\n<td width=\"208\">\n<p style=\"text-align: center\">Melhoramento de milho pipoca<\/p>\n<\/td>\n<td width=\"151\">\n<p style=\"text-align: center\"><a href=\"mailto:amaraljr@uenf.br\">amaraljr@uenf.br<\/a><\/p>\n<\/td>\n<td width=\"212\">\n<p style=\"text-align: center\"><a href=\"http:\/\/lattes.cnpq.br\/5063486824345109\" target=\"_blank\" rel=\"noopener noreferrer\">http:\/\/lattes.cnpq.br\/5063486824345109<\/a><\/p>\n<\/td>\n<\/tr>\n<tr>\n<td width=\"510\">\n<ul>\n<li>Dr. Arnoldo Rocha Fa\u00e7anha<\/li>\n<\/ul>\n<\/td>\n<td width=\"208\">\n<p style=\"text-align: center\">Bioenerg\u00e9tica e sinaliza\u00e7\u00e3o i\u00f4nica em sistemas vegetais e f\u00fangicos<\/p>\n<\/td>\n<td width=\"151\">\n<p style=\"text-align: center\"><a href=\"mailto:arnoldo@uenf.br\">arnoldo@uenf.br<\/a><\/p>\n<\/td>\n<td width=\"212\"><a href=\"http:\/\/lattes.cnpq.br\/9919135586409472\">http:\/\/lattes.cnpq.br\/9919135586409472<\/a><\/td>\n<\/tr>\n<tr>\n<td width=\"510\">\n<ul>\n<li>Dr\u00aa Claudete Santa Catarina<\/li>\n<\/ul>\n<\/td>\n<td width=\"208\">\n<p style=\"text-align: center\">Fisiologia do crescimento e desenvolvimento vegetal<\/p>\n<\/td>\n<td width=\"151\">\n<p style=\"text-align: center\"><a href=\"mailto:claudete@uenf.br\">claudete@uenf.br<\/a><\/p>\n<\/td>\n<td width=\"212\"><a href=\"http:\/\/lattes.cnpq.br\/7135205469875532\">http:\/\/lattes.cnpq.br\/7135205469875532<\/a><\/td>\n<\/tr>\n<tr>\n<td width=\"510\">\n<ul>\n<li>Dr\u00aa Claudia Sales Marinho<\/li>\n<\/ul>\n<\/td>\n<td style=\"text-align: center\" width=\"208\">Fruticultura<\/td>\n<td style=\"text-align: center\" width=\"151\"><a href=\"mailto:claudia.marinho@uenf.br\">claudia.marinho@uenf.br<\/a><\/td>\n<td width=\"212\"><a href=\"http:\/\/lattes.cnpq.br\/1285405965070222\">http:\/\/lattes.cnpq.br\/1285405965070222<\/a><\/td>\n<\/tr>\n<tr>\n<td width=\"510\">\n<ul>\n<li>Dr. Claudio Roberto Marciano<\/li>\n<\/ul>\n<\/td>\n<td style=\"text-align: center\" width=\"208\">F\u00edsica do solo<\/td>\n<td style=\"text-align: center\" width=\"151\"><a href=\"mailto:marciano@uenf.br\">marciano@uenf.br<\/a><\/td>\n<td width=\"212\"><a href=\"http:\/\/lattes.cnpq.br\/9749362030564958\">http:\/\/lattes.cnpq.br\/9749362030564958<\/a><\/td>\n<\/tr>\n<tr>\n<td width=\"510\">\n<ul>\n<li>Dr\u00aa Daniela Barros de Oliveira<\/li>\n<\/ul>\n<\/td>\n<td style=\"text-align: center\" width=\"208\">Qu\u00edmica de produtos naturais<\/td>\n<td style=\"text-align: center\" width=\"151\"><a href=\"mailto:dbarrosoliveira@uenf.br\">dbarrosoliveira@uenf.br<\/a><\/td>\n<td width=\"212\"><a href=\"http:\/\/lattes.cnpq.br\/1808919031341055\">http:\/\/lattes.cnpq.br\/1808919031341055<\/a><\/td>\n<\/tr>\n<tr>\n<td width=\"510\">\n<ul>\n<li>Dr\u00aa Deborah Guerra Barroso<\/li>\n<\/ul>\n<\/td>\n<td style=\"text-align: center\" width=\"208\">Silvicultura<\/td>\n<td style=\"text-align: center\" width=\"151\"><a href=\"mailto:deborah@uenf.br\">deborah@uenf.br<\/a><\/td>\n<td width=\"212\"><a href=\"http:\/\/lattes.cnpq.br\/7120946713780285\">http:\/\/lattes.cnpq.br\/7120946713780285<\/a><\/td>\n<\/tr>\n<tr>\n<td width=\"510\">\n<ul>\n<li>Dr. Eder Dutra de Resende<\/li>\n<\/ul>\n<\/td>\n<td style=\"text-align: center\" width=\"208\">Tecnol. p\u00f3s-colheita e aproveitamento de res\u00edduos agroindustriais<\/td>\n<td style=\"text-align: center\" width=\"151\"><a href=\"mailto:eresende@uenf.br\">eresende@uenf.br<\/a><\/td>\n<td width=\"212\"><a href=\"http:\/\/lattes.cnpq.br\/6677649772093605\">http:\/\/lattes.cnpq.br\/6677649772093605<\/a><\/td>\n<\/tr>\n<tr>\n<td width=\"510\">\n<ul>\n<li>Dr. Elias Fernandes de Sousa<\/li>\n<\/ul>\n<\/td>\n<td style=\"text-align: center\" width=\"208\">Manejo de irriga\u00e7\u00e3o<\/td>\n<td style=\"text-align: center\" width=\"151\"><a href=\"mailto:efs@uenf.br\">efs@uenf.br<\/a><\/td>\n<td width=\"212\"><a href=\"http:\/\/lattes.cnpq.br\/7350417152879995\">http:\/\/lattes.cnpq.br\/7350417152879995<\/a><\/td>\n<\/tr>\n<tr>\n<td width=\"510\">\n<ul>\n<li>Dr. Eliemar Campostrini<\/li>\n<\/ul>\n<\/td>\n<td style=\"text-align: center\" width=\"208\">Ecofisiologia de plantas tropicais e subtropicais<\/td>\n<td style=\"text-align: center\" width=\"151\"><a href=\"mailto:campostrini@uenf.br\">campostrini@uenf.br<\/a><\/td>\n<td width=\"212\"><a href=\"http:\/\/lattes.cnpq.br\/6703563341959731\">http:\/\/lattes.cnpq.br\/6703563341959731<\/a><\/td>\n<\/tr>\n<tr>\n<td width=\"510\">\n<ul>\n<li>Dr\u00aa Emanuela Forestieri da Gama-Rodrigues<\/li>\n<\/ul>\n<\/td>\n<td style=\"text-align: center\" width=\"208\">Mat\u00e9ria org\u00e2nica e biologia do solo<\/td>\n<td style=\"text-align: center\" width=\"151\"><a href=\"mailto:emanuela@uenf.br\">emanuela@uenf.br<\/a><\/td>\n<td width=\"212\"><a href=\"http:\/\/lattes.cnpq.br\/9655356620549397\">http:\/\/lattes.cnpq.br\/9655356620549397<\/a><\/td>\n<\/tr>\n<tr>\n<td width=\"510\">\n<ul>\n<li>Dr. F\u00e1bio Cunha Coelho<\/li>\n<\/ul>\n<\/td>\n<td style=\"text-align: center\" width=\"208\">Agroecologia (milho, feij\u00e3o e soja)<\/td>\n<td style=\"text-align: center\" width=\"151\"><a href=\"mailto:fcoelho@uenf.br\">fcoelho@uenf.br<\/a><\/td>\n<td width=\"212\"><a href=\"http:\/\/lattes.cnpq.br\/3884120258319213\">http:\/\/lattes.cnpq.br\/3884120258319213<\/a><\/td>\n<\/tr>\n<tr>\n<td width=\"510\">\n<ul>\n<li>Dr. F\u00e1bio Lopes Olivares<\/li>\n<\/ul>\n<\/td>\n<td style=\"text-align: center\" width=\"208\">Ecofisiologia de bact\u00e9rias promotoras do crescimento vegetal<\/td>\n<td style=\"text-align: center\" width=\"151\"><a href=\"mailto:fabioliv@uenf.br\">fabioliv@uenf.br<\/a><\/td>\n<td width=\"212\"><a href=\"http:\/\/lattes.cnpq.br\/3555567955507382\">http:\/\/lattes.cnpq.br\/3555567955507382<\/a><\/td>\n<\/tr>\n<tr>\n<td width=\"510\">\n<ul>\n<li>Dr. Gabriel Ramatis Pugliese Andrade<\/li>\n<\/ul>\n<\/td>\n<td style=\"text-align: center\" width=\"208\">Mineralogia do solo e pedologia<\/td>\n<td style=\"text-align: center\" width=\"151\"><a href=\"mailto:gabriel.andrade@uenf.br\">gabriel.andrade@uenf.br<\/a><\/td>\n<td width=\"212\"><a href=\"http:\/\/lattes.cnpq.br\/5813306528459667\">http:\/\/lattes.cnpq.br\/5813306528459667<\/a><\/td>\n<\/tr>\n<tr>\n<td width=\"510\">\n<ul>\n<li>Dr. Geraldo de Amaral Gravina<\/li>\n<\/ul>\n<\/td>\n<td style=\"text-align: center\" width=\"208\">Experimenta\u00e7\u00e3o agropecu\u00e1ria<\/td>\n<td style=\"text-align: center\" width=\"151\"><a href=\"mailto:gravina@uenf.br\">gravina@uenf.br<\/a><\/td>\n<td width=\"212\"><a href=\"http:\/\/lattes.cnpq.br\/8271659856741715\">http:\/\/lattes.cnpq.br\/8271659856741715<\/a><\/td>\n<\/tr>\n<tr>\n<td width=\"510\">\n<ul>\n<li>Dr. Gerson Adriano Silva<\/li>\n<\/ul>\n<\/td>\n<td style=\"text-align: center\" width=\"208\">Entomologia geral<\/td>\n<td style=\"text-align: center\" width=\"151\"><a href=\"mailto:henrique@uenf.br\">gasilva@pq.uenf.br<\/a><\/td>\n<td width=\"212\"><a href=\"http:\/\/lattes.cnpq.br\/6335671423894009\">http:\/\/lattes.cnpq.br\/6335671423894009<\/a><\/td>\n<\/tr>\n<tr>\n<td width=\"510\">\n<ul>\n<li>Dr. Henrique Duarte Vieira<\/li>\n<\/ul>\n<\/td>\n<td style=\"text-align: center\" width=\"208\">Produ\u00e7\u00e3o e tecnologia de sementes<\/td>\n<td style=\"text-align: center\" width=\"151\"><a href=\"mailto:henrique@uenf.br\">henrique@uenf.br<\/a><\/td>\n<td width=\"212\"><a href=\"http:\/\/lattes.cnpq.br\/8862011328139639\">http:\/\/lattes.cnpq.br\/8862011328139639<\/a><\/td>\n<\/tr>\n<tr>\n<td width=\"510\">\n<ul>\n<li>Dr. Ivo Jos\u00e9 Curcino Vieira<\/li>\n<\/ul>\n<\/td>\n<td style=\"text-align: center\" width=\"208\">Qu\u00edmica de produtos naturais<\/td>\n<td style=\"text-align: center\" width=\"151\"><a href=\"mailto:curcino@uenf.br\">curcino@uenf.br<\/a><\/td>\n<td width=\"212\"><a href=\"http:\/\/lattes.cnpq.br\/9573924260693571\">http:\/\/lattes.cnpq.br\/9573924260693571<\/a><\/td>\n<\/tr>\n<tr>\n<td width=\"510\">\n<ul>\n<li>Dr. Jos\u00e9 Carlos Mendon\u00e7a<\/li>\n<\/ul>\n<\/td>\n<td style=\"text-align: center\" width=\"208\">Agrometeorologia<\/td>\n<td style=\"text-align: center\" width=\"151\"><a href=\"mailto:mendonca@uenf.br\">mendonca@uenf.br<\/a><\/td>\n<td width=\"212\"><a href=\"http:\/\/lattes.cnpq.br\/0262550173367199\">http:\/\/lattes.cnpq.br\/0262550173367199<\/a><\/td>\n<\/tr>\n<tr>\n<td width=\"510\">\n<ul>\n<li>Dr. Jurandi Gon\u00e7alves Oliveira<\/li>\n<\/ul>\n<\/td>\n<td style=\"text-align: center\" width=\"208\">Fisiologia p\u00f3s-colheita de frutas e hortali\u00e7as<\/td>\n<td style=\"text-align: center\" width=\"151\"><a href=\"mailto:jugo@uenf.br\">jugo@uenf.br<\/a><\/td>\n<td width=\"212\"><a href=\"http:\/\/lattes.cnpq.br\/8362310485767606\">http:\/\/lattes.cnpq.br\/8362310485767606<\/a><\/td>\n<\/tr>\n<tr>\n<td width=\"510\">\n<ul>\n<li>Dr\u00aa Luana Pereira de Moraes<\/li>\n<\/ul>\n<\/td>\n<td style=\"text-align: center\" width=\"208\">Tecnologia e desenvolvimento de produtos<\/td>\n<td style=\"text-align: center\" width=\"151\"><a href=\"mailto:luana@uenf.br\">luana@uenf.br<\/a><\/td>\n<td width=\"212\"><a href=\"http:\/\/lattes.cnpq.br\/1007467285869966\">http:\/\/lattes.cnpq.br\/1007467285869966<\/a><\/td>\n<\/tr>\n<tr>\n<td width=\"510\">\n<ul>\n<li>Dr\u00aa Luciana Aparecida Rodrigues<\/li>\n<\/ul>\n<\/td>\n<td style=\"text-align: center\" width=\"208\">Fertilidade do solo<\/td>\n<td style=\"text-align: center\" width=\"151\"><a href=\"mailto:lua@uenf.br\">lua@uenf.br<\/a><\/td>\n<td width=\"212\"><a href=\"http:\/\/lattes.cnpq.br\/6794119418865416\">http:\/\/lattes.cnpq.br\/6794119418865416<\/a><\/td>\n<\/tr>\n<tr>\n<td width=\"510\">\n<ul>\n<li>Dr. Luciano Pasqualoto Canellas<\/li>\n<\/ul>\n<\/td>\n<td style=\"text-align: center\" width=\"208\">Qu\u00edmica e bioatividade das subst\u00e2ncias h\u00famicas<\/td>\n<td style=\"text-align: center\" width=\"151\"><a href=\"mailto:canellas@uenf.br\">canellas@uenf.br<\/a><\/td>\n<td width=\"212\"><a href=\"http:\/\/lattes.cnpq.br\/3241415945486691\">http:\/\/lattes.cnpq.br\/3241415945486691<\/a><\/td>\n<\/tr>\n<tr>\n<td width=\"510\">\n<ul>\n<li>Dr. Marcelo Vivas<\/li>\n<\/ul>\n<\/td>\n<td style=\"text-align: center\" width=\"208\">Melhoramento de planta visando resist\u00eancia \u00e0 doen\u00e7as<\/td>\n<td style=\"text-align: center\" width=\"151\"><a href=\"mailto:vivas@uenf.br\">vivas@uenf.br<\/a><\/td>\n<td width=\"212\"><a href=\"http:\/\/lattes.cnpq.br\/7962572093080554\">http:\/\/lattes.cnpq.br\/7962572093080554<\/a><\/td>\n<\/tr>\n<tr>\n<td width=\"510\">\n<ul>\n<li>Dr. Marco Antonio Martins<\/li>\n<\/ul>\n<\/td>\n<td style=\"text-align: center\" width=\"208\">Microbiologia do solo<\/td>\n<td style=\"text-align: center\" width=\"151\"><a href=\"mailto:marco@uenf.br\">marco@uenf.br<\/a><\/td>\n<td width=\"212\"><a href=\"http:\/\/lattes.cnpq.br\/9216090599593672\">http:\/\/lattes.cnpq.br\/9216090599593672<\/a><\/td>\n<\/tr>\n<tr>\n<td width=\"510\">\n<ul>\n<li>Dr\u00aa Marta Simone Mendon\u00e7a Freitas<\/li>\n<\/ul>\n<\/td>\n<td style=\"text-align: center\" width=\"208\">Nutri\u00e7\u00e3o mineral de plantas<\/td>\n<td style=\"text-align: center\" width=\"151\"><a href=\"mailto:msimone@uenf.br\">msimone@uenf.br<\/a><\/td>\n<td width=\"212\"><a href=\"http:\/\/lattes.cnpq.br\/7600570653495353\">http:\/\/lattes.cnpq.br\/7600570653495353<\/a><\/td>\n<\/tr>\n<tr>\n<td width=\"510\">\n<ul>\n<li>Dr\u00aa Meire Lelis Leal Martins<\/li>\n<\/ul>\n<\/td>\n<td style=\"text-align: center\" width=\"208\">Microbiologia industrial<\/td>\n<td style=\"text-align: center\" width=\"151\"><a href=\"mailto:meire@uenf.br\">meire@uenf.br<\/a><\/td>\n<td width=\"212\"><a href=\"http:\/\/lattes.cnpq.br\/3240522953612293\">http:\/\/lattes.cnpq.br\/3240522953612293<\/a><\/td>\n<\/tr>\n<tr>\n<td width=\"510\">\n<ul>\n<li>Dr. Niraldo Jose Ponciano<\/li>\n<\/ul>\n<\/td>\n<td style=\"text-align: center\" width=\"208\">Economia rural<\/td>\n<td style=\"text-align: center\" width=\"151\"><a href=\"mailto:ponciano@uenf.br\">ponciano@uenf.br<\/a><\/td>\n<td width=\"212\"><a href=\"http:\/\/lattes.cnpq.br\/8600233008714000\">http:\/\/lattes.cnpq.br\/8600233008714000<\/a><\/td>\n<\/tr>\n<tr>\n<td width=\"510\">\n<ul>\n<li>Dr. Pedro Amorim Berbert<\/li>\n<\/ul>\n<\/td>\n<td style=\"text-align: center\" width=\"208\">Engenharia de processamento de produtos agr\u00edcolas<\/td>\n<td style=\"text-align: center\" width=\"151\"><a href=\"mailto:pberbert@uenf.br\">pberbert@uenf.br<\/a><\/td>\n<td width=\"212\"><a href=\"http:\/\/lattes.cnpq.br\/0529623886649332\">http:\/\/lattes.cnpq.br\/0529623886649332<\/a><\/td>\n<\/tr>\n<tr>\n<td width=\"510\">\n<ul>\n<li>Dr. Ricardo Enrique Bressan-Smith<\/li>\n<\/ul>\n<\/td>\n<td style=\"text-align: center\" width=\"208\">Bioqu\u00edmica e metabolismo de plantas<\/td>\n<td style=\"text-align: center\" width=\"151\"><a href=\"mailto:bressan@uenf.br\">bressan@uenf.br<\/a><\/td>\n<td width=\"212\"><a href=\"http:\/\/lattes.cnpq.br\/5596202877845044\">http:\/\/lattes.cnpq.br\/5596202877845044<\/a><\/td>\n<\/tr>\n<tr>\n<td width=\"510\">\n<ul>\n<li>Dr. Ricardo Moreira de Souza<\/li>\n<\/ul>\n<\/td>\n<td style=\"text-align: center\" width=\"208\">Nematologia<\/td>\n<td style=\"text-align: center\" width=\"151\"><a href=\"mailto:ricmsouza@censanet.com.br\">ricmsouza@censanet.com.br<\/a><\/td>\n<td width=\"212\"><a href=\"http:\/\/lattes.cnpq.br\/4263353816624577\">http:\/\/lattes.cnpq.br\/4263353816624577<\/a><\/td>\n<\/tr>\n<tr>\n<td width=\"510\">\n<ul>\n<li>Dr. Richard Ian Samuels<\/li>\n<\/ul>\n<\/td>\n<td style=\"text-align: center\" width=\"208\">Controle biol\u00f3gico de pragas e vetores<\/td>\n<td style=\"text-align: center\" width=\"151\"><a href=\"mailto:richard@uenf.br\">richard@uenf.br<\/a><\/td>\n<td width=\"212\"><a href=\"http:\/\/lattes.cnpq.br\/1377493381219615\">http:\/\/lattes.cnpq.br\/1377493381219615<\/a><\/td>\n<\/tr>\n<tr>\n<td width=\"510\">\n<ul>\n<li>Dr. Rog\u00e9rio Figueiredo Daher<\/li>\n<\/ul>\n<\/td>\n<td style=\"text-align: center\" width=\"208\">Melhoramento de plantas forrageiras e bioenerg\u00e9ticas<\/td>\n<td style=\"text-align: center\" width=\"151\"><a href=\"mailto:rogdaher@uenf.br\">rogdaher@uenf.br<\/a><\/td>\n<td width=\"212\"><a href=\"http:\/\/lattes.cnpq.br\/0190530879188803\">http:\/\/lattes.cnpq.br\/0190530879188803<\/a><\/td>\n<\/tr>\n<tr>\n<td width=\"510\">\n<ul>\n<li>Dr. Silvaldo Felipe da Silveira<\/li>\n<\/ul>\n<\/td>\n<td style=\"text-align: center\" width=\"208\">Etiologia, epidemiologia e controle de doen\u00e7as de plantas causadas por fungos<\/td>\n<td style=\"text-align: center\" width=\"151\"><a href=\"mailto:silvaldo@uenf.br\">silvaldo@uenf.br<\/a><\/td>\n<td width=\"212\"><a href=\"http:\/\/lattes.cnpq.br\/9928206009695111\">http:\/\/lattes.cnpq.br\/9928206009695111<\/a><\/td>\n<\/tr>\n<tr>\n<td width=\"510\">\n<ul>\n<li>Dr. Silv\u00e9rio de Paiva Freitas<\/li>\n<\/ul>\n<\/td>\n<td style=\"text-align: center\" width=\"208\">Manejo de plantas daninhas e de plantas medicinais<\/td>\n<td style=\"text-align: center\" width=\"151\"><a href=\"mailto:silverio@uenf.br\">silverio@uenf.br<\/a><\/td>\n<td width=\"212\"><a href=\"http:\/\/lattes.cnpq.br\/3067900706772279\">http:\/\/lattes.cnpq.br\/3067900706772279<\/a><\/td>\n<\/tr>\n<tr>\n<td width=\"510\">\n<ul>\n<li>Dr. Silvio de Jesus Freitas<\/li>\n<\/ul>\n<\/td>\n<td style=\"text-align: center\" width=\"208\">Grandes culturas (Caf\u00e9 e mandioca)<\/td>\n<td style=\"text-align: center\" width=\"151\"><a href=\"mailto:silvio@uenf.br\">silvio@uenf.br<\/a><\/td>\n<td width=\"212\"><a href=\"http:\/\/lattes.cnpq.br\/9384944821501037\">http:\/\/lattes.cnpq.br\/9384944821501037<\/a><\/td>\n<\/tr>\n<tr>\n<td width=\"510\">\n<ul>\n<li>Dr. Victor Haber Perez<\/li>\n<\/ul>\n<\/td>\n<td style=\"text-align: center\" width=\"208\">Desenv. de processos biotecnol\u00f3gicos para a obten\u00e7\u00e3o de produtos de interesse na ind\u00fastria de alimentos<\/td>\n<td style=\"text-align: center\" width=\"151\"><a href=\"mailto:victorh@uenf.br\">victorh@uenf.br<\/a><\/td>\n<td width=\"212\"><a href=\"http:\/\/lattes.cnpq.br\/7775566747895072\">http:\/\/lattes.cnpq.br\/7775566747895072<\/a><\/td>\n<\/tr>\n<tr>\n<td width=\"510\">\n<ul>\n<li>Dr\u00aa Virginia Silva Carvalho<\/li>\n<\/ul>\n<\/td>\n<td width=\"208\">\n<p style=\"text-align: center\">Cultura de tecidos e propaga\u00e7\u00e3o de plantas<\/p>\n<\/td>\n<td width=\"151\">\n<p style=\"text-align: center\"><a href=\"mailto:virginia@uenf.br\">virginia@uenf.br<\/a><\/p>\n<\/td>\n<td width=\"212\"><a href=\"http:\/\/lattes.cnpq.br\/3199872902054955\">http:\/\/lattes.cnpq.br\/3199872902054955<\/a><\/td>\n<\/tr>\n<\/tbody>\n<\/table>\n<hr \/>\n<p>&nbsp;<\/p>\n","protected":false},"excerpt":{"rendered":"<p>CREDENCIAMENTO ESTABELECIDO EM 16\/10\/2020 CONFORME NORMAS APROVADAS EM 25 DE JULHO DE 2018 Professores Orientadores \u00c1rea de Atua\u00e7\u00e3o Contato Informa\u00e7\u00f5es&#8230;<\/p>\n","protected":false},"author":21,"featured_media":0,"parent":0,"menu_order":5,"comment_status":"closed","ping_status":"open","template":"","meta":{"footnotes":""},"class_list":["post-45","page","type-page","status-publish","hentry"],"_links":{"self":[{"href":"https:\/\/uenf.br\/posgraduacao\/producao-vegetal\/wp-json\/wp\/v2\/pages\/45","targetHints":{"allow":["GET"]}}],"collection":[{"href":"https:\/\/uenf.br\/posgraduacao\/producao-vegetal\/wp-json\/wp\/v2\/pages"}],"about":[{"href":"https:\/\/uenf.br\/posgraduacao\/producao-vegetal\/wp-json\/wp\/v2\/types\/page"}],"author":[{"embeddable":true,"href":"https:\/\/uenf.br\/posgraduacao\/producao-vegetal\/wp-json\/wp\/v2\/users\/21"}],"replies":[{"embeddable":true,"href":"https:\/\/uenf.br\/posgraduacao\/producao-vegetal\/wp-json\/wp\/v2\/comments?post=45"}],"version-history":[{"count":0,"href":"https:\/\/uenf.br\/posgraduacao\/producao-vegetal\/wp-json\/wp\/v2\/pages\/45\/revisions"}],"wp:attachment":[{"href":"https:\/\/uenf.br\/posgraduacao\/producao-vegetal\/wp-json\/wp\/v2\/media?parent=45"}],"curies":[{"name":"wp","href":"https:\/\/api.w.org\/{rel}","templated":true}]}}