{"id":4681,"date":"2023-11-08T09:32:31","date_gmt":"2023-11-08T12:32:31","guid":{"rendered":"https:\/\/uenf.br\/posgraduacao\/producao-vegetal\/?page_id=4681"},"modified":"2024-04-24T11:04:26","modified_gmt":"2024-04-24T14:04:26","slug":"bolsa-pdse-2024","status":"publish","type":"page","link":"https:\/\/uenf.br\/posgraduacao\/producao-vegetal\/bolsa-pdse-2024\/","title":{"rendered":"BOLSA PDSE 2024"},"content":{"rendered":"<p style=\"text-align: center\"><strong><span style=\"color: #0000ff\">EDITAL DE SELE\u00c7\u00c3O PARA O PROGRAMA DE DOUTORADO SANDUICHE (PDSE)<\/span><\/strong><br \/>\n<strong><span style=\"color: #0000ff\">DE P\u00d3S-GRADUA\u00c7\u00c3O DA UENF<\/span><\/strong><br \/>\n<strong><span style=\"color: #0000ff\">PROGRAMA DE P\u00d3S-GRADUA\u00c7\u00c3O EM PRODU\u00c7\u00c3O VEGETAL<\/span><\/strong><br \/>\n<strong><span style=\"color: #0000ff\">\u00a0PROGRAMA DE <\/span><\/strong><strong><span style=\"color: #0000ff\">DOUTORADO SANDU\u00cdCHE NO EXTERIOR<\/span><\/strong><\/p>\n<p>&nbsp;<\/p>\n<p>O Programa de P\u00f3s-Gradua\u00e7\u00e3o em Produ\u00e7\u00e3o Vegetal da Universidade Estadual do Norte Fluminense Darcy Ribeiro (UENF) torna p\u00fablica, no dia 24\/04\/2024, as 10:00 horas, os RESULTADOS FINAIS referente ao Edital 06\/2024 da CAPES para ingresso no Programa de Doutorado Sandu\u00edche no Exterior (PDSE).<\/p>\n<p><span style=\"color: #0000ff\"><strong>RESULTADO<\/strong><\/span>: <a href=\"https:\/\/uenf.br\/posgraduacao\/producao-vegetal\/wp-content\/uploads\/sites\/10\/2024\/04\/ResultadoFinalPDSE-2024-2.pdf\">CLIQUE AQUI<\/a><\/p>\n<p>______________________________________________________________________________________________________<\/p>\n<p style=\"text-align: center\"><strong><span style=\"color: #0000ff\">EDITAL DE SELE\u00c7\u00c3O PARA O PROGRAMA DE DOUTORADO SANDUICHE (PDSE)<\/span><\/strong><br \/>\n<strong><span style=\"color: #0000ff\">DE P\u00d3S-GRADUA\u00c7\u00c3O DA UENF<\/span><\/strong><br \/>\n<strong><span style=\"color: #0000ff\">PROGRAMA DE P\u00d3S-GRADUA\u00c7\u00c3O EM PRODU\u00c7\u00c3O VEGETAL<\/span><\/strong><br \/>\n<strong><span style=\"color: #0000ff\">\u00a0PROGRAMA DE <\/span><\/strong><strong><span style=\"color: #0000ff\">DOUTORADO SANDU\u00cdCHE NO EXTERIOR<\/span><\/strong><\/p>\n<p>O Programa de P\u00f3s-Gradua\u00e7\u00e3o em Produ\u00e7\u00e3o Vegetal da Universidade Estadual do Norte Fluminense Darcy Ribeiro<br \/>\n(UENF) torna p\u00fablicas as diretrizes para sele\u00e7\u00e3o de bolsas de Doutorado para participar de Programa Sandu\u00edche<br \/>\nno Exterior por um per\u00edodo de 3 a 6 meses, conforme o link do abaixo para o Edital Capes no 6\/2024 e Edital no<br \/>\n1\/2024 da PROPPG\/UENF (4).<\/p>\n<p><span style=\"color: #0000ff\"><strong>Per\u00edodo e cronograma de Inscri\u00e7\u00e3o:<\/strong><\/span><br \/>\n1.1. Per\u00edodo: 01 a 15 de abril de 2024<br \/>\n1.2. Avalia\u00e7\u00e3o pela comiss\u00e3o Coordenadora: 18 a 22 de abril de 2024<br \/>\n1.3. Divulga\u00e7\u00e3o de resultados: 23 de abril de 2024<br \/>\n1.4. Per\u00edodo para recursos contra o resultado: 24 a 27 de abril de 2024<br \/>\n1.5. Encaminhamento \u00e0 PROPPG\/UENF: 28 de abril de 2024<\/p>\n<p><strong><span style=\"color: #0000ff\">EDITAL<\/span><\/strong>: <a href=\"https:\/\/uenf.br\/posgraduacao\/producao-vegetal\/wp-content\/uploads\/sites\/10\/2024\/04\/Edital-PDSE-Producao-Vegetal-2024_2.pdf\">CLIQUE AQUI<\/a><\/p>\n<p><strong><span style=\"color: #0000ff\">FICHA DE INSCRI\u00c7\u00c3O<\/span><\/strong>: <a href=\"https:\/\/uenf.br\/posgraduacao\/producao-vegetal\/wp-content\/uploads\/sites\/10\/2024\/04\/FichaDeInscricaoCandidato_Edital-PDSE-Producao-Vegetal-2024_2.pdf.docx\">CLIQUE AQUI<\/a><\/p>\n<p>____________________________________________________________________________________________________<\/p>\n<p style=\"text-align: center\"><strong><span style=\"color: #0000ff\">EDITAL DE SELE\u00c7\u00c3O PARA O PROGRAMA DE DOUTORADO SANDUICHE (PDSE)<\/span><\/strong><br \/>\n<strong><span style=\"color: #0000ff\">DE P\u00d3S-GRADUA\u00c7\u00c3O DA UENF<\/span><\/strong><br \/>\n<strong><span style=\"color: #0000ff\">PROGRAMA DE P\u00d3S-GRADUA\u00c7\u00c3O EM PRODU\u00c7\u00c3O VEGETAL<\/span><\/strong><br \/>\n<strong><span style=\"color: #0000ff\">\u00a0PROGRAMA DE <\/span><\/strong><strong><span style=\"color: #0000ff\">DOUTORADO SANDU\u00cdCHE NO EXTERIOR<\/span><\/strong><\/p>\n<p><strong>RESULTADO DO RECURSO<\/strong>: <a href=\"https:\/\/uenf.br\/posgraduacao\/producao-vegetal\/wp-content\/uploads\/sites\/10\/2023\/12\/RESULTADO-RECURSO-1.pdf\">CLIQUE AQUI<\/a><\/p>\n<p>____________________________________________________________________________________________________<\/p>\n<p style=\"text-align: center\"><strong><span style=\"color: #0000ff\">EDITAL DE SELE\u00c7\u00c3O PARA O PROGRAMA DE DOUTORADO SANDUICHE (PDSE)<\/span><\/strong><br \/>\n<strong><span style=\"color: #0000ff\">DE P\u00d3S-GRADUA\u00c7\u00c3O DA UENF<\/span><\/strong><br \/>\n<strong><span style=\"color: #0000ff\">PROGRAMA DE P\u00d3S-GRADUA\u00c7\u00c3O EM PRODU\u00c7\u00c3O VEGETAL<\/span><\/strong><br \/>\n<strong><span style=\"color: #0000ff\">RESULTADO FINAL &#8211; EDITAL 30\/2023 PROGRAMA DE<\/span><\/strong><br \/>\n<strong><span style=\"color: #0000ff\">DOUTORADO SANDU\u00cdCHE NO EXTERIOR<\/span><\/strong><\/p>\n<p>O Programa de P\u00f3s-Gradua\u00e7\u00e3o em Produ\u00e7\u00e3o Vegetal da Universidade Estadual do Norte Fluminense Darcy Ribeiro (UENF) torna p\u00fablica, no dia 01\/12\/2023, as 15:30 horas, os RESULTADOS FINAIS referente ao Edital 30\/2023 da CAPES para ingresso no Programa de Doutorado Sandu\u00edche no Exterior (PDSE).<\/p>\n<p>&nbsp;<\/p>\n<p><strong>RESULTADO<\/strong>: <a href=\"https:\/\/uenf.br\/posgraduacao\/producao-vegetal\/wp-content\/uploads\/sites\/10\/2023\/12\/ResultadoFinalPDSE-1.pdf\">CLIQUE AQUI<\/a><\/p>\n<p>&nbsp;<\/p>\n<p>_____________________________________________________________________________________________________________________________________<\/p>\n<p><span style=\"color: #0000ff\"><strong>EDITAL DE SELE\u00c7\u00c3O PARA PROGRAMA DE DOUTORADO SANDU\u00cdCHE NO EXTERIOR (EDITAL CAPES <\/strong><strong>N\u00ba 30\/2023<\/strong><\/span><strong><span style=\"color: #0000ff\">)<\/span> <\/strong><\/p>\n<h1><\/h1>\n<h1><span style=\"color: #0000ff\">Edital interno para sele\u00e7\u00e3o dos candidatos pelo Programa de P\u00f3s-Gradua\u00e7\u00e3o em Produ\u00e7\u00e3o Vegetal<\/span><\/h1>\n<p>&nbsp;<\/p>\n<p>O Programa de P\u00f3s-Gradua\u00e7\u00e3o em Produ\u00e7\u00e3o Vegetal da Universidade Estadual do Norte Fluminense Darcy Ribeiro (UENF) torna p\u00fablicas as diretrizes para sele\u00e7\u00e3o de <strong>bolsas de Doutorado para participar de Programa Sandu\u00edche no Exterior por um per\u00edodo de 3 a 6 meses<\/strong>, conforme <strong>Edital <\/strong><strong>Capes n\u00ba 3<\/strong><strong>0\/2023 <\/strong>e<strong> Edital n\u00ba 2\/2023 <\/strong>da<strong> PROPPG\/UENF<\/strong>(<a href=\"https:\/\/sei.rj.gov.br\/sei\/controlador.php?acao=arvore_visualizar&amp;acao_origem=procedimento_visualizar&amp;id_procedimento=69559416&amp;infra_sistema=100000100&amp;infra_unidade_atual=120006738&amp;infra_hash=40812defe0af003ef53e367dde7b81804719b96ee972bd517773b824b1330716\">SEI-260009\/005666\/2023<\/a>).<\/p>\n<p>&nbsp;<\/p>\n<p><a href=\"https:\/\/www.gov.br\/capes\/pt-br\/acesso-a-informacao\/acoes-e-programas\/bolsas\/bolsas-e-auxilios-internacionais\/encontre-aqui\/paises\/multinacional\/programa-de-doutorado-sanduiche-no-exterior-pdse\">https:\/\/www.gov.br\/capes\/pt-br\/acesso-a-informacao\/acoes-e-programas\/bolsas\/bolsas-e-auxilios-internacionais\/encontre-aqui\/paises\/multinacional\/programa-de-doutorado-sanduiche-no-exterior-pdse<\/a><\/p>\n<p>&nbsp;<\/p>\n<p><span style=\"color: #000000\"><strong>INFORMA\u00c7\u00d5ES IMPORTANTES:<\/strong><\/span><\/p>\n<p><span style=\"color: #0000ff\"><strong>Per\u00edodo e cronograma de Inscri\u00e7\u00e3o:<\/strong><\/span><\/p>\n<ul>\n<li style=\"list-style-type: none\">\n<ul>\n<li><strong>Per\u00edodo<\/strong>: <strong>08 de novembro a 20 de novembro de 2023<\/strong><\/li>\n<li><strong>Avalia\u00e7\u00e3o pela comiss\u00e3o Coordenadora: 21 a 30 de novembro de 2023<\/strong><\/li>\n<li><strong>Divulga\u00e7\u00e3o de resultados: 01 de dezembro de 2023<\/strong><\/li>\n<li><strong>Per\u00edodo para recursos contra o resultado: 02 a 04 de dezembro de 2023<\/strong><\/li>\n<li><strong>Encaminhamento a PROPPG\/UENF: 06 de dezembro de 2023<\/strong><\/li>\n<\/ul>\n<\/li>\n<\/ul>\n<p><strong>EDITAL<\/strong>: <a href=\"https:\/\/uenf.br\/posgraduacao\/producao-vegetal\/wp-content\/uploads\/sites\/10\/2023\/11\/Edital-pdse.pdf\">CLIQUE AQUI<\/a><\/p>\n","protected":false},"excerpt":{"rendered":"<p>EDITAL DE SELE\u00c7\u00c3O PARA O PROGRAMA DE DOUTORADO SANDUICHE (PDSE) DE P\u00d3S-GRADUA\u00c7\u00c3O DA UENF PROGRAMA DE P\u00d3S-GRADUA\u00c7\u00c3O EM PRODU\u00c7\u00c3O VEGETAL&#8230;<\/p>\n","protected":false},"author":21,"featured_media":0,"parent":0,"menu_order":8,"comment_status":"closed","ping_status":"closed","template":"","meta":{"footnotes":""},"class_list":["post-4681","page","type-page","status-publish","hentry"],"_links":{"self":[{"href":"https:\/\/uenf.br\/posgraduacao\/producao-vegetal\/wp-json\/wp\/v2\/pages\/4681","targetHints":{"allow":["GET"]}}],"collection":[{"href":"https:\/\/uenf.br\/posgraduacao\/producao-vegetal\/wp-json\/wp\/v2\/pages"}],"about":[{"href":"https:\/\/uenf.br\/posgraduacao\/producao-vegetal\/wp-json\/wp\/v2\/types\/page"}],"author":[{"embeddable":true,"href":"https:\/\/uenf.br\/posgraduacao\/producao-vegetal\/wp-json\/wp\/v2\/users\/21"}],"replies":[{"embeddable":true,"href":"https:\/\/uenf.br\/posgraduacao\/producao-vegetal\/wp-json\/wp\/v2\/comments?post=4681"}],"version-history":[{"count":0,"href":"https:\/\/uenf.br\/posgraduacao\/producao-vegetal\/wp-json\/wp\/v2\/pages\/4681\/revisions"}],"wp:attachment":[{"href":"https:\/\/uenf.br\/posgraduacao\/producao-vegetal\/wp-json\/wp\/v2\/media?parent=4681"}],"curies":[{"name":"wp","href":"https:\/\/api.w.org\/{rel}","templated":true}]}}