{"id":4813,"date":"2024-04-26T10:32:57","date_gmt":"2024-04-26T13:32:57","guid":{"rendered":"https:\/\/uenf.br\/posgraduacao\/producao-vegetal\/?page_id=4813"},"modified":"2024-09-11T09:37:30","modified_gmt":"2024-09-11T12:37:30","slug":"edital-pila-programa-de-intercambio-latino-americano","status":"publish","type":"page","link":"https:\/\/uenf.br\/posgraduacao\/producao-vegetal\/edital-pila-programa-de-intercambio-latino-americano\/","title":{"rendered":"EDITAL PILA (Programa de Interc\u00e2mbio Latino Americano)"},"content":{"rendered":"<p style=\"text-align: center\"><span style=\"color: #0000ff\"><strong>PROGRAMA DE P\u00d3S-GRADUA\u00c7\u00c3O EM PRODU\u00c7\u00c3O VEGETAL<\/strong><\/span><\/p>\n<p style=\"text-align: center\"><span style=\"color: #0000ff\"><strong>EDITAL PILA (Programa de Interc\u00e2mbio Latino Americano)<\/strong><\/span><\/p>\n<p>O Programa de P\u00f3s-Gradua\u00e7\u00e3o em Produ\u00e7\u00e3o Vegetal da Universidade Estadual do Norte Fluminense Darcy Ribeiro (UENF) torna p\u00fablicas as diretrizes para sele\u00e7\u00e3o de bolsa de Mestrado ou Doutorado para participar de Programa PILA, conforme SEI 260002\/000298\/2024.<\/p>\n<p><strong><span style=\"color: #0000ff\">1. Per\u00edodo e cronograma de Inscri\u00e7\u00e3o<\/span><\/strong>:<br \/>\n1.1. Inscri\u00e7\u00e3o: 05 de setembro a 27 de setembro de 2024<br \/>\n1.2. Avalia\u00e7\u00e3o pela Comiss\u00e3o Coordenadora: 30 de setembro a 02 de outubro de 2024<br \/>\n1.3. Divulga\u00e7\u00e3o de resultados: 03 de outubro de 2024<br \/>\n1.4. Per\u00edodo para recursos contra o resultado: 03 a 05 de outubro<br \/>\n1.5. Encaminhamento a PROPPG\/UENF: 08 de outubro<\/p>\n<p><strong><span style=\"color: #0000ff\">EDITAL<\/span><\/strong>: <a href=\"https:\/\/uenf.br\/posgraduacao\/producao-vegetal\/wp-content\/uploads\/sites\/10\/2024\/09\/Edital_PILA2025_1.pdf\">CLIQUE AQUI<\/a><\/p>\n<hr \/>\n<p style=\"text-align: center\"><span style=\"color: #0000ff\"><strong>PROGRAMA DE P\u00d3S-GRADUA\u00c7\u00c3O EM PRODU\u00c7\u00c3O VEGETAL<\/strong><\/span><\/p>\n<p style=\"text-align: center\"><span style=\"color: #0000ff\"><strong>EDITAL PILA (Programa de Interc\u00e2mbio Latino Americano)<\/strong><\/span><\/p>\n<div class=\"gmail_default\">O Programa de P\u00f3s-Gradua\u00e7\u00e3o em Produ\u00e7\u00e3o Vegetal da Universidade Estadual do Norte Fluminense Darcy Ribeiro\u00a0(UENF) torna p\u00fablicas as diretrizes para sele\u00e7\u00e3o de uma bolsa para o Programa de Interc\u00e2mbio Acad\u00eamico Latino Americano\u00a0(PILA),\u00a0no Exterior, por um semestre.<\/div>\n<div class=\"gmail_default\"><\/div>\n<div class=\"gmail_default\">1.0. Per\u00edodo e cronograma de Inscri\u00e7\u00e3o:<\/div>\n<div class=\"gmail_default\">1.1. Per\u00edodo: 26 de abril a 03 de maio de 2024<\/div>\n<div class=\"gmail_default\">1.2. Avalia\u00e7\u00e3o pela comiss\u00e3o Coordenadora: 06 a 09 de maio de 2024<\/div>\n<div class=\"gmail_default\">1.3. Divulga\u00e7\u00e3o de resultados: 10 de maio de 2024<\/div>\n<div class=\"gmail_default\">1.4. Per\u00edodo para recursos contra o resultado: 10 a 14 de maio<\/div>\n<div class=\"gmail_default\">1.5. Encaminhamento \u00e0 PROPPG\/UENF: 15 de maio<\/div>\n<div><\/div>\n<div><strong><span style=\"color: #0000ff\">EDITAL<\/span><\/strong>: <a href=\"https:\/\/uenf.br\/posgraduacao\/producao-vegetal\/wp-content\/uploads\/sites\/10\/2024\/04\/Edital_PILA.pdf\">CLIQUE AQUI<\/a><\/div>\n","protected":false},"excerpt":{"rendered":"<p>PROGRAMA DE P\u00d3S-GRADUA\u00c7\u00c3O EM PRODU\u00c7\u00c3O VEGETAL EDITAL PILA (Programa de Interc\u00e2mbio Latino Americano) O Programa de P\u00f3s-Gradua\u00e7\u00e3o em Produ\u00e7\u00e3o Vegetal&#8230;<\/p>\n","protected":false},"author":21,"featured_media":0,"parent":0,"menu_order":9,"comment_status":"closed","ping_status":"closed","template":"","meta":{"footnotes":""},"class_list":["post-4813","page","type-page","status-publish","hentry"],"_links":{"self":[{"href":"https:\/\/uenf.br\/posgraduacao\/producao-vegetal\/wp-json\/wp\/v2\/pages\/4813","targetHints":{"allow":["GET"]}}],"collection":[{"href":"https:\/\/uenf.br\/posgraduacao\/producao-vegetal\/wp-json\/wp\/v2\/pages"}],"about":[{"href":"https:\/\/uenf.br\/posgraduacao\/producao-vegetal\/wp-json\/wp\/v2\/types\/page"}],"author":[{"embeddable":true,"href":"https:\/\/uenf.br\/posgraduacao\/producao-vegetal\/wp-json\/wp\/v2\/users\/21"}],"replies":[{"embeddable":true,"href":"https:\/\/uenf.br\/posgraduacao\/producao-vegetal\/wp-json\/wp\/v2\/comments?post=4813"}],"version-history":[{"count":0,"href":"https:\/\/uenf.br\/posgraduacao\/producao-vegetal\/wp-json\/wp\/v2\/pages\/4813\/revisions"}],"wp:attachment":[{"href":"https:\/\/uenf.br\/posgraduacao\/producao-vegetal\/wp-json\/wp\/v2\/media?parent=4813"}],"curies":[{"name":"wp","href":"https:\/\/api.w.org\/{rel}","templated":true}]}}