{"id":10,"date":"2022-11-17T15:43:44","date_gmt":"2022-11-17T18:43:44","guid":{"rendered":"https:\/\/uenf.br\/posgraduacao\/residencia-em-medicina-veterinaria\/?page_id=10"},"modified":"2025-01-06T15:44:31","modified_gmt":"2025-01-06T18:44:31","slug":"setores","status":"publish","type":"page","link":"https:\/\/uenf.br\/posgraduacao\/residencia-em-medicina-veterinaria\/setores\/","title":{"rendered":"Setores"},"content":{"rendered":"<h2>Setores da Resid\u00eancia M\u00e9dica do Hospital Veterin\u00e1rio.<\/h2>\n<h2><img loading=\"lazy\" decoding=\"async\" class=\"alignnone wp-image-65\" src=\"https:\/\/uenf.br\/posgraduacao\/residencia-em-medicina-veterinaria\/wp-content\/uploads\/sites\/20\/2024\/09\/hv-300x195.jpeg\" alt=\"\" width=\"385\" height=\"250\" srcset=\"https:\/\/uenf.br\/posgraduacao\/residencia-em-medicina-veterinaria\/wp-content\/uploads\/sites\/20\/2024\/09\/hv-300x195.jpeg 300w, https:\/\/uenf.br\/posgraduacao\/residencia-em-medicina-veterinaria\/wp-content\/uploads\/sites\/20\/2024\/09\/hv.jpeg 768w\" sizes=\"auto, (max-width: 385px) 100vw, 385px\" \/><\/h2>\n<h3>\u2013 Anestesiologia em Animais de Companhia<\/h3>\n<p>Professora Respons\u00e1vel &#8211; Fernanda<\/p>\n<p>Antunes<\/p>\n<p>email: <a href=\"mailto:fernandaanest@uenf.br\">fernandaanest@uenf.br<\/a><\/p>\n<p>Curr\u00edculo lattes: <a href=\"http:\/\/lattes.cnpq.br\/9233444889122634\">http:\/\/lattes.cn<\/a><\/p>\n<p><a href=\"http:\/\/lattes.cnpq.br\/9233444889122634\">pq.br\/9233444889122634<\/a><\/p>\n<h3>\u2013 Cl\u00ednica Cir\u00fargica em Animais de Companhia<\/h3>\n<p>Professor Respons\u00e1vel &#8211; Andr\u00e9 Lacerda de Abreu Oliveira<\/p>\n<p>email: <a href=\"mailto:andrevet@uenf.br\">andrevet@uenf.br<\/a><\/p>\n<p>Curr\u00edculo lattes: <a href=\"http:\/\/lattes.cnpq.br\/9641413249653748\">http:\/\/lattes.cnpq.br\/9641413249653748<\/a><\/p>\n<h3>\u2013 Cl\u00ednica M\u00e9dica de Animais de Companhia<\/h3>\n<p>Professor Respons\u00e1vel &#8211; Antonio Peixoto Albernaz<\/p>\n<p>email: <a href=\"mailto:albernaz@uenf.br\">albernaz@uenf.br<\/a><\/p>\n<p>Curr\u00edculo lattes: <a href=\"https:\/\/www.escavador.com\/sobre\/5312160\/antonio-peixoto-albernaz\">https:\/\/www.escavador.com\/sobre\/5312160\/antonio-peixoto-albernaz<\/a><\/p>\n<h3>\u2013 Cl\u00ednica M\u00e9dica e Cir\u00fargica de Equinos<\/h3>\n<p>Professora Respons\u00e1vel &#8211; Paula Alessandra Di Filippo<\/p>\n<p>email: pdf@uenf.br<\/p>\n<p>Curr\u00edculo lattes: http:\/\/lattes.cnpq.br\/3512179950353953<\/p>\n<h3>\u2013 Diagn\u00f3stico por imagem (Radiologia)<\/h3>\n<p>Professora Respons\u00e1vel &#8211; Helena Kiyomi Hokamura<\/p>\n<p>email: hokamura@uenf.br<\/p>\n<p>Curr\u00edculo lattes: <a href=\"http:\/\/lattes.cnpq.br\/2715449807829411\">http:\/\/lattes.cnpq.br\/2715449807829411<\/a><\/p>\n<h3>\u2013 Patologia Animal<\/h3>\n<p>Professora Respons\u00e1vel &#8211; Eul\u00f3gio Carlos Q. Carvalho<\/p>\n<p>email: <a href=\"mailto:eulogio@uenf.br\">eulogio@uenf.br<\/a><\/p>\n<p>Curr\u00edculo lattes: <a href=\"http:\/\/lattes.cnpq.br\/5680938499038691\">http:\/\/lattes.cnpq.br\/5680938499038691<\/a><\/p>\n<h3>\u2013 Patologia Cl\u00ednica Veterin\u00e1ria<\/h3>\n<p>Professor Respons\u00e1vel &#8211; Antonio Peixoto Albernaz<\/p>\n<p>email: <a href=\"mailto:albernaz@uenf.br\">albernaz@uenf.br<\/a><\/p>\n<p>Curr\u00edculo lattes: <a href=\"https:\/\/www.escavador.com\/sobre\/5312160\/antonio-peixoto-albernaz\">https:\/\/www.escavador.com\/sobre\/5312160\/antonio-peixoto-albernaz<\/a><\/p>\n<h3>\u2013 Reprodu\u00e7\u00e3o e Obstetr\u00edcia de Grandes Animais<\/h3>\n<p>Professor Respons\u00e1vel &#8211; Luis Fonseca Matos<\/p>\n<p>email: lmatos@uenf.br<\/p>\n<p>Curr\u00edculo lattes: <a href=\"http:\/\/lattes.cnpq.br\/9488133154533517\">http:\/\/lattes.cnpq.br\/9488133154533517<\/a><\/p>\n<h3>\u2013 Reprodu\u00e7\u00e3o, Obstetr\u00edcia e Ultrassonografia de Animais de Companhia<\/h3>\n<p>Professora Respons\u00e1vel &#8211; Isabel Candia Nunes da Cunha<\/p>\n<p>email: cunhaicn@uenf.br<\/p>\n<p>Curr\u00edculo lattes: <a href=\"http:\/\/lattes.cnpq.br\/3961597070150740\">http:\/\/lattes.cnpq.br\/3961597070150740<\/a><\/p>\n<h3>\u2013 Tecnologia e Inspe\u00e7\u00e3o de Produtos de Origem Animal<\/h3>\n<p>Professora Respons\u00e1vel &#8211; F\u00e1bio da Costa Henry<\/p>\n<p>email: <a href=\"mailto:fabiocosta@uenf.br\">fabiocosta@uenf.br<\/a><\/p>\n<p>Curr\u00edculo lattes: http:\/\/lattes.cnpq.br\/0680514989892940<\/p>\n","protected":false},"excerpt":{"rendered":"<p>Setores da Resid\u00eancia M\u00e9dica do Hospital Veterin\u00e1rio. \u2013 Anestesiologia em Animais de Companhia Professora Respons\u00e1vel &#8211; Fernanda Antunes email: fernandaanest@uenf.br&#8230;<\/p>\n","protected":false},"author":50,"featured_media":0,"parent":0,"menu_order":1,"comment_status":"closed","ping_status":"closed","template":"","meta":{"footnotes":""},"class_list":["post-10","page","type-page","status-publish","hentry"],"_links":{"self":[{"href":"https:\/\/uenf.br\/posgraduacao\/residencia-em-medicina-veterinaria\/wp-json\/wp\/v2\/pages\/10","targetHints":{"allow":["GET"]}}],"collection":[{"href":"https:\/\/uenf.br\/posgraduacao\/residencia-em-medicina-veterinaria\/wp-json\/wp\/v2\/pages"}],"about":[{"href":"https:\/\/uenf.br\/posgraduacao\/residencia-em-medicina-veterinaria\/wp-json\/wp\/v2\/types\/page"}],"author":[{"embeddable":true,"href":"https:\/\/uenf.br\/posgraduacao\/residencia-em-medicina-veterinaria\/wp-json\/wp\/v2\/users\/50"}],"replies":[{"embeddable":true,"href":"https:\/\/uenf.br\/posgraduacao\/residencia-em-medicina-veterinaria\/wp-json\/wp\/v2\/comments?post=10"}],"version-history":[{"count":0,"href":"https:\/\/uenf.br\/posgraduacao\/residencia-em-medicina-veterinaria\/wp-json\/wp\/v2\/pages\/10\/revisions"}],"wp:attachment":[{"href":"https:\/\/uenf.br\/posgraduacao\/residencia-em-medicina-veterinaria\/wp-json\/wp\/v2\/media?parent=10"}],"curies":[{"name":"wp","href":"https:\/\/api.w.org\/{rel}","templated":true}]}}