{"id":118,"date":"2026-03-19T10:53:51","date_gmt":"2026-03-19T13:53:51","guid":{"rendered":"https:\/\/uenf.br\/posgraduacao\/residencia-em-medicina-veterinaria\/apresentacao-portugues\/"},"modified":"2026-03-19T10:53:51","modified_gmt":"2026-03-19T13:53:51","slug":"apresentacao-portugues","status":"publish","type":"page","link":"https:\/\/uenf.br\/posgraduacao\/residencia-em-medicina-veterinaria\/apresentacao-portugues\/","title":{"rendered":"Apresenta\u00e7\u00e3o &#8211; Portugu\u00eas"},"content":{"rendered":"","protected":false},"excerpt":{"rendered":"","protected":false},"author":32,"featured_media":0,"parent":0,"menu_order":0,"comment_status":"closed","ping_status":"closed","template":"","meta":{"footnotes":""},"class_list":["post-118","page","type-page","status-publish","hentry"],"_links":{"self":[{"href":"https:\/\/uenf.br\/posgraduacao\/residencia-em-medicina-veterinaria\/wp-json\/wp\/v2\/pages\/118","targetHints":{"allow":["GET"]}}],"collection":[{"href":"https:\/\/uenf.br\/posgraduacao\/residencia-em-medicina-veterinaria\/wp-json\/wp\/v2\/pages"}],"about":[{"href":"https:\/\/uenf.br\/posgraduacao\/residencia-em-medicina-veterinaria\/wp-json\/wp\/v2\/types\/page"}],"author":[{"embeddable":true,"href":"https:\/\/uenf.br\/posgraduacao\/residencia-em-medicina-veterinaria\/wp-json\/wp\/v2\/users\/32"}],"replies":[{"embeddable":true,"href":"https:\/\/uenf.br\/posgraduacao\/residencia-em-medicina-veterinaria\/wp-json\/wp\/v2\/comments?post=118"}],"version-history":[{"count":0,"href":"https:\/\/uenf.br\/posgraduacao\/residencia-em-medicina-veterinaria\/wp-json\/wp\/v2\/pages\/118\/revisions"}],"wp:attachment":[{"href":"https:\/\/uenf.br\/posgraduacao\/residencia-em-medicina-veterinaria\/wp-json\/wp\/v2\/media?parent=118"}],"curies":[{"name":"wp","href":"https:\/\/api.w.org\/{rel}","templated":true}]}}