{"id":1084,"date":"2026-01-19T14:31:19","date_gmt":"2026-01-19T17:31:19","guid":{"rendered":"https:\/\/uenf.br\/posgraduacao\/setimp\/?page_id=1084"},"modified":"2026-01-19T16:13:44","modified_gmt":"2026-01-19T19:13:44","slug":"servicos-de-logistica-e-desembaraco-aduaneiro","status":"publish","type":"page","link":"https:\/\/uenf.br\/posgraduacao\/setimp\/servicos-de-logistica-e-desembaraco-aduaneiro\/","title":{"rendered":"Servi\u00e7os de log\u00edstica e desembara\u00e7o aduaneiro"},"content":{"rendered":"<h2><a href=\"https:\/\/uenf.br\/posgraduacao\/setimp\/servicos-de-logistica-e-desembaraco-aduaneiro\/servicos-fedex-formal-nao-usar-courier-ou-expresso\/\" target=\"_blank\" rel=\"noopener\"><strong>Servi\u00e7os FEDEX FORMAL (<span style=\"color: #ff0000\">N\u00e3o usar Courier ou expresso<\/span>)<\/strong><\/a><\/h2>\n","protected":false},"excerpt":{"rendered":"<p>Servi\u00e7os FEDEX FORMAL (N\u00e3o usar Courier ou expresso)<\/p>\n","protected":false},"author":54,"featured_media":0,"parent":0,"menu_order":7,"comment_status":"closed","ping_status":"closed","template":"","meta":{"footnotes":""},"class_list":["post-1084","page","type-page","status-publish","hentry"],"_links":{"self":[{"href":"https:\/\/uenf.br\/posgraduacao\/setimp\/wp-json\/wp\/v2\/pages\/1084","targetHints":{"allow":["GET"]}}],"collection":[{"href":"https:\/\/uenf.br\/posgraduacao\/setimp\/wp-json\/wp\/v2\/pages"}],"about":[{"href":"https:\/\/uenf.br\/posgraduacao\/setimp\/wp-json\/wp\/v2\/types\/page"}],"author":[{"embeddable":true,"href":"https:\/\/uenf.br\/posgraduacao\/setimp\/wp-json\/wp\/v2\/users\/54"}],"replies":[{"embeddable":true,"href":"https:\/\/uenf.br\/posgraduacao\/setimp\/wp-json\/wp\/v2\/comments?post=1084"}],"version-history":[{"count":0,"href":"https:\/\/uenf.br\/posgraduacao\/setimp\/wp-json\/wp\/v2\/pages\/1084\/revisions"}],"wp:attachment":[{"href":"https:\/\/uenf.br\/posgraduacao\/setimp\/wp-json\/wp\/v2\/media?parent=1084"}],"curies":[{"name":"wp","href":"https:\/\/api.w.org\/{rel}","templated":true}]}}