{"id":1095,"date":"2026-01-19T16:09:10","date_gmt":"2026-01-19T19:09:10","guid":{"rendered":"https:\/\/uenf.br\/posgraduacao\/setimp\/?page_id=1095"},"modified":"2026-01-19T16:26:42","modified_gmt":"2026-01-19T19:26:42","slug":"servicos-fedex-formal-nao-usar-courier-ou-expresso","status":"publish","type":"page","link":"https:\/\/uenf.br\/posgraduacao\/setimp\/servicos-de-logistica-e-desembaraco-aduaneiro\/servicos-fedex-formal-nao-usar-courier-ou-expresso\/","title":{"rendered":"Servi\u00e7os FEDEX FORMAL (N\u00e3o usar Courier ou expresso)"},"content":{"rendered":"<p><span style=\"color: #000000\">Caso o envio da mercadoria ocorra via FEDEX o pesquisador poder\u00e1 utilizar o servi\u00e7o de despacho aduaneiro oferecido pela empresa.<\/span><br \/>\n<span style=\"color: #000000\">A mercadoria chega e \u00e9 desembara\u00e7ada n o aeroporto de Viracopos e depois segue para o destino final combinado com o fornecedor que efetuou o envio.<\/span><br \/>\n<span style=\"color: #000000\">O valor de servi\u00e7o de despachante para a libera\u00e7\u00e3o \u00e9 de R$ 724,00 (valor janeiro\/2025)<\/span><br \/>\n<span style=\"color: #000000\"><u><\/u>Armazenagem: Cobrada por per\u00edodo pela ABV, somente no final do processo ap\u00f3s autoriza\u00e7\u00e3o de libera\u00e7\u00e3o pelo Fiscal.<\/span><\/p>\n<div><span style=\"color: #000000\">Caso necess\u00e1rio preenchimento da LPCO, o valor de servi\u00e7o \u00e9 de R$ 100,00 (por LPCO) + GRU<\/span><\/div>\n<p><span style=\"color: #000000\">Por favor enviar a lista de documentos abaixo para cadastramento e utiliza\u00e7\u00e3o dos servi\u00e7os:<\/span><\/p>\n<p><span style=\"color: #000000\">&#8211; C\u00f3pia do RG\/CPF (em arquivo PDF)<\/span><br \/>\n<span style=\"color: #000000\">&#8211; Procura\u00e7\u00e3o (<a href=\"https:\/\/uenf.br\/posgraduacao\/setimp\/wp-content\/uploads\/sites\/21\/2026\/01\/PROCURAC\u0327A\u0303O-RECEITA-FEDERAL-PESSOA-FISICA-3.doc\">Ver modelo neste anexo<\/a>) com assinatura digital ou firma reconhecida (em arquivo PDF)<\/span><br \/>\n<span style=\"color: #000000\">&#8211; Preencher Ficha cadastral (<a href=\"https:\/\/uenf.br\/posgraduacao\/setimp\/wp-content\/uploads\/sites\/21\/2026\/01\/FICHA-CADASTRAL-PESSOA-FISICA-3.docx\">ver anexo<\/a>)<\/span><br \/>\n<span style=\"color: #000000\">&#8211; Comprovante de pagamento da mercadoria ou contrato de c\u00e2mbio (em arquivo PDF)<\/span><br \/>\n<span style=\"color: #000000\">&#8211; Instru\u00e7\u00e3o de desembara\u00e7o preenchida, detalhando a descri\u00e7\u00e3o dos produtos em portugu\u00ears, informando qual \u00e9 o seu uso e finalidade (onde ser\u00e1 aplicado), e caso tiver part number e serial number (<a href=\"https:\/\/uenf.br\/posgraduacao\/setimp\/wp-content\/uploads\/sites\/21\/2026\/01\/INSTRUC\u0327A\u0303O-DE-DESEMBARAC\u0327O-2026-01-05T093720.350.xlsx\">arquivo Excel &#8211; ver anexo<\/a>)<\/span><br \/>\n<span style=\"color: #000000\">&#8211; Faturas (Commercial Invoice e Packing List) dos produtos (em arquivo PDF)<\/span><br \/>\n<span style=\"color: #000000\">&#8211; Proposta assinada(<a href=\"https:\/\/uenf.br\/posgraduacao\/setimp\/wp-content\/uploads\/sites\/21\/2026\/01\/Proposta-Comercial-FedEx-Brasil-Logistica-e-Transporte-Ltda.-1-4.docx\">ver anexo<\/a>)<\/span><br \/>\n<span style=\"color: #000000\">&#8211; Tela do portal \u00fanico siscomex com os representantes Fedex cadastrados (em arquivo PDF)<\/span><\/p>\n<div><b><i>Por favor enviar a lista de documentos em um \u00fanico email para: <span style=\"color: #ff0000\">vcp.brokerage.imp@corp.ds.fedex.com<\/span><\/i><\/b><\/div>\n<div><\/div>\n<div>Cadastrar os despachantes para representa\u00e7\u00e3o do pesquisador no portal \u00fanico siscomex<\/div>\n<div>Acesso: Importador Exportador\/ Importador\/Exportador\/<wbr \/>Despachante\/ \u00a0Cadastro de Intervenientes\/ Representa\u00e7\u00e3o\/ \u00a0Representa\u00e7\u00e3o por Despachante\/ Incluir. &#8211; (<a href=\"https:\/\/uenf.br\/posgraduacao\/setimp\/wp-content\/uploads\/sites\/21\/2026\/01\/PASSO-A-PASSO-RADAR-PF-2.pdf\">Ver passo a passo &#8211; neste anexo<\/a>)<\/div>\n<div><\/div>\n<div>Favor cadastrar os despachantes:<\/div>\n<div>LUIS ANTONIO COSTA, \u00a0CPF 086.578.108-75<\/div>\n<div>EZEQUIAS PINHEIRO, \u00a0CPF 210.514.978-25<\/div>\n<div>ALEXANDRE JOS\u00c9 GARANHANI, CPF: 182.126.128-30<\/div>\n<div>LUCIANO COSTA CPF:181.205.818-19<\/div>\n<div>THEMISTOCLS DA SILVA PEREIRA CPF:187.133.758-57<\/div>\n<div><\/div>\n<div>No decorrer do processo, caso seja necess\u00e1rio algum outro documento solicitado pela Receita Federal, o pesquisador ser\u00e1 informado.<\/div>\n<div><b>Assim que forem recebidos\u00a0 todos os documentos, ser\u00e1 enviado o valor para pagamento, e logo que o\u00a0 financeiro identificar o cr\u00e9dito, o sistema \u00e9 liberado para inicio do processo com a Receita Federal.<\/b><\/div>\n<div><\/div>\n<div><span style=\"color: #ff0000\"><strong>Para os pagamentos a FEDEX aceita somente por transferencia bancaria.<\/strong><\/span><\/div>\n<div>\n<div><strong><span style=\"color: #ff0000\">Caso a mercadoria for usada, favor informar a FEDEX, pois h\u00e1 restri\u00e7\u00e3o para libera\u00e7\u00e3o de produto usado.<\/span><\/strong><\/div>\n<div><\/div>\n<div>\n<div>Qualquer d\u00favida entrar em contato com:<\/div>\n<div><b>Ira\u00ea Oliveira | Customs Agent |\u00a0<\/b>FedEx Express<b>\u00a0|\u00a0<\/b>Office 55.3003.3339\u00a0<b>|\u00a0<\/b>Int&#8217;l Viracopos Airport | Access Highway Santos Dumont, KM 11,5 | Campinas, SP 13051970 BR \u00a0|\u00a0<a href=\"http:\/\/fedex.com\/\" target=\"_blank\" rel=\"noopener\" data-saferedirecturl=\"https:\/\/www.google.com\/url?q=http:\/\/fedex.com&amp;source=gmail&amp;ust=1768913429698000&amp;usg=AOvVaw3VksrAKMSmZxw8BSXN7F8V\">fedex.com<\/a> &#8211; email: <b><i><span style=\"color: #ff0000\">vcp.brokerage.imp@corp.ds.fedex.com<\/span><\/i><\/b><\/div>\n<\/div>\n<\/div>\n","protected":false},"excerpt":{"rendered":"<p>Caso o envio da mercadoria ocorra via FEDEX o pesquisador poder\u00e1 utilizar o servi\u00e7o de despacho aduaneiro oferecido pela empresa&#8230;.<\/p>\n","protected":false},"author":54,"featured_media":0,"parent":1084,"menu_order":1,"comment_status":"closed","ping_status":"closed","template":"","meta":{"footnotes":""},"class_list":["post-1095","page","type-page","status-publish","hentry"],"_links":{"self":[{"href":"https:\/\/uenf.br\/posgraduacao\/setimp\/wp-json\/wp\/v2\/pages\/1095","targetHints":{"allow":["GET"]}}],"collection":[{"href":"https:\/\/uenf.br\/posgraduacao\/setimp\/wp-json\/wp\/v2\/pages"}],"about":[{"href":"https:\/\/uenf.br\/posgraduacao\/setimp\/wp-json\/wp\/v2\/types\/page"}],"author":[{"embeddable":true,"href":"https:\/\/uenf.br\/posgraduacao\/setimp\/wp-json\/wp\/v2\/users\/54"}],"replies":[{"embeddable":true,"href":"https:\/\/uenf.br\/posgraduacao\/setimp\/wp-json\/wp\/v2\/comments?post=1095"}],"version-history":[{"count":0,"href":"https:\/\/uenf.br\/posgraduacao\/setimp\/wp-json\/wp\/v2\/pages\/1095\/revisions"}],"up":[{"embeddable":true,"href":"https:\/\/uenf.br\/posgraduacao\/setimp\/wp-json\/wp\/v2\/pages\/1084"}],"wp:attachment":[{"href":"https:\/\/uenf.br\/posgraduacao\/setimp\/wp-json\/wp\/v2\/media?parent=1095"}],"curies":[{"name":"wp","href":"https:\/\/api.w.org\/{rel}","templated":true}]}}