{"id":1122,"date":"2026-02-02T11:34:07","date_gmt":"2026-02-02T14:34:07","guid":{"rendered":"https:\/\/uenf.br\/posgraduacao\/setimp\/?page_id=1122"},"modified":"2026-02-02T12:33:32","modified_gmt":"2026-02-02T15:33:32","slug":"instrucoes-a-serem-seguidas-pelo-pesquisador","status":"publish","type":"page","link":"https:\/\/uenf.br\/posgraduacao\/setimp\/procedimento-para-importacao-pela-universidade-e-pagamento-pelo-pesquisador\/instrucoes-a-serem-seguidas-pelo-pesquisador\/","title":{"rendered":"Instru\u00e7\u00f5es a serem seguidas pelo pesquisador"},"content":{"rendered":"<p>A partir de\u00a0 janeiro de 2026 o procedimento para importa\u00e7\u00e3o pela lei 8010\/90 com anu\u00eancia do CNPq passaram a ser feitos por meio do Portal \u00danico Siscomex!<\/p>\n<p><strong>SIGA OS PASSOS A SEGUIR:<\/strong><\/p>\n<p><strong>1 &#8211; Solicite a Proforma Invoice junto ao fornecedor<\/strong><\/p>\n<p><a href=\"https:\/\/uenf.br\/posgraduacao\/setimp\/wp-content\/uploads\/sites\/21\/2026\/02\/Modelo-de-solicitac\u0327a\u0303o-de-Invoice-importac\u0327a\u0303o-pela-UENF-1.docx\" target=\"_blank\" rel=\"noopener\">Utilize este Modelo de solicita\u00e7\u00e3o de Invoice em nome da Universidade<\/a><\/p>\n<p><strong>2 &#8211; Abertura de processo no SEI-Interno para solicita\u00e7\u00e3o dos servi\u00e7os do SETIMP-UENF<\/strong><\/p>\n<p><strong>a)<\/strong> Acessar o SEI-RJ de sua unidade e iniciar um processo<\/p>\n<p><strong>Tipo:<\/strong> Administrativo: elabora\u00e7\u00e3o de correspond\u00eancia interna<br \/>\n<strong>Especifica\u00e7\u00e3o:<\/strong> Solicita\u00e7\u00e3o de servi\u00e7os de\u00a0 Importa\u00e7\u00e3o da UENF com recursos pr\u00f3prios de projeto do pesquisador<br \/>\n<strong>Interessados:<\/strong> UENF\/SETIMP<br \/>\n<strong>N\u00edvel de acesso:<\/strong> p\u00fablico<\/p>\n<p><strong>b)<\/strong> Elaborar correspond\u00eancia interna (NA)<\/p>\n<p><strong>Assunto:<\/strong> Solicita\u00e7\u00e3o de servi\u00e7os de\u00a0 Importa\u00e7\u00e3o da UENF com recursos pr\u00f3prios de projeto do pesquisador<\/p>\n<p><strong>Texto:<\/strong>\u00a0 &#8220;Com o intuito de viabilizar a execu\u00e7\u00e3o dos objetivos do projeto intitulado (<span style=\"color: #ff0000\">NOME DO PROJETO &#8211; EDITAL &#8211; N\u00daMERO DO PROCESSO<\/span>), Concedido pela (<span style=\"color: #ff0000\">FONTE DE FOMENTO<\/span>), do qual dou coordenador, venho por meio desta solicitar os servi\u00e7os do setor de importa\u00e7\u00e3o da UENF (SETIMOP\/UENF)\u00a0 para proceder a aquisi\u00e7\u00e3o de (<span style=\"color: #ff0000\">ESPECIFICAR O QUE SER\u00c1 ADQUIRIDO POR MEIO DA IMPORTA\u00c7\u00c3O E DE ACORDO COM O QUE CONTA NO PROJETO APROVADO<\/span>) no valor de (<span style=\"color: #ff0000\">VALOR NA MOEDA NEGOCIADA E DE ACORDO COM A PROFORMA INVOICE<\/span>).\u00a0 Esta solicita\u00e7\u00e3o tem por objetivo permitir a aquisi\u00e7\u00e3o via importa\u00e7\u00e3o\u00a0 utilizando o credenciamento institucional\u00a0 da UENF junto ao CNPq e SEFAZ-RJ com os benef\u00edcios concedidos pela Lei 8010\/90, possibilitando assim grande economia de recursos obtidos para a pesquisa.\u00a0 \u00a0As despesas referentes ao processo de importa\u00e7\u00e3o ser\u00e3o efetivadas utilizando os recursos destinados ao projeto pela fonte de fomento, incluindo tamb\u00e9m as despesas acess\u00f3rias de importa\u00e7\u00e3o. Em Anexo\u00a0 encaminho a\u00a0 Proforma Invoice contendo todas as informa\u00e7\u00f5es conforme recomenda\u00e7\u00f5es do SETIMP\/UENF, o projeto aprovado pelo \u00f3rg\u00e3o de fomento e o respectivo termo de outorga.\u00a0 (ANEXAR OUTROS DOCUMENTOS CASO JULGUE NECESS\u00c1RIO)<\/p>\n<p>Atenciosamente,&#8221;<\/p>\n<p><span style=\"color: #ff0000\">(assinar pelo SEI)<\/span><\/p>\n<p><strong>3 &#8211; O SETIMP\/UENF <\/strong>\u00a0ap\u00f3s analisar a solicita\u00e7\u00e3o encaminhar\u00e1 resposta no processo informando todos os passos a serem seguidos e fazendo uma estimativa dos custos para as despesas acess\u00f3rias.\u00a0 Tamb\u00e9m ser\u00e3o informada ao pesquisador os dados de conta corrente em nome da UENF para recebimento dos recursos visando o fechamento do contrato de c\u00e2mbio referente a aquisi\u00e7\u00e3o e dar\u00e1 inicio as opera\u00e7\u00f5es no Portal \u00danico Siscomex e quando for o momento adequado enviar\u00e1 ao pesquisador as respectivas cobran\u00e7as e comprovantes das despesas acess\u00f3rias de importa\u00e7\u00e3o para pagamento direto por meio de seu projeto de pesquisa.\u00a0 Abaixo informa\u00e7\u00f5es gerais sobre\u00a0 custos de despesas acess\u00f3rias de importa\u00e7\u00f5es realizadas pela UENF em 2025.<\/p>\n<p><strong><span style=\"color: #3366ff\">Custos percentuais m\u00e9dios em 2025 vari\u00e1veis de acordo com o valor do equipamento, n\u00famero de volumes e peso da carga (sobre o valor do equipamento):<\/span><\/strong><\/p>\n<p><span style=\"color: #000000\"><strong>a)<\/strong> M\u00e9dia % sobre valor do equipamento para transporte a\u00e9reo de seguro internacional em 2025\u00a0 = 2,75% (Min. = 0,73% e Max = 8,98%) &#8211; Este % depende do n\u00famero de volumes, peso e valor da carga e situa\u00e7\u00f5es especiais para o transporte.<\/span><\/p>\n<p><span style=\"color: #000000\"><strong>b)<\/strong> M\u00e9dia % do custo de transporte do Rio-Gale\u00e3o at\u00e9 Campos dos Goytacazes-UENF em 2025 = 0,52% (Min. = 0,21%\u00a0 e Max. = 0,34%)<\/span><\/p>\n<p><strong>c)<\/strong>\u00a0 M\u00e9dia % custo de armazenagem em 2025 = 1,80% (Min. 044% e Max. 3,61%<\/p>\n<p><span style=\"color: #ff0000\"><strong>M\u00e9dia custos % em 2025 = 5,73% incluindo os custos fixos.\u00a0 Aten\u00e7\u00e3o:\u00a0 Dependendo do valor do item a ser importado o % somente com os valores fixos pode ultrapassar 100%!!!!\u00a0 Ent\u00e3o tenha cuidado ao estimnar seus custos levando sempre em considera\u00e7\u00e3o os custos fixos!!!<\/strong><\/span><\/p>\n<p><span style=\"color: #3366ff\"><strong>Custos operacionais fixos em 2025:<\/strong><\/span><\/p>\n<p><strong>a)<\/strong> Taxa SISCOMEX = R$ 154,23<\/p>\n<p><strong>b)<\/strong> Custo Servi\u00e7os de desconsolida\u00e7\u00e3o (quando necess\u00e1rio pois depende do agente) = de R$ 599,74 a R$ 2.111.90<\/p>\n<p><strong>c)\u00a0<\/strong> Custo m\u00e9dio servi\u00e7os de desembara\u00e7o aduaneiro em 2025 = R$ 1.987,08<\/p>\n<p>M\u00e9dia de custos fixos = R$ 4.855,95 (sendo o custo mais baixo em 2025 de\u00a0 R$ 1.654,23 (sem desconsolida\u00e7\u00e3o)<\/p>\n","protected":false},"excerpt":{"rendered":"<p>A partir de\u00a0 janeiro de 2026 o procedimento para importa\u00e7\u00e3o pela lei 8010\/90 com anu\u00eancia do CNPq passaram a ser&#8230;<\/p>\n","protected":false},"author":54,"featured_media":0,"parent":677,"menu_order":0,"comment_status":"closed","ping_status":"closed","template":"","meta":{"footnotes":""},"class_list":["post-1122","page","type-page","status-publish","hentry"],"_links":{"self":[{"href":"https:\/\/uenf.br\/posgraduacao\/setimp\/wp-json\/wp\/v2\/pages\/1122","targetHints":{"allow":["GET"]}}],"collection":[{"href":"https:\/\/uenf.br\/posgraduacao\/setimp\/wp-json\/wp\/v2\/pages"}],"about":[{"href":"https:\/\/uenf.br\/posgraduacao\/setimp\/wp-json\/wp\/v2\/types\/page"}],"author":[{"embeddable":true,"href":"https:\/\/uenf.br\/posgraduacao\/setimp\/wp-json\/wp\/v2\/users\/54"}],"replies":[{"embeddable":true,"href":"https:\/\/uenf.br\/posgraduacao\/setimp\/wp-json\/wp\/v2\/comments?post=1122"}],"version-history":[{"count":0,"href":"https:\/\/uenf.br\/posgraduacao\/setimp\/wp-json\/wp\/v2\/pages\/1122\/revisions"}],"up":[{"embeddable":true,"href":"https:\/\/uenf.br\/posgraduacao\/setimp\/wp-json\/wp\/v2\/pages\/677"}],"wp:attachment":[{"href":"https:\/\/uenf.br\/posgraduacao\/setimp\/wp-json\/wp\/v2\/media?parent=1122"}],"curies":[{"name":"wp","href":"https:\/\/api.w.org\/{rel}","templated":true}]}}