{"id":451,"date":"2024-03-16T12:15:21","date_gmt":"2024-03-16T15:15:21","guid":{"rendered":"https:\/\/uenf.br\/posgraduacao\/setimp\/?page_id=451"},"modified":"2026-01-17T08:19:10","modified_gmt":"2026-01-17T11:19:10","slug":"obtendo-um-certificado-digital","status":"publish","type":"page","link":"https:\/\/uenf.br\/posgraduacao\/setimp\/ckeck-list-para-iniciar-um-processo-de-importacao\/obtendo-um-certificado-digital\/","title":{"rendered":"Obtendo um certificado digital"},"content":{"rendered":"<h3 style=\"text-align: left\"><span style=\"color: #ff0000\"><strong>\u00c9 necess\u00e1rio possui certificado digital para importa\u00e7\u00e3o para a pesquisa?<\/strong><\/span><\/h3>\n<p style=\"text-align: justify\"><span style=\"color: #000000\">Se o pesquisador vai proceder a importa\u00e7\u00e3o direta em seu nome e se responsabilizar por todos os passos do processo, <strong><span style=\"color: #ff0000\">pode<\/span><\/strong> <strong><span style=\"color: #ff0000\">ser necess\u00e1rio o uso de certificado digital<\/span><\/strong> para acessar alguns dos servi\u00e7os do SISCOMEX (Sistema de Comercio Exterior) embora muitos destes servi\u00e7os j\u00e1 estejam utilizando a certifica\u00e7\u00e3o pelo GOV.BR.\u00a0 Verifique nos passos seguintes se haver\u00e1 ainda a exig\u00eancia de um certificado digital para alguma fun\u00e7\u00e3o especifica.\u00a0 \u00a0<\/span><\/p>\n<p style=\"text-align: justify\"><span style=\"color: #000000\">Se o pesquisador vai realizar a importa\u00e7\u00e3o pela Universidade, por meio de uma Funda\u00e7\u00e3o de Apoio ou Empresa contratada <span style=\"color: #ff0000\"><strong>n\u00e3o ser\u00e1 necess\u00e1rio possuir um certificado digital<\/strong><\/span>. Caso seja necess\u00e1rio, deve ser utilizado o certificado\u00a0 e-CPF, podendo ser no modelo A1 \u2013 instalado na m\u00e1quina -, ou o A3 \u2013 cart\u00e3o ou token.\u00a0 <\/span><\/p>\n<p style=\"text-align: justify\"><span style=\"color: #000000\">Para a Universidade, o certificado deve ser\u00a0 emitido em\u00a0 nome do respons\u00e1vel legal\u00a0 (Reitor (s) ou procurador indicado no e-CAC).\u00a0 A partir de janeiro de 2026, com a completa migra\u00e7\u00e3o de todos os m\u00f3dulos SISCOMEX (Sistema Integrado de Com\u00e9rcio Exterior) em opera\u00e7\u00e3o para o portal \u00fanico SISCOMEX, o acesso j\u00e1 pode feito pelo credenciamento via\u00a0 GOV.BR mas institucionalmente ainda poder\u00e1 ser necess\u00e1rio\u00a0 usar o certificado emitido por uma certificadora para algumas fun\u00e7\u00f5es.\u00a0 Para a Universidade \u00e9 necess\u00e1rio tamb\u00e9m possuir o e-CNPJ que possibilita acesso a Receita Federal para cadastramento inicial do respons\u00e1vel legal e operadores do sistema.<br \/>\n<\/span><\/p>\n<h3 style=\"text-align: left\"><span style=\"color: #ff0000\"><strong>O que \u00e9 e para que serve um Certificado Digital?<\/strong><\/span><\/h3>\n<p style=\"text-align: justify\"><span style=\"color: #000000\">Um certificado digital \u00e9 um arquivo eletr\u00f4nico que serve para autenticar a identidade de uma pessoa, empresa ou dispositivo em ambientes virtuais. Ele \u00e9 usado principalmente para garantir a seguran\u00e7a e a integridade das comunica\u00e7\u00f5es e transa\u00e7\u00f5es realizadas na internet. Ele funciona como se fosse uma Carteira de Identidade virtual de pessoas e de empresas, utilizada para assinar e autenticar opera\u00e7\u00f5es, como, por exemplo, emiss\u00e3o de notas fiscais, acesso a receita federal e outros servi\u00e7os do governo, etc<\/span><\/p>\n<p style=\"text-align: justify\"><span style=\"color: #0000ff\"><strong>Infraestrutura de Chaves P\u00fablicas Brasileira (ICP-Brasil)<\/strong> <\/span>&#8211; <span style=\"color: #000000\">\u00e9 uma cadeia hier\u00e1rquica de confian\u00e7a que viabiliza a emiss\u00e3o de certificados digitais para identifica\u00e7\u00e3o virtual do cidad\u00e3o.\u00a0 O modelo adotado pelo Brasil foi o de certifica\u00e7\u00e3o com raiz \u00fanica, sendo que o ITI (Instituto Nacional de Tecnologia da Informa\u00e7\u00e3o), al\u00e9m de desempenhar o papel de Autoridade Certificadora Raiz (AC-Raiz), tamb\u00e9m tem o papel de credenciar e descredenciar os demais participantes da cadeia, supervisionar e fazer auditoria dos processos.<\/span><\/p>\n<p style=\"text-align: justify\"><span style=\"color: #000000\"><span style=\"color: #0000ff\"><strong>Autoridade de Certifica\u00e7\u00e3o (AC):<\/strong><\/span> Uma AC \u00e9 uma entidade confi\u00e1vel que emite certificados digitais ap\u00f3s verificar a identidade do titular. Ela tamb\u00e9m \u00e9 respons\u00e1vel por revogar certificados em caso de perda ou comprometimento das chaves privadas.<\/span><\/p>\n<p style=\"text-align: justify\"><span style=\"color: #0000ff\"><strong>Agente de Registro:<\/strong><\/span> <span style=\"color: #000000\">O certificado \u00e9 emitido por um <strong>agente de registro<\/strong>, o profissional ou empresa encarregada de realizar a coleta de dados biom\u00e9tricos do respons\u00e1vel legal do t\u00edtulo em nome da Autoridade de Certifica\u00e7\u00e3o.<\/span><\/p>\n<p style=\"text-align: justify\"><span style=\"color: #000000\"><span style=\"color: #0000ff\"><strong>Assinatura digital:<\/strong><\/span> Um certificado digital permite que o titular assine digitalmente documentos, e-mails e transa\u00e7\u00f5es online. Isso garante a autenticidade do remetente e a integridade do conte\u00fado, uma vez que qualquer altera\u00e7\u00e3o no documento ap\u00f3s a assinatura tornaria a assinatura inv\u00e1lida.<\/span><\/p>\n<h3 style=\"text-align: justify\"><strong><span style=\"color: #ff0000\">Quais os principais tipos de certificado digital?<\/span><\/strong><\/h3>\n<ul style=\"text-align: justify\">\n<li><span style=\"color: #000000\"><strong>Certificados grupo A:<\/strong> S\u00e3o aqueles que servem para assinaturas digitais;<\/span><\/li>\n<li><span style=\"color: #000000\"><strong>Certificados grupos S e T: <\/strong>Voltados principalmente para a prote\u00e7\u00e3o de informa\u00e7\u00f5es, apenas aqueles autorizados conseguem ter acesso a elas;<\/span><\/li>\n<li><span style=\"color: #000000\"><strong>Certificados grupo A CF-e-SAT: <\/strong>S\u00e3o aqueles que s\u00e3o emitidos para todos os equipamentos do Sistema de Autentica\u00e7\u00e3o e Transmiss\u00e3o do Cupom Fiscal Eletr\u00f4nico \u2013 SAT \u2013 CF -e;<\/span><\/li>\n<li><span style=\"color: #000000\"><strong>Certificados grupo OM-BR: <\/strong>Exclusivo para equipamentos metrol\u00f3gicos que s\u00e3o regulados pelo Inmetro.<\/span><\/li>\n<\/ul>\n<h3 style=\"text-align: justify\"><strong><span style=\"color: #ff0000\">Qual tipo de certificado digital devo escolher caso queira utiliz\u00e1-lo na importa\u00e7\u00e3o para a pesquisa?<\/span><\/strong><\/h3>\n<p style=\"text-align: justify\"><span style=\"color: #000000\"><span style=\"color: #0000ff\"><strong>A1 (Arquivo) <\/strong><\/span>&#8211; Esse modelo funciona a partir da instala\u00e7\u00e3o de um software <span style=\"color: #0000ff\"><strong>diretamente no computador do usu\u00e1rio<\/strong><\/span>, onde ser\u00e1 gerada a chave criptogr\u00e1fica. Como ele est\u00e1 instalado diretamente em seu computador, ele se torna r\u00e1pido e \u00e1gil para ser utilizado, al\u00e9m de poder ser desativado a qualquer momento caso deseje. O seu contrato tem uma dura\u00e7\u00e3o razoavelmente curta, de apenas um ano, precisando ser revisado ao fim desse per\u00edodo.\u00a0 Por ser instalado em u computador, s\u00f3 pode ser acessado a partir dele.<br \/>\n<\/span><\/p>\n<p style=\"text-align: justify\"><span style=\"color: #000000\"><strong><span style=\"color: #0000ff\">A3 (Token USB ou cart\u00f5es com CHIP)<\/span> <\/strong>&#8211; Esse modelo funciona a partir da instala\u00e7\u00e3o de um software em um<span style=\"color: #0000ff\"><strong> TOKEN USB ou em um Cart\u00e3o com CHIP<\/strong><\/span>, onde ser\u00e1 gerada a chave criptogr\u00e1fica. Como ele est\u00e1 instalado diretamente em seu computador, ele se torna r\u00e1pido e \u00e1gil para ser utilizado, al\u00e9m de poder ser desativado a qualquer momento caso deseje. O seu contrato tem uma dura\u00e7\u00e3o razoavelmente curta, de apenas um ano, precisando ser revisado ao fim desse per\u00edodo.\u00a0 Por ser instalado em um dispositivo externo, pode ser utilizado em v\u00e1rios locais e computadores.<\/span><\/p>\n<h3 style=\"text-align: justify\"><strong><span style=\"color: #ff0000\">Como obter o seu certificado digital?<\/span><\/strong><\/h3>\n<p style=\"text-align: justify\"><strong><span style=\"color: #0000ff\">1 &#8211; Escolha a Autoridade Certificadora &#8211;<\/span><\/strong> <span style=\"color: #000000\">Existem v\u00e1rias autoridades certificadoras que oferecem o servi\u00e7o portanto, a sua escolha vai depender do tipo, pre\u00e7o, facilidade de acesso para obten\u00e7\u00e3o, etc.\u00a0 Para escolher uma autoridade certificadora voc\u00ea pode consultar a lista de<\/span> <strong><span style=\"color: #0000ff\"><a style=\"color: #0000ff\" href=\"https:\/\/www.gov.br\/iti\/pt-br\/assuntos\/repositorio\/cadeias-da-icp-brasil\" target=\"_blank\" rel=\"noopener\">Certificadoras Credenciadas na ICP-Brasi<\/a>l<\/span><\/strong>.<\/p>\n<p style=\"text-align: justify\"><span style=\"color: #000000\"><strong><span style=\"color: #0000ff\">2 &#8211; Selecione o certificado adequado<\/span> &#8211;<\/strong> Voc\u00ea pode escolher um dos certificados tipo A (A1 (arquivo no computador) ou A3 (arquivo em pen drive ou cart\u00e3o).<br \/>\n<\/span><\/p>\n<p style=\"text-align: justify\"><span style=\"color: #0000ff\"><strong>3 &#8211; Escolha um Agente de Registro e agende a entrega dos documentos &#8211;<\/strong><\/span> <span style=\"color: #000000\">A Autoridade de Certifica\u00e7\u00e3o (AC) disponibiliza diversos <strong><span style=\"color: #0000ff\">Agentes de Registro <\/span><\/strong>credenciados\u00a0 e voc\u00ea pode escolher o mais pr\u00f3ximo a sua resid\u00eancia u o\u00a0 mais conveniente.<\/span><\/p>\n<p style=\"text-align: justify\"><span style=\"color: #0000ff\"><strong>4 &#8211; Entregue os documentos no Agente de Registro &#8211;<\/strong><\/span> <span style=\"color: #000000\">Dependendo se o certificado estiver sendo emitido para o pesquisador ou para o representante institucional, a documenta\u00e7\u00e3o pode variar.\u00a0 veja a lista exigida pela Autoridade Certificadora e fa\u00e7a a entrega no agente de Registro.\u00a0\u00a0 Para a Universidade ser\u00e3o exigidos<\/span><\/p>\n<ul>\n<li><span style=\"color: #000000\">Documentos pessoais dos representantes legais da empresa (RG e CPF);<\/span><\/li>\n<li><span style=\"color: #000000\">Cart\u00e3o do CNPJ impresso;<\/span><\/li>\n<li><span style=\"color: #000000\">Documento de cria\u00e7\u00e3o da Universidade (ato de cria\u00e7\u00e3o, estatuto, etc)<\/span><\/li>\n<li><span style=\"color: #000000\">Documentos comprovando a representa\u00e7\u00e3o (nomea\u00e7\u00e3o Reitor (a) ou respons\u00e1vel indicado;<\/span><\/li>\n<\/ul>\n<p style=\"text-align: justify\"><span style=\"color: #0000ff\"><strong>5 &#8211; Agende um dia para valida\u00e7\u00e3o &#8211;<\/strong><\/span> <span style=\"color: #000000\">Comparecimento presencial, obrigat\u00f3rio, que \u00e9 necess\u00e1rio para que a compra do certificado digital possa ser conclu\u00edda.\u00a0 Ser\u00e1 feito tamb\u00e9m um cadastro biom\u00e9trico, e ser\u00e1\u00a0 necess\u00e1rio assinar alguns documentos.<\/span><\/p>\n<p style=\"text-align: justify\"><span style=\"color: #0000ff\"><strong>6 &#8211; Retire ou aguarde a entrega do certificado &#8211;<\/strong><\/span> <span style=\"color: #000000\">dependendo da certificadora este processo pode variar.\u00a0 No caso de certificados A1 ser\u00e1 enviado um link para a instala\u00e7\u00e3o do certificado no computador.\u00a0 No caso de Certificados A3 deve ser retirado o pen-drive ou o cart\u00e3o com o certificado.<\/span><\/p>\n<p><span style=\"color: #0000ff\"><strong>PRONTO PARA O PR\u00d3XIMO PASSO?<\/strong><\/span><\/p>\n<p><span style=\"color: #000000\">Acesse o fluxograma &#8220;<span style=\"color: #0000ff\"><strong><a href=\"https:\/\/uenf.br\/posgraduacao\/setimp\/ckeck-list-para-iniciar-um-processo-de-importacao\/\" target=\"_blank\" rel=\"noopener\">Check list para iniciar um processo de importa\u00e7\u00e3o<\/a><\/strong><\/span>&#8221; e siga adiante<\/span><\/p>\n","protected":false},"excerpt":{"rendered":"<p>\u00c9 necess\u00e1rio possui certificado digital para importa\u00e7\u00e3o para a pesquisa? Se o pesquisador vai proceder a importa\u00e7\u00e3o direta em seu&#8230;<\/p>\n","protected":false},"author":54,"featured_media":0,"parent":255,"menu_order":0,"comment_status":"closed","ping_status":"closed","template":"","meta":{"footnotes":""},"class_list":["post-451","page","type-page","status-publish","hentry"],"_links":{"self":[{"href":"https:\/\/uenf.br\/posgraduacao\/setimp\/wp-json\/wp\/v2\/pages\/451","targetHints":{"allow":["GET"]}}],"collection":[{"href":"https:\/\/uenf.br\/posgraduacao\/setimp\/wp-json\/wp\/v2\/pages"}],"about":[{"href":"https:\/\/uenf.br\/posgraduacao\/setimp\/wp-json\/wp\/v2\/types\/page"}],"author":[{"embeddable":true,"href":"https:\/\/uenf.br\/posgraduacao\/setimp\/wp-json\/wp\/v2\/users\/54"}],"replies":[{"embeddable":true,"href":"https:\/\/uenf.br\/posgraduacao\/setimp\/wp-json\/wp\/v2\/comments?post=451"}],"version-history":[{"count":0,"href":"https:\/\/uenf.br\/posgraduacao\/setimp\/wp-json\/wp\/v2\/pages\/451\/revisions"}],"up":[{"embeddable":true,"href":"https:\/\/uenf.br\/posgraduacao\/setimp\/wp-json\/wp\/v2\/pages\/255"}],"wp:attachment":[{"href":"https:\/\/uenf.br\/posgraduacao\/setimp\/wp-json\/wp\/v2\/media?parent=451"}],"curies":[{"name":"wp","href":"https:\/\/api.w.org\/{rel}","templated":true}]}}