{"id":46,"date":"2024-03-14T11:32:54","date_gmt":"2024-03-14T14:32:54","guid":{"rendered":"https:\/\/uenf.br\/posgraduacao\/setimp\/?page_id=46"},"modified":"2026-03-15T17:27:45","modified_gmt":"2026-03-15T20:27:45","slug":"importacao-no-brasil","status":"publish","type":"page","link":"https:\/\/uenf.br\/posgraduacao\/setimp\/primeiros-passos-para-importar\/importacao-no-brasil\/","title":{"rendered":"Importa\u00e7\u00e3o no Brasil"},"content":{"rendered":"<p><span style=\"color: #ff0000\"><strong>EXISTEM 3 MODALIDADES DE\u00a0 IMPORTA\u00c7\u00c3O NO BRASIL: <\/strong><span style=\"color: #000000\"><strong>Importa\u00e7\u00e3o por conta Pr\u00f3pria:<\/strong> a pessoa f\u00edsica ou jur\u00eddica importa com recursos pr\u00f3prios para estoque ou uso pr\u00f3prio. <strong>Importa\u00e7\u00e3o por <\/strong><\/span><span style=\"color: #000000\"><strong>Conta e Ordem de Terceiros:<\/strong> uma empresa presta servi\u00e7os de importa\u00e7\u00e3o para uma pessoa f\u00edsica ou jur\u00eddica e <strong>Importa\u00e7\u00e3o por <\/strong><\/span><span style=\"color: #000000\"><strong>Encomenda:<\/strong> Uma empresa importa com recursos pr\u00f3prios para revender a um encomendante pr\u00e9-determinado.<\/span><\/span><\/p>\n<p><span style=\"color: #000000\"><span style=\"color: #ff0000\"><strong>1. Importa\u00e7\u00e3o por conta pr\u00f3pria:<\/strong> <\/span>Importar por conta pr\u00f3pria no Brasil (importa\u00e7\u00e3o direta) significa que a Pessoa F\u00edsica (CPF) ou Jur\u00eddica (CNPJ), realiza todo o processo de compra, pagamento e desembara\u00e7o aduaneiro sem intermedi\u00e1rios.\u00a0 A legisla\u00e7\u00e3o brasileira, principalmente atrav\u00e9s do Regulamento Aduaneiro <strong><a href=\"https:\/\/www.planalto.gov.br\/ccivil_03\/_ato2007-2010\/2009\/decreto\/d6759.htm\" target=\"_blank\" rel=\"noopener\"><span style=\"color: #0000ff\">(Decreto n\u00ba 6.759\/2009)<\/span><\/a><\/strong> e normas da Receita Federal <strong><span style=\"color: #0000ff\"><a style=\"color: #0000ff\" href=\"https:\/\/www.in.gov.br\/en\/web\/dou\/-\/instrucao-normativa-n-1.937-de-15-de-abril-de-2020-252573863\" target=\"_blank\" rel=\"noopener\">(IN 1.937\/2020)<\/a><\/span>,<\/strong> rege essas opera\u00e7\u00f5es. <\/span><\/p>\n<p style=\"padding-left: 40px\"><span style=\"color: #ff0000\"><strong>1.1 Importa\u00e7\u00e3o por Pessoa F\u00edsica (CPF) &#8211; Uso Pr\u00f3prio<\/strong><\/span><\/p>\n<p style=\"padding-left: 80px\"><span style=\"color: #000000\"><strong>Finalidade:<\/strong> Apenas para uso pessoal, sem fins comerciais ou de revenda.<\/span><br \/>\n<span style=\"color: #000000\">Regime de Tributa\u00e7\u00e3o Simplificada (RTS): Importa\u00e7\u00f5es at\u00e9 US$ 3.000,00 por opera\u00e7\u00e3o podem utilizar o RTS.<\/span><br \/>\n<strong><span style=\"color: #000000\">Tributa\u00e7\u00e3o (Remessa Conforme):<\/span><\/strong><br \/>\n<span style=\"color: #000000\"><strong>At\u00e9 US$ 50:<\/strong> Geralmente isento de Imposto de Importa\u00e7\u00e3o, sujeito apenas a ICMS (dependendo da ades\u00e3o da empresa ao programa Remessa Conforme).<\/span><br \/>\n<span style=\"color: #000000\"><strong>Acima de US$ 50:<\/strong> 60% de Imposto de Importa\u00e7\u00e3o + ICMS (geralmente 17%) sobre o valor total (produto + frete + seguro).<\/span><br \/>\n<span style=\"color: #000000\"><strong>Documenta\u00e7\u00e3o:<\/strong> CPF regular, registro no site dos Correios (&#8220;Minhas Importa\u00e7\u00f5es&#8221;) para acompanhar e pagar tributos.<\/span><br \/>\n<span style=\"color: #000000\">Limita\u00e7\u00f5es: Alguns produtos exigem anu\u00eancia de \u00f3rg\u00e3os como a ANVISA (medicamentos).<\/span><\/p>\n<p>A <b><span style=\"color: #ff0000\">pessoa f\u00edsica<\/span> <\/b>que atuar como <span style=\"color: #ff0000\"><strong>adquirente de mercadoria importada<\/strong><\/span> por <span style=\"color: #ff0000\"><strong>sua conta e ordem<\/strong><\/span> poder\u00e1 realizar opera\u00e7\u00f5es de com\u00e9rcio exterior somente para os fins previstos no \u00a7 3\u00ba do art. 4\u00ba da <a href=\"http:\/\/normas.receita.fazenda.gov.br\/sijut2consulta\/link.action?idAto=113361#2199905\" target=\"_blank\" rel=\"noopener\"><strong>Instru\u00e7\u00e3o Normativa RFB n\u00ba 1.984, de 27 de outubro de 2020<\/strong><\/a> (Disp\u00f5e sobre a habilita\u00e7\u00e3o de declarantes de mercadorias para atuarem no com\u00e9rcio exterior e de pessoas f\u00edsicas respons\u00e1veis pela pr\u00e1tica de atos nos sistemas de com\u00e9rcio exterior em seu nome, bem como sobre o credenciamento de seus representantes para a pr\u00e1tica de atividades relacionadas ao despacho aduaneiro de mercadorias e dos demais usu\u00e1rios dos sistemas de com\u00e9rcio exterior que atuam em seu nome)<\/p>\n<div class=\"divSegmentos inciso\"><img loading=\"lazy\" decoding=\"async\" class=\"wp-image-271 aligncenter\" src=\"https:\/\/uenf.br\/posgraduacao\/setimp\/wp-content\/uploads\/sites\/21\/2024\/03\/imagem-2-1.jpg\" alt=\"\" width=\"615\" height=\"236\" srcset=\"https:\/\/uenf.br\/posgraduacao\/setimp\/wp-content\/uploads\/sites\/21\/2024\/03\/imagem-2-1.jpg 1011w, https:\/\/uenf.br\/posgraduacao\/setimp\/wp-content\/uploads\/sites\/21\/2024\/03\/imagem-2-1-300x115.jpg 300w, https:\/\/uenf.br\/posgraduacao\/setimp\/wp-content\/uploads\/sites\/21\/2024\/03\/imagem-2-1-768x295.jpg 768w\" sizes=\"auto, (max-width: 615px) 100vw, 615px\" \/><\/div>\n<div role=\"heading\" data-animation-nesting=\"\" data-sfc-cp=\"\" data-sfc-cb=\"\" data-processed=\"true\"><\/div>\n<div class=\"otQkpb\" style=\"padding-left: 40px\" role=\"heading\" data-animation-nesting=\"\" data-sfc-cp=\"\" data-sfc-cb=\"\" data-processed=\"true\"><strong><span style=\"color: #ff0000\">1.2 Importa\u00e7\u00e3o por Pessoa Jur\u00eddica (CNPJ) &#8211; Conta Pr\u00f3pria<\/span><\/strong><\/div>\n<ul>\n<li style=\"list-style-type: none\">\n<ul class=\"KsbFXc U6u95\" data-sfc-cb=\"\" data-processed=\"true\">\n<li class=\"dF3vjf\" data-sfc-cb=\"\" data-hveid=\"CAcQAA\"><span class=\"T286Pc\" style=\"color: #000000\" data-sfc-cp=\"\" data-sfc-cb=\"\"><strong class=\"Yjhzub\" data-sfc-cb=\"\">Habilita\u00e7\u00e3o no RADAR\/Siscomex:<\/strong> Fundamental. A empresa precisa estar habilitada no Sistema Integrado de Com\u00e9rcio Exterior (Siscomex) da Receita Federal para importar.<\/span><\/li>\n<li class=\"dF3vjf\" data-sfc-cb=\"\" data-hveid=\"CAcQAQ\"><span class=\"T286Pc\" style=\"color: #000000\" data-sfc-cp=\"\" data-sfc-cb=\"\"><strong class=\"Yjhzub\" data-sfc-cb=\"\">Responsabilidade:<\/strong> O importador \u00e9 o \u00fanico respons\u00e1vel pela opera\u00e7\u00e3o, custos (transporte, armazenagem) e conformidade legal.<\/span><\/li>\n<li class=\"dF3vjf\" data-sfc-cb=\"\" data-hveid=\"CAcQAg\"><span class=\"T286Pc\" style=\"color: #000000\" data-sfc-cp=\"\" data-sfc-cb=\"\"><strong class=\"Yjhzub\" data-sfc-cb=\"\">Classifica\u00e7\u00e3o Fiscal (NCM):<\/strong> A mercadoria deve ter o c\u00f3digo NCM correto para determinar os tributos (II, IPI, PIS, COFINS, ICMS).<\/span><\/li>\n<li class=\"dF3vjf\" data-sfc-cb=\"\" data-hveid=\"CAcQAw\"><span class=\"T286Pc\" style=\"color: #000000\" data-sfc-cp=\"\" data-sfc-cb=\"\"><strong class=\"Yjhzub\" data-sfc-cb=\"\">Despacho Aduaneiro:<\/strong> Registro da Declara\u00e7\u00e3o de Importa\u00e7\u00e3o (DI) ou Declara\u00e7\u00e3o \u00danica de Importa\u00e7\u00e3o (DUIMP).<\/span><\/li>\n<\/ul>\n<\/li>\n<\/ul>\n<p><span style=\"color: #000000\"><span style=\"color: #ff0000\"><strong>2. Importa\u00e7\u00e3o por conta e ordem de terceiros:<\/strong> <span style=\"color: #000000\">A importa\u00e7\u00e3o por conta e ordem de terceiro <span style=\"color: #0000ff\"><a style=\"color: #0000ff\" href=\"https:\/\/normasinternet2.receita.fazenda.gov.br\/#\/consulta\/externa\/97727\/visao\/vigente\" target=\"_blank\" rel=\"noopener\"><strong>(IN RFB n\u00ba 1.861\/2018)<\/strong><\/a><\/span> \u00e9 uma presta\u00e7\u00e3o de servi\u00e7o onde uma empresa importadora (mandat\u00e1ria) realiza o desembara\u00e7o aduaneiro em nome pr\u00f3prio, utilizando recursos financeiros de uma empresa adquirente (mandante).\u00a0 <\/span><span style=\"color: #000000\">A mandante (adquirente) \u00e9 o real importador e dono da mercadoria, devendo o contrato ser formalizado antes da opera\u00e7\u00e3o.\u00a0<\/span><\/span><\/span><\/p>\n<div class=\"Y3BBE\" style=\"padding-left: 40px\" data-sfc-cp=\"\" data-sfc-cb=\"\" data-hveid=\"CAIQAA\" data-processed=\"true\"><span style=\"color: #ff0000\"><strong>2.1 Pontos Fundamentais:<\/strong><\/span><\/div>\n<ul>\n<li style=\"list-style-type: none\">\n<ul class=\"KsbFXc U6u95\" data-sfc-cb=\"\" data-processed=\"true\">\n<li class=\"dF3vjf\" data-sfc-cb=\"\" data-hveid=\"CAMQAA\" data-processed=\"true\"><span class=\"T286Pc\" style=\"color: #000000\" data-sfc-cp=\"\" data-sfc-cb=\"\" data-processed=\"true\"><strong class=\"Yjhzub\" data-sfc-cb=\"\" data-processed=\"true\">Contrato e V\u00ednculo:<\/strong> \u00c9 obrigat\u00f3rio um contrato firmado antes do embarque entre a importadora e a adquirente. Esse documento deve ser vinculado no Portal \u00danico de Com\u00e9rcio Exterior (Pucomex).<\/span><\/li>\n<li class=\"dF3vjf\" data-sfc-cb=\"\" data-hveid=\"CAMQAQ\" data-processed=\"true\"><span class=\"T286Pc\" style=\"color: #000000\" data-sfc-cp=\"\" data-sfc-cb=\"\" data-processed=\"true\"><strong class=\"Yjhzub\" data-sfc-cb=\"\" data-processed=\"true\">Adquirente (Real Importador):<\/strong> A empresa adquirente \u00e9 a respons\u00e1vel legal pela compra internacional e quem disponibiliza os recursos financeiros.<\/span><\/li>\n<li class=\"dF3vjf\" data-sfc-cb=\"\" data-hveid=\"CAMQAg\" data-processed=\"true\"><span class=\"T286Pc\" style=\"color: #000000\" data-sfc-cp=\"\" data-sfc-cb=\"\" data-processed=\"true\"><strong class=\"Yjhzub\" data-sfc-cb=\"\" data-processed=\"true\">Importadora (Prestadora):<\/strong> A empresa contratada promove o desembara\u00e7o aduaneiro em seu nome, atuando como mandat\u00e1ria.<\/span><\/li>\n<li class=\"dF3vjf\" data-sfc-cb=\"\" data-hveid=\"CAMQAw\" data-processed=\"true\"><span class=\"T286Pc\" style=\"color: #000000\" data-sfc-cp=\"\" data-sfc-cb=\"\" data-processed=\"true\"><strong class=\"Yjhzub\" data-sfc-cb=\"\" data-processed=\"true\">Obriga\u00e7\u00f5es Aduaneiras:<\/strong> Ambas as empresas devem estar habilitadas no Radar (Siscomex).<\/span><\/li>\n<li class=\"dF3vjf\" data-sfc-cb=\"\" data-hveid=\"CAMQBA\" data-processed=\"true\"><span class=\"T286Pc\" style=\"color: #000000\" data-sfc-cp=\"\" data-sfc-cb=\"\" data-processed=\"true\"><strong class=\"Yjhzub\" data-sfc-cb=\"\" data-processed=\"true\">Riscos e Multas:<\/strong> A falta de formaliza\u00e7\u00e3o ou o uso de recursos pr\u00f3prios da trading (quando n\u00e3o previstos) pode configurar interposi\u00e7\u00e3o fraudulenta de terceiros<\/span><\/li>\n<\/ul>\n<\/li>\n<\/ul>\n<div class=\"Y3BBE\" data-sfc-cp=\"\" data-sfc-cb=\"\" data-hveid=\"CAgQAA\" data-processed=\"true\"><strong><span style=\"color: #000000\">Essa modalidade <span style=\"color: #ff0000\">difere da importa\u00e7\u00e3o por encomenda<\/span>, pois na conta e ordem os recursos s\u00e3o sempre do adquirente, <span style=\"color: #ff0000\">configurando presta\u00e7\u00e3o de servi\u00e7o<\/span>, enquanto na encomenda o importador assume o risco financeiro na compra<\/span><\/strong><\/div>\n<div data-sfc-cp=\"\" data-sfc-cb=\"\" data-hveid=\"CAgQAA\" data-processed=\"true\"><\/div>\n<div data-sfc-cp=\"\" data-sfc-cb=\"\" data-hveid=\"CAgQAA\" data-processed=\"true\"><span style=\"color: #000000\"><span style=\"color: #ff0000\"><strong>3. Importa\u00e7\u00e3o por encomenda:<\/strong><\/span> A importa\u00e7\u00e3o por encomenda \u00e9 regulada pela Instru\u00e7\u00e3o <span style=\"color: #0000ff\"><a style=\"color: #0000ff\" href=\"https:\/\/normasinternet2.receita.fazenda.gov.br\/#\/consulta\/externa\/97727\/visao\/vigente\" target=\"_blank\" rel=\"noopener\">N<strong>ormativa RFB n\u00ba 1.861\/2018<\/strong><\/a><\/span> e pela <strong><span style=\"color: #0000ff\"><a style=\"color: #0000ff\" href=\"https:\/\/www.planalto.gov.br\/ccivil_03\/_ato2004-2006\/2006\/lei\/l11281.htm\" target=\"_blank\" rel=\"noopener\">Lei n\u00ba 11.281\/2006<\/a><\/span><\/strong>, definindo que uma comercial importadora (trading) adquire mercadorias com recursos pr\u00f3prios para revend\u00ea-las a um encomendante predeterminado. Requer contrato pr\u00e9vio, vincula\u00e7\u00e3o no Siscomex e cumprimento de regras de pre\u00e7o de transfer\u00eancia<\/span><\/div>\n<div data-sfc-cp=\"\" data-sfc-cb=\"\" data-hveid=\"CAgQAA\" data-processed=\"true\">\n<div data-sfc-cp=\"\" data-sfc-cb=\"\" data-hveid=\"CAIQAA\" data-processed=\"true\"><\/div>\n<div class=\"Y3BBE\" style=\"padding-left: 40px\" data-sfc-cp=\"\" data-sfc-cb=\"\" data-hveid=\"CAIQAA\" data-processed=\"true\"><span style=\"color: #ff0000\"><strong>3.1 Pontos Fundamentais:<\/strong><\/span><\/div>\n<ul>\n<li style=\"list-style-type: none\">\n<ul>\n<li><span class=\"T286Pc\" data-sfc-cp=\"\" data-sfc-cb=\"\" data-processed=\"true\"><strong>Defini\u00e7\u00e3o:<\/strong> \u00c9 a compra internacional feita por uma trading (importadora) para um cliente espec\u00edfico (encomendante) com recursos da trading.<\/span><\/li>\n<li><strong>Contrato:<\/strong> Obrigat\u00f3rio e deve vincular os CNPJs no Portal \u00danico Siscomex.<\/li>\n<li><strong>Regula\u00e7\u00e3o: <span style=\"color: #0000ff\">IN RFB n\u00ba 1.861\/2018<\/span><\/strong> &#8211; <span class=\"conteudo-segmento-ato ng-star-inserted\" title=\"#1953535 Tipo: Ementa\">Estabelece requisitos e condi\u00e7\u00f5es para a realiza\u00e7\u00e3o de opera\u00e7\u00f5es de importa\u00e7\u00e3o por conta e ordem de terceiro e por encomenda<\/span>estabelece os requisitos e condi\u00e7\u00f5es).<\/li>\n<li><strong>Fiscaliza\u00e7\u00e3o:<\/strong> A Receita Federal exige o Cadastro de Intervenientes no Siscomex e monitora para evitar interposi\u00e7\u00e3o fraudulenta.<\/li>\n<li><strong>Pre\u00e7o de Transfer\u00eancia:<\/strong> Aplicam-se as regras dos arts. 18 a 24 da <span style=\"color: #0000ff\"><a style=\"color: #0000ff\" href=\"https:\/\/www.planalto.gov.br\/ccivil_03\/leis\/l9430.htm\" target=\"_blank\" rel=\"noopener\"><strong>Lei n\u00ba 9.430\/1996.<\/strong><\/a><\/span> &#8211; Disp\u00f5e sobre a legisla\u00e7\u00e3o tribut\u00e1ria federal, as contribui\u00e7\u00f5es para a seguridade social, o processo administrativo de consulta e d\u00e1 outras provid\u00eancias.<\/li>\n<\/ul>\n<\/li>\n<\/ul>\n<p><strong>A principal <span style=\"color: #ff0000\">diferen\u00e7a para &#8220;conta e ordem&#8221;<\/span> \u00e9 que, na encomenda, a <span style=\"color: #ff0000\">trading usa recursos pr\u00f3prios<\/span> para a compra internacional.<\/strong><\/p>\n<\/div>\n<h2 style=\"text-align: center\"><span style=\"color: #ff0000\">Quais os valores limites e taxas de importa\u00e7\u00e3o?<\/span><\/h2>\n<h4><strong><span style=\"color: #0000ff\">Pessoa F\u00edsica<\/span><\/strong><\/h4>\n<p><span style=\"color: #000000\">N\u00e3o podem ultrapassar <strong><span style=\"color: #ff0000\">US$ 3 mil por opera\u00e7\u00e3o<\/span><\/strong>. <span style=\"color: #ff0000\">At\u00e9 US$ 500, o imposto \u00e9 simplificado<\/span> e corresponde a <span style=\"color: #ff0000\">60% da compra<\/span>, incluindo o valor do produto e de eventuais taxas de frete e de seguro. De US$ 500 a US$ 3 mil, tamb\u00e9m incide o Imposto sobre a Circula\u00e7\u00e3o de Mercadorias e Servi\u00e7os (ICMS), administrado pelos estados, e uma taxa de despacho aduaneiro de R$ 150 e outras despesas de despacho aduaneiro.\u00a0<\/span><\/p>\n<p><span style=\"color: #000000\"> <strong><span style=\"color: #ff0000\">Em casos espec\u00edficos as importa\u00e7\u00f5es de pessoa f\u00edsica podem ser feitas acima destes valores como por exemplo no caso de pesquisadores importando pela Lei 8010\/90<\/span><\/strong><\/span><\/p>\n<h4><strong><span style=\"color: #0000ff\">Pessoa Jur\u00eddica<\/span><\/strong><\/h4>\n<p><span style=\"color: #000000\">Acima de US$ 3 mil, a compra passa a ser considerada de pessoa jur\u00eddica. Cada produto \u00e9 tarifado conforme o Imposto de Importa\u00e7\u00e3o e s\u00e3o acrescidos outros tributos como Imposto sobre Produtos Industrializados (IPI), Programa de Integra\u00e7\u00e3o Social (PIS) e Contribui\u00e7\u00e3o para o Financiamento da Seguridade Social (Cofins);<\/span><\/p>\n<p><strong><span style=\"color: #ff0000\">Em casos espec\u00edficos as importa\u00e7\u00f5es de pessoa f\u00edsica podem ser feitas acima destes valores como por exemplo no caso de pesquisadores importando pela Lei 8010\/90<\/span><\/strong><\/p>\n<h4><span style=\"color: #0000ff\"><strong>Isen\u00e7\u00f5es<\/strong><\/span><\/h4>\n<p><span style=\"color: #000000\">Em 2026 ocorreu o fim da Isen\u00e7\u00e3o de US 50 entre pessoas f\u00edsicas e jur\u00eddicas (sites de e-commerce).<\/span><br \/>\n<span style=\"color: #000000\"><strong><span style=\"color: #ff0000\">Compras internacionais de at\u00e9 US$ 50:<\/span><\/strong>\u00a0 comumente, aplica-se uma al\u00edquota de 20% de Imposto de Importa\u00e7\u00e3o para compras at\u00e9 US$ 50, al\u00e9m do ICMS de 17% (calculado &#8220;por dentro&#8221;).<\/span><br \/>\n<strong><span style=\"color: #ff0000\">Compras Acima de US <\/span><\/strong><span style=\"color: #000000\"><strong><span style=\"color: #ff0000\">50 at\u00e9 US$ 3.000:<\/span><\/strong> a tributa\u00e7\u00e3o \u00e9 mais elevada, podendo chegar a 60% de Imposto de Importa\u00e7\u00e3o mais o ICMS.<\/span><br \/>\n<span style=\"color: #000000\"><strong><span style=\"color: #ff0000\">Medicamentos:<\/span><\/strong> Medicamentos comprados por pessoas f\u00edsicas para uso pr\u00f3prio continuam com isen\u00e7\u00e3o de imposto de importa\u00e7\u00e3o, desde que sigam as regras da Receita Federal <strong><span style=\"color: #ff0000\">(geralmente at\u00e9 US$ 10.000)<\/span><\/strong>.<\/span><br \/>\n<span style=\"color: #000000\"><strong><span style=\"color: #ff0000\">Regra de Bagagem (Viajantes):<\/span> <\/strong>Para quem viaja ao exterior e traz itens na mala, a cota de isen\u00e7\u00e3o permanece em <strong>US$ 1.000<\/strong> a cada 30 dias para <strong>compras a\u00e9reas ou mar\u00edtimas<\/strong> e <strong>US$ 500 <\/strong>para entrada<strong> via terrestre<\/strong>. <\/span><\/p>\n<p style=\"padding-left: 40px\"><strong>Free Shop (Duty Free):<\/strong> Existe uma cota adicional e separada de US$ 1.000 para compras em lojas francas (free shop) localizadas no Brasil, no momento da chegada.<br \/>\n<strong>Total de Isen\u00e7\u00e3o:<\/strong> Um viajante pode, teoricamente, ter isen\u00e7\u00e3o total de at\u00e9 US 1.000 do exterior + US$ 1.000 no free shop de chegada).<br \/>\n<strong>Excedente:<\/strong> Se o valor total das compras ultrapassar US$ 1.000, o passageiro deve declarar os bens na alf\u00e2ndega e pagar 50% de imposto sobre o que passar do limite.<br \/>\n<strong>Itens de Uso Pessoal:<\/strong> Roupas, cal\u00e7ados e itens de higiene compat\u00edveis com a viagem n\u00e3o entram na cota.<br \/>\n<strong>Eletr\u00f4nicos:<\/strong> Segundo a Receita Federal, itens como notebooks e tablets n\u00e3o s\u00e3o considerados &#8220;uso pessoal&#8221; e entram na cota de US$ 1.000.<br \/>\n<strong>Limites Quantitativos:<\/strong> Al\u00e9m do valor, h\u00e1 limite de quantidade (ex: m\u00e1ximo 12 litros de bebidas alco\u00f3licas, 10 ma\u00e7os de cigarros) para a isen\u00e7\u00e3o.<\/p>\n<p style=\"padding-left: 40px\"><span style=\"color: #ff0000\"><strong>O descumprimento, como a n\u00e3o declara\u00e7\u00e3o de itens acima da cota, pode resultar em multa de 100% sobre o valor que exceder o limite<\/strong><\/span><\/p>\n<p><strong><span style=\"color: #000000\"><span style=\"color: #ff0000\">Aten\u00e7\u00e3o:<\/span> Em 2026, a Receita Federal utiliza intelig\u00eancia artificial avan\u00e7ada para processar dados de encomendas, tornando a fiscaliza\u00e7\u00e3o de remessas internacionais extremamente rigorosa.<\/span><\/strong><\/p>\n<p>&nbsp;<\/p>\n<div id=\"attachment_30\" style=\"width: 198px\" class=\"wp-caption alignleft\"><a href=\"https:\/\/uenf.br\/posgraduacao\/setimp\/primeiros-passos-para-importar\/\" target=\"_blank\" rel=\"noopener\"><img loading=\"lazy\" decoding=\"async\" aria-describedby=\"caption-attachment-30\" class=\"wp-image-30\" src=\"https:\/\/uenf.br\/posgraduacao\/setimp\/wp-content\/uploads\/sites\/21\/2024\/03\/Quer-saber-mais.jpg\" alt=\"QUER SABER MAIS?\" width=\"188\" height=\"186\" \/><\/a><p id=\"caption-attachment-30\" class=\"wp-caption-text\"><strong><span style=\"color: #0000ff\">\u00a0\u00a0\u00a0\u00a0\u00a0 <br \/><\/span><\/strong><\/p><\/div>\n<p><strong><span style=\"color: #0000ff\">QUER SABER MAIS?\u00a0<\/span><span style=\"color: #000000\"><br \/>\n<\/span><\/strong><\/p>\n<p><span style=\"color: #0000ff\"><strong>PRETENDE IMPORTAR COMO PESQUISADOR, PELA UNIVERSIDADE OU PELO CNPq?<\/strong><\/span><\/p>\n<p><span style=\"color: #000000\">VAMOS TE ORIENTAR PASSO A PASSO PARA VIABILIZAR O PROCESSO: retorne ao fluxograma<\/span> <span style=\"color: #000000\">&#8220;<\/span><span style=\"color: #0000ff\"><strong><a style=\"color: #0000ff\" href=\"https:\/\/uenf.br\/posgraduacao\/setimp\/primeiros-passos-para-importar\/\" target=\"_blank\" rel=\"noopener\">primeiros passos para importar<\/a><\/strong><\/span><span style=\"color: #000000\">&#8220;<\/span><\/p>\n","protected":false},"excerpt":{"rendered":"<p>EXISTEM 3 MODALIDADES DE\u00a0 IMPORTA\u00c7\u00c3O NO BRASIL: Importa\u00e7\u00e3o por conta Pr\u00f3pria: a pessoa f\u00edsica ou jur\u00eddica importa com recursos pr\u00f3prios&#8230;<\/p>\n","protected":false},"author":54,"featured_media":0,"parent":33,"menu_order":0,"comment_status":"closed","ping_status":"closed","template":"","meta":{"footnotes":""},"class_list":["post-46","page","type-page","status-publish","hentry"],"_links":{"self":[{"href":"https:\/\/uenf.br\/posgraduacao\/setimp\/wp-json\/wp\/v2\/pages\/46","targetHints":{"allow":["GET"]}}],"collection":[{"href":"https:\/\/uenf.br\/posgraduacao\/setimp\/wp-json\/wp\/v2\/pages"}],"about":[{"href":"https:\/\/uenf.br\/posgraduacao\/setimp\/wp-json\/wp\/v2\/types\/page"}],"author":[{"embeddable":true,"href":"https:\/\/uenf.br\/posgraduacao\/setimp\/wp-json\/wp\/v2\/users\/54"}],"replies":[{"embeddable":true,"href":"https:\/\/uenf.br\/posgraduacao\/setimp\/wp-json\/wp\/v2\/comments?post=46"}],"version-history":[{"count":0,"href":"https:\/\/uenf.br\/posgraduacao\/setimp\/wp-json\/wp\/v2\/pages\/46\/revisions"}],"up":[{"embeddable":true,"href":"https:\/\/uenf.br\/posgraduacao\/setimp\/wp-json\/wp\/v2\/pages\/33"}],"wp:attachment":[{"href":"https:\/\/uenf.br\/posgraduacao\/setimp\/wp-json\/wp\/v2\/media?parent=46"}],"curies":[{"name":"wp","href":"https:\/\/api.w.org\/{rel}","templated":true}]}}