{"id":48,"date":"2024-03-14T11:33:11","date_gmt":"2024-03-14T14:33:11","guid":{"rendered":"https:\/\/uenf.br\/posgraduacao\/setimp\/?page_id=48"},"modified":"2026-03-15T17:26:23","modified_gmt":"2026-03-15T20:26:23","slug":"importacao-para-a-pesquisa","status":"publish","type":"page","link":"https:\/\/uenf.br\/posgraduacao\/setimp\/primeiros-passos-para-importar\/importacao-para-a-pesquisa\/","title":{"rendered":"Importa\u00e7\u00e3o para a pesquisa"},"content":{"rendered":"<p style=\"text-align: center\"><img loading=\"lazy\" decoding=\"async\" class=\"wp-image-330 aligncenter\" src=\"https:\/\/uenf.br\/posgraduacao\/setimp\/wp-content\/uploads\/sites\/21\/2024\/03\/imagem-3.jpg\" alt=\"\" width=\"464\" height=\"287\" srcset=\"https:\/\/uenf.br\/posgraduacao\/setimp\/wp-content\/uploads\/sites\/21\/2024\/03\/imagem-3.jpg 930w, https:\/\/uenf.br\/posgraduacao\/setimp\/wp-content\/uploads\/sites\/21\/2024\/03\/imagem-3-300x185.jpg 300w, https:\/\/uenf.br\/posgraduacao\/setimp\/wp-content\/uploads\/sites\/21\/2024\/03\/imagem-3-768x475.jpg 768w\" sizes=\"auto, (max-width: 464px) 100vw, 464px\" \/><\/p>\n<p style=\"text-align: center\"><a href=\"http:\/\/www.planalto.gov.br\/ccivil_03\/leis\/1989_1994\/L8010.htm\" target=\"_blank\" rel=\"noopener\"><strong><span style=\"color: #0000ff\">LEI 8.010 DE 29 DE MAR\u00c7O DE 1990<\/span><\/strong><\/a><\/p>\n<p style=\"text-align: justify\"><span style=\"color: #000000\">Art. 1\u00ba S\u00e3o isentas dos impostos de importa\u00e7\u00e3o e sobre produtos industrializados e do adicional ao frete para renova\u00e7\u00e3o da marinha mercante as importa\u00e7\u00f5es de m\u00e1quinas, equipamentos, aparelhos e instrumentos, bem como suas partes e pe\u00e7as de reposi\u00e7\u00e3o, acess\u00f3rios, mat\u00e9rias-primas e produtos intermedi\u00e1rios, destinados <span style=\"color: #ff0000\"><b>\u00e0 pesquisa cient\u00edfica e tecnol\u00f3gica.<\/b><\/span><\/span><\/p>\n<p style=\"text-align: justify\"><span style=\"color: #000000\">\u00a7 1\u00ba As importa\u00e7\u00f5es de que trata este artigo ficam <strong><span style=\"color: #ff0000\">dispensadas do exame de similaridade<\/span><\/strong>, da emiss\u00e3o de guia de importa\u00e7\u00e3o ou documento de efeito equivalente e controles pr\u00e9vios ao despachos aduaneiro.<\/span><\/p>\n<p style=\"text-align: justify\"><span style=\"color: #000000\">\u00a7 2\u00ba O disposto neste artigo aplica-se somente \u00e0s importa\u00e7\u00f5es realizadas pelo <strong><span style=\"color: #ff0000\">Conselho Nacional de Desenvolvimento Cient\u00edfico e Tecnol\u00f3gico &#8211; CNPq<\/span><\/strong>, por <strong><span style=\"color: #ff0000\">cientistas<\/span><\/strong>, por <strong><span style=\"color: #ff0000\">pesquisadores<\/span><\/strong>, por <strong><span style=\"color: #ff0000\">Institui\u00e7\u00e3o Cient\u00edfica, Tecnol\u00f3gica e de Inova\u00e7\u00e3o<\/span><\/strong> &#8211; ICT e por <strong><span style=\"color: #ff0000\">entidades sem fins lucrativos ativos no fomento<\/span><\/strong>, na coordena\u00e7\u00e3o ou na execu\u00e7\u00e3o de programas de pesquisa cient\u00edfica e tecnol\u00f3gica, de inova\u00e7\u00e3o ou de ensino e devidamente credenciados pelo CNPq<\/span><\/p>\n<p style=\"text-align: justify\"><span style=\"color: #000000\">Art. 3\u00ba O despacho aduaneiro para as mercadorias de que trata o art. 1\u00ba ser\u00e1 simplificado, especialmente quando se tratar de deterior\u00e1veis.<\/span><\/p>\n<p><img loading=\"lazy\" decoding=\"async\" class=\"aligncenter wp-image-333 size-large\" src=\"https:\/\/uenf.br\/posgraduacao\/setimp\/wp-content\/uploads\/sites\/21\/2024\/03\/imagem-4-1024x68.jpg\" alt=\"\" width=\"1024\" height=\"68\" srcset=\"https:\/\/uenf.br\/posgraduacao\/setimp\/wp-content\/uploads\/sites\/21\/2024\/03\/imagem-4-1024x68.jpg 1024w, https:\/\/uenf.br\/posgraduacao\/setimp\/wp-content\/uploads\/sites\/21\/2024\/03\/imagem-4-300x20.jpg 300w, https:\/\/uenf.br\/posgraduacao\/setimp\/wp-content\/uploads\/sites\/21\/2024\/03\/imagem-4-768x51.jpg 768w, https:\/\/uenf.br\/posgraduacao\/setimp\/wp-content\/uploads\/sites\/21\/2024\/03\/imagem-4.jpg 1453w\" sizes=\"auto, (max-width: 1024px) 100vw, 1024px\" \/><\/p>\n<h2>A quota de 2026 para importa\u00e7\u00e3o de itens para pesquisa cient\u00edfica e tecnol\u00f3gica \u00e9 de US$ 254.137.000,00 milh\u00f5es &#8211; <span style=\"color: #0000ff\"><a style=\"color: #0000ff\" href=\"https:\/\/www.in.gov.br\/en\/web\/dou\/-\/portaria-mf-n-2.786-de-18-de-novembro-de-2025-670085220\" target=\"_blank\" rel=\"noopener\">Saiba Mais <strong>AQUI!<\/strong><\/a><\/span><\/h2>\n<p>&nbsp;<\/p>\n<div class=\"video-container\"><iframe loading=\"lazy\" title=\"O Papel do CNPq na Importa\u00e7\u00e3o para CTI\" width=\"500\" height=\"281\" src=\"https:\/\/www.youtube.com\/embed\/ZPjr3A1vRlA?feature=oembed\" frameborder=\"0\" allow=\"accelerometer; autoplay; clipboard-write; encrypted-media; gyroscope; picture-in-picture; web-share\" referrerpolicy=\"strict-origin-when-cross-origin\" allowfullscreen><\/iframe><\/div>\n<p>As importa\u00e7\u00f5es para pesquisa podem ser realizadas em nome do pesquisador, sua institui\u00e7\u00e3o de v\u00ednculo ou funda\u00e7\u00f5es de apoio. Uma vez determinado o respons\u00e1vel, este ser\u00e1 referenciado como <b><span style=\"color: #ff0000\">importador.\u00a0 \u00a0Para as importa\u00e7\u00f5es pela LEI 8010\/90 a chegada do bem importado dever\u00e1 ocorrer no recinto alfandeg\u00e1rio por importa\u00e7\u00e3o formal n\u00e3o sendo poss\u00edvel utilizar a Lei para processos<\/span><\/b><\/p>\n<p><b><span style=\"color: #ff0000\">REQUISITOS NECESS\u00c1RIOS PARA A IMPORTA\u00c7\u00c3O PELA LEI 8.010 e Isen\u00e7\u00e3o de ICMS Estadual (SEFAZ-RJ)<\/span><\/b><\/p>\n<p><span style=\"color: #000000\">1) Estar credenciado junto ao CNPq<\/span><\/p>\n<p><span style=\"color: #000000\">2) Estar credenciado junto a Secretaria de Fazenda Estadual\u00a0 para obten\u00e7\u00e3o de isen\u00e7\u00e3o de ICMS\/RJ <span style=\"color: #ff0000\"><strong>(renova\u00e7\u00e3o ate&#8217;15 de janeiro de cada ano!)<\/strong><\/span><\/span><\/p>\n<hr \/>\n<p style=\"text-align: center\"><strong><span class=\"conteudo-segmento-ato ng-star-inserted\" title=\"#2199984 Tipo: Se\u00e7\u00e3o\"><span style=\"color: #ff0000\">DA DISPENSA DE HABILITA\u00c7\u00c3O DOS DECLARANTES DE MERCADORIA PARA ATUAREM NO COM\u00c9RCIO EXTERIOR &#8211; Veja <\/span><\/span><span class=\"conteudo-segmento-ato ng-star-inserted\" title=\"#2199984 Tipo: Se\u00e7\u00e3o\"><a href=\"https:\/\/normasinternet2.receita.fazenda.gov.br\/#\/consulta\/externa\/113361\/visao\/multivigente\" target=\"_blank\" rel=\"noopener\"><span style=\"color: #0000ff\">IN\u00a0 RFB 1984\/2020<\/span><\/a><\/span><\/strong><\/p>\n<div id=\"2199985\" class=\"segmento ng-star-inserted\"><span class=\"conteudo-segmento-ato ng-star-inserted\" title=\"#2199985 Tipo: Artigo\"><strong>Art. 19.<\/strong> <strong>Est\u00e3o dispensados da habilita\u00e7\u00e3o para atuarem no com\u00e9rcio exterior como declarantes de mercadorias:<\/strong><\/span><\/div>\n<div><\/div>\n<div id=\"2199986\" class=\"segmento ng-star-inserted\" style=\"padding-left: 40px\"><span class=\"conteudo-segmento-ato ng-star-inserted\" title=\"#2199986 Tipo: Inciso\"><strong>I<\/strong> <strong>&#8211; as pessoas f\u00edsicas<\/strong>, quando realizarem opera\u00e7\u00f5es de com\u00e9rcio exterior em seus pr\u00f3prios nomes, observado o disposto no \u00a7 3\u00ba do art. 4\u00ba e <strong>ressalvado o disposto no inciso III do par\u00e1grafo \u00fanico<\/strong>;<\/span><\/div>\n<div><\/div>\n<div style=\"padding-left: 40px\"><strong>II <\/strong>&#8211; os \u00f3rg\u00e3os da administra\u00e7\u00e3o p\u00fablica direta, aut\u00e1rquica ou fundacional, federal, estadual ou municipal, as miss\u00f5es diplom\u00e1ticas ou reparti\u00e7\u00f5es consulares de pa\u00eds estrangeiro ou as representa\u00e7\u00f5es de \u00f3rg\u00e3os internacionais; (Reda\u00e7\u00e3o dada pelo(a) <strong><a href=\"https:\/\/normasinternet2.receita.fazenda.gov.br\/#\/consulta\/externa\/147778#2655275\" target=\"_blank\" rel=\"noopener\">Instru\u00e7\u00e3o Normativa RFB n\u00ba 2292, de 18 de novembro de 2025<\/a><\/strong><\/div>\n<p style=\"padding-left: 80px\"><strong>Art. 4\u00ba<\/strong> Para os fins desta Instru\u00e7\u00e3o Normativa, s\u00e3o declarantes de mercadorias os importadores, os exportadores, os adquirentes de mercadorias importadas por sua conta e ordem, os encomendantes de mercadorias importadas e as pessoas jur\u00eddicas sediadas na Zona Franca de Manaus (ZFM) que promovem a interna\u00e7\u00e3o de mercadorias para o restante do territ\u00f3rio nacional.<\/p>\n<p style=\"padding-left: 120px\"><strong>\u00a7 3\u00ba<\/strong> A pessoa f\u00edsica que atuar no com\u00e9rcio exterior em seu pr\u00f3prio nome poder\u00e1 realizar somente opera\u00e7\u00f5es de com\u00e9rcio exterior para:<br \/>\n<strong>I &#8211;<\/strong> a realiza\u00e7\u00e3o de suas atividades profissionais, inclusive na condi\u00e7\u00e3o de produtor rural, artes\u00e3o, artista ou assemelhado;<br \/>\n<strong>II &#8211;<\/strong> seu uso e consumo pr\u00f3prio; e<br \/>\n<strong>III &#8211;<\/strong> suas cole\u00e7\u00f5es pessoais.<\/p>\n<p style=\"padding-left: 120px\"><strong>Par\u00e1grafo \u00fanico. A dispensa de habilita\u00e7\u00e3o n\u00e3o se aplica aos:<\/strong><\/p>\n<p style=\"padding-left: 160px\"><strong>III &#8211;<\/strong> produtores rurais pessoa f\u00edsica a que se refere o inciso X do \u00a7 2\u00ba do art. 4\u00ba. <span class=\"conteudo-segmento-ato ng-star-inserted\" title=\"#2199904 Tipo: Inciso\">(X &#8211; produtores rurais pessoa f\u00edsica com inscri\u00e7\u00e3o no Cadastro Nacional da Pessoa Jur\u00eddica (CNPJ))<\/span><\/p>\n<hr \/>\n<p style=\"text-align: center\"><span style=\"color: #ff0000\"><strong>O PROCESSO DE IMPORTA\u00c7\u00c3O SIMPLIFICADA, AMPARADO PELA LEI N\u00ba 8.010\/90<\/strong><\/span><\/p>\n<p style=\"text-align: center\"><span style=\"color: #ff0000\"><strong>(Recomendado para importa\u00e7\u00f5es n\u00e3o complexas e de valores abaixo de US 3.000,00)\u00a0<\/strong><\/span><\/p>\n<p style=\"text-align: left\"><span style=\"color: #000000\">\u00c9\u00a0 um regime aduaneiro especial que facilita a entrada de mercadorias no Brasil com menor burocracia e agilidade, ideal para pequenas importa\u00e7\u00f5es, pesquisas cient\u00edficas ou amostras.\u00a0 <strong>Embora para pesquisas cient\u00edficas amparadas pela Lei 8010 os valores possam ser maiores recomenda-se a modalidade formal de importa\u00e7\u00e3o para situa\u00e7\u00f5es mais complexas e de valores mais altos (neste caso, mesmo chamada de simplificada \u00e9 uma importa\u00e7\u00e3o formal).<\/strong><\/span>a<\/p>\n<p style=\"text-align: left;padding-left: 40px\"><strong>A Lei 8.010 permite importa\u00e7\u00e3o simplificada mesmo para pessoa f\u00edsica pesquisadora, mas o tratamento pode variar conforme:<\/strong><br \/>\n\u2022 valor da mercadoria<br \/>\n\u2022 forma de transporte (courier, bagagem, carga)<br \/>\n\u2022 exig\u00eancias estaduais de ICMS.<\/p>\n<p style=\"padding-left: 40px\"><strong>1\ufe0f\u20e3 Credenciamento do pesquisador ou institui\u00e7\u00e3o<\/strong><\/p>\n<p style=\"padding-left: 80px\"><strong>Antes da importa\u00e7\u00e3o, o pesquisador precisa:<\/strong><br \/>\n\u2022 estar credenciado no CNPq<br \/>\n\u2022 estar credenciado na SEFAZ-RJ para isen\u00e7\u00e3o de ICMS<br \/>\n\u2022 comprovar v\u00ednculo com projeto cient\u00edfico.<\/p>\n<p style=\"padding-left: 80px\"><strong>Benef\u00edcios principais:<\/strong><br \/>\n\u2022 isen\u00e7\u00e3o de Imposto de Importa\u00e7\u00e3o<br \/>\n\u2022 isen\u00e7\u00e3o de IPI<br \/>\n\u2022 isen\u00e7\u00e3o de PIS\/Cofins<br \/>\n\u2022 redu\u00e7\u00e3o ou isen\u00e7\u00e3o de taxas administrativas.<\/p>\n<p style=\"padding-left: 40px\"><strong>2\ufe0f\u20e3 Compra do equipamento ou material cient\u00edfico<\/strong><\/p>\n<p style=\"padding-left: 80px\"><strong>O fornecedor internacional envia:<\/strong><br \/>\n\u2022 Proforma Invoice<br \/>\n\u2022 Commercial Invoice<br \/>\n\u2022 Packing List<br \/>\n\u2022 documento de transporte (AWB ou BL).<\/p>\n<p style=\"padding-left: 80px\"><strong>O material deve ser destinado a:<\/strong><br \/>\n\u2022 pesquisa cient\u00edfica<br \/>\n\u2022 desenvolvimento tecnol\u00f3gico<br \/>\n\u2022 atividades laboratoriais.<\/p>\n<p style=\"padding-left: 40px\"><strong>3\ufe0f\u20e3 Escolha do regime de importa\u00e7\u00e3o simplificada<\/strong><\/p>\n<p style=\"padding-left: 80px\"><strong>O pesquisador pode utilizar regimes simplificados como:<\/strong><\/p>\n<p style=\"padding-left: 120px\"><strong>Remessa expressa (courier)<\/strong><\/p>\n<p style=\"padding-left: 120px\"><strong>Transportadoras:<\/strong><br \/>\n\u2022 DHL<br \/>\n\u2022 FedEx<br \/>\n\u2022 UPS<\/p>\n<p style=\"padding-left: 120px\"><strong>Caracter\u00edsticas:<\/strong><br \/>\n\u2022 despacho simplificado<br \/>\n\u2022 normalmente at\u00e9 US$ 3.000 por remessa<br \/>\n\u2022 declara\u00e7\u00e3o feita pela transportadora.<\/p>\n<p style=\"padding-left: 120px\"><strong>Remessa postal internacional<\/strong><\/p>\n<p style=\"padding-left: 120px\"><strong>Operada pelos:<\/strong><br \/>\n\u2022 Correios (acompanhamento ocorre no sistema Minhas Importa\u00e7\u00f5es)<\/p>\n<p style=\"padding-left: 120px\"><strong>Importa\u00e7\u00e3o formal simplificada<\/strong><\/p>\n<p style=\"padding-left: 120px\"><strong>Quando o valor \u00e9 maior ou o bem exige controle:<\/strong><br \/>\n\u2022 pelo Portal \u00danico Siscomex<\/p>\n<p style=\"padding-left: 80px\"><strong>4\ufe0f\u20e3 Apresenta\u00e7\u00e3o da documenta\u00e7\u00e3o cient\u00edfica<\/strong><\/p>\n<p style=\"padding-left: 120px\"><strong>Para aplicar a Lei 8.010 normalmente s\u00e3o exigidos:<\/strong><br \/>\n\u2022 credenciamento do pesquisador no CNPq<br \/>\n\u2022 declara\u00e7\u00e3o de uso cient\u00edfico<br \/>\n\u2022 invoice do fornecedor<br \/>\n\u2022 identifica\u00e7\u00e3o do projeto de pesquisa.<\/p>\n<p style=\"padding-left: 120px\"><strong>Esses documentos s\u00e3o apresentados \u00e0 Receita Federal durante o despacho.<\/strong><\/p>\n<p style=\"padding-left: 80px\"><strong>5\ufe0f\u20e3 Aplica\u00e7\u00e3o da isen\u00e7\u00e3o<\/strong><\/p>\n<p style=\"padding-left: 120px\"><strong>Quando o enquadramento \u00e9 aceito:<\/strong><br \/>\n\u2022 os tributos federais s\u00e3o zerados<br \/>\n\u2022 o bem \u00e9 liberado para o pesquisador ou institui\u00e7\u00e3o.<\/p>\n<p style=\"padding-left: 80px\"><strong>6\ufe0f\u20e3 Entrega ou retirada do material<\/strong><\/p>\n<p style=\"padding-left: 120px\"><strong>Dependendo da modalidade:<\/strong><br \/>\n\u2022 entrega direta pelo courier<br \/>\n\u2022 retirada no terminal de cargas ou ag\u00eancia postal.<\/p>\n<hr \/>\n<p style=\"text-align: center\"><span style=\"color: #ff0000\"><strong>O PROCESSO DE IMPORTA\u00c7\u00c3O FORMAL, AMPARADO PELA LEI N\u00ba 8.010\/90<\/strong><\/span><\/p>\n<p>\u00c9\u00a0 a modalidade mais indicada para importa\u00e7\u00f5es cient\u00edficas pesquisas de maior valor e complexidade<\/p>\n<p style=\"padding-left: 80px\"><strong>Esse \u00e9 o fluxo usado quando:<\/strong><br \/>\n\u2022 o valor \u00e9 mais elevado<br \/>\n\u2022 o equipamento chega como carga internacional em recinto alfandegado<br \/>\n\u2022 ou quando n\u00e3o \u00e9 poss\u00edvel usar courier\/remessa simplificada.<\/p>\n<p style=\"padding-left: 80px\">1\ufe0f\u20e3 <strong>Credenciamento do pesquisador ou institui\u00e7\u00e3o<\/strong><\/p>\n<p style=\"padding-left: 120px\"><strong>Antes da importa\u00e7\u00e3o, o pesquisador precisa:<\/strong><br \/>\n\u2022 estar credenciado no CNPq<br \/>\n\u2022 estar credenciado na SEFAZ-RJ para isen\u00e7\u00e3o de ICMS<br \/>\n\u2022 comprovar v\u00ednculo com projeto cient\u00edfico.<\/p>\n<p style=\"padding-left: 80px\">2\ufe0f\u20e3 <strong>Acesso para opera\u00e7\u00f5es no Portal \u00danico Siscomex<\/strong><\/p>\n<p style=\"padding-left: 120px\"><strong>Quando o pesquisador est\u00e1 credenciado no CNPq para utilizar a Lei 8.010, existe um tratamento especial (n\u00e3o requer habilita\u00e7\u00e3o no siscomex)<\/strong><\/p>\n<p style=\"padding-left: 120px\"><strong>Para as universidades tamb\u00e9m credenciadas no CNPq para utilizar a Lei 8.010, tamb\u00e9m, n\u00e3o \u00e9 exigida a habilita\u00e7\u00e3o institucional por\u00e9m a representa\u00e7\u00e3o do servidor que ir\u00e1 operar o portal deve ser registrada no e-cac<\/strong><\/p>\n<p style=\"padding-left: 120px\"><strong>No Portal \u00danico Siscomex, quando a importa\u00e7\u00e3o cient\u00edfica \u00e9 registrada:<\/strong><br \/>\n\u2022 o importador \u00e9 identificado pelo CPF ou CNPJ<br \/>\n\u2022 o enquadramento legal da Lei 8.010 \u00e9 informado<br \/>\n\u2022 a an\u00e1lise ocorre diretamente pela Receita Federal do Brasil.<\/p>\n<p style=\"padding-left: 80px\"><strong>3\ufe0f\u20e3 Operando no Postal \u00danico Siscomex<\/strong><\/p>\n<p style=\"padding-left: 120px\">A institui\u00e7\u00e3o ou o pesquisador poder\u00e3o operar todas as etapas do processo ou podem credenciar operadores e despachantes para realizarem parte ou todas as opera\u00e7\u00f5es em seu nome.<\/p>\n<p style=\"padding-left: 120px\"><strong>No inicio do processo \u00e9 necess\u00e1rio:<\/strong><\/p>\n<p style=\"padding-left: 120px\">\u2022 a obten\u00e7\u00e3o da proposta invoice junto ao fornecedor com todos os termos acordados<br \/>\n\u2022 preenchimento das informa\u00e7\u00f5es do fornecedor e dos produtos no Catalogo de Produtos<br \/>\n\u2022 preenchimento da LPCO (Licen\u00e7as, Permiss\u00f5es, Certificados e Outros Documentos) para obten\u00e7\u00e3o da anu\u00eancia do CNPq e tamb\u00e9m de\u00a0 outros \u00f3rg\u00e3os se necess\u00e1rio (LPCO para cada \u00f3rg\u00e3o anuente)<br \/>\n\u2022 ap\u00f3s a anu\u00eancia\u00a0 procedeer ao pagamenbto (fechamento de c\u00e2mbio) e autorizar o embarque<\/p>\n<p style=\"padding-left: 80px\">4\ufe0f\u20e3<strong> Documenta\u00e7\u00e3o formal da remessa internacional<\/strong><\/p>\n<p style=\"padding-left: 120px\"><strong>O fornecedor envia os documentos comerciais:<\/strong><br \/>\n\u2022 Commercial Invoice<br \/>\n\u2022 Packing List<br \/>\n\u2022 Documento de transporte<br \/>\n\u2022 AWB (a\u00e9reo)<br \/>\n\u2022 BL (mar\u00edtimo)<\/p>\n<p style=\"padding-left: 80px\">5\ufe0f\u20e3 <strong>Chegada da carga ao Brasil<\/strong><\/p>\n<p style=\"padding-left: 120px\"><strong>A carga chega a um recinto alfandegado, por exemplo:<\/strong><br \/>\n\u2022 Aeroporto Internacional de S\u00e3o Paulo\/Guarulhos<br \/>\n\u2022 Aeroporto Internacional do Rio de Janeiro\/Gale\u00e3o<\/p>\n<p style=\"padding-left: 120px\"><strong>Nesse momento ocorre:<\/strong><br \/>\n\u2022 registro do conhecimento de carga<br \/>\n\u2022 controle log\u00edstico no sistema de carga.<\/p>\n<p style=\"padding-left: 80px\"><strong>6\ufe0f\u20e3 Cadastro da DUIMP (declara\u00e7\u00e3o \u00fanica de importa\u00e7\u00e3o) no Portal \u00danico Siscomex<\/strong><\/p>\n<p style=\"padding-left: 120px\"><strong>O importador ou despachante acessa o:<\/strong><\/p>\n<p style=\"padding-left: 120px\">Portal \u00danico Siscomex e cria a Declara\u00e7\u00e3o \u00danica de Importa\u00e7\u00e3o (DUIMP).<\/p>\n<p style=\"padding-left: 120px\">Na DUIMP s\u00e3o informados os dados formalizados e vinculados a LPCO e aos documentos da remessa e \u00e9 indicado o fundamento legal de isen\u00e7\u00e3o pela Lei 8.010\/1990.<\/p>\n<p style=\"padding-left: 120px\">Nesta etapa tamb\u00e9m \u00e9 solicitado junto aos sistema da SEFAZ-RJ a isen\u00e7\u00e3o de ICMS anexando-se a DUIMP e outros documentos da importa\u00e7\u00e3o<\/p>\n<p style=\"padding-left: 80px\">7\ufe0f\u20e3 <strong>Parametriza\u00e7\u00e3o aduaneira<\/strong><\/p>\n<p style=\"padding-left: 120px\"><strong>A Receita Federal seleciona um canal de confer\u00eancia:<\/strong><br \/>\n\u2022 \ud83d\udfe2 Verde \u2013 libera\u00e7\u00e3o autom\u00e1tica<br \/>\n\u2022 \ud83d\udfe1 Amarelo \u2013 an\u00e1lise documental<br \/>\n\u2022 \ud83d\udd34 Vermelho \u2013 confer\u00eancia f\u00edsica.<\/p>\n<p style=\"padding-left: 120px\"><strong>Reconhecimento da isen\u00e7\u00e3o:<\/strong><\/p>\n<p style=\"padding-left: 120px\">Se a documenta\u00e7\u00e3o estiver correta:<br \/>\n\u2022 os tributos federais s\u00e3o zerados<br \/>\n\u2022 o sistema registra o benef\u00edcio da Lei 8.010<\/p>\n<p style=\"padding-left: 120px\"><strong>Ficam isentos:<\/strong><br \/>\n\u2022 Imposto de Importa\u00e7\u00e3o<br \/>\n\u2022 IPI<br \/>\n\u2022 PIS-Importa\u00e7\u00e3o<br \/>\n\u2022 COFINS-Importa\u00e7\u00e3o<br \/>\n\u2022 ICMS se for credenciado e autorizado<\/p>\n<p style=\"padding-left: 80px\">8\ufe0f\u20e3<strong> Desembara\u00e7o<\/strong><\/p>\n<p style=\"padding-left: 120px\">A<strong>p\u00f3s o desembara\u00e7o aduaneiro:<\/strong><br \/>\n\u2022 o recinto libera a carga mediante os pagamentos de:<br \/>\n\u2022 armazenagem<br \/>\n\u2022 capatazia<\/p>\n<p style=\"padding-left: 80px\"><strong>9\ufe0f\u20e3 Retirada da carga e transporte interno<\/strong><\/p>\n<p style=\"padding-left: 120px\">O importador providencia a retirada da carga do recinto alfandeg\u00e1rio por meio da contrata\u00e7\u00e3o de servi\u00e7o de transporte interno e seguro (at\u00e9 o destino final)<\/p>\n<hr \/>\n<p><strong><span style=\"color: #0000ff\">A IMPORTA\u00c7\u00c3O SER\u00c1 FEITA PELO PESQUISADOR, PELA UNIVERSIDADE OU PELO CNPq?<\/span><\/strong><\/p>\n<p><span style=\"color: #000000\">\u00a0VAMOS TE ORIENTAR PASSO A PASSO PARA VIABILIZAR O PROCESSO:<\/span> Retorne ao fluxograma &#8220;<strong><span style=\"color: #0000ff\"><a style=\"color: #0000ff\" href=\"https:\/\/uenf.br\/posgraduacao\/setimp\/primeiros-passos-para-importar\/\" target=\"_blank\" rel=\"noopener\">primeiros passos para importar<\/a><\/span><\/strong>&#8220;<\/p>\n","protected":false},"excerpt":{"rendered":"<p>LEI 8.010 DE 29 DE MAR\u00c7O DE 1990 Art. 1\u00ba S\u00e3o isentas dos impostos de importa\u00e7\u00e3o e sobre produtos industrializados&#8230;<\/p>\n","protected":false},"author":54,"featured_media":0,"parent":33,"menu_order":1,"comment_status":"closed","ping_status":"closed","template":"","meta":{"footnotes":""},"class_list":["post-48","page","type-page","status-publish","hentry"],"_links":{"self":[{"href":"https:\/\/uenf.br\/posgraduacao\/setimp\/wp-json\/wp\/v2\/pages\/48","targetHints":{"allow":["GET"]}}],"collection":[{"href":"https:\/\/uenf.br\/posgraduacao\/setimp\/wp-json\/wp\/v2\/pages"}],"about":[{"href":"https:\/\/uenf.br\/posgraduacao\/setimp\/wp-json\/wp\/v2\/types\/page"}],"author":[{"embeddable":true,"href":"https:\/\/uenf.br\/posgraduacao\/setimp\/wp-json\/wp\/v2\/users\/54"}],"replies":[{"embeddable":true,"href":"https:\/\/uenf.br\/posgraduacao\/setimp\/wp-json\/wp\/v2\/comments?post=48"}],"version-history":[{"count":0,"href":"https:\/\/uenf.br\/posgraduacao\/setimp\/wp-json\/wp\/v2\/pages\/48\/revisions"}],"up":[{"embeddable":true,"href":"https:\/\/uenf.br\/posgraduacao\/setimp\/wp-json\/wp\/v2\/pages\/33"}],"wp:attachment":[{"href":"https:\/\/uenf.br\/posgraduacao\/setimp\/wp-json\/wp\/v2\/media?parent=48"}],"curies":[{"name":"wp","href":"https:\/\/api.w.org\/{rel}","templated":true}]}}