{"id":494,"date":"2024-03-16T14:38:04","date_gmt":"2024-03-16T17:38:04","guid":{"rendered":"https:\/\/uenf.br\/posgraduacao\/setimp\/?page_id=494"},"modified":"2026-01-17T08:19:45","modified_gmt":"2026-01-17T11:19:45","slug":"exigencias-a-serem-observadas-antes-de-importar","status":"publish","type":"page","link":"https:\/\/uenf.br\/posgraduacao\/setimp\/ckeck-list-para-iniciar-um-processo-de-importacao\/exigencias-a-serem-observadas-antes-de-importar\/","title":{"rendered":"Exig\u00eancias a serem observadas antes de importar"},"content":{"rendered":"<p style=\"text-align: justify\"><span style=\"color: #ff0000\"><strong>1 &#8211; FUNDAMENTA\u00c7\u00c3O LEGAL PARA IMPORTA\u00c7\u00c3O PELA LEI 8010<\/strong><\/span><\/p>\n<p style=\"text-align: justify\"><span style=\"color: #000000\">A fundamenta\u00e7\u00e3o legal amparada na Lei 8010 esta classificada no SISCOMEX como <strong><span style=\"color: #0000ff\">10007 &#8211; Cientistas, pesquisadores e entidades ligados a pesquisa e credenciados pelo CNPq<\/span><\/strong>.<\/span><\/p>\n<p style=\"text-align: justify\"><span style=\"color: #ff0000\"><strong>2 &#8211; VERIFIQUE A CLASSIFICA\u00c7\u00c3O FISCAL, O TRATAMENTO ADMINISTRATIVO E O TRATAMENTO TRIBUT\u00c1RIO\u00a0 DE CADA ITEM A SER IMPORTADO<\/strong><\/span><\/p>\n<p style=\"text-align: justify\"><strong><span style=\"color: #0000ff\">Tratamento Administrativo &#8211;<\/span><\/strong> <span style=\"color: #000000\">\u00e9 representado nas importa\u00e7\u00f5es brasileiras pela necessidade de controle administrativo das mercadorias pelos \u00f3rg\u00e3os governamentais, os chamados <span style=\"color: #ff0000\"><strong>\u00f3rg\u00e3os anuentes<\/strong><\/span>, s\u00e3o alguns exemplos: CNPq, ANVISA, CNEN, MAPA (Minist\u00e9rio da Agricultura e Pecu\u00e1ria), INMETRO, ANP (Ag\u00eancia Nacional do Petr\u00f3leo), entre outros. <\/span><\/p>\n<p style=\"text-align: justify\"><span style=\"color: #000000\">A Receita Federal \u00e9 a respons\u00e1vel pela fiscaliza\u00e7\u00e3o de todas as entradas de mercadoria em territ\u00f3rio nacional, e os \u00f3rg\u00e3os anuentes controlam em paralelo a entrada atrav\u00e9s do preenchimento e an\u00e1lise das <strong><span style=\"color: #ff0000\">LPCOs (Licen\u00e7as, Permiss\u00f5es, Certificados e Outros Documentos).<\/span><\/strong><\/span><\/p>\n<p style=\"text-align: justify\"><span style=\"color: #000000\"><span style=\"color: #0000ff\"><strong>Tratamento tribut\u00e1rio &#8211;<\/strong><\/span>\u00a0 incid\u00eancia de tributos sobre a entrada de mercadorias estrangeiras no territ\u00f3rio aduaneiro que, de acordo com a NCM, s\u00e3o designadas as al\u00edquotas dos tributos, geralmente calculadas em percentual do valor aduaneiro das mercadorias.\u00a0 Para o caso de importa\u00e7\u00f5es que se enquadrem na Lei 8010\/90 estar\u00e3o isentas de todos os tributos.\u00a0<\/span><\/p>\n<p style=\"text-align: justify\"><span style=\"color: #000000\">No caso das importa\u00e7\u00f5es amparadas pela Lei 8010, \u00e9 <strong><span style=\"color: #ff0000\">obrigat\u00f3ria para todos os processos a anu\u00eancia do CNPq<\/span><\/strong>.\u00a0 Dependendo do item a ser importado ser\u00e1 necess\u00e1rio obter <strong>anu\u00eancia de outros \u00f3rg\u00e3os<\/strong>.\u00a0 O tratamento tribut\u00e1rio neste tipo de importa\u00e7\u00e3o \u00e9 a isen\u00e7\u00e3o de: Imposto de Importa\u00e7\u00e3o, Imposto sobre Produtos Industrializados (IPI), Adicional ao Frete para Renova\u00e7\u00e3o da Marinha Mercante (AFRMM).\u00a0 A isen\u00e7\u00e3o de ICMS deve ser obtida junto a Secretaria de Fazenda de cada Estado.<br \/>\n<\/span><\/p>\n<p style=\"text-align: justify\"><span style=\"color: #000000\">Para realizar a importa\u00e7\u00e3o de uma mercadoria para o Brasil, em primeiro lugar deve-se verificar a classifica\u00e7\u00e3o fiscal do produto (c\u00f3digo NCM \u2013 Nomenclatura Comum do Mercosul).\u00a0 A partir do NCM podem ser obtidas informa\u00e7\u00f5es sobre o Tratamento Administrativo e o Tratamento Tribut\u00e1rio da importa\u00e7\u00e3o. e as informa\u00e7\u00f5es sobre a necessidade de anu\u00eancia de outros \u00f3rg\u00e3os.\u00a0 <span style=\"color: #ff0000\"><strong>Os fornecedores podem sugerir a classifica\u00e7\u00e3o NCM de seus produtos mas cabe ao importador a verifica\u00e7\u00e3o final evitando assim poss\u00edveis erros que podem afetar o processo de desembara\u00e7o aduaneiro<\/strong><\/span><br \/>\n<\/span><\/p>\n<p style=\"text-align: justify\"><span style=\"color: #000000\">A consulta pode ser feita no Portal \u00danico Siscomex.\u00a0 <span style=\"color: #0000ff\"><strong><a style=\"color: #0000ff\" href=\"https:\/\/uenf.br\/posgraduacao\/setimp\/exigencias-a-serem-observadas-antes-de-importar\/classificacao-ncm\/\" target=\"_blank\" rel=\"noopener\">VEJA AQUI COMO CONSULTAR<\/a><\/strong><\/span><\/span><\/p>\n<p style=\"text-align: justify\"><span style=\"color: #000000\">Veja tamb\u00e9m neste link informa\u00e7\u00f5es tabeladas sobre os tratamentos administrativos de importa\u00e7\u00e3o (n\u00e3o substituem a consulta ao Portal \u00danico Siscomex mas ajudam a encontrar mais facilmente a informa\u00e7\u00f5es &#8211; <a href=\"https:\/\/www.gov.br\/siscomex\/pt-br\/informacoes\/tratamento-administrativos\/tratamento-administrativo-na-importacao\" target=\"_blank\" rel=\"noopener\"><span style=\"color: #0000ff\"><strong>VEJA AQUI<\/strong><\/span><\/a><\/span><\/p>\n<p style=\"text-align: justify\"><span style=\"color: #000000\">Ao constatar a necessidade de anu\u00eancia de outros \u00f3rg\u00e3os o pesquisador dever\u00e1 consultar os procedimentos e documentos necess\u00e1rios para obten\u00e7\u00e3o e se o \u00f3rg\u00e3o anuente j\u00e1 migrou para o Portal \u00danico Siscomex.\u00a0 \u00a0Em janeiro de 2026\u00a0 o CNPq passou a operar pelo <strong><span style=\"color: #0000ff\"><a style=\"color: #0000ff\" href=\"https:\/\/portalunico.siscomex.gov.br\/portal\/\" target=\"_blank\" rel=\"noopener\">Portal \u00danico Siscomex<\/a><\/span><\/strong> onde os licenciamentos e anu\u00eancias ser\u00e3o realizados por meio da <strong><span style=\"color: #ff0000\">LPCO &#8211; Licen\u00e7a, permiss\u00e3o, certificado e outros documentos <\/span><\/strong><span style=\"color: #ff0000\"><span style=\"color: #000000\">e a Declara\u00e7\u00e3o de Importa\u00e7\u00e3o (DI) ser\u00e1 substitu\u00edda pela <strong><span style=\"color: #ff0000\">DUIMP &#8211; Declara\u00e7\u00e3o \u00danica de Importa\u00e7\u00e3o.<\/span><\/strong><\/span><\/span><\/span><\/p>\n<p><span style=\"color: #0000ff\"><strong>PRONTO PARA O PR\u00d3XIMO PASSO?<\/strong><\/span><\/p>\n<p><span style=\"color: #000000\">Acesse o fluxograma &#8220;<span style=\"color: #0000ff\"><strong><a href=\"https:\/\/uenf.br\/posgraduacao\/setimp\/ckeck-list-para-iniciar-um-processo-de-importacao\/\" target=\"_blank\" rel=\"noopener\">Check list para iniciar um processo de importa\u00e7\u00e3o<\/a><\/strong><\/span>&#8221; e siga adiante<\/span><\/p>\n","protected":false},"excerpt":{"rendered":"<p>1 &#8211; FUNDAMENTA\u00c7\u00c3O LEGAL PARA IMPORTA\u00c7\u00c3O PELA LEI 8010 A fundamenta\u00e7\u00e3o legal amparada na Lei 8010 esta classificada no SISCOMEX&#8230;<\/p>\n","protected":false},"author":54,"featured_media":0,"parent":255,"menu_order":2,"comment_status":"closed","ping_status":"closed","template":"","meta":{"footnotes":""},"class_list":["post-494","page","type-page","status-publish","hentry"],"_links":{"self":[{"href":"https:\/\/uenf.br\/posgraduacao\/setimp\/wp-json\/wp\/v2\/pages\/494","targetHints":{"allow":["GET"]}}],"collection":[{"href":"https:\/\/uenf.br\/posgraduacao\/setimp\/wp-json\/wp\/v2\/pages"}],"about":[{"href":"https:\/\/uenf.br\/posgraduacao\/setimp\/wp-json\/wp\/v2\/types\/page"}],"author":[{"embeddable":true,"href":"https:\/\/uenf.br\/posgraduacao\/setimp\/wp-json\/wp\/v2\/users\/54"}],"replies":[{"embeddable":true,"href":"https:\/\/uenf.br\/posgraduacao\/setimp\/wp-json\/wp\/v2\/comments?post=494"}],"version-history":[{"count":0,"href":"https:\/\/uenf.br\/posgraduacao\/setimp\/wp-json\/wp\/v2\/pages\/494\/revisions"}],"up":[{"embeddable":true,"href":"https:\/\/uenf.br\/posgraduacao\/setimp\/wp-json\/wp\/v2\/pages\/255"}],"wp:attachment":[{"href":"https:\/\/uenf.br\/posgraduacao\/setimp\/wp-json\/wp\/v2\/media?parent=494"}],"curies":[{"name":"wp","href":"https:\/\/api.w.org\/{rel}","templated":true}]}}