{"id":50,"date":"2024-03-14T11:33:24","date_gmt":"2024-03-14T14:33:24","guid":{"rendered":"https:\/\/uenf.br\/posgraduacao\/setimp\/?page_id=50"},"modified":"2026-03-15T18:01:50","modified_gmt":"2026-03-15T21:01:50","slug":"credencimento-sefaz","status":"publish","type":"page","link":"https:\/\/uenf.br\/posgraduacao\/setimp\/primeiros-passos-para-importar\/credencimento-sefaz\/","title":{"rendered":"Credenciamento na SEFAZ\/RJ (ICMS)"},"content":{"rendered":"<p><img loading=\"lazy\" decoding=\"async\" src=\"https:\/\/uenf.br\/posgraduacao\/setimp\/wp-content\/uploads\/sites\/21\/2024\/03\/Imagem-6-1.jpg\" alt=\"\" width=\"392\" height=\"99\" \/> \u00a0\u00a0\u00a0\u00a0\u00a0 <img loading=\"lazy\" decoding=\"async\" src=\"https:\/\/uenf.br\/posgraduacao\/setimp\/wp-content\/uploads\/sites\/21\/2024\/03\/Imagem-7.jpg\" alt=\"\" width=\"366\" height=\"102\" \/><\/p>\n<p style=\"text-align: justify\">Art. 2\u00ba Poder\u00e3o habilitar-se ao credenciamento:<br \/>\nI &#8211; institutos de pesquisa federais ou estaduais;<br \/>\nII &#8211; institutos de pesquisa sem fins lucrativos institu\u00eddos por leis federais ou estaduais;<br \/>\n<b>III &#8211; universidades federais ou estaduais;<\/b><br \/>\nIV &#8211; organiza\u00e7\u00f5es sociais com contrato de gest\u00e3o com o Minist\u00e9rio da Ci\u00eancia e Tecnologia relacionadas no par\u00e1grafo \u00fanico, deste artigo;<br \/>\nV &#8211; funda\u00e7\u00f5es sem fins lucrativos, que atendam aos requisitos do artigo 14 do C\u00f3digo Tribut\u00e1rio Nacional, para o estrito atendimento de suas finalidades estatut\u00e1rias de apoio \u00e0s institui\u00e7\u00f5es referidas nos incisos anteriores.<br \/>\n<b>VI &#8211; pesquisadores e cientistas credenciados e no \u00e2mbito de projeto aprovado pelo Conselho Nacional de Desenvolvimento Cient\u00edfico e Tecnol\u00f3gico &#8211; CNPq<\/b><\/p>\n<p><img loading=\"lazy\" decoding=\"async\" src=\"https:\/\/uenf.br\/posgraduacao\/setimp\/wp-content\/uploads\/sites\/21\/2024\/03\/Pesquisadores.jpg\" alt=\"\" width=\"563\" height=\"40\" \/><img loading=\"lazy\" decoding=\"async\" src=\"https:\/\/uenf.br\/posgraduacao\/setimp\/wp-content\/uploads\/sites\/21\/2024\/03\/Obter-verde-1.jpg\" alt=\"\" width=\"138\" height=\"52\" \/><\/p>\n<p><span style=\"color: #ff0000\"><b>LEMBRE-SE QUE A SOLICITA\u00c7\u00c3O DE CREDENCIAMENTO DEVE SER FEITA AT\u00c9 O DIA 15 DE JANEIRO DE CADA ANO!<\/b><\/span><\/p>\n<p><b>1 \u2013 SOLICITAR CREDENCIAMENTO COMO USU\u00c1RIO EXTERNO NO SEI<\/b><br \/>\n(Caso j\u00e1 tenha credenciamento no SEI-Externo v\u00e1 para o pr\u00f3ximo passo)<\/p>\n<p style=\"text-align: justify\">Acesse o link para iniciar o cadastro: <a href=\"https:\/\/portalsei.rj.gov.br\/usuarioexterno\" target=\"_blank\" rel=\"noopener\">https:\/\/portalsei.rj.gov.br\/usuarioexterno<\/a><\/p>\n<p style=\"text-align: justify\"><b>2 \u2013 DOCUMENTOS NECESS\u00c1RIOS PARA SEREM ANEXADOS AO PROCESSO ADMINISTRATIVO<\/b><\/p>\n<p style=\"text-align: left\"><strong>a)<\/strong> Comprovante de recolhimento da taxa de servi\u00e7os estaduais = documento de arrecada\u00e7\u00e3o (DARJ)<br \/>\nAcesso o link para emitir o boleto de pagamento: <a href=\"https:\/\/www1.fazenda.rj.gov.br\/portaldepagamentos\/\" target=\"_blank\" rel=\"noopener\">https:\/\/www1.fazenda.rj.gov.br\/portaldepagamentos\/<\/a><br \/>\nTipo de pagamento: TAXAS<br \/>\nTipo de Documento: DARJ<br \/>\nNatureza da receita: Servi\u00e7os estaduais fazend\u00e1rios<br \/>\nServi\u00e7os: Reconhecimentos de direito a frui\u00e7\u00e3o de benef\u00edcio ou incentivo fiscal<br \/>\nInforma\u00e7\u00f5es complementares: Taxa para cadastro isen\u00e7\u00e3o ICMS PF &#8211; Importa\u00e7\u00e3o para pesquisa Lei 8010\/90<br \/>\nValor: calculado automaticamente \u2013 R$ 279,22 em 05\/01\/2026 (se n\u00e3o aparecer pressione o bot\u00e3o calcular ou altere a data de pagamento para o dia seguinte).<br \/>\n<strong>b) <\/strong>C\u00f3pia documento de identidade e cadastro CPF (ou CHN que contenha as duas informa\u00e7\u00f5es)<br \/>\n<strong>c)<\/strong> C\u00f3pia do credenciamento no CNPq. Pode ser c\u00f3pia da publica\u00e7\u00e3o no Di\u00e1rio Oficial da Uni\u00e3o ou o documento emitido pelo sistema do CNPq<br \/>\n<strong>d) <\/strong>Comprovante de resid\u00eancia<br \/>\n<strong>e)<\/strong> Comprovante de v\u00ednculo funcional com a UENF (contracheque baixado do portal do servidor)<br \/>\n<strong>f)<\/strong> Requerimento:\u00a0 Utilize o <span style=\"color: #0000ff\"><strong><a style=\"color: #0000ff\" href=\"https:\/\/uenf.br\/posgraduacao\/setimp\/wp-content\/uploads\/sites\/21\/2026\/03\/Modelo-peticionamento-SEFAZ-RJ-Pesquisadores-2026.docx\" target=\"_blank\" rel=\"noopener\">Modelo de Peticionamento SEFAZ-RJ &#8211; Pesquisadores<\/a><\/strong><\/span> \u00a0e na sua unidade do SEI-UENF e prepare uma carta com o texto do modelo preenchido, assine, salve em pdf e anexe ao processo no SEI-Externo do peticionamento<\/p>\n<p style=\"text-align: jsutify\"><b>3 \u2013 A\u00c7\u00d5ES:<\/b><\/p>\n<p><strong>a) <\/strong>Acessar como usu\u00e1rio externo do SEI-RJ &#8211; acesse por este link: <a href=\"https:\/\/www.portalsei.rj.gov.br\/usuarioexterno\" target=\"_blank\" rel=\"noopener\"><strong>https:\/\/www.portalsei.rj.gov.br\/usuarioexterno<\/strong><\/a><br \/>\n<strong>b)<\/strong> Inicia peticionamento &gt; processo novo&gt;<br \/>\n<strong>c)<\/strong> Tipo de processo: ICMS \u2013 reconhecimento de isen\u00e7\u00e3o de ICMS &#8211; \u00f3rg\u00e3o SEFAZ &#8211; RJ<br \/>\n<strong>d)<\/strong> Especifica\u00e7\u00e3o: Solicita\u00e7\u00e3o de credenciamento para isen\u00e7\u00e3o de ICMS Pesquisador Lei 8010\/90<br \/>\n<strong>e) <\/strong>Interessados: somente voc\u00ea \u2013 usar o CPF para validar pela primeira vez e ir\u00e1 abrir um outro formul\u00e1rio para preencher \u2013 identifique-se como pessoa f\u00edsica \u2013 op\u00e7\u00e3o:\u00a0 n\u00e3o v\u00ednculo.\u00a0 Cargo: professor.\u00a0 Caso j\u00e1 tenha feito uma vez s\u00f3 validar e adicionar.<br \/>\n<strong>f)<\/strong> Documento principal &#8211; Peticionamento:\u00a0 anexar peticionamento preenchido &#8211; informa\u00e7\u00e3o complementar: credenciamento isen\u00e7\u00e3o ICMS lei 8010-90<br \/>\n<strong>g)<\/strong> Anexar documentos complementares conforme lista acima<\/p>\n<p><b>Ser\u00e1 enviado um e-mail confirmando o recebimento do processo com o n\u00famero de protocolo.\u00a0 Dar ci\u00eancia da delibera\u00e7\u00e3o acessando o processo do SEI e salvara declara\u00e7\u00e3o de deferimento do cadastro para o ano solicitado.\u00a0 A<\/b><b>guardar a tramita\u00e7\u00e3o do processo e o recebimento da declara\u00e7\u00e3o de credenciamento<\/b><\/p>\n<p><img loading=\"lazy\" decoding=\"async\" src=\"https:\/\/uenf.br\/posgraduacao\/setimp\/wp-content\/uploads\/sites\/21\/2024\/03\/Universidade.jpg\" alt=\"\" width=\"563\" height=\"41\" \/><img loading=\"lazy\" decoding=\"async\" src=\"https:\/\/uenf.br\/posgraduacao\/setimp\/wp-content\/uploads\/sites\/21\/2024\/03\/Obter-verde-1.jpg\" alt=\"\" width=\"138\" height=\"52\" \/><\/p>\n<p><span style=\"color: #ff0000\"><b>LEMBRE-SE QUE A SOLICITA\u00c7\u00c3O DE CREDENCIAMENTO DEVE SER FEITA AT\u00c9 O DIA 15 DE JANEIRO DE CADA ANO!<\/b><\/span><\/p>\n<p style=\"text-align: justify\"><b>1 \u2013 SOLICITAR CREDENCIAMENTO DO REPRESENTANTE LEGAL DA UNIVERSIDADE COMO\u00a0 USU\u00c1RIO EXTERNO NO SEI<\/b><br \/>\n(Caso j\u00e1 tenha credenciamento no SEI-Externo v\u00e1 para o pr\u00f3ximo passo) &#8211; <strong><span style=\"color: #ff0000\">A UENF j\u00e1 est\u00e1 credenciada para acesso ao SEI-Externo.<\/span><\/strong><\/p>\n<p style=\"text-align: justify\">Acesse o link para iniciar o cadastro: <a href=\"https:\/\/portalsei.rj.gov.br\/usuarioexterno\" target=\"_blank\" rel=\"noopener\">https:\/\/portalsei.rj.gov.br\/usuarioexterno<\/a><\/p>\n<p><b>2 \u2013 DOCUMENTOS NECESS\u00c1RIOS PARA SEREM ANEXADOS AO PROCESSO ADMINISTRATIVO<\/b><\/p>\n<p style=\"text-align: left\"><strong>a)<\/strong> Comprovante de recolhimento da taxa de servi\u00e7os estaduais (para a UENF isto n\u00e3o \u00e9 exigido \u2013estamos dispensados de recolhimento de taxa por sermos um \u00f3rg\u00e3o do estado\u00a0 (Fundamenta\u00e7\u00e3o = C\u00f3digo Tribut\u00e1rio Estadual \u2013 par\u00e1grafo \u00fanico do artigo 106, inciso I)<br \/>\n<strong>b) <\/strong>Procura\u00e7\u00e3o ou comprovante do signat\u00e1rio para representar a Universidade \u2013 nomea\u00e7\u00e3o no DOERJ Reitor (a) ou procura\u00e7\u00e3o servidor(a) (obtida no e-cac)<br \/>\n<strong>c) <\/strong>C\u00f3pia documento de identidade e cadastro CPF (ou CHN que contenha as duas informa\u00e7\u00f5es) do Representante Legal da Universidade<br \/>\n<strong>d) <\/strong>C\u00f3pia do ato constitutivo da Universidade (pode inserir um arquivo com o cart\u00e3o do CNPJ e\u00a0 publica\u00e7\u00e3o do ato de cria\u00e7\u00e3o da Universidade no DOERJ)<br \/>\n<strong>e)<\/strong> C\u00f3pia do credenciamento da Universidade no CNPq. Pode ser c\u00f3pia da publica\u00e7\u00e3o no Di\u00e1rio Oficial da Uni\u00e3o ou o documento emitido pelo sistema do CNPq<br \/>\n<strong>f)<\/strong> Requerimento:\u00a0 Utilize o <span style=\"color: #0000ff\"><strong><a style=\"color: #0000ff\" href=\"https:\/\/uenf.br\/posgraduacao\/setimp\/wp-content\/uploads\/sites\/21\/2026\/03\/Modelo-peticionamento-SEFAZ-RJ-Universidade-2026.docx\" target=\"_blank\" rel=\"noopener\">Modelo de peticionamento SEFAZ-RJ &#8211; Universidade<\/a> <\/strong><\/span>no SEI-UENF-Reitoria e prepare um of\u00edcio com o texto do modelo preenchido, assine, salve em pdf e anexe ao processo no SEI-Externo do peticionamento<\/p>\n<p><b>3 \u2013 A\u00c7\u00d5ES:<\/b><\/p>\n<p><strong>a) <\/strong>Acessar como usu\u00e1rio institucional externo do SEI-RJ &#8211; acesse por este link: <a href=\"https:\/\/portalsei.rj.gov.br\/usuarioexterno\" target=\"_blank\" rel=\"noopener\">https:\/\/portalsei.rj.gov.br\/usuarioexterno<\/a><br \/>\n<strong>b)<\/strong> Inicia peticionamento &gt; processo novo&gt;<br \/>\n<strong>c)<\/strong> Tipo de processo: Receita \u2013 solicita\u00e7\u00e3o de isen\u00e7\u00e3o de ICMS<br \/>\n<strong>d)<\/strong> Especifica\u00e7\u00e3o: Solicita\u00e7\u00e3o de credenciamento para isen\u00e7\u00e3o de ICMS<br \/>\n<strong>e) <\/strong>Interessados: somente voc\u00ea \u2013 usar o CPF para validar pela primeira vez e ir\u00e1 abrir um outro formul\u00e1rio para preencher \u2013 identifique-se como pessoa f\u00edsica \u2013 op\u00e7\u00e3o:\u00a0 n\u00e3o v\u00ednculo.\u00a0 Cargo: Reitor ou procurador<br \/>\n<strong>f)<\/strong> Requerimento:\u00a0 anexar requerimento preenchido<\/p>\n<p><b>Ser\u00e1 enviado um e-mail confirmando o recebimento do processo com o n\u00famero de protocolo.\u00a0 Dar ci\u00eancia da delibera\u00e7\u00e3o acessando o processo do SEI e salvara declara\u00e7\u00e3o de deferimento do cadastro para o ano solicitado. Aguardar a tramita\u00e7\u00e3o do processo e o recebimento da declara\u00e7\u00e3o de credenciamento<\/b><\/p>\n<p style=\"text-align: center\"><strong>A UNIVERSIDADE ESTADUAL DO NORTE FLUMINENSE DARCY RIBEIRO ENCONTRA-SE CREDENCIADA JUNTO A SEFAZ-RJ PARA SOLICITA\u00c7\u00c3O DE ISEN\u00c7\u00c3O DE ICMS\u00a0<\/strong><strong> AT\u00c9 31\/12\/2026 QUANDO DEVER\u00c1 SOLICITAR NOVO CREDENCIAMENTO PARA 2027<br \/>\n<\/strong><\/p>\n<p style=\"text-align: center\"><a href=\"https:\/\/uenf.br\/posgraduacao\/setimp\/servicos-de-logistica-e-desembaraco-aduaneiro\/\" target=\"_blank\" rel=\"noopener\"><strong>Credenciamento junto a SEFAZ em 2026 &#8211; SEI-040006\/000152\/2026<\/strong><\/a><\/p>\n<p><strong>PRONTO PARA O PR\u00d3XIMO PASSO?<\/strong><\/p>\n<p>Acesse o fluxograma &#8220;<strong><a style=\"color: #0000ff\" href=\"https:\/\/uenf.br\/posgraduacao\/setimp\/iniciando-um-processo-de-importacao\/\" target=\"_blank\" rel=\"noopener\">iniciando um processo de importa\u00e7\u00e3o<\/a><\/strong>&#8220;<\/p>\n","protected":false},"excerpt":{"rendered":"<p>\u00a0\u00a0\u00a0\u00a0\u00a0 Art. 2\u00ba Poder\u00e3o habilitar-se ao credenciamento: I &#8211; institutos de pesquisa federais ou estaduais; II &#8211; institutos de pesquisa&#8230;<\/p>\n","protected":false},"author":54,"featured_media":0,"parent":33,"menu_order":3,"comment_status":"closed","ping_status":"closed","template":"","meta":{"footnotes":""},"class_list":["post-50","page","type-page","status-publish","hentry"],"_links":{"self":[{"href":"https:\/\/uenf.br\/posgraduacao\/setimp\/wp-json\/wp\/v2\/pages\/50","targetHints":{"allow":["GET"]}}],"collection":[{"href":"https:\/\/uenf.br\/posgraduacao\/setimp\/wp-json\/wp\/v2\/pages"}],"about":[{"href":"https:\/\/uenf.br\/posgraduacao\/setimp\/wp-json\/wp\/v2\/types\/page"}],"author":[{"embeddable":true,"href":"https:\/\/uenf.br\/posgraduacao\/setimp\/wp-json\/wp\/v2\/users\/54"}],"replies":[{"embeddable":true,"href":"https:\/\/uenf.br\/posgraduacao\/setimp\/wp-json\/wp\/v2\/comments?post=50"}],"version-history":[{"count":0,"href":"https:\/\/uenf.br\/posgraduacao\/setimp\/wp-json\/wp\/v2\/pages\/50\/revisions"}],"up":[{"embeddable":true,"href":"https:\/\/uenf.br\/posgraduacao\/setimp\/wp-json\/wp\/v2\/pages\/33"}],"wp:attachment":[{"href":"https:\/\/uenf.br\/posgraduacao\/setimp\/wp-json\/wp\/v2\/media?parent=50"}],"curies":[{"name":"wp","href":"https:\/\/api.w.org\/{rel}","templated":true}]}}