{"id":506,"date":"2024-03-16T15:04:54","date_gmt":"2024-03-16T18:04:54","guid":{"rendered":"https:\/\/uenf.br\/posgraduacao\/setimp\/?page_id=506"},"modified":"2026-01-17T08:20:59","modified_gmt":"2026-01-17T11:20:59","slug":"classificacao-ncm","status":"publish","type":"page","link":"https:\/\/uenf.br\/posgraduacao\/setimp\/ckeck-list-para-iniciar-um-processo-de-importacao\/exigencias-a-serem-observadas-antes-de-importar\/classificacao-ncm\/","title":{"rendered":"Classifica\u00e7\u00e3o NCM &#8211; Nomenclatura Comum do Mercosul"},"content":{"rendered":"<p style=\"text-align: justify\"><span style=\"color: #000000\">\u00a0A consulta a classifica\u00e7\u00e3o NCM pode ser feita no <a href=\"https:\/\/portalunico.siscomex.gov.br\/portal\/\" target=\"_blank\" rel=\"noopener\"><span style=\"color: #0000ff\"><strong>Portal \u00danico Siscomex<\/strong><\/span><\/a> (Acesse o portal &gt; escolha &#8220;Acesso P\u00fablico&#8221; &gt; &#8220;Importa\u00e7\u00e3o&#8221; &gt; &#8220;Consultar&#8221;<br \/>\n<\/span><\/p>\n<p style=\"text-align: justify\"><span style=\"color: #000000\">Pode ser feita uma busca caso\u00a0 j\u00e1 se tenha informa\u00e7\u00e3o sonre o NCM (para confer\u00eancia e verifica\u00e7\u00e3o) ou por capitulo e posi\u00e7\u00e3o para obten\u00e7\u00e3o de um NCM quando esta informa\u00e7\u00e3o ainda n\u00e3o estiver dispon\u00edvel.<\/span><\/p>\n<p><img loading=\"lazy\" decoding=\"async\" class=\"wp-image-502 aligncenter\" src=\"https:\/\/uenf.br\/posgraduacao\/setimp\/wp-content\/uploads\/sites\/21\/2024\/03\/Portal-unico-siscomex.jpg\" alt=\"\" width=\"546\" height=\"260\" srcset=\"https:\/\/uenf.br\/posgraduacao\/setimp\/wp-content\/uploads\/sites\/21\/2024\/03\/Portal-unico-siscomex.jpg 1472w, https:\/\/uenf.br\/posgraduacao\/setimp\/wp-content\/uploads\/sites\/21\/2024\/03\/Portal-unico-siscomex-300x143.jpg 300w, https:\/\/uenf.br\/posgraduacao\/setimp\/wp-content\/uploads\/sites\/21\/2024\/03\/Portal-unico-siscomex-1024x488.jpg 1024w, https:\/\/uenf.br\/posgraduacao\/setimp\/wp-content\/uploads\/sites\/21\/2024\/03\/Portal-unico-siscomex-768x366.jpg 768w\" sizes=\"auto, (max-width: 546px) 100vw, 546px\" \/><\/p>\n<p><img loading=\"lazy\" decoding=\"async\" class=\"wp-image-503 aligncenter\" src=\"https:\/\/uenf.br\/posgraduacao\/setimp\/wp-content\/uploads\/sites\/21\/2024\/03\/Acesso-publico.jpg\" alt=\"\" width=\"561\" height=\"153\" srcset=\"https:\/\/uenf.br\/posgraduacao\/setimp\/wp-content\/uploads\/sites\/21\/2024\/03\/Acesso-publico.jpg 1454w, https:\/\/uenf.br\/posgraduacao\/setimp\/wp-content\/uploads\/sites\/21\/2024\/03\/Acesso-publico-300x82.jpg 300w, https:\/\/uenf.br\/posgraduacao\/setimp\/wp-content\/uploads\/sites\/21\/2024\/03\/Acesso-publico-1024x280.jpg 1024w, https:\/\/uenf.br\/posgraduacao\/setimp\/wp-content\/uploads\/sites\/21\/2024\/03\/Acesso-publico-768x210.jpg 768w\" sizes=\"auto, (max-width: 561px) 100vw, 561px\" \/><\/p>\n<p><img loading=\"lazy\" decoding=\"async\" class=\" wp-image-514 aligncenter\" src=\"https:\/\/uenf.br\/posgraduacao\/setimp\/wp-content\/uploads\/sites\/21\/2024\/03\/Consultar.jpg\" alt=\"\" width=\"665\" height=\"185\" srcset=\"https:\/\/uenf.br\/posgraduacao\/setimp\/wp-content\/uploads\/sites\/21\/2024\/03\/Consultar.jpg 1267w, https:\/\/uenf.br\/posgraduacao\/setimp\/wp-content\/uploads\/sites\/21\/2024\/03\/Consultar-300x83.jpg 300w, https:\/\/uenf.br\/posgraduacao\/setimp\/wp-content\/uploads\/sites\/21\/2024\/03\/Consultar-1024x284.jpg 1024w, https:\/\/uenf.br\/posgraduacao\/setimp\/wp-content\/uploads\/sites\/21\/2024\/03\/Consultar-768x213.jpg 768w\" sizes=\"auto, (max-width: 665px) 100vw, 665px\" \/><\/p>\n<p><img loading=\"lazy\" decoding=\"async\" class=\"wp-image-515 aligncenter\" src=\"https:\/\/uenf.br\/posgraduacao\/setimp\/wp-content\/uploads\/sites\/21\/2024\/03\/NCM.jpg\" alt=\"\" width=\"909\" height=\"385\" srcset=\"https:\/\/uenf.br\/posgraduacao\/setimp\/wp-content\/uploads\/sites\/21\/2024\/03\/NCM.jpg 1942w, https:\/\/uenf.br\/posgraduacao\/setimp\/wp-content\/uploads\/sites\/21\/2024\/03\/NCM-300x127.jpg 300w, https:\/\/uenf.br\/posgraduacao\/setimp\/wp-content\/uploads\/sites\/21\/2024\/03\/NCM-1024x433.jpg 1024w, https:\/\/uenf.br\/posgraduacao\/setimp\/wp-content\/uploads\/sites\/21\/2024\/03\/NCM-768x325.jpg 768w, https:\/\/uenf.br\/posgraduacao\/setimp\/wp-content\/uploads\/sites\/21\/2024\/03\/NCM-1536x650.jpg 1536w\" sizes=\"auto, (max-width: 909px) 100vw, 909px\" \/><\/p>\n<p><strong><span style=\"color: #ff0000\">EXEMPLO:<\/span>\u00a0 Uma busca para obter o c\u00f3digo NCM para microsc\u00f3pio eletr\u00f4nico foi obtido o resultado abaixo:<\/strong><\/p>\n<p><img loading=\"lazy\" decoding=\"async\" class=\"alignnone wp-image-522 \" src=\"https:\/\/uenf.br\/posgraduacao\/setimp\/wp-content\/uploads\/sites\/21\/2024\/03\/Exemplo-NCM.jpg\" alt=\"\" width=\"1097\" height=\"377\" srcset=\"https:\/\/uenf.br\/posgraduacao\/setimp\/wp-content\/uploads\/sites\/21\/2024\/03\/Exemplo-NCM.jpg 1956w, https:\/\/uenf.br\/posgraduacao\/setimp\/wp-content\/uploads\/sites\/21\/2024\/03\/Exemplo-NCM-300x103.jpg 300w, https:\/\/uenf.br\/posgraduacao\/setimp\/wp-content\/uploads\/sites\/21\/2024\/03\/Exemplo-NCM-1024x352.jpg 1024w, https:\/\/uenf.br\/posgraduacao\/setimp\/wp-content\/uploads\/sites\/21\/2024\/03\/Exemplo-NCM-768x264.jpg 768w, https:\/\/uenf.br\/posgraduacao\/setimp\/wp-content\/uploads\/sites\/21\/2024\/03\/Exemplo-NCM-1536x528.jpg 1536w\" sizes=\"auto, (max-width: 1097px) 100vw, 1097px\" \/><\/p>\n<p><span style=\"color: #000000\">Observe que a classifica\u00e7\u00e3o NCM obtida foi Cap\u00edtulo = 90 &gt;\u00a0 Posi\u00e7\u00e3o\u00a0 = 90.12 &gt; subposi\u00e7\u00e3o =\u00a0 90.12.10 &gt; Item\u00a0 = 90.12.10.1 &gt; Subitem= 0<\/span><\/p>\n<h2 style=\"text-align: center\"><span style=\"color: #000000\">NCM \u00a0 = 90.12.10.10<br \/>\n<\/span><\/h2>\n<p><span style=\"color: #000000\">Tamb\u00e9m podem ser consultadas as <span style=\"color: #0000ff\"><strong>NL (Nota Legal do Cap\u00edtulo)<\/strong> <\/span>e <strong><span style=\"color: #0000ff\">NE (Nota Explicativa do Capitulo<\/span><\/strong> 90 e <strong><span style=\"color: #0000ff\">Nota Explicativa da posi\u00e7\u00e3o<\/span><\/strong> 90.12\u00a0 &#8211; com estas informa\u00e7\u00f5es voc\u00ea pode confirmar se o item que procura corresponde ao cap\u00edtulo e a posi\u00e7\u00e3o encontrada.\u00a0 Aqui foi colocado um exemplo simples por\u00e9m, para cada item voc\u00ea dever\u00e1 estar certo da classifica\u00e7\u00e3o a ser utilizada pois problemas de diverg\u00eancia na classifica\u00e7\u00e3o entre o Licenciamento e Declara\u00e7\u00e3o da Importa\u00e7\u00e3o e a confer\u00eancia na alf\u00e2ndega poder\u00e1 levar a multas, gastos desnecess\u00e1rios e at\u00e9 mesmo n\u00e3o viabiliza\u00e7\u00e3o a retirada do item.\u00a0 Tamb\u00e9m s\u00e3o explicitadas informa\u00e7\u00f5es sobre partes e acess\u00f3rios dentro desta posi\u00e7\u00e3o NCM.<\/span><\/p>\n<p><span style=\"color: #000000\">Podem tamb\u00e9m ser consultadas informa\u00e7\u00f5es sobre tratamento administrativo e tribut\u00e1rio na importa\u00e7\u00e3o para o c\u00f3digo NCM<\/span><\/p>\n<p><img loading=\"lazy\" decoding=\"async\" class=\"wp-image-524 aligncenter\" src=\"https:\/\/uenf.br\/posgraduacao\/setimp\/wp-content\/uploads\/sites\/21\/2024\/03\/Tratamentos-administrativos.jpg\" alt=\"\" width=\"847\" height=\"331\" srcset=\"https:\/\/uenf.br\/posgraduacao\/setimp\/wp-content\/uploads\/sites\/21\/2024\/03\/Tratamentos-administrativos.jpg 1778w, https:\/\/uenf.br\/posgraduacao\/setimp\/wp-content\/uploads\/sites\/21\/2024\/03\/Tratamentos-administrativos-300x117.jpg 300w, https:\/\/uenf.br\/posgraduacao\/setimp\/wp-content\/uploads\/sites\/21\/2024\/03\/Tratamentos-administrativos-1024x400.jpg 1024w, https:\/\/uenf.br\/posgraduacao\/setimp\/wp-content\/uploads\/sites\/21\/2024\/03\/Tratamentos-administrativos-768x300.jpg 768w, https:\/\/uenf.br\/posgraduacao\/setimp\/wp-content\/uploads\/sites\/21\/2024\/03\/Tratamentos-administrativos-1536x600.jpg 1536w\" sizes=\"auto, (max-width: 847px) 100vw, 847px\" \/><\/p>\n<p><span style=\"color: #000000\">EM 2025 TODA A OPERA\u00c7\u00c3O DE IMPORTA\u00c7\u00c3O PARA PESQUISA SER\u00c1 INCORPORADA AO PORTAL \u00daNICO SISCOMEX.\u00a0 AT\u00c9 L\u00c1 PDEMOS UTILIZAR O PORTAL PARA AS CONSULTAS NECESS\u00c1RIAS MAS AINDA PRECISAMOS UTILIZAR O SISTEMA SISCOMEX WEB PARA OBTEN\u00c7\u00c3O DO LICENCIAMENTO DE IMPORTA\u00c7\u00c3O (LI) PARA ANU\u00caNCIA DO CNPQ E POSTERIORMENTE EMISS\u00c3O DA DECLARA\u00c7\u00c3O DE IMPORTA\u00c7\u00c3O (DI)<\/span><\/p>\n","protected":false},"excerpt":{"rendered":"<p>\u00a0A consulta a classifica\u00e7\u00e3o NCM pode ser feita no Portal \u00danico Siscomex (Acesse o portal &gt; escolha &#8220;Acesso P\u00fablico&#8221; &gt;&#8230;<\/p>\n","protected":false},"author":54,"featured_media":0,"parent":494,"menu_order":0,"comment_status":"closed","ping_status":"closed","template":"","meta":{"footnotes":""},"class_list":["post-506","page","type-page","status-publish","hentry"],"_links":{"self":[{"href":"https:\/\/uenf.br\/posgraduacao\/setimp\/wp-json\/wp\/v2\/pages\/506","targetHints":{"allow":["GET"]}}],"collection":[{"href":"https:\/\/uenf.br\/posgraduacao\/setimp\/wp-json\/wp\/v2\/pages"}],"about":[{"href":"https:\/\/uenf.br\/posgraduacao\/setimp\/wp-json\/wp\/v2\/types\/page"}],"author":[{"embeddable":true,"href":"https:\/\/uenf.br\/posgraduacao\/setimp\/wp-json\/wp\/v2\/users\/54"}],"replies":[{"embeddable":true,"href":"https:\/\/uenf.br\/posgraduacao\/setimp\/wp-json\/wp\/v2\/comments?post=506"}],"version-history":[{"count":0,"href":"https:\/\/uenf.br\/posgraduacao\/setimp\/wp-json\/wp\/v2\/pages\/506\/revisions"}],"up":[{"embeddable":true,"href":"https:\/\/uenf.br\/posgraduacao\/setimp\/wp-json\/wp\/v2\/pages\/494"}],"wp:attachment":[{"href":"https:\/\/uenf.br\/posgraduacao\/setimp\/wp-json\/wp\/v2\/media?parent=506"}],"curies":[{"name":"wp","href":"https:\/\/api.w.org\/{rel}","templated":true}]}}