{"id":53,"date":"2024-03-14T11:35:59","date_gmt":"2024-03-14T14:35:59","guid":{"rendered":"https:\/\/uenf.br\/posgraduacao\/setimp\/?page_id=53"},"modified":"2026-03-15T17:30:13","modified_gmt":"2026-03-15T20:30:13","slug":"credenciamento-no-cnpq-2","status":"publish","type":"page","link":"https:\/\/uenf.br\/posgraduacao\/setimp\/primeiros-passos-para-importar\/credenciamento-no-cnpq-2\/","title":{"rendered":"Credenciamento no CNPq"},"content":{"rendered":"<p><img loading=\"lazy\" decoding=\"async\" class=\"wp-image-350 alignleft\" src=\"https:\/\/uenf.br\/posgraduacao\/setimp\/wp-content\/uploads\/sites\/21\/2024\/03\/imagem-5.jpg\" alt=\"\" width=\"389\" height=\"213\" srcset=\"https:\/\/uenf.br\/posgraduacao\/setimp\/wp-content\/uploads\/sites\/21\/2024\/03\/imagem-5.jpg 633w, https:\/\/uenf.br\/posgraduacao\/setimp\/wp-content\/uploads\/sites\/21\/2024\/03\/imagem-5-300x164.jpg 300w\" sizes=\"auto, (max-width: 389px) 100vw, 389px\" \/><\/p>\n<p><span style=\"color: #000000\"><img loading=\"lazy\" decoding=\"async\" class=\"wp-image-352 alignleft\" src=\"https:\/\/uenf.br\/posgraduacao\/setimp\/wp-content\/uploads\/sites\/21\/2024\/03\/imagem-6.jpg\" alt=\"\" width=\"371\" height=\"72\" srcset=\"https:\/\/uenf.br\/posgraduacao\/setimp\/wp-content\/uploads\/sites\/21\/2024\/03\/imagem-6.jpg 803w, https:\/\/uenf.br\/posgraduacao\/setimp\/wp-content\/uploads\/sites\/21\/2024\/03\/imagem-6-300x58.jpg 300w, https:\/\/uenf.br\/posgraduacao\/setimp\/wp-content\/uploads\/sites\/21\/2024\/03\/imagem-6-768x149.jpg 768w, https:\/\/uenf.br\/posgraduacao\/setimp\/wp-content\/uploads\/sites\/21\/2024\/03\/imagem-6-800x156.jpg 800w\" sizes=\"auto, (max-width: 371px) 100vw, 371px\" \/><\/span><\/p>\n<p style=\"text-align: justify\"><span style=\"color: #000000\">Credenciamento de Pesquisadores e Institui\u00e7\u00e3o Cient\u00edfica, Tecnol\u00f3gica e de Inova\u00e7\u00e3o \u2013 ICT, entidades sem fins lucrativos e empresas visando isen\u00e7\u00e3o de impostos na importa\u00e7\u00e3o de bens destinados \u00e0 pesquisa cient\u00edfica e tecnol\u00f3gica, conforme Lei 8.010\/1990 e o art. 2\u00ba, caput, inciso I, al\u00ednea \u201cg\u201d da Lei 8.032\/1990, com validade de 5 (cinco) anos.<\/span><br \/>\n<span style=\"color: #000000\">O benef\u00edcio previsto para<\/span> <span style=\"color: #ff0000\"><strong>pesquisadores<\/strong><\/span> e <span style=\"color: #ff0000\"><strong>ICTs <\/strong><span style=\"color: #000000\">e<\/span><strong> entidades sem fins lucrativos<\/strong><\/span> <span style=\"color: #000000\">\u00e9 a isen\u00e7\u00e3o dos impostos de importa\u00e7\u00e3o e sobre produtos industrializados e do adicional ao frete para renova\u00e7\u00e3o da marinha mercante nas importa\u00e7\u00f5es de m\u00e1quinas, equipamentos, aparelhos e instrumentos, bem como suas partes e pe\u00e7as de reposi\u00e7\u00e3o, acess\u00f3rios, mat\u00e9rias-primas e produtos intermedi\u00e1rios, destinados \u00e0 pesquisa cient\u00edfica e tecnol\u00f3gica. Tamb\u00e9m s\u00e3o<\/span> <strong><span style=\"color: #0000ff\">dispensadas do exame de similaridade<\/span><\/strong>, da <strong><span style=\"color: #0000ff\">emiss\u00e3o de guia de importa\u00e7\u00e3<\/span><\/strong><span style=\"color: #0000ff\">o<\/span><span style=\"color: #000000\"> ou documento de efeito equivalente e controles pr\u00e9vios ao despacho<\/span> <span style=\"color: #000000\">aduaneiro.<\/span><\/p>\n<p><span style=\"color: #000000\">Veja abaixo como solicitar o credenciamento como pesquisador ou o credenciamento da sua institui\u00e7\u00e3o.\u00a0\u00a0 Caso j\u00e1 tenha credenciamento anterior, verifique a situa\u00e7\u00e3o do mesmo e, caso esteja expirado solicite a revalida\u00e7\u00e3o.<\/span><\/p>\n<p><img loading=\"lazy\" decoding=\"async\" class=\"size-full wp-image-366 alignleft\" src=\"https:\/\/uenf.br\/posgraduacao\/setimp\/wp-content\/uploads\/sites\/21\/2024\/03\/Universidade.jpg\" alt=\"\" width=\"803\" height=\"58\" srcset=\"https:\/\/uenf.br\/posgraduacao\/setimp\/wp-content\/uploads\/sites\/21\/2024\/03\/Universidade.jpg 803w, https:\/\/uenf.br\/posgraduacao\/setimp\/wp-content\/uploads\/sites\/21\/2024\/03\/Universidade-300x22.jpg 300w, https:\/\/uenf.br\/posgraduacao\/setimp\/wp-content\/uploads\/sites\/21\/2024\/03\/Universidade-768x55.jpg 768w, https:\/\/uenf.br\/posgraduacao\/setimp\/wp-content\/uploads\/sites\/21\/2024\/03\/Universidade-800x58.jpg 800w\" sizes=\"auto, (max-width: 803px) 100vw, 803px\" \/><\/p>\n<p>&nbsp;<\/p>\n<p>&nbsp;<\/p>\n<p><a href=\"https:\/\/www.gov.br\/pt-br\/servicos\/obter-credenciamento-de-pessoa-juridica-para-importacao-de-bens-destinados-a-pesquisa\" target=\"_blank\" rel=\"noopener\"><img loading=\"lazy\" decoding=\"async\" class=\"alignleft wp-image-364 size-full\" src=\"https:\/\/uenf.br\/posgraduacao\/setimp\/wp-content\/uploads\/sites\/21\/2024\/03\/Obter-verde-1.jpg\" alt=\"\" width=\"199\" height=\"75\" \/><\/a> \u00a0\u00a0\u00a0\u00a0 <a href=\"http:\/\/plsql1.cnpq.br\/siaceanuentepls\/sc_consultaproc\" target=\"_blank\" rel=\"noopener\"><img loading=\"lazy\" decoding=\"async\" class=\"alignleft wp-image-361 size-full\" src=\"https:\/\/uenf.br\/posgraduacao\/setimp\/wp-content\/uploads\/sites\/21\/2024\/03\/Consultar-verde-1.jpg\" alt=\"\" width=\"339\" height=\"75\" srcset=\"https:\/\/uenf.br\/posgraduacao\/setimp\/wp-content\/uploads\/sites\/21\/2024\/03\/Consultar-verde-1.jpg 339w, https:\/\/uenf.br\/posgraduacao\/setimp\/wp-content\/uploads\/sites\/21\/2024\/03\/Consultar-verde-1-300x66.jpg 300w\" sizes=\"auto, (max-width: 339px) 100vw, 339px\" \/><\/a><\/p>\n<p>&nbsp;<\/p>\n<p><img loading=\"lazy\" decoding=\"async\" class=\"size-full wp-image-365 alignleft\" src=\"https:\/\/uenf.br\/posgraduacao\/setimp\/wp-content\/uploads\/sites\/21\/2024\/03\/Pesquisadores.jpg\" alt=\"\" width=\"803\" height=\"57\" srcset=\"https:\/\/uenf.br\/posgraduacao\/setimp\/wp-content\/uploads\/sites\/21\/2024\/03\/Pesquisadores.jpg 803w, https:\/\/uenf.br\/posgraduacao\/setimp\/wp-content\/uploads\/sites\/21\/2024\/03\/Pesquisadores-300x21.jpg 300w, https:\/\/uenf.br\/posgraduacao\/setimp\/wp-content\/uploads\/sites\/21\/2024\/03\/Pesquisadores-768x55.jpg 768w, https:\/\/uenf.br\/posgraduacao\/setimp\/wp-content\/uploads\/sites\/21\/2024\/03\/Pesquisadores-800x57.jpg 800w\" sizes=\"auto, (max-width: 803px) 100vw, 803px\" \/><\/p>\n<p>&nbsp;<\/p>\n<p>&nbsp;<\/p>\n<p><a href=\"https:\/\/www.gov.br\/pt-br\/servicos\/obter-credenciamento-de-pessoa-fisica-para-importacao-de-bens-destinados-a-pesquisa\" target=\"_blank\" rel=\"noopener\"><img loading=\"lazy\" decoding=\"async\" class=\"alignleft wp-image-363 size-full\" src=\"https:\/\/uenf.br\/posgraduacao\/setimp\/wp-content\/uploads\/sites\/21\/2024\/03\/Obter-verde-2.jpg\" alt=\"\" width=\"197\" height=\"74\" \/><\/a>\u00a0 <a href=\"http:\/\/plsql1.cnpq.br\/siaceanuentepls\/SC_ConsultaPesq\" target=\"_blank\" rel=\"noopener\"><img loading=\"lazy\" decoding=\"async\" class=\"alignleft wp-image-362 size-full\" src=\"https:\/\/uenf.br\/posgraduacao\/setimp\/wp-content\/uploads\/sites\/21\/2024\/03\/consuotar-verde-2.jpg\" alt=\"\" width=\"341\" height=\"72\" srcset=\"https:\/\/uenf.br\/posgraduacao\/setimp\/wp-content\/uploads\/sites\/21\/2024\/03\/consuotar-verde-2.jpg 341w, https:\/\/uenf.br\/posgraduacao\/setimp\/wp-content\/uploads\/sites\/21\/2024\/03\/consuotar-verde-2-300x63.jpg 300w\" sizes=\"auto, (max-width: 341px) 100vw, 341px\" \/><\/a><\/p>\n<p>&nbsp;<\/p>\n<p>&nbsp;<\/p>\n<p><span style=\"color: #0000ff\"><strong>Caso tenha alguma d\u00favida entre em contato com o CNPq<\/strong><\/span><\/p>\n<p>E-mail: credenciamento@cnpq.br<br \/>\nTelefone:(61) 3211-9180 e (61) 3211-9438<br \/>\nPresencial: CNPq &#8211; SAUS Quadra 01, lote 06, bloco H,<br \/>\n13\u00ba andar Edif\u00edcio Telemundi II, Asa Sul,<br \/>\nBras\u00edlia &#8211; DF &#8211; CEP: 70.070-010<\/p>\n<p style=\"text-align: center\"><span style=\"color: #0000ff\"><strong>A UNIVERSIDADE ESTADUAL DO NORTE FLUMINENSE DARCY RIBEIRO ENCONTRA-SE CREDENCIADA JUNTO AO CNPq AT\u00c9 29\/06\/2028 QUANDO DEVER\u00c1 SOLICITAR A REVALIDA\u00c7\u00c3O<\/strong><\/span><\/p>\n<p><img loading=\"lazy\" decoding=\"async\" class=\"alignnone size-full wp-image-820\" src=\"https:\/\/uenf.br\/posgraduacao\/setimp\/wp-content\/uploads\/sites\/21\/2025\/12\/Credenciamento-UENF-junto-ao-CNPq.png\" alt=\"\" width=\"1582\" height=\"1078\" srcset=\"https:\/\/uenf.br\/posgraduacao\/setimp\/wp-content\/uploads\/sites\/21\/2025\/12\/Credenciamento-UENF-junto-ao-CNPq.png 1582w, https:\/\/uenf.br\/posgraduacao\/setimp\/wp-content\/uploads\/sites\/21\/2025\/12\/Credenciamento-UENF-junto-ao-CNPq-300x204.png 300w, https:\/\/uenf.br\/posgraduacao\/setimp\/wp-content\/uploads\/sites\/21\/2025\/12\/Credenciamento-UENF-junto-ao-CNPq-1024x698.png 1024w, https:\/\/uenf.br\/posgraduacao\/setimp\/wp-content\/uploads\/sites\/21\/2025\/12\/Credenciamento-UENF-junto-ao-CNPq-768x523.png 768w, https:\/\/uenf.br\/posgraduacao\/setimp\/wp-content\/uploads\/sites\/21\/2025\/12\/Credenciamento-UENF-junto-ao-CNPq-1536x1047.png 1536w, https:\/\/uenf.br\/posgraduacao\/setimp\/wp-content\/uploads\/sites\/21\/2025\/12\/Credenciamento-UENF-junto-ao-CNPq-1200x818.png 1200w, https:\/\/uenf.br\/posgraduacao\/setimp\/wp-content\/uploads\/sites\/21\/2025\/12\/Credenciamento-UENF-junto-ao-CNPq-320x218.png 320w\" sizes=\"auto, (max-width: 1582px) 100vw, 1582px\" \/><\/p>\n<p><span style=\"color: #0000ff\"><strong>PRONTO PARA O PR\u00d3XIMO PASSO?<\/strong><\/span><\/p>\n<p><span style=\"color: #000000\">Retorne ao fluxograma &#8220;<strong><a style=\"color: #000000\" href=\"https:\/\/uenf.br\/posgraduacao\/setimp\/primeiros-passos-para-importar\/\" target=\"_blank\" rel=\"noopener\"><span style=\"color: #0000ff\">primeiros passos para importar<\/span><\/a><\/strong>&#8221; e siga adiante<\/span><\/p>\n","protected":false},"excerpt":{"rendered":"<p>Credenciamento de Pesquisadores e Institui\u00e7\u00e3o Cient\u00edfica, Tecnol\u00f3gica e de Inova\u00e7\u00e3o \u2013 ICT, entidades sem fins lucrativos e empresas visando isen\u00e7\u00e3o&#8230;<\/p>\n","protected":false},"author":54,"featured_media":0,"parent":33,"menu_order":2,"comment_status":"closed","ping_status":"closed","template":"","meta":{"footnotes":""},"class_list":["post-53","page","type-page","status-publish","hentry"],"_links":{"self":[{"href":"https:\/\/uenf.br\/posgraduacao\/setimp\/wp-json\/wp\/v2\/pages\/53","targetHints":{"allow":["GET"]}}],"collection":[{"href":"https:\/\/uenf.br\/posgraduacao\/setimp\/wp-json\/wp\/v2\/pages"}],"about":[{"href":"https:\/\/uenf.br\/posgraduacao\/setimp\/wp-json\/wp\/v2\/types\/page"}],"author":[{"embeddable":true,"href":"https:\/\/uenf.br\/posgraduacao\/setimp\/wp-json\/wp\/v2\/users\/54"}],"replies":[{"embeddable":true,"href":"https:\/\/uenf.br\/posgraduacao\/setimp\/wp-json\/wp\/v2\/comments?post=53"}],"version-history":[{"count":0,"href":"https:\/\/uenf.br\/posgraduacao\/setimp\/wp-json\/wp\/v2\/pages\/53\/revisions"}],"up":[{"embeddable":true,"href":"https:\/\/uenf.br\/posgraduacao\/setimp\/wp-json\/wp\/v2\/pages\/33"}],"wp:attachment":[{"href":"https:\/\/uenf.br\/posgraduacao\/setimp\/wp-json\/wp\/v2\/media?parent=53"}],"curies":[{"name":"wp","href":"https:\/\/api.w.org\/{rel}","templated":true}]}}