{"id":884,"date":"2025-12-13T16:04:53","date_gmt":"2025-12-13T19:04:53","guid":{"rendered":"https:\/\/uenf.br\/posgraduacao\/setimp\/?page_id=884"},"modified":"2026-01-17T08:26:14","modified_gmt":"2026-01-17T11:26:14","slug":"procedimentos-operacionais-no-portal-unico-siscomex","status":"publish","type":"page","link":"https:\/\/uenf.br\/posgraduacao\/setimp\/procedimentos-operacionais-no-portal-unico-siscomex\/","title":{"rendered":"Procedimentos operacionais no Portal \u00danico Siscomex"},"content":{"rendered":"<table border=\"1\">\n<tbody>\n<tr>\n<td><a href=\"https:\/\/uenf.br\/posgraduacao\/setimp\/procedimentos-operacionais-no-portal-unico-siscomex\/editando-o-catalogo-de-produtos\/\" target=\"_blank\" rel=\"noopener\"><img loading=\"lazy\" decoding=\"async\" class=\"aligncenter wp-image-905\" src=\"https:\/\/uenf.br\/posgraduacao\/setimp\/wp-content\/uploads\/sites\/21\/2025\/12\/Cata\u0301logo-de-produtos.png\" alt=\"\" width=\"293\" height=\"128\" srcset=\"https:\/\/uenf.br\/posgraduacao\/setimp\/wp-content\/uploads\/sites\/21\/2025\/12\/Cata\u0301logo-de-produtos.png 2080w, https:\/\/uenf.br\/posgraduacao\/setimp\/wp-content\/uploads\/sites\/21\/2025\/12\/Cata\u0301logo-de-produtos-300x131.png 300w, https:\/\/uenf.br\/posgraduacao\/setimp\/wp-content\/uploads\/sites\/21\/2025\/12\/Cata\u0301logo-de-produtos-1024x447.png 1024w, https:\/\/uenf.br\/posgraduacao\/setimp\/wp-content\/uploads\/sites\/21\/2025\/12\/Cata\u0301logo-de-produtos-768x335.png 768w, https:\/\/uenf.br\/posgraduacao\/setimp\/wp-content\/uploads\/sites\/21\/2025\/12\/Cata\u0301logo-de-produtos-1536x670.png 1536w, https:\/\/uenf.br\/posgraduacao\/setimp\/wp-content\/uploads\/sites\/21\/2025\/12\/Cata\u0301logo-de-produtos-2048x893.png 2048w, https:\/\/uenf.br\/posgraduacao\/setimp\/wp-content\/uploads\/sites\/21\/2025\/12\/Cata\u0301logo-de-produtos-1200x523.png 1200w, https:\/\/uenf.br\/posgraduacao\/setimp\/wp-content\/uploads\/sites\/21\/2025\/12\/Cata\u0301logo-de-produtos-320x140.png 320w\" sizes=\"auto, (max-width: 293px) 100vw, 293px\" \/><\/a><\/td>\n<td><img loading=\"lazy\" decoding=\"async\" class=\"aligncenter wp-image-903\" src=\"https:\/\/uenf.br\/posgraduacao\/setimp\/wp-content\/uploads\/sites\/21\/2025\/12\/seta-para-direira.png\" alt=\"\" width=\"127\" height=\"81\" srcset=\"https:\/\/uenf.br\/posgraduacao\/setimp\/wp-content\/uploads\/sites\/21\/2025\/12\/seta-para-direira.png 1035w, https:\/\/uenf.br\/posgraduacao\/setimp\/wp-content\/uploads\/sites\/21\/2025\/12\/seta-para-direira-300x191.png 300w, https:\/\/uenf.br\/posgraduacao\/setimp\/wp-content\/uploads\/sites\/21\/2025\/12\/seta-para-direira-1024x653.png 1024w, https:\/\/uenf.br\/posgraduacao\/setimp\/wp-content\/uploads\/sites\/21\/2025\/12\/seta-para-direira-768x490.png 768w, https:\/\/uenf.br\/posgraduacao\/setimp\/wp-content\/uploads\/sites\/21\/2025\/12\/seta-para-direira-320x204.png 320w\" sizes=\"auto, (max-width: 127px) 100vw, 127px\" \/><\/td>\n<td><strong><span style=\"color: #000000\">As seguintes opera\u00e7\u00f5es devem ser realizadas no Portal \u00danico Siscomex antes de se prosseguir com uma importa\u00e7\u00e3o:<\/span><\/strong><\/p>\n<ol>\n<li><strong><span style=\"color: #000000\"><span style=\"color: #0000ff\">Cadastro do Operador Estrangeiro<\/span> &#8211; Operador Estrangeiro \u00e9 o fabricante, produtor ou exportador de outro pa\u00eds que fornece a mercadoria importada<\/span><\/strong><\/li>\n<li><span style=\"color: #0000ff\"><strong>Inclus\u00e3o do Produto<\/strong><\/span><\/li>\n<li><span style=\"color: #0000ff\"><strong>Preenchimento dos Atributos<\/strong><\/span><\/li>\n<\/ol>\n<\/td>\n<td><\/td>\n<td><\/td>\n<\/tr>\n<tr>\n<td><a href=\"https:\/\/uenf.br\/posgraduacao\/setimp\/solicitacao-da-lpco\/\" target=\"_blank\" rel=\"noopener\"><img loading=\"lazy\" decoding=\"async\" class=\"aligncenter wp-image-949\" src=\"https:\/\/uenf.br\/posgraduacao\/setimp\/wp-content\/uploads\/sites\/21\/2025\/12\/Solicitar-LPCO.png\" alt=\"\" width=\"293\" height=\"128\" srcset=\"https:\/\/uenf.br\/posgraduacao\/setimp\/wp-content\/uploads\/sites\/21\/2025\/12\/Solicitar-LPCO.png 2080w, https:\/\/uenf.br\/posgraduacao\/setimp\/wp-content\/uploads\/sites\/21\/2025\/12\/Solicitar-LPCO-300x131.png 300w, https:\/\/uenf.br\/posgraduacao\/setimp\/wp-content\/uploads\/sites\/21\/2025\/12\/Solicitar-LPCO-1024x447.png 1024w, https:\/\/uenf.br\/posgraduacao\/setimp\/wp-content\/uploads\/sites\/21\/2025\/12\/Solicitar-LPCO-768x335.png 768w, https:\/\/uenf.br\/posgraduacao\/setimp\/wp-content\/uploads\/sites\/21\/2025\/12\/Solicitar-LPCO-1536x670.png 1536w, https:\/\/uenf.br\/posgraduacao\/setimp\/wp-content\/uploads\/sites\/21\/2025\/12\/Solicitar-LPCO-2048x893.png 2048w, https:\/\/uenf.br\/posgraduacao\/setimp\/wp-content\/uploads\/sites\/21\/2025\/12\/Solicitar-LPCO-1200x523.png 1200w, https:\/\/uenf.br\/posgraduacao\/setimp\/wp-content\/uploads\/sites\/21\/2025\/12\/Solicitar-LPCO-320x140.png 320w\" sizes=\"auto, (max-width: 293px) 100vw, 293px\" \/><\/a><\/td>\n<td><img loading=\"lazy\" decoding=\"async\" class=\"aligncenter wp-image-903\" src=\"https:\/\/uenf.br\/posgraduacao\/setimp\/wp-content\/uploads\/sites\/21\/2025\/12\/seta-para-direira.png\" alt=\"\" width=\"127\" height=\"81\" srcset=\"https:\/\/uenf.br\/posgraduacao\/setimp\/wp-content\/uploads\/sites\/21\/2025\/12\/seta-para-direira.png 1035w, https:\/\/uenf.br\/posgraduacao\/setimp\/wp-content\/uploads\/sites\/21\/2025\/12\/seta-para-direira-300x191.png 300w, https:\/\/uenf.br\/posgraduacao\/setimp\/wp-content\/uploads\/sites\/21\/2025\/12\/seta-para-direira-1024x653.png 1024w, https:\/\/uenf.br\/posgraduacao\/setimp\/wp-content\/uploads\/sites\/21\/2025\/12\/seta-para-direira-768x490.png 768w, https:\/\/uenf.br\/posgraduacao\/setimp\/wp-content\/uploads\/sites\/21\/2025\/12\/seta-para-direira-320x204.png 320w\" sizes=\"auto, (max-width: 127px) 100vw, 127px\" \/><\/td>\n<td>Nesta etapa utilizaremos a LPCO para formalizar a importa\u00e7\u00e3o.\u00a0 Nesta etapa voc\u00ea ir\u00e1:<\/p>\n<ol>\n<li><strong><span style=\"color: #000000\"><span style=\"color: #0000ff\">Preencher os dados da mercadoria<\/span>\u00a0<\/span><\/strong><\/li>\n<li><span style=\"color: #0000ff\"><strong>Selecionar os \u00f3rg\u00e3os anuentes<\/strong><\/span><\/li>\n<li><span style=\"color: #0000ff\"><strong>Aguardar a an\u00e1lise dos \u00f3rg\u00e3os anuentes<\/strong><\/span><\/li>\n<\/ol>\n<\/td>\n<td><\/td>\n<td><\/td>\n<td><\/td>\n<\/tr>\n<tr>\n<td><\/td>\n<td><\/td>\n<td><\/td>\n<td><\/td>\n<td><\/td>\n<\/tr>\n<tr>\n<td><\/td>\n<td><\/td>\n<td><\/td>\n<td><\/td>\n<td><\/td>\n<td><\/td>\n<\/tr>\n<tr>\n<td><\/td>\n<td><\/td>\n<td><\/td>\n<td><\/td>\n<td><\/td>\n<td><\/td>\n<\/tr>\n<tr>\n<td><\/td>\n<td><\/td>\n<td><\/td>\n<td><\/td>\n<td><\/td>\n<\/tr>\n<tr>\n<td><\/td>\n<td><\/td>\n<td><\/td>\n<td><\/td>\n<td><\/td>\n<\/tr>\n<tr>\n<td><\/td>\n<td><\/td>\n<td><\/td>\n<td><\/td>\n<td><\/td>\n<\/tr>\n<tr>\n<td><\/td>\n<td><\/td>\n<td><\/td>\n<td><\/td>\n<td><\/td>\n<\/tr>\n<\/tbody>\n<\/table>\n","protected":false},"excerpt":{"rendered":"<p>As seguintes opera\u00e7\u00f5es devem ser realizadas no Portal \u00danico Siscomex antes de se prosseguir com uma importa\u00e7\u00e3o: Cadastro do Operador&#8230;<\/p>\n","protected":false},"author":54,"featured_media":0,"parent":0,"menu_order":6,"comment_status":"closed","ping_status":"closed","template":"","meta":{"footnotes":""},"class_list":["post-884","page","type-page","status-publish","hentry"],"_links":{"self":[{"href":"https:\/\/uenf.br\/posgraduacao\/setimp\/wp-json\/wp\/v2\/pages\/884","targetHints":{"allow":["GET"]}}],"collection":[{"href":"https:\/\/uenf.br\/posgraduacao\/setimp\/wp-json\/wp\/v2\/pages"}],"about":[{"href":"https:\/\/uenf.br\/posgraduacao\/setimp\/wp-json\/wp\/v2\/types\/page"}],"author":[{"embeddable":true,"href":"https:\/\/uenf.br\/posgraduacao\/setimp\/wp-json\/wp\/v2\/users\/54"}],"replies":[{"embeddable":true,"href":"https:\/\/uenf.br\/posgraduacao\/setimp\/wp-json\/wp\/v2\/comments?post=884"}],"version-history":[{"count":0,"href":"https:\/\/uenf.br\/posgraduacao\/setimp\/wp-json\/wp\/v2\/pages\/884\/revisions"}],"wp:attachment":[{"href":"https:\/\/uenf.br\/posgraduacao\/setimp\/wp-json\/wp\/v2\/media?parent=884"}],"curies":[{"name":"wp","href":"https:\/\/api.w.org\/{rel}","templated":true}]}}