{"id":906,"date":"2025-12-13T17:51:26","date_gmt":"2025-12-13T20:51:26","guid":{"rendered":"https:\/\/uenf.br\/posgraduacao\/setimp\/?page_id=906"},"modified":"2026-01-17T08:26:39","modified_gmt":"2026-01-17T11:26:39","slug":"editando-o-catalogo-de-produtos","status":"publish","type":"page","link":"https:\/\/uenf.br\/posgraduacao\/setimp\/procedimentos-operacionais-no-portal-unico-siscomex\/editando-o-catalogo-de-produtos\/","title":{"rendered":"Editando o cat\u00e1logo de produtos"},"content":{"rendered":"<h2>As seguintes opera\u00e7\u00f5es devem ser realizadas no Portal \u00danico Siscomex antes de se prosseguir com uma importa\u00e7\u00e3o<\/h2>\n<h3 class=\"mb-2 mt-4 font-display font-semimedium text-base first:mt-0\"><span style=\"color: #0000ff\"><strong>Cadastro do Operador Estrangeiro &#8211; <span style=\"color: #000000\">Operador Estrangeiro\u00a0\u00e9 o fabricante, produtor ou exportador de outro pa\u00eds que fornece a mercadoria importada<\/span><\/strong><\/span><\/h3>\n<h3 class=\"mb-2 mt-4 font-display font-semimedium text-base first:mt-0\"><span style=\"color: #0000ff\"><strong>Inclus\u00e3o do Produto<\/strong><\/span><\/h3>\n<h3 class=\"mb-2 mt-4 font-display font-semimedium text-base first:mt-0\"><span style=\"color: #0000ff\">Preenchimento dos Atributos<\/span><\/h3>\n<h2 id=\"passos-para-preencher-o-catlogo-de-produtos\" class=\"mb-2 mt-4 font-display font-semimedium text-base first:mt-0 md:text-lg [hr+&amp;]:mt-4\">Passos para Preencher o Cat\u00e1logo de Produtos<\/h2>\n<p class=\"my-2 [&amp;+p]:mt-4 [&amp;_strong:has(+br)]:inline-block [&amp;_strong:has(+br)]:pb-2\"><span style=\"color: #000000\">O preenchimento do Cat\u00e1logo de Produtos no Portal \u00danico Siscomex requer algumas etapas estruturadas e informa\u00e7\u00f5es pr\u00e9vias bem organizadas<\/span><\/p>\n<h2 class=\"mb-2 mt-4 font-display font-semimedium text-base first:mt-0\"><span style=\"color: #000000\">Informa\u00e7\u00f5es Necess\u00e1rias Antes de Come\u00e7ar<\/span><\/h2>\n<p class=\"my-2 [&amp;+p]:mt-4 [&amp;_strong:has(+br)]:inline-block [&amp;_strong:has(+br)]:pb-2\"><span style=\"color: #000000\">Antes de iniciar o cadastro, voc\u00ea deve reunir os seguintes dados:<span aria-label=\"DUIMP - Cat\u00e1logo de Produtos: prepare-se para ...\" data-state=\"closed\">\u200b<\/span><\/span><\/p>\n<ul class=\"marker:text-quiet list-disc\">\n<li class=\"py-0 my-0 prose-p:pt-0 prose-p:mb-2 prose-p:my-0 [&amp;&gt;p]:pt-0 [&amp;&gt;p]:mb-2 [&amp;&gt;p]:my-0\">\n<p class=\"my-2 [&amp;+p]:mt-4 [&amp;_strong:has(+br)]:inline-block [&amp;_strong:has(+br)]:pb-2\"><span style=\"color: #000000\">CNPJ raiz do importador<\/span><\/p>\n<\/li>\n<li class=\"py-0 my-0 prose-p:pt-0 prose-p:mb-2 prose-p:my-0 [&amp;&gt;p]:pt-0 [&amp;&gt;p]:mb-2 [&amp;&gt;p]:my-0\">\n<p class=\"my-2 [&amp;+p]:mt-4 [&amp;_strong:has(+br)]:inline-block [&amp;_strong:has(+br)]:pb-2\"><span style=\"color: #000000\">C\u00f3digo NCM (Nomenclatura Comum do Mercosul) do produto<\/span><\/p>\n<\/li>\n<li class=\"py-0 my-0 prose-p:pt-0 prose-p:mb-2 prose-p:my-0 [&amp;&gt;p]:pt-0 [&amp;&gt;p]:mb-2 [&amp;&gt;p]:my-0\">\n<p class=\"my-2 [&amp;+p]:mt-4 [&amp;_strong:has(+br)]:inline-block [&amp;_strong:has(+br)]:pb-2\"><span style=\"color: #000000\">Descri\u00e7\u00e3o complementar detalhada incluindo caracter\u00edsticas, materiais e funcionalidades<\/span><\/p>\n<\/li>\n<li class=\"py-0 my-0 prose-p:pt-0 prose-p:mb-2 prose-p:my-0 [&amp;&gt;p]:pt-0 [&amp;&gt;p]:mb-2 [&amp;&gt;p]:my-0\">\n<p class=\"my-2 [&amp;+p]:mt-4 [&amp;_strong:has(+br)]:inline-block [&amp;_strong:has(+br)]:pb-2\"><span style=\"color: #000000\">Dados do Operador Estrangeiro (fabricante\/produtor): nome, endere\u00e7o, pa\u00eds e <strong>TIN (Trader Identification Number)<\/strong><\/span><\/p>\n<\/li>\n<\/ul>\n<h2 class=\"mb-2 mt-4 font-display font-semimedium text-base first:mt-0\"><span style=\"color: #000000\">Acessando o Portal \u00danico Siscomex<\/span><\/h2>\n<p><span style=\"color: #000000\"><strong>Acesse<\/strong> <a href=\"https:\/\/portalunico.siscomex.gov.br\/portal\/\" target=\"_blank\" rel=\"noopener\">https:\/\/portalunico.siscomex.gov.br\/portal\/<\/a>, <strong>na tela escolha a op\u00e7\u00e3o<\/strong><span style=\"color: #0000ff\"> <strong>Importador\/Exportador<\/strong><\/span> <strong>e depois a op\u00e7\u00e3o<\/strong> <span style=\"color: #0000ff\"><strong>Importador\/exportador\/despachante<\/strong>.<\/span><\/span><\/p>\n<p><img loading=\"lazy\" decoding=\"async\" class=\"aligncenter wp-image-913\" src=\"https:\/\/uenf.br\/posgraduacao\/setimp\/wp-content\/uploads\/sites\/21\/2025\/12\/Portal-1-300x149.png\" alt=\"\" width=\"775\" height=\"385\" srcset=\"https:\/\/uenf.br\/posgraduacao\/setimp\/wp-content\/uploads\/sites\/21\/2025\/12\/Portal-1-300x149.png 300w, https:\/\/uenf.br\/posgraduacao\/setimp\/wp-content\/uploads\/sites\/21\/2025\/12\/Portal-1-1024x509.png 1024w, https:\/\/uenf.br\/posgraduacao\/setimp\/wp-content\/uploads\/sites\/21\/2025\/12\/Portal-1-768x381.png 768w, https:\/\/uenf.br\/posgraduacao\/setimp\/wp-content\/uploads\/sites\/21\/2025\/12\/Portal-1-1200x596.png 1200w, https:\/\/uenf.br\/posgraduacao\/setimp\/wp-content\/uploads\/sites\/21\/2025\/12\/Portal-1-320x159.png 320w, https:\/\/uenf.br\/posgraduacao\/setimp\/wp-content\/uploads\/sites\/21\/2025\/12\/Portal-1.png 1224w\" sizes=\"auto, (max-width: 775px) 100vw, 775px\" \/><\/p>\n<p>&nbsp;<\/p>\n<p><span style=\"color: #000000\"><strong>Fa\u00e7a o seu login utilizando sua conta GOV.BR ou seu certificado digital.\u00a0 Algumas opera\u00e7\u00f5es no Portal somente podem ser efetuadas mediante acesso com certificado digital<\/strong><\/span><\/p>\n<p><img loading=\"lazy\" decoding=\"async\" class=\"aligncenter wp-image-915\" src=\"https:\/\/uenf.br\/posgraduacao\/setimp\/wp-content\/uploads\/sites\/21\/2025\/12\/Portal-2.png\" alt=\"\" width=\"775\" height=\"425\" srcset=\"https:\/\/uenf.br\/posgraduacao\/setimp\/wp-content\/uploads\/sites\/21\/2025\/12\/Portal-2.png 1224w, https:\/\/uenf.br\/posgraduacao\/setimp\/wp-content\/uploads\/sites\/21\/2025\/12\/Portal-2-300x165.png 300w, https:\/\/uenf.br\/posgraduacao\/setimp\/wp-content\/uploads\/sites\/21\/2025\/12\/Portal-2-1024x562.png 1024w, https:\/\/uenf.br\/posgraduacao\/setimp\/wp-content\/uploads\/sites\/21\/2025\/12\/Portal-2-768x422.png 768w, https:\/\/uenf.br\/posgraduacao\/setimp\/wp-content\/uploads\/sites\/21\/2025\/12\/Portal-2-1200x659.png 1200w, https:\/\/uenf.br\/posgraduacao\/setimp\/wp-content\/uploads\/sites\/21\/2025\/12\/Portal-2-320x176.png 320w\" sizes=\"auto, (max-width: 775px) 100vw, 775px\" \/><\/p>\n<p>&nbsp;<\/p>\n<h2 class=\"mb-2 mt-4 font-display font-semimedium text-base first:mt-0\"><span style=\"color: #ff0000\"><strong>Cadastro de Operador Estrangeiro<\/strong><\/span><\/h2>\n<p><strong>Acesse a op\u00e7\u00e3o <span style=\"color: #0000ff\">Cat\u00e1logo de Produtos<\/span><\/strong><\/p>\n<p><img loading=\"lazy\" decoding=\"async\" class=\"aligncenter size-full wp-image-917\" src=\"https:\/\/uenf.br\/posgraduacao\/setimp\/wp-content\/uploads\/sites\/21\/2025\/12\/Portal-3.png\" alt=\"\" width=\"1224\" height=\"272\" srcset=\"https:\/\/uenf.br\/posgraduacao\/setimp\/wp-content\/uploads\/sites\/21\/2025\/12\/Portal-3.png 1224w, https:\/\/uenf.br\/posgraduacao\/setimp\/wp-content\/uploads\/sites\/21\/2025\/12\/Portal-3-300x67.png 300w, https:\/\/uenf.br\/posgraduacao\/setimp\/wp-content\/uploads\/sites\/21\/2025\/12\/Portal-3-1024x228.png 1024w, https:\/\/uenf.br\/posgraduacao\/setimp\/wp-content\/uploads\/sites\/21\/2025\/12\/Portal-3-768x171.png 768w, https:\/\/uenf.br\/posgraduacao\/setimp\/wp-content\/uploads\/sites\/21\/2025\/12\/Portal-3-1200x267.png 1200w, https:\/\/uenf.br\/posgraduacao\/setimp\/wp-content\/uploads\/sites\/21\/2025\/12\/Portal-3-320x71.png 320w\" sizes=\"auto, (max-width: 1224px) 100vw, 1224px\" \/><\/p>\n<p><span style=\"color: #000000\"><strong>Acesse o menu &#8220;<span style=\"color: #0000ff\">Operador Estrangeiro<\/span>&#8221;\u00a0 e clique em &#8220;<span style=\"color: #0000ff\">Incluir<\/span>&#8220;<\/strong><\/span><\/p>\n<p><img loading=\"lazy\" decoding=\"async\" class=\"aligncenter wp-image-920\" src=\"https:\/\/uenf.br\/posgraduacao\/setimp\/wp-content\/uploads\/sites\/21\/2025\/12\/Portal-4-2-scaled.png\" alt=\"\" width=\"984\" height=\"414\" srcset=\"https:\/\/uenf.br\/posgraduacao\/setimp\/wp-content\/uploads\/sites\/21\/2025\/12\/Portal-4-2-scaled.png 2560w, https:\/\/uenf.br\/posgraduacao\/setimp\/wp-content\/uploads\/sites\/21\/2025\/12\/Portal-4-2-300x126.png 300w, https:\/\/uenf.br\/posgraduacao\/setimp\/wp-content\/uploads\/sites\/21\/2025\/12\/Portal-4-2-1024x431.png 1024w, https:\/\/uenf.br\/posgraduacao\/setimp\/wp-content\/uploads\/sites\/21\/2025\/12\/Portal-4-2-768x323.png 768w, https:\/\/uenf.br\/posgraduacao\/setimp\/wp-content\/uploads\/sites\/21\/2025\/12\/Portal-4-2-1536x646.png 1536w, https:\/\/uenf.br\/posgraduacao\/setimp\/wp-content\/uploads\/sites\/21\/2025\/12\/Portal-4-2-2048x862.png 2048w, https:\/\/uenf.br\/posgraduacao\/setimp\/wp-content\/uploads\/sites\/21\/2025\/12\/Portal-4-2-1200x505.png 1200w, https:\/\/uenf.br\/posgraduacao\/setimp\/wp-content\/uploads\/sites\/21\/2025\/12\/Portal-4-2-320x135.png 320w\" sizes=\"auto, (max-width: 984px) 100vw, 984px\" \/><\/p>\n<p><span style=\"color: #000000\"><strong>Preencha os campos obrigat\u00f3rios (marcados com asterisco) incluindo CNPJ raiz do importador, pa\u00eds, n\u00famero de identifica\u00e7\u00e3o (TIN), nome do operador estrangeiro e clique em &#8220;Salvar&#8221;. Este operador ser\u00e1 posteriormente vinculado aos produtos no cat\u00e1logo.<\/strong><\/span><\/p>\n<p class=\"my-2 [&amp;+p]:mt-4 [&amp;_strong:has(+br)]:inline-block [&amp;_strong:has(+br)]:pb-2\"><img loading=\"lazy\" decoding=\"async\" class=\"aligncenter size-full wp-image-922\" src=\"https:\/\/uenf.br\/posgraduacao\/setimp\/wp-content\/uploads\/sites\/21\/2025\/12\/Portal-5.png\" alt=\"\" width=\"1224\" height=\"468\" srcset=\"https:\/\/uenf.br\/posgraduacao\/setimp\/wp-content\/uploads\/sites\/21\/2025\/12\/Portal-5.png 1224w, https:\/\/uenf.br\/posgraduacao\/setimp\/wp-content\/uploads\/sites\/21\/2025\/12\/Portal-5-300x115.png 300w, https:\/\/uenf.br\/posgraduacao\/setimp\/wp-content\/uploads\/sites\/21\/2025\/12\/Portal-5-1024x392.png 1024w, https:\/\/uenf.br\/posgraduacao\/setimp\/wp-content\/uploads\/sites\/21\/2025\/12\/Portal-5-768x294.png 768w, https:\/\/uenf.br\/posgraduacao\/setimp\/wp-content\/uploads\/sites\/21\/2025\/12\/Portal-5-1200x459.png 1200w, https:\/\/uenf.br\/posgraduacao\/setimp\/wp-content\/uploads\/sites\/21\/2025\/12\/Portal-5-320x122.png 320w\" sizes=\"auto, (max-width: 1224px) 100vw, 1224px\" \/><\/p>\n<p><strong><span style=\"color: #000000\"><span style=\"color: #0000ff\">Notas:<\/span> <\/span><\/strong><\/p>\n<ol>\n<li><strong><span style=\"color: #000000\"><span style=\"color: #0000ff\">C\u00f3digo Interno:<\/span> \u00e9 um campo para o importador identificar seu fornecedor ou fabricante estrangeiro dentro de seus pr\u00f3prios sistemas (como um c\u00f3digo de fornecedor). (Trader Identification Number), que \u00e9 o n\u00famero de identifica\u00e7\u00e3o fiscal obrigat\u00f3rio do operador no seu pa\u00eds, equivalente ao CNPJ no Brasil, e essencial para vincular o produto ao operador no Cat\u00e1logo de Produtos. <\/span><\/strong><\/li>\n<li><strong><span style=\"color: #000000\"><span style=\"color: #0000ff\">TIN (Trader Identification Number):<\/span><\/span>\u00e9 o n\u00famero de identifica\u00e7\u00e3o fiscal do operador estrangeiro no seu pa\u00eds de origem (ex: TVA na Fran\u00e7a, VAT no Reino Unido). \u00c9 obrigat\u00f3rio no Cat\u00e1logo de Produtos do Portal \u00danico Siscomex para vincular o produto ao seu fabricante\/exportador &#8211; Deve vir informado na Invoice.<\/strong><\/li>\n<\/ol>\n<h2 class=\"mb-2 mt-4 font-display font-semimedium text-base first:mt-0\"><span style=\"color: #ff0000\"><strong>Inclus\u00e3o do Produto<\/strong><\/span><\/h2>\n<p class=\"my-2 [&amp;+p]:mt-4 [&amp;_strong:has(+br)]:inline-block [&amp;_strong:has(+br)]:pb-2\"><strong><span style=\"color: #000000\">Acesse o Portal \u00danico Siscomex utilizando sua conta GOV.BR ou seu certificado digital. Acesse a op\u00e7\u00e3o <span style=\"color: #0000ff\">Cat\u00e1logo de Produtos <\/span>e navegue at\u00e9 Menu <span style=\"color: #0000ff\">Produto<\/span> &gt; <span style=\"color: #0000ff\">Incluir<\/span>. Preencha os campos obrigat\u00f3rios: CNPJ raiz do importador, NCM (normalmente sugerido na invoice mas voc\u00ea deve consultar na <span style=\"color: #ff0000\">LUPA NCM<\/span> e se certificar que o n\u00famero sugerido \u00e9 o correto.\u00a0 Modalidade de Opera\u00e7\u00e3o <span style=\"color: #ff0000\">= Importa\u00e7\u00e3o.<\/span><\/span><\/strong><img loading=\"lazy\" decoding=\"async\" class=\"aligncenter wp-image-928\" src=\"https:\/\/uenf.br\/posgraduacao\/setimp\/wp-content\/uploads\/sites\/21\/2025\/12\/Portal-6-scaled.png\" alt=\"\" width=\"932\" height=\"601\" srcset=\"https:\/\/uenf.br\/posgraduacao\/setimp\/wp-content\/uploads\/sites\/21\/2025\/12\/Portal-6-scaled.png 2560w, https:\/\/uenf.br\/posgraduacao\/setimp\/wp-content\/uploads\/sites\/21\/2025\/12\/Portal-6-300x193.png 300w, https:\/\/uenf.br\/posgraduacao\/setimp\/wp-content\/uploads\/sites\/21\/2025\/12\/Portal-6-1024x660.png 1024w, https:\/\/uenf.br\/posgraduacao\/setimp\/wp-content\/uploads\/sites\/21\/2025\/12\/Portal-6-768x495.png 768w, https:\/\/uenf.br\/posgraduacao\/setimp\/wp-content\/uploads\/sites\/21\/2025\/12\/Portal-6-1536x990.png 1536w, https:\/\/uenf.br\/posgraduacao\/setimp\/wp-content\/uploads\/sites\/21\/2025\/12\/Portal-6-2048x1320.png 2048w, https:\/\/uenf.br\/posgraduacao\/setimp\/wp-content\/uploads\/sites\/21\/2025\/12\/Portal-6-1200x773.png 1200w, https:\/\/uenf.br\/posgraduacao\/setimp\/wp-content\/uploads\/sites\/21\/2025\/12\/Portal-6-320x206.png 320w\" sizes=\"auto, (max-width: 932px) 100vw, 932px\" \/><\/p>\n<p>&nbsp;<\/p>\n<p class=\"my-2 [&amp;+p]:mt-4 [&amp;_strong:has(+br)]:inline-block [&amp;_strong:has(+br)]:pb-2\"><strong><span style=\"color: #000000\">Se desejar preencha o C\u00f3digo Interno do Produto (c\u00f3digo atribu\u00eddo pelo importador para seu controle interno).\u00a0 Insira as informa\u00e7\u00f5es sobre o fabricante\/produtor (caso seja desconhecido veja a observa\u00e7\u00e3o abaixo).<\/span><\/strong><\/p>\n<p><span style=\"color: #ff0000\">Obs.<\/span> <span style=\"color: #ff0000\">Importar com <strong>fabricante desconhecido<\/strong> \u00e9 poss\u00edvel no Brasil, exigindo o registro como &#8220;FABRICANTE\/PRODUTOR DESCONHECIDO&#8221; no Cat\u00e1logo de Produtos do Portal \u00danico e informando o pa\u00eds de origem, sendo comum para commodities ou situa\u00e7\u00f5es de sigilo comercial, mas requer aten\u00e7\u00e3o extra para evitar problemas na fiscaliza\u00e7\u00e3o, especialmente com \u00f3rg\u00e3os anuentes como a Anvisa. A informa\u00e7\u00e3o deve ser precisa para a libera\u00e7\u00e3o, evitando atrasos ou devolu\u00e7\u00e3o da carga, e pode ser solicitada via altera\u00e7\u00e3o na DUIMP se necess\u00e1rio, com justificativa.<\/span><span style=\"color: #ff0000\"> Caso de D\u00favida: Se houver questionamento na fiscaliza\u00e7\u00e3o, a empresa deve ter a justificativa (ex: sigilo comercial) e solicitar a altera\u00e7\u00e3o da DUIMP, se preciso.<\/span><\/p>\n<p><strong><span style=\"color: #000000\">Selecione no pa\u00eds do fabricante\u00a0 e escolha a op\u00e7\u00e3o &#8220;sim&#8221;para fabricante conhecido.\u00a0 Na LUPA\u00a0 buscar o fabricante cadastrado anteriormente em <span style=\"color: #3366ff\">Cadastro de Operador Estrangeiro<\/span>.\u00a0 Busque o fabricante em seu cadastro, <span style=\"color: #3366ff\">selecione e confirme<\/span> e posteriormente <span style=\"color: #3366ff\">vincular<\/span>.\u00a0 \u00a0Siga para a aba\u00a0 \u00a0<\/span><span style=\"color: #000000\"><span style=\"color: #3366ff\">descri\u00e7\u00e3o do produto<\/span><span style=\"color: #000000\">\u00a0para prosseguir com a inser\u00e7\u00e3o de informa\u00e7\u00f5es sobre o produto.<\/span><\/span><\/strong><\/p>\n<p><span style=\"color: #ff0000\">Obs.\u00a0 Nesta tela tamb\u00e9m poder\u00e1 fazer a inclus\u00e3o do fabricante caso ainda n\u00e3o tenha feito na etapa Cadastro de Operador Estrangeiro<\/span>.<\/p>\n<p><img loading=\"lazy\" decoding=\"async\" class=\"aligncenter size-full wp-image-934\" src=\"https:\/\/uenf.br\/posgraduacao\/setimp\/wp-content\/uploads\/sites\/21\/2025\/12\/Portal-7-1.png\" alt=\"\" width=\"1224\" height=\"580\" srcset=\"https:\/\/uenf.br\/posgraduacao\/setimp\/wp-content\/uploads\/sites\/21\/2025\/12\/Portal-7-1.png 1224w, https:\/\/uenf.br\/posgraduacao\/setimp\/wp-content\/uploads\/sites\/21\/2025\/12\/Portal-7-1-300x142.png 300w, https:\/\/uenf.br\/posgraduacao\/setimp\/wp-content\/uploads\/sites\/21\/2025\/12\/Portal-7-1-1024x485.png 1024w, https:\/\/uenf.br\/posgraduacao\/setimp\/wp-content\/uploads\/sites\/21\/2025\/12\/Portal-7-1-768x364.png 768w, https:\/\/uenf.br\/posgraduacao\/setimp\/wp-content\/uploads\/sites\/21\/2025\/12\/Portal-7-1-1200x569.png 1200w, https:\/\/uenf.br\/posgraduacao\/setimp\/wp-content\/uploads\/sites\/21\/2025\/12\/Portal-7-1-320x152.png 320w\" sizes=\"auto, (max-width: 1224px) 100vw, 1224px\" \/><\/p>\n<p><img loading=\"lazy\" decoding=\"async\" class=\"aligncenter size-full wp-image-935\" src=\"https:\/\/uenf.br\/posgraduacao\/setimp\/wp-content\/uploads\/sites\/21\/2025\/12\/Portal-8.png\" alt=\"\" width=\"1224\" height=\"304\" srcset=\"https:\/\/uenf.br\/posgraduacao\/setimp\/wp-content\/uploads\/sites\/21\/2025\/12\/Portal-8.png 1224w, https:\/\/uenf.br\/posgraduacao\/setimp\/wp-content\/uploads\/sites\/21\/2025\/12\/Portal-8-300x75.png 300w, https:\/\/uenf.br\/posgraduacao\/setimp\/wp-content\/uploads\/sites\/21\/2025\/12\/Portal-8-1024x254.png 1024w, https:\/\/uenf.br\/posgraduacao\/setimp\/wp-content\/uploads\/sites\/21\/2025\/12\/Portal-8-768x191.png 768w, https:\/\/uenf.br\/posgraduacao\/setimp\/wp-content\/uploads\/sites\/21\/2025\/12\/Portal-8-1200x298.png 1200w, https:\/\/uenf.br\/posgraduacao\/setimp\/wp-content\/uploads\/sites\/21\/2025\/12\/Portal-8-320x79.png 320w\" sizes=\"auto, (max-width: 1224px) 100vw, 1224px\" \/><\/p>\n<p>&nbsp;<\/p>\n<p><strong><span style=\"color: #000000\">Na aba\u00a0 \u00a0<\/span><span style=\"color: #000000\"><span style=\"color: #3366ff\">descri\u00e7\u00e3o do produto<\/span> prossiga com a inser\u00e7\u00e3o de informa\u00e7\u00f5es sobre o produto.<\/span><\/strong><\/p>\n<p><strong>Denomina\u00e7\u00e3o do Produto:<\/strong> Fazer uma descri\u00e7\u00e3o simples <span style=\"color: #000000\">para dentifica\u00e7\u00e3o b\u00e1sica do produto (ex: &#8220;C\u00e2mera de Seguran\u00e7a IP&#8221;).<\/span><br \/>\n<span style=\"color: #000000\"><strong>Detalhamento complementar do produto:<\/strong> Todas as caracter\u00edsticas t\u00e9cnicas e comerciais:<\/span><br \/>\n<span style=\"color: #000000\">Esp\u00e9cie: Tipo de produto (ex: &#8220;Eletr\u00f4nico&#8221;, &#8220;T\u00eaxtil&#8221;).<\/span><br \/>\n<span style=\"color: #000000\">Marca: Nome comercial (ex: &#8220;Samsung&#8221;, &#8220;Apple&#8221;).<\/span><br \/>\n<span style=\"color: #000000\">Modelo: N\u00famero ou c\u00f3digo espec\u00edfico (ex: &#8220;Galaxy S23&#8221;, &#8220;iPhone 15&#8221;).<\/span><br \/>\n<span style=\"color: #000000\">Nome Comercial\/Cient\u00edfico: Se aplic\u00e1vel (ex: &#8220;PVC&#8221;, &#8220;Acr\u00edlico&#8221;).<\/span><br \/>\n<span style=\"color: #000000\">Composi\u00e7\u00e3o\/Material: Material predominante.<\/span><br \/>\n<span style=\"color: #000000\">Caracter\u00edsticas F\u00edsicas: Cor, tamanho, voltagem, etc..<\/span><br \/>\n<span style=\"color: #000000\">Fun\u00e7\u00e3o: Para que serve o produto.<\/span><br \/>\nAtributos: <span style=\"color: #000000\">Informa\u00e7\u00f5es espec\u00edficas que surgem com a NCM, como &#8220;sortido&#8221;, &#8220;uso aeron\u00e1utico&#8221;, tipo de tens\u00e3o, etc.<\/span><br \/>\nN\u00famero de s\u00e9rie: deve incluir sempre que poss\u00edvel<\/p>\n<p><span style=\"color: #ff0000\"><strong>Qualidade da Descri\u00e7\u00e3o:<\/strong><\/span><span style=\"color: #000000\"> Melhora o tratamento administrativo e a fiscaliza\u00e7\u00e3o. <\/span><span style=\"color: #000000\">Facilita a DUIMP: As informa\u00e7\u00f5es do cat\u00e1logo migram para a Declara\u00e7\u00e3o \u00danica de Importa\u00e7\u00e3o (DUIMP). <\/span><br \/>\n<span style=\"color: #000000\">Dica: Evite informa\u00e7\u00f5es vari\u00e1veis por embarque (como lote ou safra) na descri\u00e7\u00e3o; essas v\u00e3o em atributos ou na pr\u00f3pria DUIMP. Consulte o <a href=\"https:\/\/uenf.br\/posgraduacao\/setimp\/wp-content\/uploads\/sites\/21\/2025\/12\/Manual-de-catalogo-de-produtos-siscomex.pdf\">Manual de catalogo de produtos<\/a> .<\/span><\/p>\n<p>&nbsp;<\/p>\n<p><img loading=\"lazy\" decoding=\"async\" class=\"aligncenter size-full wp-image-939\" src=\"https:\/\/uenf.br\/posgraduacao\/setimp\/wp-content\/uploads\/sites\/21\/2025\/12\/Portal-9.png\" alt=\"\" width=\"1224\" height=\"356\" srcset=\"https:\/\/uenf.br\/posgraduacao\/setimp\/wp-content\/uploads\/sites\/21\/2025\/12\/Portal-9.png 1224w, https:\/\/uenf.br\/posgraduacao\/setimp\/wp-content\/uploads\/sites\/21\/2025\/12\/Portal-9-300x87.png 300w, https:\/\/uenf.br\/posgraduacao\/setimp\/wp-content\/uploads\/sites\/21\/2025\/12\/Portal-9-1024x298.png 1024w, https:\/\/uenf.br\/posgraduacao\/setimp\/wp-content\/uploads\/sites\/21\/2025\/12\/Portal-9-768x223.png 768w, https:\/\/uenf.br\/posgraduacao\/setimp\/wp-content\/uploads\/sites\/21\/2025\/12\/Portal-9-1200x349.png 1200w, https:\/\/uenf.br\/posgraduacao\/setimp\/wp-content\/uploads\/sites\/21\/2025\/12\/Portal-9-320x93.png 320w\" sizes=\"auto, (max-width: 1224px) 100vw, 1224px\" \/><span style=\"color: #ff0000\"><strong>Obs.\u00a0 No modelo anterior quando faz\u00edamos LI t\u00ednhamos que inserir no detalhamento complementar as informa\u00e7\u00f5es para anu\u00eancia do CNPq mas agora existem campos espec\u00edficos para isto na LPCO<\/strong><\/span><\/p>\n<p><span style=\"color: #000000\"><strong>Preenchendo atributos:\u00a0<\/strong><\/span> <span style=\"color: #000000\">Dependendo do NCM de classifica\u00e7\u00e3o o sistema abrir\u00e1 tela de\u00a0 atributos complementares ao NCM que precisam ser definidos.\u00a0 Escolha a op\u00e7\u00e3o apropriada para o produto a ser importado.\u00a0 Dependendo da situa\u00e7\u00e3o ser\u00e1 gerada\u00a0 no sistema a obrigatoriedade de anu\u00eancia de outros \u00f3rg\u00e3os de controle<\/span><\/p>\n<p><img loading=\"lazy\" decoding=\"async\" class=\"aligncenter size-full wp-image-971\" src=\"https:\/\/uenf.br\/posgraduacao\/setimp\/wp-content\/uploads\/sites\/21\/2025\/12\/Portal-13-1.png\" alt=\"\" width=\"1224\" height=\"620\" srcset=\"https:\/\/uenf.br\/posgraduacao\/setimp\/wp-content\/uploads\/sites\/21\/2025\/12\/Portal-13-1.png 1224w, https:\/\/uenf.br\/posgraduacao\/setimp\/wp-content\/uploads\/sites\/21\/2025\/12\/Portal-13-1-300x152.png 300w, https:\/\/uenf.br\/posgraduacao\/setimp\/wp-content\/uploads\/sites\/21\/2025\/12\/Portal-13-1-1024x519.png 1024w, https:\/\/uenf.br\/posgraduacao\/setimp\/wp-content\/uploads\/sites\/21\/2025\/12\/Portal-13-1-768x389.png 768w, https:\/\/uenf.br\/posgraduacao\/setimp\/wp-content\/uploads\/sites\/21\/2025\/12\/Portal-13-1-1200x608.png 1200w, https:\/\/uenf.br\/posgraduacao\/setimp\/wp-content\/uploads\/sites\/21\/2025\/12\/Portal-13-1-320x162.png 320w\" sizes=\"auto, (max-width: 1224px) 100vw, 1224px\" \/><\/p>\n<p><span style=\"color: #000000\"><strong>Anexos:<\/strong> na aba <span style=\"color: #0000ff\">Anexos<\/span> devem ser inseridos documentos instrutivos comuns do processo de importa\u00e7\u00e3o.\u00a0 \u00a0Alguns exemplos s\u00e3o: Proposta Proforma, contrato de c \u00e2mbio, Fatura Comercial (Commercial Invoice): Documento com detalhes da transa\u00e7\u00e3o comercial. Romaneio de Carga (Packing List): Lista com detalhes f\u00edsicos da mercadoria (peso, embalagem). Conhecimento de Embarque (BL, AWB ou CRT): Documento que comprova a posse e o transporte da carga. Certificado de Origem: Documento que atesta a proced\u00eancia da mercadoria para fins de benef\u00edcios fiscais.\u00a0 Na aba ao inserir voc\u00ea ver\u00e1 uma lista para classificar o documento inserido e preencher informa\u00e7\u00f5es adicionais sobre o mesmo.<br \/>\n<\/span><\/p>\n<p><span style=\"color: #000000\"><strong>Pro<\/strong><strong>ssiga para a pr\u00f3xima etapa: <a href=\"https:\/\/uenf.br\/posgraduacao\/setimp\/solicitacao-da-lpco\/\" target=\"_blank\" rel=\"noopener\">Solicita\u00e7\u00e3o da LPCO<\/a><\/strong><\/span><\/p>\n<p class=\"my-2 [&amp;+p]:mt-4 [&amp;_strong:has(+br)]:inline-block [&amp;_strong:has(+br)]:pb-2\">\n","protected":false},"excerpt":{"rendered":"<p>As seguintes opera\u00e7\u00f5es devem ser realizadas no Portal \u00danico Siscomex antes de se prosseguir com uma importa\u00e7\u00e3o Cadastro do Operador&#8230;<\/p>\n","protected":false},"author":54,"featured_media":0,"parent":884,"menu_order":0,"comment_status":"closed","ping_status":"closed","template":"","meta":{"footnotes":""},"class_list":["post-906","page","type-page","status-publish","hentry"],"_links":{"self":[{"href":"https:\/\/uenf.br\/posgraduacao\/setimp\/wp-json\/wp\/v2\/pages\/906","targetHints":{"allow":["GET"]}}],"collection":[{"href":"https:\/\/uenf.br\/posgraduacao\/setimp\/wp-json\/wp\/v2\/pages"}],"about":[{"href":"https:\/\/uenf.br\/posgraduacao\/setimp\/wp-json\/wp\/v2\/types\/page"}],"author":[{"embeddable":true,"href":"https:\/\/uenf.br\/posgraduacao\/setimp\/wp-json\/wp\/v2\/users\/54"}],"replies":[{"embeddable":true,"href":"https:\/\/uenf.br\/posgraduacao\/setimp\/wp-json\/wp\/v2\/comments?post=906"}],"version-history":[{"count":0,"href":"https:\/\/uenf.br\/posgraduacao\/setimp\/wp-json\/wp\/v2\/pages\/906\/revisions"}],"up":[{"embeddable":true,"href":"https:\/\/uenf.br\/posgraduacao\/setimp\/wp-json\/wp\/v2\/pages\/884"}],"wp:attachment":[{"href":"https:\/\/uenf.br\/posgraduacao\/setimp\/wp-json\/wp\/v2\/media?parent=906"}],"curies":[{"name":"wp","href":"https:\/\/api.w.org\/{rel}","templated":true}]}}