{"id":1029,"date":"2020-01-13T11:17:24","date_gmt":"2020-01-13T14:17:24","guid":{"rendered":"http:\/\/uenf.br\/projetos\/arvoresdauenf\/?page_id=1029"},"modified":"2022-10-24T16:28:25","modified_gmt":"2022-10-24T19:28:25","slug":"mogno-brasileiro","status":"publish","type":"page","link":"https:\/\/uenf.br\/projetos\/arvoresdauenf\/especie-2\/mogno-brasileiro\/","title":{"rendered":"Mogno brasileiro"},"content":{"rendered":"<h2><em>Swietenia macrophylla<\/em> King<\/h2>\n<h3><span style=\"color: #000000\"><strong>Fam\u00edlia: Meliaceae<\/strong><\/span><\/h3>\n<h3><strong><span style=\"color: #000000\">Nomes populares: Mogno<\/span><\/strong><\/h3>\n<h3><strong>Origem: Nativa<\/strong><\/h3>\n<h3 id=\"distribuicaoGeografica\" class=\"label\"><strong>Distribui\u00e7\u00e3o Geogr\u00e1fica<\/strong><\/h3>\n<div class=\"tabelamapa\">\n<div id=\"ocorrencia_confirmada\" class=\"label\"><strong>Ocorr\u00eancias:<\/strong><\/div>\n<div id=\"tr-carregaTaxonGrupoDistribuicaoGeograficaCertezaSudeste\" class=\"distribuicaoGeograficaCertezaSudeste\">\n<div id=\"tr-carregaTaxonGrupoDistribuicaoGeograficaCertezaNorte\" class=\"distribuicaoGeograficaCertezaNorte\">\n<ul>\n<li id=\"idFieldCertezaNorte\" class=\"field\"><b>Norte<\/b> (Acre, Amazonas, Par\u00e1, Rond\u00f4nia, Tocantins)<\/li>\n<li class=\"field\"><b>Nordeste<\/b> (Bahia, Maranh\u00e3o)<\/li>\n<li class=\"field\"><b>Centro-Oeste<\/b>\u00a0(Goi\u00e1s, Mato Grosso)<\/li>\n<\/ul>\n<\/div>\n<\/div>\n<div>\n<div class=\"dominiosFitogeograficos\">\n<h3 class=\"label\"><strong>Dom\u00ednios Fitogeogr\u00e1ficos\u00a0<\/strong><\/h3>\n<\/div>\n<div id=\"tr-carregaTaxonGrupoDominiosFitogeograficos\" class=\"dominiosFitogeograficos\">\n<ul>\n<li id=\"idFieldDominiosFitogeograficos\" class=\"field\">Amaz\u00f4nia, Cerrado, Mata Atl\u00e2ntica<\/li>\n<\/ul>\n<p><img loading=\"lazy\" decoding=\"async\" class=\"size-full wp-image-1713 aligncenter\" src=\"http:\/\/uenf.br\/projetos\/arvoresdauenf\/files\/2020\/08\/mogno-min.jpg\" alt=\"\" width=\"372\" height=\"339\" srcset=\"https:\/\/uenf.br\/projetos\/arvoresdauenf\/files\/2020\/08\/mogno-min.jpg 372w, https:\/\/uenf.br\/projetos\/arvoresdauenf\/files\/2020\/08\/mogno-min-300x273.jpg 300w\" sizes=\"auto, (max-width: 372px) 100vw, 372px\" \/><\/p>\n<\/div>\n<\/div>\n<\/div>\n<div>Fonte:\u00a0Flora do Brasil, 2020 (<a href=\"http:\/\/floradobrasil.jbrj.gov.br\/reflora\/listaBrasil\/ConsultaPublicaUC\/BemVindoConsultaPublicaConsultar.do?invalidatePageControlCounter=1&amp;idsFilhosAlgas=%5B2%5D&amp;idsFilhosFungos=%5B1%2C10%2C11%5D&amp;lingua=&amp;grupo=5&amp;familia=null&amp;genero=&amp;especie=&amp;autor=&amp;nomeVernaculo=&amp;nomeCompleto=Meliaceae+Swietenia+macrophylla+King&amp;formaVida=null&amp;substrato=null&amp;ocorreBrasil=QUALQUER&amp;ocorrencia=OCORRE&amp;endemismo=TODOS&amp;origem=TODOS&amp;regiao=QUALQUER&amp;estado=QUALQUER&amp;ilhaOceanica=32767&amp;domFitogeograficos=QUALQUER&amp;bacia=QUALQUER&amp;vegetacao=TODOS&amp;mostrarAte=SUBESP_VAR&amp;opcoesBusca=TODOS_OS_NOMES&amp;loginUsuario=Visitante&amp;senhaUsuario=&amp;contexto=consulta-publica\">clique aqui<\/a>)<\/div>\n<h3>\u00a0<strong>Curiosidades:<\/strong><\/h3>\n<ul>\n<li>A cor da madeira varia do chocolate muito claro ao chocolate\u00a0 escuro, com frequ\u00eancia desenhada, apresenta grande resist\u00eancia ao apodrecimento, mesmo dentro d\u2019\u00e1gua, ao fendilhamento e ao empenamento. \u00c9 uma madeira moderadamente pesada e de \u00f3tima trabalhabilidade. (<a href=\"https:\/\/www.infoteca.cnptia.embrapa.br\/infoteca\/bitstream\/doc\/313906\/1\/Circular140.pdf\">clique aqui<\/a>)<\/li>\n<li>Possui uma das madeiras mais procuradas no mercado interno e externo<\/li>\n<\/ul>\n","protected":false},"excerpt":{"rendered":"<p>Swietenia macrophylla King Fam\u00edlia: Meliaceae Nomes populares: Mogno Origem: Nativa Distribui\u00e7\u00e3o Geogr\u00e1fica Ocorr\u00eancias: Norte (Acre, Amazonas, Par\u00e1, Rond\u00f4nia, Tocantins) Nordeste&#8230;<\/p>\n","protected":false},"author":24,"featured_media":0,"parent":27,"menu_order":0,"comment_status":"closed","ping_status":"closed","template":"","meta":{"footnotes":""},"class_list":["post-1029","page","type-page","status-publish","hentry"],"_links":{"self":[{"href":"https:\/\/uenf.br\/projetos\/arvoresdauenf\/wp-json\/wp\/v2\/pages\/1029","targetHints":{"allow":["GET"]}}],"collection":[{"href":"https:\/\/uenf.br\/projetos\/arvoresdauenf\/wp-json\/wp\/v2\/pages"}],"about":[{"href":"https:\/\/uenf.br\/projetos\/arvoresdauenf\/wp-json\/wp\/v2\/types\/page"}],"author":[{"embeddable":true,"href":"https:\/\/uenf.br\/projetos\/arvoresdauenf\/wp-json\/wp\/v2\/users\/24"}],"replies":[{"embeddable":true,"href":"https:\/\/uenf.br\/projetos\/arvoresdauenf\/wp-json\/wp\/v2\/comments?post=1029"}],"version-history":[{"count":0,"href":"https:\/\/uenf.br\/projetos\/arvoresdauenf\/wp-json\/wp\/v2\/pages\/1029\/revisions"}],"up":[{"embeddable":true,"href":"https:\/\/uenf.br\/projetos\/arvoresdauenf\/wp-json\/wp\/v2\/pages\/27"}],"wp:attachment":[{"href":"https:\/\/uenf.br\/projetos\/arvoresdauenf\/wp-json\/wp\/v2\/media?parent=1029"}],"curies":[{"name":"wp","href":"https:\/\/api.w.org\/{rel}","templated":true}]}}