{"id":1121,"date":"2020-01-16T11:32:37","date_gmt":"2020-01-16T14:32:37","guid":{"rendered":"http:\/\/uenf.br\/projetos\/arvoresdauenf\/?page_id=1121"},"modified":"2022-06-09T23:29:03","modified_gmt":"2022-06-10T02:29:03","slug":"acacia-mangium","status":"publish","type":"page","link":"https:\/\/uenf.br\/projetos\/arvoresdauenf\/yacht-club-lagoa-de-cima\/acacia-mangium\/","title":{"rendered":"Acacia Mangium"},"content":{"rendered":"<h2><span class=\"w8qArf\">\u00a0<\/span><span class=\"LrzXr kno-fv\"><em>Acacia mangium<\/em> Willd.<\/span><\/h2>\n<div id=\"attachment_2237\" style=\"width: 426px\" class=\"wp-caption aligncenter\"><img loading=\"lazy\" decoding=\"async\" aria-describedby=\"caption-attachment-2237\" class=\" wp-image-2237\" src=\"https:\/\/uenf.br\/projetos\/arvoresdauenf\/files\/2022\/06\/3294155944_701b6af14c_c.jpg\" alt=\"\" width=\"416\" height=\"279\" srcset=\"https:\/\/uenf.br\/projetos\/arvoresdauenf\/files\/2022\/06\/3294155944_701b6af14c_c.jpg 800w, https:\/\/uenf.br\/projetos\/arvoresdauenf\/files\/2022\/06\/3294155944_701b6af14c_c-300x201.jpg 300w, https:\/\/uenf.br\/projetos\/arvoresdauenf\/files\/2022\/06\/3294155944_701b6af14c_c-768x515.jpg 768w\" sizes=\"auto, (max-width: 416px) 100vw, 416px\" \/><p id=\"caption-attachment-2237\" class=\"wp-caption-text\">Foto: https:\/\/www.flickr.com\/photos\/tjes\/3294155944\/<\/p><\/div>\n<h3><strong><span style=\"color: #000000\">Fam\u00edlia: Fabaceae<\/span><\/strong><\/h3>\n<h3><strong><span style=\"color: #000000\">Nomes populares: ac\u00e1cia-australiana, ac\u00e1cia, c\u00e1ssia<\/span><\/strong><\/h3>\n<h3>Origem: Austr\u00e1lia<\/h3>\n<h3 id=\"ocorrencia_confirmada\" class=\"label\"><strong>Ocorr\u00eancias:<\/strong><\/h3>\n<div id=\"tr-carregaTaxonGrupoDistribuicaoGeograficaCertezaNorte\" class=\"distribuicaoGeograficaCertezaNorte\">\n<ul>\n<li id=\"idFieldCertezaNorte\" class=\"field\"><b>Norte<\/b> (Amazonas, Amap\u00e1, Par\u00e1, Roraima, Tocantins)<\/li>\n<li class=\"field\"><b>Nordeste<\/b> (Alagoas, Bahia, Cear\u00e1, Maranh\u00e3o, Para\u00edba, Pernambuco, Piau\u00ed, Rio Grande do Norte, Sergipe)<\/li>\n<li class=\"field\"><b>Centro-Oeste<\/b> (Distrito Federal, Goi\u00e1s, Mato Grosso do Sul, Mato Grosso)<\/li>\n<li class=\"field\"><b>Sudeste<\/b> (Esp\u00edrito Santo, Minas Gerais, Rio de Janeiro, S\u00e3o Paulo)<\/li>\n<li class=\"field\"><b>Sul<\/b> (Paran\u00e1, Rio Grande do Sul, Santa Catarina<\/li>\n<\/ul>\n<p><img loading=\"lazy\" decoding=\"async\" class=\"alignnone size-full wp-image-2236 aligncenter\" src=\"https:\/\/uenf.br\/projetos\/arvoresdauenf\/files\/2022\/06\/Captura-de-Tela-16.png\" alt=\"\" width=\"305\" height=\"318\" srcset=\"https:\/\/uenf.br\/projetos\/arvoresdauenf\/files\/2022\/06\/Captura-de-Tela-16.png 305w, https:\/\/uenf.br\/projetos\/arvoresdauenf\/files\/2022\/06\/Captura-de-Tela-16-288x300.png 288w\" sizes=\"auto, (max-width: 305px) 100vw, 305px\" \/><\/p>\n<p>Fonte: Flora Brasil, 2022. <a href=\"http:\/\/reflora.jbrj.gov.br\/reflora\/listaBrasil\/ConsultaPublicaUC\/BemVindoConsultaPublicaConsultar.do?invalidatePageControlCounter=22&amp;idsFilhosAlgas=%5B2%5D&amp;idsFilhosFungos=%5B1%2C11%2C10%5D&amp;lingua=&amp;grupo=6&amp;familia=null&amp;genero=&amp;especie=&amp;autor=&amp;nomeVernaculo=ac%C3%A1cia-australiana&amp;nomeCompleto=&amp;formaVida=null&amp;substrato=null&amp;ocorreBrasil=QUALQUER&amp;ocorrencia=OCORRE&amp;endemismo=TODOS&amp;origem=TODOS&amp;regiao=QUALQUER&amp;estado=QUALQUER&amp;ilhaOceanica=32767&amp;domFitogeograficos=QUALQUER&amp;bacia=QUALQUER&amp;vegetacao=TODOS&amp;mostrarAte=SUBESP_VAR&amp;opcoesBusca=TODOS_OS_NOMES&amp;loginUsuario=Visitante&amp;senhaUsuario=&amp;contexto=consulta-publica\">(Clique aqui)<\/a><\/p>\n<\/div>\n<h3>Curiosidades:<\/h3>\n<ul>\n<li>Devido a boa qualidade de sua madeira, \u00e9\u00a0 indicada para a produ\u00e7\u00e3o de papel, carv\u00e3o e movelaria.\u00a0<a href=\"https:\/\/www.alice.cnptia.embrapa.br\/bitstream\/doc\/299582\/1\/AcaciaMangium0001.pdf\">(Clique aqui)<\/a><\/li>\n<li>A esp\u00e9cie pode ser utilizada\u00a0 em programas de reflorestamento e recupera\u00e7\u00e3o de \u00e1reas degradadas.<\/li>\n<li>A <em>Acacia mangium<\/em> Willd. \u00e9 fixadora de nitrog\u00eanio, podendo ser tamb\u00e9m utilizada no combate a eros\u00e3o.\u00a0<a href=\"https:\/\/ainfo.cnptia.embrapa.br\/digital\/bitstream\/item\/174246\/1\/042007-acacia-cigarrinha-ranyse.pdf\">(Clique aqui)<\/a><\/li>\n<\/ul>\n","protected":false},"excerpt":{"rendered":"<p>\u00a0Acacia mangium Willd. Fam\u00edlia: Fabaceae Nomes populares: ac\u00e1cia-australiana, ac\u00e1cia, c\u00e1ssia Origem: Austr\u00e1lia Ocorr\u00eancias: Norte (Amazonas, Amap\u00e1, Par\u00e1, Roraima, Tocantins) Nordeste&#8230;<\/p>\n","protected":false},"author":24,"featured_media":0,"parent":1011,"menu_order":0,"comment_status":"closed","ping_status":"closed","template":"","meta":{"footnotes":""},"class_list":["post-1121","page","type-page","status-publish","hentry"],"_links":{"self":[{"href":"https:\/\/uenf.br\/projetos\/arvoresdauenf\/wp-json\/wp\/v2\/pages\/1121","targetHints":{"allow":["GET"]}}],"collection":[{"href":"https:\/\/uenf.br\/projetos\/arvoresdauenf\/wp-json\/wp\/v2\/pages"}],"about":[{"href":"https:\/\/uenf.br\/projetos\/arvoresdauenf\/wp-json\/wp\/v2\/types\/page"}],"author":[{"embeddable":true,"href":"https:\/\/uenf.br\/projetos\/arvoresdauenf\/wp-json\/wp\/v2\/users\/24"}],"replies":[{"embeddable":true,"href":"https:\/\/uenf.br\/projetos\/arvoresdauenf\/wp-json\/wp\/v2\/comments?post=1121"}],"version-history":[{"count":0,"href":"https:\/\/uenf.br\/projetos\/arvoresdauenf\/wp-json\/wp\/v2\/pages\/1121\/revisions"}],"up":[{"embeddable":true,"href":"https:\/\/uenf.br\/projetos\/arvoresdauenf\/wp-json\/wp\/v2\/pages\/1011"}],"wp:attachment":[{"href":"https:\/\/uenf.br\/projetos\/arvoresdauenf\/wp-json\/wp\/v2\/media?parent=1121"}],"curies":[{"name":"wp","href":"https:\/\/api.w.org\/{rel}","templated":true}]}}