{"id":1124,"date":"2020-01-16T11:33:20","date_gmt":"2020-01-16T14:33:20","guid":{"rendered":"http:\/\/uenf.br\/projetos\/arvoresdauenf\/?page_id=1124"},"modified":"2022-10-07T10:57:54","modified_gmt":"2022-10-07T13:57:54","slug":"jenipapo","status":"publish","type":"page","link":"https:\/\/uenf.br\/projetos\/arvoresdauenf\/especie-2\/jenipapo\/","title":{"rendered":"Jenipapo"},"content":{"rendered":"<h2><i>Genipa americana <\/i>L.<\/h2>\n<div id=\"attachment_1709\" style=\"width: 377px\" class=\"wp-caption aligncenter\"><img loading=\"lazy\" decoding=\"async\" aria-describedby=\"caption-attachment-1709\" class=\"wp-image-1709 \" src=\"http:\/\/uenf.br\/projetos\/arvoresdauenf\/files\/2020\/08\/IMG_20200724_094001747_HDR-min.jpg\" alt=\"\" width=\"367\" height=\"489\" srcset=\"https:\/\/uenf.br\/projetos\/arvoresdauenf\/files\/2020\/08\/IMG_20200724_094001747_HDR-min.jpg 456w, https:\/\/uenf.br\/projetos\/arvoresdauenf\/files\/2020\/08\/IMG_20200724_094001747_HDR-min-225x300.jpg 225w\" sizes=\"auto, (max-width: 367px) 100vw, 367px\" \/><p id=\"caption-attachment-1709\" class=\"wp-caption-text\">Foto: Christian Ribeiro<\/p><\/div>\n<div id=\"attachment_1710\" style=\"width: 383px\" class=\"wp-caption aligncenter\"><img loading=\"lazy\" decoding=\"async\" aria-describedby=\"caption-attachment-1710\" class=\"wp-image-1710 \" src=\"http:\/\/uenf.br\/projetos\/arvoresdauenf\/files\/2020\/08\/IMG_4745-min.jpg\" alt=\"\" width=\"373\" height=\"498\" srcset=\"https:\/\/uenf.br\/projetos\/arvoresdauenf\/files\/2020\/08\/IMG_4745-min.jpg 456w, https:\/\/uenf.br\/projetos\/arvoresdauenf\/files\/2020\/08\/IMG_4745-min-225x300.jpg 225w\" sizes=\"auto, (max-width: 373px) 100vw, 373px\" \/><p id=\"caption-attachment-1710\" class=\"wp-caption-text\">Foto: Yara Pereira<\/p><\/div>\n<h3><strong style=\"font-size: 16px\"><span style=\"color: #000000\">Fam\u00edlia: Rubiaceae\u00a0<\/span><\/strong><\/h3>\n<h3><span style=\"color: #000000\"><span style=\"font-size: 16px\">Nomes populares: \u00a0jenipapeiro,\u00a0 jenipapinho<\/span><\/span><\/h3>\n<h3>Origem: Am\u00e9rica Tropical e \u00cdndia Ocidental.<\/h3>\n<h3 id=\"distribuicaoGeografica\" class=\"label\"><strong>Distribui\u00e7\u00e3o Geogr\u00e1fica<\/strong><\/h3>\n<div class=\"tabelamapa\">\n<div id=\"ocorrencia_confirmada\" class=\"label\"><strong>Ocorr\u00eancias:<\/strong><\/div>\n<div>\n<div id=\"tr-carregaTaxonGrupoDistribuicaoGeograficaCertezaNorte\" class=\"distribuicaoGeograficaCertezaNorte\">\n<ul>\n<li id=\"idFieldCertezaNorte\" class=\"field\"><b>Norte<\/b> (Acre, Amazonas, Amap\u00e1, Par\u00e1, Rond\u00f4nia, Roraima, Tocantins)<\/li>\n<li class=\"field\"><b>Nordeste<\/b> (Alagoas, Bahia, Cear\u00e1, Maranh\u00e3o, Para\u00edba, Pernambuco, Piau\u00ed, Rio Grande do Norte, Sergipe)<\/li>\n<li class=\"field\"><b>Centro-Oeste<\/b> (Distrito Federal, Goi\u00e1s, Mato Grosso do Sul, Mato Grosso)<\/li>\n<li class=\"field\"><b>Sudeste<\/b> (Esp\u00edrito Santo, Minas Gerais, Rio de Janeiro, S\u00e3o Paulo)<\/li>\n<li class=\"field\"><b>Sul<\/b>\u00a0(Paran\u00e1, Santa Catarina)<\/li>\n<\/ul>\n<h3 class=\"label\"><strong>Dom\u00ednios Fitogeogr\u00e1ficos\u00a0<\/strong><\/h3>\n<\/div>\n<ul>\n<li>Amaz\u00f4nia, Caatinga, Cerrado, Mata Atl\u00e2ntica, Pantanal<\/li>\n<\/ul>\n<p><img loading=\"lazy\" decoding=\"async\" class=\"size-full wp-image-1711 aligncenter\" src=\"http:\/\/uenf.br\/projetos\/arvoresdauenf\/files\/2020\/08\/jenipapo-min.jpg\" alt=\"\" width=\"361\" height=\"353\" srcset=\"https:\/\/uenf.br\/projetos\/arvoresdauenf\/files\/2020\/08\/jenipapo-min.jpg 361w, https:\/\/uenf.br\/projetos\/arvoresdauenf\/files\/2020\/08\/jenipapo-min-300x293.jpg 300w\" sizes=\"auto, (max-width: 361px) 100vw, 361px\" \/><\/p>\n<\/div>\n<div>Fonte: Flora do Brasil, 2020 (<a href=\"http:\/\/reflora.jbrj.gov.br\/reflora\/listaBrasil\/ConsultaPublicaUC\/BemVindoConsultaPublicaConsultar.do?invalidatePageControlCounter=1&amp;idsFilhosAlgas=%5B2%5D&amp;idsFilhosFungos=%5B1%2C11%2C10%5D&amp;lingua=&amp;grupo=5&amp;genero=Genipa&amp;especie=americana&amp;autor=&amp;nomeVernaculo=&amp;nomeCompleto=&amp;formaVida=null&amp;substrato=null&amp;ocorreBrasil=QUALQUER&amp;ocorrencia=OCORRE&amp;endemismo=TODOS&amp;origem=TODOS&amp;regiao=QUALQUER&amp;estado=QUALQUER&amp;ilhaOceanica=32767&amp;domFitogeograficos=QUALQUER&amp;bacia=QUALQUER&amp;vegetacao=TODOS&amp;mostrarAte=SUBESP_VAR&amp;opcoesBusca=TODOS_OS_NOMES&amp;loginUsuario=Visitante&amp;senhaUsuario=&amp;contexto=consulta-publica\">clique aqui<\/a>)<\/div>\n<div>\n<h3>\u00a0<strong>Curiosidades:<\/strong><\/h3>\n<ul>\n<li>A casca e os frutos verdes cont\u00e9m subst\u00e2ncia corante violeta ou azul-escuro, denominada genipina. Essa mat\u00e9ria corante \u00e9 sol\u00favel na \u00e1gua e no \u00e1lcool, mas torna-se preta em contato com o ar. \u00c9 empregada na marca\u00e7\u00e3o de pe\u00e7as de roupas, pintura de tecidos de palha e outros utens\u00edlios dom\u00e9sticos\u00a0 (<a href=\"http:\/\/www.scielo.br\/scielo.php?pid=S0103-90161998000100006&amp;script=sci_arttext\">clique aqui<\/a>). Doces feitos a partir dos frutos de jenipapo, apresentam colora\u00e7\u00e3o azul.<\/li>\n<li>Os frutos, as folhas e as cascas s\u00e3o indicadas em casos de tosse, anemia, contus\u00f5es, luxa\u00e7\u00f5es, bem como atividade purgativa, diur\u00e9tica e depurativa. Nas folhas e nos frutos s\u00e3o encontradas quantidades satisfat\u00f3rias de irid\u00f3ides, taninos, \u00e1cido genipos\u00eddico e genipacetol, com a\u00e7\u00e3o farmacol\u00f3gica antiulcerog\u00eanica, anticarcinog\u00eanica, antidiarreica, antigonorr\u00e9ica, antiasm\u00e1tico, antian\u00eamico, anti-inflamat\u00f3ria e antioxidante (<a href=\"http:\/\/www.scielo.br\/scielo.php?pid=S1516-05722015000600953&amp;script=sci_arttext\">clique aqui<\/a>)<\/li>\n<\/ul>\n<\/div>\n<\/div>\n","protected":false},"excerpt":{"rendered":"<p>Genipa americana L. Fam\u00edlia: Rubiaceae\u00a0 Nomes populares: \u00a0jenipapeiro,\u00a0 jenipapinho Origem: Am\u00e9rica Tropical e \u00cdndia Ocidental. Distribui\u00e7\u00e3o Geogr\u00e1fica Ocorr\u00eancias: Norte (Acre,&#8230;<\/p>\n","protected":false},"author":24,"featured_media":0,"parent":27,"menu_order":0,"comment_status":"closed","ping_status":"closed","template":"","meta":{"footnotes":""},"class_list":["post-1124","page","type-page","status-publish","hentry"],"_links":{"self":[{"href":"https:\/\/uenf.br\/projetos\/arvoresdauenf\/wp-json\/wp\/v2\/pages\/1124","targetHints":{"allow":["GET"]}}],"collection":[{"href":"https:\/\/uenf.br\/projetos\/arvoresdauenf\/wp-json\/wp\/v2\/pages"}],"about":[{"href":"https:\/\/uenf.br\/projetos\/arvoresdauenf\/wp-json\/wp\/v2\/types\/page"}],"author":[{"embeddable":true,"href":"https:\/\/uenf.br\/projetos\/arvoresdauenf\/wp-json\/wp\/v2\/users\/24"}],"replies":[{"embeddable":true,"href":"https:\/\/uenf.br\/projetos\/arvoresdauenf\/wp-json\/wp\/v2\/comments?post=1124"}],"version-history":[{"count":0,"href":"https:\/\/uenf.br\/projetos\/arvoresdauenf\/wp-json\/wp\/v2\/pages\/1124\/revisions"}],"up":[{"embeddable":true,"href":"https:\/\/uenf.br\/projetos\/arvoresdauenf\/wp-json\/wp\/v2\/pages\/27"}],"wp:attachment":[{"href":"https:\/\/uenf.br\/projetos\/arvoresdauenf\/wp-json\/wp\/v2\/media?parent=1124"}],"curies":[{"name":"wp","href":"https:\/\/api.w.org\/{rel}","templated":true}]}}