{"id":1161,"date":"2020-01-21T12:01:28","date_gmt":"2020-01-21T15:01:28","guid":{"rendered":"http:\/\/uenf.br\/projetos\/arvoresdauenf\/?page_id=1161"},"modified":"2022-10-24T15:57:28","modified_gmt":"2022-10-24T18:57:28","slug":"jatoba","status":"publish","type":"page","link":"https:\/\/uenf.br\/projetos\/arvoresdauenf\/especie-2\/jatoba\/","title":{"rendered":"Jatob\u00e1"},"content":{"rendered":"<h2><span style=\"color: #000000\"><em>Hymenaea courbaril\u00a0<\/em>L.<\/span><\/h2>\n<p>&nbsp;<\/p>\n<div id=\"attachment_2337\" style=\"width: 601px\" class=\"wp-caption aligncenter\"><a href=\"https:\/\/uenf.br\/projetos\/arvoresdauenf\/files\/2022\/10\/jatoba-frutos.jpg\"><img loading=\"lazy\" decoding=\"async\" aria-describedby=\"caption-attachment-2337\" class=\"wp-image-2337\" src=\"https:\/\/uenf.br\/projetos\/arvoresdauenf\/files\/2022\/10\/jatoba-frutos.jpg\" alt=\"\" width=\"591\" height=\"394\" srcset=\"https:\/\/uenf.br\/projetos\/arvoresdauenf\/files\/2022\/10\/jatoba-frutos.jpg 960w, https:\/\/uenf.br\/projetos\/arvoresdauenf\/files\/2022\/10\/jatoba-frutos-300x200.jpg 300w, https:\/\/uenf.br\/projetos\/arvoresdauenf\/files\/2022\/10\/jatoba-frutos-768x512.jpg 768w\" sizes=\"auto, (max-width: 591px) 100vw, 591px\" \/><\/a><p id=\"caption-attachment-2337\" class=\"wp-caption-text\">Futos de jatob\u00e1. (<a href=\"https:\/\/www.greenme.com.br\/consumir\/remedios-caseiros\/63885-jatoba-arvore-nativa-medicinal-uso-da-casca-e-das-sementes\/\">https:\/\/www.greenme.com.br\/consumir\/remedios-caseiros\/63885-jatoba-arvore-nativa-medicinal-uso-da-casca-e-das-sementes\/<\/a>)<\/p><\/div>\n<h3><strong><span style=\"color: #000000\">Fam\u00edlia: Fabaceae\u00a0<\/span><\/strong><\/h3>\n<h3><strong><span style=\"color: #000000\">Nomes populares:<\/span><\/strong> <strong><span style=\"color: #000000\">jatob\u00e1-verdadeiro, jatobazeiro, jata\u00ed, jata\u00ed-amarelo, jata\u00ed-peba, jita\u00ed, farinheira, imbi\u00fava<\/span><\/strong><\/h3>\n<h3><span style=\"color: #000000\"><strong>Origem: Am\u00e9rica Central, Am\u00e9rica do Sul, \u00cdndias Ocidentais e Leste da \u00c1frica<\/strong><\/span><\/h3>\n<h3><span style=\"color: #000000\"><strong>Distribui\u00e7\u00e3o Geogr\u00e1fica<\/strong><\/span><\/h3>\n<div class=\"tabelamapa\">\n<div id=\"ocorrencia_confirmada\" class=\"label\"><span style=\"color: #000000\"><strong>Ocorr\u00eancias:<\/strong><\/span><\/div>\n<div>\n<div id=\"tr-carregaTaxonGrupoDistribuicaoGeograficaCertezaNorte\" class=\"distribuicaoGeograficaCertezaNorte\">\n<ul>\n<li id=\"idFieldCertezaNorte\" class=\"field\"><span style=\"color: #000000\"><b>Norte<\/b> (Acre, Amazonas, Amap\u00e1, Par\u00e1, Rond\u00f4nia, Roraima, Tocantins)<\/span><\/li>\n<li class=\"field\"><span style=\"color: #000000\"><b>Nordeste<\/b> (Alagoas, Bahia, Cear\u00e1, Maranh\u00e3o, Para\u00edba, Pernambuco, Piau\u00ed, Rio Grande do Norte, Sergipe)<\/span><\/li>\n<li class=\"field\"><span style=\"color: #000000\"><b>Centro-Oeste<\/b> (Distrito Federal, Goi\u00e1s, Mato Grosso do Sul, Mato Grosso)<\/span><\/li>\n<li class=\"field\"><span style=\"color: #000000\"><b>Sudeste<\/b> (Esp\u00edrito Santo, Minas Gerais, Rio de Janeiro, S\u00e3o Paulo)<\/span><\/li>\n<li class=\"field\"><b>Sul<\/b>\u00a0(Paran\u00e1)<\/li>\n<\/ul>\n<h3 class=\"label\"><strong>Dom\u00ednios Fitogeogr\u00e1ficos<\/strong><\/h3>\n<ul>\n<li>Amaz\u00f4nia, Caatinga, Cerrado, Mata Atl\u00e2ntica, Pantanal<\/li>\n<\/ul>\n<p><img loading=\"lazy\" decoding=\"async\" class=\"size-full wp-image-1707 aligncenter\" src=\"http:\/\/uenf.br\/projetos\/arvoresdauenf\/files\/2020\/08\/Jatob\u00e1-min.jpg\" alt=\"\" width=\"361\" height=\"353\" srcset=\"https:\/\/uenf.br\/projetos\/arvoresdauenf\/files\/2020\/08\/Jatob\u00e1-min.jpg 361w, https:\/\/uenf.br\/projetos\/arvoresdauenf\/files\/2020\/08\/Jatob\u00e1-min-300x293.jpg 300w\" sizes=\"auto, (max-width: 361px) 100vw, 361px\" \/><\/p>\n<\/div>\n<\/div>\n<p>Fonte: Flora do Brasil, 2020 (<a href=\"http:\/\/reflora.jbrj.gov.br\/reflora\/listaBrasil\/ConsultaPublicaUC\/BemVindoConsultaPublicaConsultar.do?invalidatePageControlCounter=1&amp;idsFilhosAlgas=%5B2%5D&amp;idsFilhosFungos=%5B1%2C11%2C10%5D&amp;lingua=&amp;grupo=5&amp;genero=Hymenaea&amp;especie=courbaril&amp;autor=&amp;nomeVernaculo=&amp;nomeCompleto=&amp;formaVida=null&amp;substrato=null&amp;ocorreBrasil=QUALQUER&amp;ocorrencia=OCORRE&amp;endemismo=TODOS&amp;origem=TODOS&amp;regiao=QUALQUER&amp;estado=QUALQUER&amp;ilhaOceanica=32767&amp;domFitogeograficos=QUALQUER&amp;bacia=QUALQUER&amp;vegetacao=TODOS&amp;mostrarAte=SUBESP_VAR&amp;opcoesBusca=TODOS_OS_NOMES&amp;loginUsuario=Visitante&amp;senhaUsuario=&amp;contexto=consulta-publica\">clique aqui<\/a>)<\/p>\n<h3>\u00a0<strong>Curiosidades:<\/strong><\/h3>\n<ul>\n<li>Como uso ritual\u00edstico, povos ind\u00edgenas ingerem suas sementes antes dos rituais sagrados de medita\u00e7\u00e3o pois acreditam\u00a0 que este alimento ajuda a clarificar, equilibrar e apaziguar a mente (<a href=\"https:\/\/www.greenme.com.br\/remedios-caseiros\/4519-jatoba-arvore-nativa-medicinal-uso-da-casca-e-das-sementes\/\">clique aqui<\/a>)<\/li>\n<li>Suas flores atraem as abelhas nativas sem ferr\u00e3o, as jata\u00ed, que produzem um mel medicinal muito usado para problemas respirat\u00f3rios (<a href=\"https:\/\/www.greenme.com.br\/remedios-caseiros\/4519-jatoba-arvore-nativa-medicinal-uso-da-casca-e-das-sementes\/\">clique aqui<\/a>)<\/li>\n<li>A resina do jatob\u00e1 \u00e9 usada como incenso, em defuma\u00e7\u00f5es de limpeza espiritual ou cura, em rituais xam\u00e2nicos latino-americanos (<a href=\"https:\/\/www.greenme.com.br\/remedios-caseiros\/4519-jatoba-arvore-nativa-medicinal-uso-da-casca-e-das-sementes\/\">clique aqui<\/a>)<\/li>\n<li>A farinha que envolve as suas sementes \u00e9 utilizada para fabrica\u00e7\u00e3o de biscoitos (<a href=\"https:\/\/receitas.globo.com\/cookie-com-farinha-de-jatoba-e-castanha-de-baru-receita-da-bela-gil-gnt.ghtml\">receita<\/a>) e bolos (<a href=\"https:\/\/www.tudogostoso.com.br\/receita\/182205-bolo-de-farinha-de-jatoba-com-iogurte.html\">receita<\/a>).<\/li>\n<\/ul>\n<p>&nbsp;<\/p>\n<\/div>\n","protected":false},"excerpt":{"rendered":"<p>Hymenaea courbaril\u00a0L. &nbsp; Fam\u00edlia: Fabaceae\u00a0 Nomes populares: jatob\u00e1-verdadeiro, jatobazeiro, jata\u00ed, jata\u00ed-amarelo, jata\u00ed-peba, jita\u00ed, farinheira, imbi\u00fava Origem: Am\u00e9rica Central, Am\u00e9rica do&#8230;<\/p>\n","protected":false},"author":24,"featured_media":0,"parent":27,"menu_order":0,"comment_status":"closed","ping_status":"closed","template":"","meta":{"footnotes":""},"class_list":["post-1161","page","type-page","status-publish","hentry"],"_links":{"self":[{"href":"https:\/\/uenf.br\/projetos\/arvoresdauenf\/wp-json\/wp\/v2\/pages\/1161","targetHints":{"allow":["GET"]}}],"collection":[{"href":"https:\/\/uenf.br\/projetos\/arvoresdauenf\/wp-json\/wp\/v2\/pages"}],"about":[{"href":"https:\/\/uenf.br\/projetos\/arvoresdauenf\/wp-json\/wp\/v2\/types\/page"}],"author":[{"embeddable":true,"href":"https:\/\/uenf.br\/projetos\/arvoresdauenf\/wp-json\/wp\/v2\/users\/24"}],"replies":[{"embeddable":true,"href":"https:\/\/uenf.br\/projetos\/arvoresdauenf\/wp-json\/wp\/v2\/comments?post=1161"}],"version-history":[{"count":0,"href":"https:\/\/uenf.br\/projetos\/arvoresdauenf\/wp-json\/wp\/v2\/pages\/1161\/revisions"}],"up":[{"embeddable":true,"href":"https:\/\/uenf.br\/projetos\/arvoresdauenf\/wp-json\/wp\/v2\/pages\/27"}],"wp:attachment":[{"href":"https:\/\/uenf.br\/projetos\/arvoresdauenf\/wp-json\/wp\/v2\/media?parent=1161"}],"curies":[{"name":"wp","href":"https:\/\/api.w.org\/{rel}","templated":true}]}}