{"id":148,"date":"2019-01-11T15:54:11","date_gmt":"2019-01-11T17:54:11","guid":{"rendered":"http:\/\/uenf.br\/projetos\/arvoresdauenf\/?page_id=148"},"modified":"2022-06-08T20:11:09","modified_gmt":"2022-06-08T23:11:09","slug":"sapucaia","status":"publish","type":"page","link":"https:\/\/uenf.br\/projetos\/arvoresdauenf\/especie-2\/sapucaia\/","title":{"rendered":"Sapucaia"},"content":{"rendered":"<h2 class=\"taxon\"><i>Lecythis pisonis\u00a0<\/i>Cambess.<\/h2>\n<div id=\"attachment_1534\" style=\"width: 539px\" class=\"wp-caption aligncenter\"><img loading=\"lazy\" decoding=\"async\" aria-describedby=\"caption-attachment-1534\" class=\"wp-image-1534\" src=\"http:\/\/uenf.br\/projetos\/arvoresdauenf\/files\/2020\/07\/IMG_20200717_092324082-1024x768.jpg\" alt=\"\" width=\"529\" height=\"396\" srcset=\"https:\/\/uenf.br\/projetos\/arvoresdauenf\/files\/2020\/07\/IMG_20200717_092324082-1024x768.jpg 1024w, https:\/\/uenf.br\/projetos\/arvoresdauenf\/files\/2020\/07\/IMG_20200717_092324082-300x225.jpg 300w, https:\/\/uenf.br\/projetos\/arvoresdauenf\/files\/2020\/07\/IMG_20200717_092324082-768x576.jpg 768w, https:\/\/uenf.br\/projetos\/arvoresdauenf\/files\/2020\/07\/IMG_20200717_092324082-1536x1152.jpg 1536w, https:\/\/uenf.br\/projetos\/arvoresdauenf\/files\/2020\/07\/IMG_20200717_092324082-2048x1536.jpg 2048w\" sizes=\"auto, (max-width: 529px) 100vw, 529px\" \/><p id=\"caption-attachment-1534\" class=\"wp-caption-text\">Sapucaias no <em>campus<\/em> Leonel Brizola. Foto: Christian Ribeiro<\/p><\/div>\n<div id=\"attachment_322\" style=\"width: 413px\" class=\"wp-caption aligncenter\"><img loading=\"lazy\" decoding=\"async\" aria-describedby=\"caption-attachment-322\" class=\"wp-image-322\" src=\"http:\/\/uenf.br\/projetos\/arvoresdauenf\/files\/2019\/02\/lioudmila-4-min.jpg\" alt=\"\" width=\"403\" height=\"302\" \/><p id=\"caption-attachment-322\" class=\"wp-caption-text\">Folhas jovens, flores e frutos de sapucaia. Foto: Lioudimila A. Matlakhova<\/p><\/div>\n<div id=\"attachment_321\" style=\"width: 417px\" class=\"wp-caption aligncenter\"><img loading=\"lazy\" decoding=\"async\" aria-describedby=\"caption-attachment-321\" class=\"wp-image-321\" src=\"http:\/\/uenf.br\/projetos\/arvoresdauenf\/files\/2019\/02\/lioudmila-3-min.jpg\" alt=\"\" width=\"407\" height=\"305\" \/><p id=\"caption-attachment-321\" class=\"wp-caption-text\">Foto: Lioudimila A. Matlakhova<\/p><\/div>\n<div id=\"attachment_155\" style=\"width: 404px\" class=\"wp-caption aligncenter\"><img loading=\"lazy\" decoding=\"async\" aria-describedby=\"caption-attachment-155\" class=\"wp-image-155\" src=\"http:\/\/uenf.br\/projetos\/arvoresdauenf\/files\/2019\/01\/flores.jpg\" alt=\"\" width=\"394\" height=\"526\" \/><p id=\"caption-attachment-155\" class=\"wp-caption-text\">Foto: David Pessanha Siqueira<\/p><\/div>\n<h3><strong><span style=\"color: #000000\">Fam\u00edlia: Lecythidaceae<\/span><\/strong><\/h3>\n<h3><strong><span style=\"color: #000000\">Nomes populares: Castanheira de Sapucaia, Sapucaia<\/span><\/strong><\/h3>\n<h3>Origem: Brasil<\/h3>\n<h3 id=\"distribuicaoGeografica\" class=\"label\"><strong>Distribui\u00e7\u00e3o Geogr\u00e1fica<\/strong><\/h3>\n<div class=\"tabelamapa\">\n<h4 id=\"ocorrencia_confirmada\" class=\"label\"><strong>Ocorr\u00eancia:\u00a0<\/strong><\/h4>\n<div id=\"tr-carregaTaxonGrupoDistribuicaoGeograficaCertezaNordeste\" class=\"distribuicaoGeograficaCertezaNordeste\">\n<div id=\"idFieldCertezaNordeste\" class=\"field\">\n<ul>\n<li><b> <\/b><b>Norte<\/b> (Acre, Amazonas, Par\u00e1, Rond\u00f4nia)<\/li>\n<li><b>\u00a0Nordeste<\/b> (Bahia, Maranh\u00e3o, Para\u00edba, Pernambuco, Piau\u00ed, Rio Grande do Norte)<\/li>\n<li><b>Sudeste<\/b>\u00a0(Esp\u00edrito Santo, Minas Gerais, Rio de Janeiro, S\u00e3o Paulo)<\/li>\n<\/ul>\n<\/div>\n<\/div>\n<div>\n<div class=\"dominiosFitogeograficos\">\n<h3 class=\"label\"><span style=\"color: #000000\"><strong>Dom\u00ednios Fitogeogr\u00e1ficos\u00a0<\/strong><\/span><\/h3>\n<\/div>\n<ul>\n<li id=\"tr-carregaTaxonGrupoDominiosFitogeograficos\" class=\"dominiosFitogeograficos\">\u00a0Amaz\u00f4nia, Mata Atl\u00e2ntica<\/li>\n<\/ul>\n<p><img loading=\"lazy\" decoding=\"async\" class=\"size-full wp-image-1810 aligncenter\" src=\"http:\/\/uenf.br\/projetos\/arvoresdauenf\/files\/2020\/08\/sapucaia-min.jpg\" alt=\"\" width=\"366\" height=\"369\" srcset=\"https:\/\/uenf.br\/projetos\/arvoresdauenf\/files\/2020\/08\/sapucaia-min.jpg 366w, https:\/\/uenf.br\/projetos\/arvoresdauenf\/files\/2020\/08\/sapucaia-min-298x300.jpg 298w, https:\/\/uenf.br\/projetos\/arvoresdauenf\/files\/2020\/08\/sapucaia-min-150x150.jpg 150w\" sizes=\"auto, (max-width: 366px) 100vw, 366px\" \/><\/p>\n<\/div>\n<\/div>\n<p>Fonte: Flora do Brasil, 2020 (<a href=\"http:\/\/floradobrasil.jbrj.gov.br\/reflora\/listaBrasil\/ConsultaPublicaUC\/BemVindoConsultaPublicaConsultar.do?invalidatePageControlCounter=32&amp;idsFilhosAlgas=%5B2%5D&amp;idsFilhosFungos=%5B1%2C10%2C11%5D&amp;lingua=&amp;grupo=5&amp;familia=null&amp;genero=&amp;especie=&amp;autor=&amp;nomeVernaculo=&amp;nomeCompleto=Lecythidaceae+Lecythis+pisonis+Cambess.&amp;formaVida=null&amp;substrato=null&amp;ocorreBrasil=QUALQUER&amp;ocorrencia=OCORRE&amp;endemismo=TODOS&amp;origem=TODOS&amp;regiao=QUALQUER&amp;estado=QUALQUER&amp;ilhaOceanica=32767&amp;domFitogeograficos=QUALQUER&amp;bacia=QUALQUER&amp;vegetacao=TODOS&amp;mostrarAte=SUBESP_VAR&amp;opcoesBusca=TODOS_OS_NOMES&amp;loginUsuario=Visitante&amp;senhaUsuario=&amp;contexto=consulta-publica\">clique aqui<\/a>)<\/p>\n<h3><strong>Curiosidades:<\/strong><\/h3>\n<ul>\n<li>Suas sementes s\u00e3o muito apreciada pelos macacos, cujos mais novos ficam com as m\u00e3os presas, o que gerou o famoso ditado:\u00a0 \u201cMacaco velho n\u00e3o p\u00f5e a m\u00e3o em cumbuca&#8221;<\/li>\n<li>Suas castanhas s\u00e3o comest\u00edveis e saborosas, substituindo com vantagens a castanha-do-par\u00e1 <i>in natura<\/i> ou em receitas (<a href=\"https:\/\/www.jardineiro.net\/plantas\/sapucaia-lecythis-pisonis.html\">clique aqui<\/a>). Entretanto, em fun\u00e7\u00e3o da altura das \u00e1rvores, s\u00e3o de dif\u00edcil acesso e as sementes que caem s\u00e3o prontamente carregadas por p\u00e1ssaros, macacos e outros\u00a0(<a href=\"https:\/\/www.arvores.brasil.nom.br\/new\/sapucaia\/index.htm\">clique aqui<\/a>). Embora sejam ricas em lip\u00eddios, prote\u00ednas, fibras, nutrientes especiais, especialmente o Sel\u00eanio, e conter compostos antioxidantes, amostras de algumas proced\u00eancias apresentaram teores elevados de chumbo, considerados t\u00f3xicos conforme limites descritos para sementes de oleaginosas (<a href=\"https:\/\/www.sciencedirect.com\/science\/article\/pii\/S0963996920304087?casa_token=ubezJOaiOzQAAAAA:HIx0fd7FaePGtCUGwM5XH5wgjL51jmM8XU8HF1VQbnHz8Ij_c04JVP1qEotcGWTt1MHpEmqPh-w\">clique aqui<\/a>).<\/li>\n<li>Seus frutos s\u00e3o muito utilizados como recipiente dom\u00e9stico na decora\u00e7\u00e3o.<\/li>\n<li>A \u00e1rvore apresenta madeira de boa qualidade, com alta resist\u00eancia ao ataque de organismos xil\u00f3fagos, com aplainamento moderadamente f\u00e1cil (<a href=\"http:\/\/www.ipt.br\/informacoes_madeiras3.php?madeira=73\">clique aqui<\/a>)<\/li>\n<li>Apresenta potencial mel\u00edfero.<\/li>\n<\/ul>\n<p><strong>Pesquisas na UENF:<\/strong><\/p>\n<ul>\n<li>\u00a0Fenologia:<\/li>\n<\/ul>\n<p>Coordenadora: Profa. \u00c2ngela Pierre Vit\u00f3ria (LCA)<\/p>\n<p>Equipe: Ramon Rodrigues Pereira, Lauryn Rodrigues Pereira, Amanda L\u00facia Pereira Machado da Silva, Douglas Rodrigues Ribeiro<\/p>\n<p>A determina\u00e7\u00e3o das fenofases foi realizada por an\u00e1lise visual mensal, sempre no in\u00edcio da segunda quinzena de cada m\u00eas. Para tanto, a copa da \u00e1rvore foi repartida em quadrantes, para facilitar a qualifica\u00e7\u00e3o e quantifica\u00e7\u00e3o. Foram avaliados 10 indiv\u00edduos adultos. A esp\u00e9cie mostra-se sempre verde (cobertura da copa apresenta-se acima de 80% em alguns per\u00edodos do ano).<\/p>\n<p><img loading=\"lazy\" decoding=\"async\" class=\"wp-image-792 aligncenter\" src=\"http:\/\/uenf.br\/projetos\/arvoresdauenf\/files\/2019\/09\/grafico-da-sapucaia.jpg\" alt=\"\" width=\"671\" height=\"368\" srcset=\"https:\/\/uenf.br\/projetos\/arvoresdauenf\/files\/2019\/09\/grafico-da-sapucaia.jpg 993w, https:\/\/uenf.br\/projetos\/arvoresdauenf\/files\/2019\/09\/grafico-da-sapucaia-300x165.jpg 300w, https:\/\/uenf.br\/projetos\/arvoresdauenf\/files\/2019\/09\/grafico-da-sapucaia-768x422.jpg 768w, https:\/\/uenf.br\/projetos\/arvoresdauenf\/files\/2019\/09\/grafico-da-sapucaia-150x82.jpg 150w, https:\/\/uenf.br\/projetos\/arvoresdauenf\/files\/2019\/09\/grafico-da-sapucaia-400x220.jpg 400w\" sizes=\"auto, (max-width: 671px) 100vw, 671px\" \/><\/p>\n","protected":false},"excerpt":{"rendered":"<p>Lecythis pisonis\u00a0Cambess. Fam\u00edlia: Lecythidaceae Nomes populares: Castanheira de Sapucaia, Sapucaia Origem: Brasil Distribui\u00e7\u00e3o Geogr\u00e1fica Ocorr\u00eancia:\u00a0 Norte (Acre, Amazonas, Par\u00e1, Rond\u00f4nia)&#8230;<\/p>\n","protected":false},"author":22,"featured_media":0,"parent":27,"menu_order":0,"comment_status":"closed","ping_status":"closed","template":"","meta":{"footnotes":""},"class_list":["post-148","page","type-page","status-publish","hentry"],"_links":{"self":[{"href":"https:\/\/uenf.br\/projetos\/arvoresdauenf\/wp-json\/wp\/v2\/pages\/148","targetHints":{"allow":["GET"]}}],"collection":[{"href":"https:\/\/uenf.br\/projetos\/arvoresdauenf\/wp-json\/wp\/v2\/pages"}],"about":[{"href":"https:\/\/uenf.br\/projetos\/arvoresdauenf\/wp-json\/wp\/v2\/types\/page"}],"author":[{"embeddable":true,"href":"https:\/\/uenf.br\/projetos\/arvoresdauenf\/wp-json\/wp\/v2\/users\/22"}],"replies":[{"embeddable":true,"href":"https:\/\/uenf.br\/projetos\/arvoresdauenf\/wp-json\/wp\/v2\/comments?post=148"}],"version-history":[{"count":0,"href":"https:\/\/uenf.br\/projetos\/arvoresdauenf\/wp-json\/wp\/v2\/pages\/148\/revisions"}],"up":[{"embeddable":true,"href":"https:\/\/uenf.br\/projetos\/arvoresdauenf\/wp-json\/wp\/v2\/pages\/27"}],"wp:attachment":[{"href":"https:\/\/uenf.br\/projetos\/arvoresdauenf\/wp-json\/wp\/v2\/media?parent=148"}],"curies":[{"name":"wp","href":"https:\/\/api.w.org\/{rel}","templated":true}]}}