{"id":2,"date":"2018-11-12T09:36:53","date_gmt":"2018-11-12T11:36:53","guid":{"rendered":"http:\/\/uenf.br\/projetos\/arvoresdauenf\/?page_id=2"},"modified":"2026-01-09T11:22:56","modified_gmt":"2026-01-09T14:22:56","slug":"apresentacao","status":"publish","type":"page","link":"https:\/\/uenf.br\/projetos\/arvoresdauenf\/","title":{"rendered":"Apresenta\u00e7\u00e3o"},"content":{"rendered":"\r\n<h4 style=\"text-align: center\"><span style=\"color: #ff0000\"><b data-path-to-node=\"6,0\" data-index-in-node=\"0\">\ud83c\udf33<\/b><\/span><span style=\"color: #008000\"><b data-path-to-node=\"6,0\" data-index-in-node=\"0\">Novos ares, nova experi\u00eancia! <\/b>Assim como a natureza se renova, nosso site tamb\u00e9m evoluiu.<\/span><span style=\"color: #ff0000\"><b data-path-to-node=\"6,0\" data-index-in-node=\"0\">\ud83c\udf33<\/b><\/span><\/h4>\r\n<h4 style=\"text-align: center\"><span style=\"color: #ff0000\"><b data-path-to-node=\"6,0\" data-index-in-node=\"0\">\ud83c\udf33<\/b><\/span><span style=\"color: #008000\">Para oferecer uma melhor experi\u00eancia, atualizamos nosso site.<\/span><span style=\"color: #ff0000\"><b data-path-to-node=\"6,0\" data-index-in-node=\"0\">\ud83c\udf33<\/b><\/span><\/h4>\r\n<h4 style=\"text-align: center\"><a href=\"https:\/\/sites.google.com\/view\/rvoresdauenf\/p%C3%A1gina-inicial\"><span style=\"color: #ff0000\">Para conferir clique aqui !!<\/span><\/a><\/h4>\r\n<h4>Projeto \u00c1rvores da UENF: levantamento, identifica\u00e7\u00e3o e divulga\u00e7\u00e3o<\/h4>\r\n<p>As \u00e1rvores da UENF, plantadas em diferentes momentos, contribuem para o bem estar da comunidade e despertam interesse por sua beleza paisag\u00edstica, atraindo p\u00fablico diverso, para o qual servem de contempla\u00e7\u00e3o e cen\u00e1rio no registro de momentos marcantes. Muitas destas esp\u00e9cies apresentam ainda import\u00e2ncia econ\u00f4mica e usos diversos, pouco conhecidos pela comunidade.<\/p>\r\n<p><img loading=\"lazy\" decoding=\"async\" class=\"wp-image-851 aligncenter\" src=\"http:\/\/uenf.br\/projetos\/arvoresdauenf\/files\/2019\/09\/1-min-1024x768.jpg\" alt=\"\" width=\"367\" height=\"275\" srcset=\"https:\/\/uenf.br\/projetos\/arvoresdauenf\/files\/2019\/09\/1-min-1024x768.jpg 1024w, https:\/\/uenf.br\/projetos\/arvoresdauenf\/files\/2019\/09\/1-min-300x225.jpg 300w, https:\/\/uenf.br\/projetos\/arvoresdauenf\/files\/2019\/09\/1-min-768x576.jpg 768w, https:\/\/uenf.br\/projetos\/arvoresdauenf\/files\/2019\/09\/1-min-150x113.jpg 150w, https:\/\/uenf.br\/projetos\/arvoresdauenf\/files\/2019\/09\/1-min-400x300.jpg 400w, https:\/\/uenf.br\/projetos\/arvoresdauenf\/files\/2019\/09\/1-min.jpg 1280w\" sizes=\"auto, (max-width: 367px) 100vw, 367px\" \/><\/p>\r\n<p><img loading=\"lazy\" decoding=\"async\" class=\" wp-image-863 aligncenter\" src=\"http:\/\/uenf.br\/projetos\/arvoresdauenf\/files\/2019\/10\/IMG_3664-1024x768.jpeg\" alt=\"\" width=\"365\" height=\"274\" srcset=\"https:\/\/uenf.br\/projetos\/arvoresdauenf\/files\/2019\/10\/IMG_3664-1024x768.jpeg 1024w, https:\/\/uenf.br\/projetos\/arvoresdauenf\/files\/2019\/10\/IMG_3664-300x225.jpeg 300w, https:\/\/uenf.br\/projetos\/arvoresdauenf\/files\/2019\/10\/IMG_3664-768x576.jpeg 768w, https:\/\/uenf.br\/projetos\/arvoresdauenf\/files\/2019\/10\/IMG_3664-150x113.jpeg 150w, https:\/\/uenf.br\/projetos\/arvoresdauenf\/files\/2019\/10\/IMG_3664-400x300.jpeg 400w\" sizes=\"auto, (max-width: 365px) 100vw, 365px\" \/><\/p>\r\n<p><img loading=\"lazy\" decoding=\"async\" class=\" wp-image-903 aligncenter\" src=\"http:\/\/uenf.br\/projetos\/arvoresdauenf\/files\/2019\/10\/P1020734-1024x768.jpg\" alt=\"\" width=\"367\" height=\"275\" srcset=\"https:\/\/uenf.br\/projetos\/arvoresdauenf\/files\/2019\/10\/P1020734-1024x768.jpg 1024w, https:\/\/uenf.br\/projetos\/arvoresdauenf\/files\/2019\/10\/P1020734-300x225.jpg 300w, https:\/\/uenf.br\/projetos\/arvoresdauenf\/files\/2019\/10\/P1020734-768x576.jpg 768w, https:\/\/uenf.br\/projetos\/arvoresdauenf\/files\/2019\/10\/P1020734-150x113.jpg 150w, https:\/\/uenf.br\/projetos\/arvoresdauenf\/files\/2019\/10\/P1020734-400x300.jpg 400w\" sizes=\"auto, (max-width: 367px) 100vw, 367px\" \/><\/p>\r\n<p>A cria\u00e7\u00e3o deste espa\u00e7o tem como objetivo disponibilizar informa\u00e7\u00f5es sobre as diversas esp\u00e9cies plantadas nos <em>campi<\/em> da UENF, com registros fotogr\u00e1ficos e links de interesse, bem como dar visibilidade aos trabalhos de pesquisa desenvolvidos com as mesmas, por pesquisadores da UENF.<\/p>\r\n<p>O acesso \u00e0 informa\u00e7\u00e3o cient\u00edfica e popular sobre as esp\u00e9cies tende a aumentar a sensibiliza\u00e7\u00e3o do p\u00fablico, despertando seu interesse pela preserva\u00e7\u00e3o das mesmas.<\/p>\r\n<p style=\"text-align: center\">Contamos com a participa\u00e7\u00e3o de toda a comunidade na constru\u00e7\u00e3o desta p\u00e1gina, com envio de informa\u00e7\u00f5es, fotos e sugest\u00f5es.<\/p>\r\n<p>Equipe:<\/p>\r\n<p style=\"padding-left: 40px\">Profa. Deborah Guerra Barroso (LFIT &#8211; CCTA) &#8211; coordena\u00e7\u00e3o<\/p>\r\n<p style=\"padding-left: 40px\">Prof. Marcelo Trindade Nascimento (LCA &#8211; CBB)<\/p>\r\n<p>\u00a0 \u00a0 \u00a0 \u00a0 \u00a0 Profa. Luciana Aparecida Rodrigues (LSOL-CCTA)<\/p>\r\n<p style=\"padding-left: 40px\">\u00a0<\/p>\r\n<p style=\"padding-left: 40px\">Yara Pereira Gon\u00e7alves (Bolsista de Extens\u00e3o)<\/p>\r\n<p>\u00a0 \u00a0 \u00a0 \u00a0 \u00a0 Rafael Pedro Simi\u00e3o (Bolsista de Extens\u00e3o)<\/p>\r\n<p>\u00a0 \u00a0 \u00a0 \u00a0 \u00a0 Tuane Cristina da Silva (Universidade Aberta)<\/p>\r\n<p style=\"padding-left: 40px\">Jos\u00e9 Gabriel Souza Silva (volunt\u00e1rio)<\/p>\r\n<p style=\"padding-left: 40px\">David Pessanha Siqueira (volunt\u00e1rio)<\/p>\r\n<p>\u00a0 \u00a0 \u00a0 \u00a0 \u00a0 \u00a0Giovanna Campos M. W. de Carvalho (volunt\u00e1ria)<\/p>\r\n<p>\u00a0 \u00a0 \u00a0 \u00a0 \u00a0 \u00a0Savyo da Silva Menezes Carvalho (Bolsista de Extens\u00e3o)<\/p>\r\n<p>&nbsp;<\/p>\r\n<p>Demais colaboradores s\u00e3o citados nas contribui\u00e7\u00f5es espec\u00edficas.<\/p>\r\n<p>&nbsp;<\/p>\r\n<p>&nbsp;<\/p>\r\n<p>&nbsp;<\/p>\r\n<figure><img decoding=\"async\" class=\"wp-image-13\" src=\"http:\/\/uenf.br\/projetos\/arvoresdauenf\/files\/2018\/11\/Funda\u00e7\u00e3o_Renova_Logo.jpg\" alt=\"\" \/><\/figure>\r\n<figure><img decoding=\"async\" class=\"wp-image-14\" src=\"http:\/\/uenf.br\/projetos\/arvoresdauenf\/files\/2018\/11\/Screenshot_2018-05-30-15-59-29-859.jpeg\" alt=\"\" \/><\/figure>\r\n","protected":false},"excerpt":{"rendered":"<p>\ud83c\udf33Novos ares, nova experi\u00eancia! Assim como a natureza se renova, nosso site tamb\u00e9m evoluiu.\ud83c\udf33 \ud83c\udf33Para oferecer uma melhor experi\u00eancia, atualizamos&#8230;<\/p>\n","protected":false},"author":22,"featured_media":0,"parent":0,"menu_order":0,"comment_status":"closed","ping_status":"open","template":"","meta":{"footnotes":""},"class_list":["post-2","page","type-page","status-publish","hentry"],"_links":{"self":[{"href":"https:\/\/uenf.br\/projetos\/arvoresdauenf\/wp-json\/wp\/v2\/pages\/2","targetHints":{"allow":["GET"]}}],"collection":[{"href":"https:\/\/uenf.br\/projetos\/arvoresdauenf\/wp-json\/wp\/v2\/pages"}],"about":[{"href":"https:\/\/uenf.br\/projetos\/arvoresdauenf\/wp-json\/wp\/v2\/types\/page"}],"author":[{"embeddable":true,"href":"https:\/\/uenf.br\/projetos\/arvoresdauenf\/wp-json\/wp\/v2\/users\/22"}],"replies":[{"embeddable":true,"href":"https:\/\/uenf.br\/projetos\/arvoresdauenf\/wp-json\/wp\/v2\/comments?post=2"}],"version-history":[{"count":0,"href":"https:\/\/uenf.br\/projetos\/arvoresdauenf\/wp-json\/wp\/v2\/pages\/2\/revisions"}],"wp:attachment":[{"href":"https:\/\/uenf.br\/projetos\/arvoresdauenf\/wp-json\/wp\/v2\/media?parent=2"}],"curies":[{"name":"wp","href":"https:\/\/api.w.org\/{rel}","templated":true}]}}