{"id":21,"date":"2018-11-23T10:49:55","date_gmt":"2018-11-23T12:49:55","guid":{"rendered":"http:\/\/uenf.br\/projetos\/arvoresdauenf\/?page_id=21"},"modified":"2024-03-27T18:32:48","modified_gmt":"2024-03-27T21:32:48","slug":"pau-brasil","status":"publish","type":"page","link":"https:\/\/uenf.br\/projetos\/arvoresdauenf\/especie-2\/pau-brasil\/","title":{"rendered":"Pau Brasil"},"content":{"rendered":"\r\n<h2 class=\"taxon\"><i>Paubrasilia echinata\u00a0<\/i>(Lam.) Gagnon, H.C.Lima &amp; G.P.Lewis<\/h2>\r\n<div id=\"attachment_1524\" style=\"width: 486px\" class=\"wp-caption aligncenter\"><img loading=\"lazy\" decoding=\"async\" aria-describedby=\"caption-attachment-1524\" class=\"wp-image-1524\" src=\"http:\/\/uenf.br\/projetos\/arvoresdauenf\/files\/2020\/07\/IMG_20200717_092026640_HDR-1024x768.jpg\" alt=\"\" width=\"476\" height=\"357\" srcset=\"https:\/\/uenf.br\/projetos\/arvoresdauenf\/files\/2020\/07\/IMG_20200717_092026640_HDR-1024x768.jpg 1024w, https:\/\/uenf.br\/projetos\/arvoresdauenf\/files\/2020\/07\/IMG_20200717_092026640_HDR-300x225.jpg 300w, https:\/\/uenf.br\/projetos\/arvoresdauenf\/files\/2020\/07\/IMG_20200717_092026640_HDR-768x576.jpg 768w, https:\/\/uenf.br\/projetos\/arvoresdauenf\/files\/2020\/07\/IMG_20200717_092026640_HDR-1536x1152.jpg 1536w, https:\/\/uenf.br\/projetos\/arvoresdauenf\/files\/2020\/07\/IMG_20200717_092026640_HDR-2048x1536.jpg 2048w\" sizes=\"auto, (max-width: 476px) 100vw, 476px\" \/><p id=\"caption-attachment-1524\" class=\"wp-caption-text\">Pau Brasil no campus Leonel Brizola. Foto: Christian Ribeiro<\/p><\/div>\r\n<p>&nbsp;<\/p>\r\n<h3><strong><span style=\"color: #000000\">Fam\u00edlia: Fabaceae\u00a0<\/span><\/strong><\/h3>\r\n<h3><strong><span style=\"color: #000000\">Nome popular: Pau brasil<\/span><\/strong><\/h3>\r\n<h3><strong>Origem: Brasil<\/strong><\/h3>\r\n<h3 id=\"distribuicaoGeografica\" class=\"label\"><strong>Distribui\u00e7\u00e3o Geogr\u00e1fica<\/strong><\/h3>\r\n<div class=\"tabelamapa\">\r\n<h4 id=\"ocorrencia_confirmada\" class=\"label\"><span style=\"color: #000000\">Ocorr\u00eancias:<\/span><\/h4>\r\n<div id=\"tr-carregaTaxonGrupoDistribuicaoGeograficaCertezaNordeste\" class=\"distribuicaoGeograficaCertezaNordeste\">\r\n<ul>\r\n<li id=\"idFieldCertezaNordeste\" class=\"field\"><b>Nordeste<\/b> (Alagoas, Bahia, Para\u00edba, Pernambuco, Rio Grande do Norte, Sergipe)<\/li>\r\n<li class=\"field\"><b>Sudeste<\/b>\u00a0(Esp\u00edrito Santo, Rio de Janeiro)<\/li>\r\n<\/ul>\r\n<\/div>\r\n<div>\r\n<div class=\"dominiosFitogeograficos\">\r\n<h3 class=\"label\"><span style=\"color: #000000\"><strong>Dom\u00ednios Fitogeogr\u00e1ficos\u00a0<\/strong><\/span><\/h3>\r\n<\/div>\r\n<ul>\r\n<li id=\"tr-carregaTaxonGrupoDominiosFitogeograficos\" class=\"dominiosFitogeograficos\">Mata Atl\u00e2ntica<\/li>\r\n<\/ul>\r\n<p><img loading=\"lazy\" decoding=\"async\" class=\"size-full wp-image-1789 aligncenter\" src=\"http:\/\/uenf.br\/projetos\/arvoresdauenf\/files\/2020\/08\/pau-brasil-min.jpg\" alt=\"\" width=\"371\" height=\"354\" srcset=\"https:\/\/uenf.br\/projetos\/arvoresdauenf\/files\/2020\/08\/pau-brasil-min.jpg 371w, https:\/\/uenf.br\/projetos\/arvoresdauenf\/files\/2020\/08\/pau-brasil-min-300x286.jpg 300w\" sizes=\"auto, (max-width: 371px) 100vw, 371px\" \/><\/p>\r\n<\/div>\r\n<\/div>\r\n<p>Fonte: Flora do Brasil, 2020 (<a href=\"http:\/\/floradobrasil.jbrj.gov.br\/reflora\/listaBrasil\/ConsultaPublicaUC\/BemVindoConsultaPublicaConsultar.do?invalidatePageControlCounter=1&amp;idsFilhosAlgas=%5B2%5D&amp;idsFilhosFungos=%5B1%2C10%2C11%5D&amp;lingua=&amp;grupo=5&amp;familia=null&amp;genero=&amp;especie=&amp;autor=&amp;nomeVernaculo=&amp;nomeCompleto=Fabaceae+Paubrasilia+echinata+%28Lam.%29+Gagnon%2C+H.C.Lima+%26+G.P.Lewis&amp;formaVida=null&amp;substrato=null&amp;ocorreBrasil=QUALQUER&amp;ocorrencia=OCORRE&amp;endemismo=TODOS&amp;origem=TODOS&amp;regiao=QUALQUER&amp;estado=QUALQUER&amp;ilhaOceanica=32767&amp;domFitogeograficos=QUALQUER&amp;bacia=QUALQUER&amp;vegetacao=TODOS&amp;mostrarAte=SUBESP_VAR&amp;opcoesBusca=TODOS_OS_NOMES&amp;loginUsuario=Visitante&amp;senhaUsuario=&amp;contexto=consulta-publica\">clique aqui<\/a>) \u00a0 \u00a0 \u00a0 \u00a0 \u00a0<\/p>\r\n<p>&nbsp;<\/p>\r\n<div id=\"attachment_1525\" style=\"width: 460px\" class=\"wp-caption aligncenter\"><img loading=\"lazy\" decoding=\"async\" aria-describedby=\"caption-attachment-1525\" class=\"wp-image-1525\" src=\"http:\/\/uenf.br\/projetos\/arvoresdauenf\/files\/2020\/07\/IMG_4430-e1595026048912-768x1024.jpg\" alt=\"\" width=\"450\" height=\"599\" srcset=\"https:\/\/uenf.br\/projetos\/arvoresdauenf\/files\/2020\/07\/IMG_4430-e1595026048912-768x1024.jpg 768w, https:\/\/uenf.br\/projetos\/arvoresdauenf\/files\/2020\/07\/IMG_4430-e1595026048912-225x300.jpg 225w, https:\/\/uenf.br\/projetos\/arvoresdauenf\/files\/2020\/07\/IMG_4430-e1595026048912-1152x1536.jpg 1152w, https:\/\/uenf.br\/projetos\/arvoresdauenf\/files\/2020\/07\/IMG_4430-e1595026048912-1536x2048.jpg 1536w\" sizes=\"auto, (max-width: 450px) 100vw, 450px\" \/><p id=\"caption-attachment-1525\" class=\"wp-caption-text\">Suas folhas s\u00e3o compostas bipinadas, com 5 a 6 pares de pinas e apresentam colora\u00e7\u00e3o verde.\u00a0 Foto: Christian Ribeiro<\/p><\/div>\r\n<p>&nbsp;<\/p>\r\n<div id=\"attachment_1897\" style=\"width: 449px\" class=\"wp-caption aligncenter\"><img loading=\"lazy\" decoding=\"async\" aria-describedby=\"caption-attachment-1897\" class=\"wp-image-1897\" src=\"http:\/\/uenf.br\/projetos\/arvoresdauenf\/files\/2020\/08\/pau-brasil-1-min.jpg\" alt=\"\" width=\"439\" height=\"578\" srcset=\"https:\/\/uenf.br\/projetos\/arvoresdauenf\/files\/2020\/08\/pau-brasil-1-min.jpg 663w, https:\/\/uenf.br\/projetos\/arvoresdauenf\/files\/2020\/08\/pau-brasil-1-min-228x300.jpg 228w\" sizes=\"auto, (max-width: 439px) 100vw, 439px\" \/><p id=\"caption-attachment-1897\" class=\"wp-caption-text\">Infloresc\u00eancia do pau brasil.\u00a0 Foto: David Pessanha Siqueira<\/p><\/div>\r\n<p>&nbsp;<\/p>\r\n<div id=\"attachment_1939\" style=\"width: 307px\" class=\"wp-caption aligncenter\"><img loading=\"lazy\" decoding=\"async\" aria-describedby=\"caption-attachment-1939\" class=\"wp-image-1939\" src=\"http:\/\/uenf.br\/projetos\/arvoresdauenf\/files\/2020\/09\/20200902_171115-min-225x300.jpg\" alt=\"\" width=\"297\" height=\"396\" srcset=\"https:\/\/uenf.br\/projetos\/arvoresdauenf\/files\/2020\/09\/20200902_171115-min-225x300.jpg 225w, https:\/\/uenf.br\/projetos\/arvoresdauenf\/files\/2020\/09\/20200902_171115-min-768x1024.jpg 768w, https:\/\/uenf.br\/projetos\/arvoresdauenf\/files\/2020\/09\/20200902_171115-min-1152x1536.jpg 1152w, https:\/\/uenf.br\/projetos\/arvoresdauenf\/files\/2020\/09\/20200902_171115-min-1536x2048.jpg 1536w\" sizes=\"auto, (max-width: 297px) 100vw, 297px\" \/><p id=\"caption-attachment-1939\" class=\"wp-caption-text\">Na infloresc\u00eancia do pau brasil, podemos observar as v\u00e1rias fases de suas flores, que amadurecem da base para a extremidade.<\/p><\/div>\r\n<p>&nbsp;<\/p>\r\n<div id=\"attachment_1940\" style=\"width: 277px\" class=\"wp-caption aligncenter\"><img loading=\"lazy\" decoding=\"async\" aria-describedby=\"caption-attachment-1940\" class=\"wp-image-1940 \" src=\"http:\/\/uenf.br\/projetos\/arvoresdauenf\/files\/2020\/09\/20200902_170508-min-225x300.jpg\" alt=\"\" width=\"267\" height=\"356\" srcset=\"https:\/\/uenf.br\/projetos\/arvoresdauenf\/files\/2020\/09\/20200902_170508-min-225x300.jpg 225w, https:\/\/uenf.br\/projetos\/arvoresdauenf\/files\/2020\/09\/20200902_170508-min-768x1024.jpg 768w, https:\/\/uenf.br\/projetos\/arvoresdauenf\/files\/2020\/09\/20200902_170508-min-1152x1536.jpg 1152w, https:\/\/uenf.br\/projetos\/arvoresdauenf\/files\/2020\/09\/20200902_170508-min-1536x2048.jpg 1536w\" sizes=\"auto, (max-width: 267px) 100vw, 267px\" \/><p id=\"caption-attachment-1940\" class=\"wp-caption-text\">As flores do pau brasil, na antese, apresentam p\u00e9talas e s\u00e9palas amarelas, com exce\u00e7\u00e3o de uma s\u00e9pala verde e uma p\u00e9tala com mancha vermelha.<\/p><\/div>\r\n<p>&nbsp;<\/p>\r\n<div id=\"attachment_1941\" style=\"width: 271px\" class=\"wp-caption aligncenter\"><img loading=\"lazy\" decoding=\"async\" aria-describedby=\"caption-attachment-1941\" class=\"wp-image-1941 \" src=\"http:\/\/uenf.br\/projetos\/arvoresdauenf\/files\/2020\/09\/20200902_170834-min-225x300.jpg\" alt=\"\" width=\"261\" height=\"348\" srcset=\"https:\/\/uenf.br\/projetos\/arvoresdauenf\/files\/2020\/09\/20200902_170834-min-225x300.jpg 225w, https:\/\/uenf.br\/projetos\/arvoresdauenf\/files\/2020\/09\/20200902_170834-min-768x1024.jpg 768w, https:\/\/uenf.br\/projetos\/arvoresdauenf\/files\/2020\/09\/20200902_170834-min-1152x1536.jpg 1152w, https:\/\/uenf.br\/projetos\/arvoresdauenf\/files\/2020\/09\/20200902_170834-min-1536x2048.jpg 1536w\" sizes=\"auto, (max-width: 261px) 100vw, 261px\" \/><p id=\"caption-attachment-1941\" class=\"wp-caption-text\">As flores apresentam 10 estames e 1 carpelo.<\/p><\/div>\r\n<p>&nbsp;<\/p>\r\n<div id=\"attachment_1943\" style=\"width: 259px\" class=\"wp-caption aligncenter\"><img loading=\"lazy\" decoding=\"async\" aria-describedby=\"caption-attachment-1943\" class=\"wp-image-1943 \" src=\"http:\/\/uenf.br\/projetos\/arvoresdauenf\/files\/2020\/09\/20200902_171649-min-225x300.jpg\" alt=\"\" width=\"249\" height=\"331\" srcset=\"https:\/\/uenf.br\/projetos\/arvoresdauenf\/files\/2020\/09\/20200902_171649-min-225x300.jpg 225w, https:\/\/uenf.br\/projetos\/arvoresdauenf\/files\/2020\/09\/20200902_171649-min-768x1024.jpg 768w, https:\/\/uenf.br\/projetos\/arvoresdauenf\/files\/2020\/09\/20200902_171649-min-1152x1536.jpg 1152w, https:\/\/uenf.br\/projetos\/arvoresdauenf\/files\/2020\/09\/20200902_171649-min-1536x2048.jpg 1536w\" sizes=\"auto, (max-width: 249px) 100vw, 249px\" \/><p id=\"caption-attachment-1943\" class=\"wp-caption-text\">A flor do pau brasil apresenta ov\u00e1rio s\u00fapero e alongado.<\/p><\/div>\r\n<p>&nbsp;<\/p>\r\n<div id=\"attachment_1898\" style=\"width: 392px\" class=\"wp-caption aligncenter\"><img loading=\"lazy\" decoding=\"async\" aria-describedby=\"caption-attachment-1898\" class=\"wp-image-1898\" src=\"http:\/\/uenf.br\/projetos\/arvoresdauenf\/files\/2020\/08\/pau-brasil-min-1.jpg\" alt=\"\" width=\"382\" height=\"509\" srcset=\"https:\/\/uenf.br\/projetos\/arvoresdauenf\/files\/2020\/08\/pau-brasil-min-1.jpg 699w, https:\/\/uenf.br\/projetos\/arvoresdauenf\/files\/2020\/08\/pau-brasil-min-1-225x300.jpg 225w\" sizes=\"auto, (max-width: 382px) 100vw, 382px\" \/><p id=\"caption-attachment-1898\" class=\"wp-caption-text\">O interior de seu tronco apresenta superf\u00edcie de colora\u00e7\u00e3o vermelho-alaranjado, que contrasta com a casca de cor cinza.\u00a0 \u00a0 \u00a0 \u00a0 \u00a0 \u00a0 Foto: David Pessanha Siqueira<\/p><\/div>\r\n<p>&nbsp;<\/p>\r\n<h3>Curiosidades:<\/h3>\r\n<ul>\r\n<li>O pau brasil \u00e9 a nossa madeira s\u00edmbolo, representando o primeiro grande ciclo econ\u00f4mico do Brasil. O extrativismo durou at\u00e9 1875, com exporta\u00e7\u00e3o do pau-brasil para a fabrica\u00e7\u00e3o de corantes, constru\u00e7\u00e3o naval e marcenaria de luxo. Em 1605, apenas 105 ap\u00f3s o descobrimento do Brasil pelos portugueses, j\u00e1 se falava em medidas de prote\u00e7\u00e3o, mas elas nunca surtiram muito efeito. Sua colora\u00e7\u00e3o vermelho-fogo era utilizado no tingimento de linhos sedas e algod\u00e3o nas cortes europeias.<\/li>\r\n<li>O pau-brasil \u00e9 protegido por uma portaria exclusiva (<a href=\"https:\/\/documentacao.socioambiental.org\/noticias\/anexo_noticia\/\/23190_20120925_120617.pdf\">clique aqui<\/a>)<\/li>\r\n<li>A madeira \u00e9 pesada, lisa e dura e\u00a0 altamente resistente a organismos xil\u00f3fagos.<\/li>\r\n<li>A madeira do pau-brasil \u00e9 excelente para a fabrica\u00e7\u00e3o de arcos de violinos e outros instrumentos musicais.<\/li>\r\n<\/ul>\r\n","protected":false},"excerpt":{"rendered":"<p>Paubrasilia echinata\u00a0(Lam.) Gagnon, H.C.Lima &amp; G.P.Lewis &nbsp; Fam\u00edlia: Fabaceae\u00a0 Nome popular: Pau brasil Origem: Brasil Distribui\u00e7\u00e3o Geogr\u00e1fica Ocorr\u00eancias: Nordeste (Alagoas,&#8230;<\/p>\n","protected":false},"author":22,"featured_media":0,"parent":27,"menu_order":0,"comment_status":"closed","ping_status":"closed","template":"","meta":{"footnotes":""},"class_list":["post-21","page","type-page","status-publish","hentry"],"_links":{"self":[{"href":"https:\/\/uenf.br\/projetos\/arvoresdauenf\/wp-json\/wp\/v2\/pages\/21","targetHints":{"allow":["GET"]}}],"collection":[{"href":"https:\/\/uenf.br\/projetos\/arvoresdauenf\/wp-json\/wp\/v2\/pages"}],"about":[{"href":"https:\/\/uenf.br\/projetos\/arvoresdauenf\/wp-json\/wp\/v2\/types\/page"}],"author":[{"embeddable":true,"href":"https:\/\/uenf.br\/projetos\/arvoresdauenf\/wp-json\/wp\/v2\/users\/22"}],"replies":[{"embeddable":true,"href":"https:\/\/uenf.br\/projetos\/arvoresdauenf\/wp-json\/wp\/v2\/comments?post=21"}],"version-history":[{"count":0,"href":"https:\/\/uenf.br\/projetos\/arvoresdauenf\/wp-json\/wp\/v2\/pages\/21\/revisions"}],"up":[{"embeddable":true,"href":"https:\/\/uenf.br\/projetos\/arvoresdauenf\/wp-json\/wp\/v2\/pages\/27"}],"wp:attachment":[{"href":"https:\/\/uenf.br\/projetos\/arvoresdauenf\/wp-json\/wp\/v2\/media?parent=21"}],"curies":[{"name":"wp","href":"https:\/\/api.w.org\/{rel}","templated":true}]}}