{"id":211,"date":"2019-01-18T09:54:18","date_gmt":"2019-01-18T11:54:18","guid":{"rendered":"http:\/\/uenf.br\/projetos\/arvoresdauenf\/?page_id=211"},"modified":"2021-03-25T14:18:18","modified_gmt":"2021-03-25T17:18:18","slug":"sibipiruna","status":"publish","type":"page","link":"https:\/\/uenf.br\/projetos\/arvoresdauenf\/especie-2\/sibipiruna\/","title":{"rendered":"Sibipiruna"},"content":{"rendered":"<h2 class=\"taxon\"><i>Cenostigma pluviosum <\/i>(DC.) E. Gagnon &amp; G.P. Lewis<\/h2>\n<div id=\"attachment_1536\" style=\"width: 395px\" class=\"wp-caption aligncenter\"><img loading=\"lazy\" decoding=\"async\" aria-describedby=\"caption-attachment-1536\" class=\"wp-image-1536\" src=\"http:\/\/uenf.br\/projetos\/arvoresdauenf\/files\/2020\/07\/IMG_20200717_090552848_HDR-768x1024.jpg\" alt=\"\" width=\"385\" height=\"513\" srcset=\"https:\/\/uenf.br\/projetos\/arvoresdauenf\/files\/2020\/07\/IMG_20200717_090552848_HDR-768x1024.jpg 768w, https:\/\/uenf.br\/projetos\/arvoresdauenf\/files\/2020\/07\/IMG_20200717_090552848_HDR-225x300.jpg 225w, https:\/\/uenf.br\/projetos\/arvoresdauenf\/files\/2020\/07\/IMG_20200717_090552848_HDR-1152x1536.jpg 1152w, https:\/\/uenf.br\/projetos\/arvoresdauenf\/files\/2020\/07\/IMG_20200717_090552848_HDR-1536x2048.jpg 1536w\" sizes=\"auto, (max-width: 385px) 100vw, 385px\" \/><p id=\"caption-attachment-1536\" class=\"wp-caption-text\">A Sibipiruna atinge altura de 8 a 16 metros, o seu tronco mede de 30 a 40 cm de di\u00e2metro. Foto: Yara Pereira<\/p><\/div>\n<p>&nbsp;<\/p>\n<div id=\"attachment_1538\" style=\"width: 403px\" class=\"wp-caption aligncenter\"><img loading=\"lazy\" decoding=\"async\" aria-describedby=\"caption-attachment-1538\" class=\"wp-image-1538\" src=\"http:\/\/uenf.br\/projetos\/arvoresdauenf\/files\/2020\/07\/IMG_4399-768x1024.jpg\" alt=\"\" width=\"393\" height=\"525\" srcset=\"https:\/\/uenf.br\/projetos\/arvoresdauenf\/files\/2020\/07\/IMG_4399-768x1024.jpg 768w, https:\/\/uenf.br\/projetos\/arvoresdauenf\/files\/2020\/07\/IMG_4399-225x300.jpg 225w, https:\/\/uenf.br\/projetos\/arvoresdauenf\/files\/2020\/07\/IMG_4399-1152x1536.jpg 1152w, https:\/\/uenf.br\/projetos\/arvoresdauenf\/files\/2020\/07\/IMG_4399-1536x2048.jpg 1536w\" sizes=\"auto, (max-width: 393px) 100vw, 393px\" \/><p id=\"caption-attachment-1538\" class=\"wp-caption-text\">Suas folhas s\u00e3o alternas \/ compostas bipinadas.\u00a0 Foto: Yara Pereira<\/p><\/div>\n<p>&nbsp;<\/p>\n<div id=\"attachment_1816\" style=\"width: 410px\" class=\"wp-caption aligncenter\"><img loading=\"lazy\" decoding=\"async\" aria-describedby=\"caption-attachment-1816\" class=\"wp-image-1816 size-full\" src=\"http:\/\/uenf.br\/projetos\/arvoresdauenf\/files\/2020\/08\/DSCN3811-min.jpg\" alt=\"\" width=\"400\" height=\"300\" srcset=\"https:\/\/uenf.br\/projetos\/arvoresdauenf\/files\/2020\/08\/DSCN3811-min.jpg 400w, https:\/\/uenf.br\/projetos\/arvoresdauenf\/files\/2020\/08\/DSCN3811-min-300x225.jpg 300w\" sizes=\"auto, (max-width: 400px) 100vw, 400px\" \/><p id=\"caption-attachment-1816\" class=\"wp-caption-text\">Suas flores s\u00e3o reunidas em infloresc\u00eancias, apresentando colora\u00e7\u00e3o amarela e os frutos s\u00e3o vagens contendo sementes de colora\u00e7\u00e3o amarelo-esverdeado. Foto: Rubens Teixeira de Queiroz (<a href=\"http:\/\/rubens-plantasdobrasil.blogspot.com\/2011\/11\/poincianella-pluviosa-dc-lpqueiroz.html\">clique aqui<\/a>)<\/p><\/div>\n<p>&nbsp;<\/p>\n<p><strong style=\"font-size: 16px\"><span style=\"color: #000000\">Fam\u00edlia: Fabaceae Caesalpinoideae<\/span><\/strong><\/p>\n<h3><span style=\"color: #000000\"><strong>Nome popular: Sibipiruna<\/strong><\/span><\/h3>\n<h3><strong>Origem: Am\u00e9rica do Sul,\u00a0Brasil<\/strong><\/h3>\n<div class=\"tabelamapa\">\n<h3 id=\"distribuicaoGeografica\" class=\"label\"><strong>Distribui\u00e7\u00e3o Geogr\u00e1fica<\/strong><\/h3>\n<div class=\"tabelamapa\">\n<h4 id=\"ocorrencia_confirmada\" class=\"label\">Ocorr\u00eancias:<\/h4>\n<div id=\"tr-carregaTaxonGrupoDistribuicaoGeograficaCertezaNorte\" class=\"distribuicaoGeograficaCertezaNorte\">\n<ul>\n<li id=\"idFieldCertezaNorte\" class=\"field\"><b>Norte<\/b> (Par\u00e1)<\/li>\n<li class=\"field\"><b>Nordeste<\/b> (Bahia, Para\u00edba, Pernambuco)<\/li>\n<li class=\"field\"><b>Centro-Oeste<\/b> (Mato Grosso do Sul, Mato Grosso)<\/li>\n<li class=\"field\"><b>Sudeste<\/b> (Esp\u00edrito Santo, Minas Gerais, Rio de Janeiro)<\/li>\n<li class=\"field\"><b>Sul<\/b>\u00a0(Paran\u00e1)<\/li>\n<\/ul>\n<\/div>\n<\/div>\n<\/div>\n<div id=\"tr-carregaTaxonGrupoDistribuicaoGeograficaCertezaSul\" class=\"distribuicaoGeograficaCertezaSul\">\n<h3 class=\"field\" style=\"text-align: left\">Dom\u00ednios Fitogeogr\u00e1ficos<\/h3>\n<\/div>\n<div>\n<div class=\"dominiosFitogeograficos\">\n<div class=\"label\">\n<div class=\"dominiosFitogeograficos\">\n<ul>\n<li>Amaz\u00f4nia, Caatinga, Cerrado, Mata Atl\u00e2ntica, Pantanal<\/li>\n<\/ul>\n<p><img loading=\"lazy\" decoding=\"async\" class=\"size-full wp-image-1815 aligncenter\" src=\"http:\/\/uenf.br\/projetos\/arvoresdauenf\/files\/2020\/08\/sibipiruna-min.jpg\" alt=\"\" width=\"384\" height=\"358\" srcset=\"https:\/\/uenf.br\/projetos\/arvoresdauenf\/files\/2020\/08\/sibipiruna-min.jpg 384w, https:\/\/uenf.br\/projetos\/arvoresdauenf\/files\/2020\/08\/sibipiruna-min-300x280.jpg 300w\" sizes=\"auto, (max-width: 384px) 100vw, 384px\" \/><\/p>\n<p>Fonte: Flora do Brasil, 2020 (<a href=\"http:\/\/floradobrasil.jbrj.gov.br\/reflora\/listaBrasil\/ConsultaPublicaUC\/BemVindoConsultaPublicaConsultar.do?invalidatePageControlCounter=61&amp;idsFilhosAlgas=%5B2%5D&amp;idsFilhosFungos=%5B1%2C10%2C11%5D&amp;lingua=&amp;grupo=5&amp;familia=null&amp;genero=&amp;especie=&amp;autor=&amp;nomeVernaculo=&amp;nomeCompleto=Fabaceae+Cenostigma+pluviosum+%28DC.%29+E.+Gagnon+%26+G.P.+Lewis&amp;formaVida=null&amp;substrato=null&amp;ocorreBrasil=QUALQUER&amp;ocorrencia=OCORRE&amp;endemismo=TODOS&amp;origem=TODOS&amp;regiao=QUALQUER&amp;estado=QUALQUER&amp;ilhaOceanica=32767&amp;domFitogeograficos=QUALQUER&amp;bacia=QUALQUER&amp;vegetacao=TODOS&amp;mostrarAte=SUBESP_VAR&amp;opcoesBusca=TODOS_OS_NOMES&amp;loginUsuario=Visitante&amp;senhaUsuario=&amp;contexto=consulta-publica\">clique aqui<\/a>)<\/p>\n<\/div>\n<\/div>\n<\/div>\n<\/div>\n<h3><strong>Curiosidades:<\/strong><\/h3>\n<ul>\n<li>A madeira pode ser empregada para constru\u00e7\u00e3o civil, como caibros e ripas, para estrutura de m\u00f3veis e caixotaria em geral<\/li>\n<li>As \u00e1rvores apresenta copa bastante ornamental, sendo atualmente uma das ess\u00eancias nativas mais cultivadas para arboriza\u00e7\u00e3o de ruas no centro-sul do pa\u00eds<\/li>\n<li>Planta de m\u00e9dio a r\u00e1pido crescimento, \u00e9 tamb\u00e9m indicada para plantios mistos em \u00e1reas degradadas de preserva\u00e7\u00e3o permanente<\/li>\n<\/ul>\n<p>Refer\u00eancia: \u00c1rvores Brasileiras (Manul de Identifica\u00e7\u00e3o e Cultivo de Plantas Arb\u00f3reas Nativas do Brasil) Vol.01 Harri Lorenzi<\/p>\n<p>&nbsp;<\/p>\n<div class=\"tabelamapa\">\n<p>&nbsp;<\/p>\n<div>\n<div class=\"dominiosFitogeograficos\">\n<div><\/div>\n<h3 class=\"label\"><\/h3>\n<\/div>\n<\/div>\n<\/div>\n","protected":false},"excerpt":{"rendered":"<p>Cenostigma pluviosum (DC.) E. Gagnon &amp; G.P. Lewis &nbsp; &nbsp; &nbsp; Fam\u00edlia: Fabaceae Caesalpinoideae Nome popular: Sibipiruna Origem: Am\u00e9rica do&#8230;<\/p>\n","protected":false},"author":22,"featured_media":0,"parent":27,"menu_order":0,"comment_status":"closed","ping_status":"closed","template":"","meta":{"footnotes":""},"class_list":["post-211","page","type-page","status-publish","hentry"],"_links":{"self":[{"href":"https:\/\/uenf.br\/projetos\/arvoresdauenf\/wp-json\/wp\/v2\/pages\/211","targetHints":{"allow":["GET"]}}],"collection":[{"href":"https:\/\/uenf.br\/projetos\/arvoresdauenf\/wp-json\/wp\/v2\/pages"}],"about":[{"href":"https:\/\/uenf.br\/projetos\/arvoresdauenf\/wp-json\/wp\/v2\/types\/page"}],"author":[{"embeddable":true,"href":"https:\/\/uenf.br\/projetos\/arvoresdauenf\/wp-json\/wp\/v2\/users\/22"}],"replies":[{"embeddable":true,"href":"https:\/\/uenf.br\/projetos\/arvoresdauenf\/wp-json\/wp\/v2\/comments?post=211"}],"version-history":[{"count":0,"href":"https:\/\/uenf.br\/projetos\/arvoresdauenf\/wp-json\/wp\/v2\/pages\/211\/revisions"}],"up":[{"embeddable":true,"href":"https:\/\/uenf.br\/projetos\/arvoresdauenf\/wp-json\/wp\/v2\/pages\/27"}],"wp:attachment":[{"href":"https:\/\/uenf.br\/projetos\/arvoresdauenf\/wp-json\/wp\/v2\/media?parent=211"}],"curies":[{"name":"wp","href":"https:\/\/api.w.org\/{rel}","templated":true}]}}