{"id":2144,"date":"2022-03-23T16:32:23","date_gmt":"2022-03-23T19:32:23","guid":{"rendered":"https:\/\/uenf.br\/projetos\/arvoresdauenf\/?page_id=2144"},"modified":"2022-03-23T16:38:01","modified_gmt":"2022-03-23T19:38:01","slug":"pesquisas","status":"publish","type":"page","link":"https:\/\/uenf.br\/projetos\/arvoresdauenf\/campus-leonel-brizola\/pesquisas\/","title":{"rendered":"Pesquisas"},"content":{"rendered":"<p>Os setores de Silvicultura e de Fruticultura do LFIT desenvolvem v\u00e1rias a\u00e7\u00f5es de extens\u00e3o e pesquisas com esp\u00e9cies florestais de interesse econ\u00f4mico e ambiental. Aqui voc\u00ea vai conhecer um pouco da nossa rotina.<\/p>\n","protected":false},"excerpt":{"rendered":"<p>Os setores de Silvicultura e de Fruticultura do LFIT desenvolvem v\u00e1rias a\u00e7\u00f5es de extens\u00e3o e pesquisas com esp\u00e9cies florestais de&#8230;<\/p>\n","protected":false},"author":22,"featured_media":0,"parent":349,"menu_order":0,"comment_status":"closed","ping_status":"closed","template":"","meta":{"footnotes":""},"class_list":["post-2144","page","type-page","status-publish","hentry"],"_links":{"self":[{"href":"https:\/\/uenf.br\/projetos\/arvoresdauenf\/wp-json\/wp\/v2\/pages\/2144","targetHints":{"allow":["GET"]}}],"collection":[{"href":"https:\/\/uenf.br\/projetos\/arvoresdauenf\/wp-json\/wp\/v2\/pages"}],"about":[{"href":"https:\/\/uenf.br\/projetos\/arvoresdauenf\/wp-json\/wp\/v2\/types\/page"}],"author":[{"embeddable":true,"href":"https:\/\/uenf.br\/projetos\/arvoresdauenf\/wp-json\/wp\/v2\/users\/22"}],"replies":[{"embeddable":true,"href":"https:\/\/uenf.br\/projetos\/arvoresdauenf\/wp-json\/wp\/v2\/comments?post=2144"}],"version-history":[{"count":0,"href":"https:\/\/uenf.br\/projetos\/arvoresdauenf\/wp-json\/wp\/v2\/pages\/2144\/revisions"}],"up":[{"embeddable":true,"href":"https:\/\/uenf.br\/projetos\/arvoresdauenf\/wp-json\/wp\/v2\/pages\/349"}],"wp:attachment":[{"href":"https:\/\/uenf.br\/projetos\/arvoresdauenf\/wp-json\/wp\/v2\/media?parent=2144"}],"curies":[{"name":"wp","href":"https:\/\/api.w.org\/{rel}","templated":true}]}}