{"id":2148,"date":"2022-03-23T16:40:01","date_gmt":"2022-03-23T19:40:01","guid":{"rendered":"https:\/\/uenf.br\/projetos\/arvoresdauenf\/?page_id=2148"},"modified":"2023-08-23T14:47:20","modified_gmt":"2023-08-23T17:47:20","slug":"setor-de-fruticultura","status":"publish","type":"page","link":"https:\/\/uenf.br\/projetos\/arvoresdauenf\/campus-leonel-brizola\/pesquisas\/setor-de-fruticultura\/","title":{"rendered":"\u00c1rvores Frut\u00edferas Comerciais"},"content":{"rendered":"<p>As \u00e1rvores frut\u00edferas quando conduzidas para a colheita de frutas e comercializa\u00e7\u00e3o s\u00e3o normalmente enxertadas. Isso que dizer que uma t\u00e9cnica especial \u00e9 utilizada na produ\u00e7\u00e3o das mudas. Por essa t\u00e9cnica produz-se uma muda (porta-enxerto) que tenha um sistema radicular de interesse e, sobre esta muda, enxerta-se uma copa comercial que produza frutos de interesse do consumidor ou da ind\u00fastria. Para o sucesso da enxertia \u00e9 necess\u00e1rio um n\u00edvel alto de afinidade entre a copa e o porta-enxerto e essa associa\u00e7\u00e3o de dois indiv\u00edduos resulta em plantas que produzem frutos em menor tempo e em plantas de menor altura. Os efeitos dos porta-enxertos sobre as copas variam de acordo com a intera\u00e7\u00e3o entre a copa e porta-enxerto selecionados e s\u00e3o muito diversos, como altera\u00e7\u00e3o do porte, resist\u00eancia \u00e0 seca ou a outros fatores abi\u00f3ticos restritivos ao cultivo, toler\u00e2ncia a pragas e doen\u00e7as e at\u00e9 mesmo no sabor das frutas.<\/p>\n<p>&nbsp;<\/p>\n<p>Na Universidade Estadual do Norte Fluminense Darcy Ribeiro, em sua \u00e1rea de apoio situada no Col\u00e9gio Agr\u00edcola Ant\u00f4nio Sarlo, h\u00e1 um pomar did\u00e1tico para caracteriza\u00e7\u00e3o de cultivares de citros (laranjeiras ou limeiras \u00e1cidas) enxertadas sobre dois porta-enxertos, um que induz porte mais alto para os citros que \u00e9 conhecido como limoeiro Cravo e outro que induz \u00e0s plantas um porte mais baixo conhecido como trifoliateiro Flying Dragon. Nessa \u00e1rea, as laranjeiras e a limeira \u00e1cida Tahiti possuem portes variados, dependendo do porta-enxerto ou das cultivares de copas utilizadas. Pr\u00f3ximo a esse local temos um pomar com goiabeiras de diferentes cultivares e ara\u00e7azeiros (parentes pr\u00f3ximos da goiabeira) de tr\u00eas esp\u00e9cies, os quais variam em rela\u00e7\u00e3o \u00e0s caracter\u00edsticas como cor e tamanho dos frutos, tipos de folhas, tamanho das copas etc. As plantas s\u00e3o mantidas e destinadas \u00e0s aulas pr\u00e1ticas das disciplinas \u201cFruticultura\u201d do curso de gradua\u00e7\u00e3o em Agronomia e \u201cCitricultura\u201d do Curso de P\u00f3s-gradua\u00e7\u00e3o em Produ\u00e7\u00e3o Vegetal. Nesse projeto procuramos ampliar o p\u00fablico alvo que se interesse por plantas frut\u00edferas, que possam ser de interesse comercial ou para outras finalidades. Nesse site s\u00e3o descritas as combina\u00e7\u00f5es de copas e porta-enxertos que existem na \u00e1rea, com informa\u00e7\u00f5es como \u00e9poca de plantio, tamanho das plantas, tipos de frutas etc, na aba correspondente a \u201c\u00c1rvores Frut\u00edferas Comerciais\u201d.<\/p>\n<p>Essas atividades est\u00e3o relacionadas ao projeto de extens\u00e3o Consequ\u00eancias e necessidades do uso da enxertia: exposi\u00e7\u00e3o da import\u00e2ncia da t\u00e9cnica em pomares formados<\/p>\n<p>&nbsp;<\/p>\n<p>Equipe Respons\u00e1vel:<\/p>\n<p>&nbsp;<\/p>\n<p>Cl\u00e1udia Sales Marinho \u2013 Professora Associada do Setor de Horticultura do LFIT\/Fruticultura<\/p>\n<p>Rachel da Rocha Martins \u2013 Doutoranda em Produ\u00e7\u00e3o Vegetal \u2013 Fruticultura\/LFIT<\/p>\n<p>Sydney Pereira Galv\u00e3o \u2013 Doutorando em Produ\u00e7\u00e3o \u2013 Fruticultura\/LFIT<\/p>\n<p>Humberto Gomes Stephanato \u2013 bolsista de Extens\u00e3o da UENF do Curso de Agronomia<\/p>\n<p>Miguel Moraes de Abreu &#8211; bolsista de Extens\u00e3o da UENF do Curso de Zootecnia<\/p>\n<div id=\"attachment_2559\" style=\"width: 347px\" class=\"wp-caption aligncenter\"><img loading=\"lazy\" decoding=\"async\" aria-describedby=\"caption-attachment-2559\" class=\"wp-image-2559\" src=\"https:\/\/uenf.br\/projetos\/arvoresdauenf\/files\/2023\/08\/WhatsApp-Image-2023-07-18-at-12.02.16-300x225.jpeg\" alt=\"\" width=\"337\" height=\"253\" srcset=\"https:\/\/uenf.br\/projetos\/arvoresdauenf\/files\/2023\/08\/WhatsApp-Image-2023-07-18-at-12.02.16-300x225.jpeg 300w, https:\/\/uenf.br\/projetos\/arvoresdauenf\/files\/2023\/08\/WhatsApp-Image-2023-07-18-at-12.02.16-1024x768.jpeg 1024w, https:\/\/uenf.br\/projetos\/arvoresdauenf\/files\/2023\/08\/WhatsApp-Image-2023-07-18-at-12.02.16-768x576.jpeg 768w, https:\/\/uenf.br\/projetos\/arvoresdauenf\/files\/2023\/08\/WhatsApp-Image-2023-07-18-at-12.02.16-1536x1152.jpeg 1536w, https:\/\/uenf.br\/projetos\/arvoresdauenf\/files\/2023\/08\/WhatsApp-Image-2023-07-18-at-12.02.16.jpeg 1600w\" sizes=\"auto, (max-width: 337px) 100vw, 337px\" \/><p id=\"caption-attachment-2559\" class=\"wp-caption-text\">Semana do produtor rural da UENF. Julho de 2023, curso &#8220;Cultivo do Citros&#8221;<\/p><\/div>\n<p>&nbsp;<\/p>\n<div id=\"attachment_2560\" style=\"width: 329px\" class=\"wp-caption aligncenter\"><img loading=\"lazy\" decoding=\"async\" aria-describedby=\"caption-attachment-2560\" class=\"wp-image-2560\" src=\"https:\/\/uenf.br\/projetos\/arvoresdauenf\/files\/2023\/08\/WhatsApp-Image-2023-07-19-at-17.50.19-300x225.jpeg\" alt=\"\" width=\"319\" height=\"239\" srcset=\"https:\/\/uenf.br\/projetos\/arvoresdauenf\/files\/2023\/08\/WhatsApp-Image-2023-07-19-at-17.50.19-300x225.jpeg 300w, https:\/\/uenf.br\/projetos\/arvoresdauenf\/files\/2023\/08\/WhatsApp-Image-2023-07-19-at-17.50.19-1024x768.jpeg 1024w, https:\/\/uenf.br\/projetos\/arvoresdauenf\/files\/2023\/08\/WhatsApp-Image-2023-07-19-at-17.50.19-768x576.jpeg 768w, https:\/\/uenf.br\/projetos\/arvoresdauenf\/files\/2023\/08\/WhatsApp-Image-2023-07-19-at-17.50.19.jpeg 1280w\" sizes=\"auto, (max-width: 319px) 100vw, 319px\" \/><p id=\"caption-attachment-2560\" class=\"wp-caption-text\">Semana do produtor rural da UENF. Julho de 2023, curso &#8220;Propaga\u00e7\u00e3o da goiabeira&#8221;<\/p><\/div>\n<p>&nbsp;<\/p>\n","protected":false},"excerpt":{"rendered":"<p>As \u00e1rvores frut\u00edferas quando conduzidas para a colheita de frutas e comercializa\u00e7\u00e3o s\u00e3o normalmente enxertadas. Isso que dizer que uma&#8230;<\/p>\n","protected":false},"author":22,"featured_media":0,"parent":2144,"menu_order":0,"comment_status":"closed","ping_status":"closed","template":"","meta":{"footnotes":""},"class_list":["post-2148","page","type-page","status-publish","hentry"],"_links":{"self":[{"href":"https:\/\/uenf.br\/projetos\/arvoresdauenf\/wp-json\/wp\/v2\/pages\/2148","targetHints":{"allow":["GET"]}}],"collection":[{"href":"https:\/\/uenf.br\/projetos\/arvoresdauenf\/wp-json\/wp\/v2\/pages"}],"about":[{"href":"https:\/\/uenf.br\/projetos\/arvoresdauenf\/wp-json\/wp\/v2\/types\/page"}],"author":[{"embeddable":true,"href":"https:\/\/uenf.br\/projetos\/arvoresdauenf\/wp-json\/wp\/v2\/users\/22"}],"replies":[{"embeddable":true,"href":"https:\/\/uenf.br\/projetos\/arvoresdauenf\/wp-json\/wp\/v2\/comments?post=2148"}],"version-history":[{"count":0,"href":"https:\/\/uenf.br\/projetos\/arvoresdauenf\/wp-json\/wp\/v2\/pages\/2148\/revisions"}],"up":[{"embeddable":true,"href":"https:\/\/uenf.br\/projetos\/arvoresdauenf\/wp-json\/wp\/v2\/pages\/2144"}],"wp:attachment":[{"href":"https:\/\/uenf.br\/projetos\/arvoresdauenf\/wp-json\/wp\/v2\/media?parent=2148"}],"curies":[{"name":"wp","href":"https:\/\/api.w.org\/{rel}","templated":true}]}}