{"id":216,"date":"2019-01-18T10:18:54","date_gmt":"2019-01-18T12:18:54","guid":{"rendered":"http:\/\/uenf.br\/projetos\/arvoresdauenf\/?page_id=216"},"modified":"2021-04-26T12:43:02","modified_gmt":"2021-04-26T15:43:02","slug":"flamboyant","status":"publish","type":"page","link":"https:\/\/uenf.br\/projetos\/arvoresdauenf\/especie-2\/flamboyant\/","title":{"rendered":"Flamboyant"},"content":{"rendered":"<h2 class=\"taxon\"><i>Delonix regia\u00a0<\/i>(Bojer ex Hook.) Raf.<\/h2>\n<div id=\"attachment_1829\" style=\"width: 511px\" class=\"wp-caption aligncenter\"><img loading=\"lazy\" decoding=\"async\" aria-describedby=\"caption-attachment-1829\" class=\"wp-image-1829\" src=\"http:\/\/uenf.br\/projetos\/arvoresdauenf\/files\/2020\/08\/66647559_892445424448799_2719885889918376693_n-min.jpg\" alt=\"\" width=\"501\" height=\"501\" srcset=\"https:\/\/uenf.br\/projetos\/arvoresdauenf\/files\/2020\/08\/66647559_892445424448799_2719885889918376693_n-min.jpg 998w, https:\/\/uenf.br\/projetos\/arvoresdauenf\/files\/2020\/08\/66647559_892445424448799_2719885889918376693_n-min-300x300.jpg 300w, https:\/\/uenf.br\/projetos\/arvoresdauenf\/files\/2020\/08\/66647559_892445424448799_2719885889918376693_n-min-150x150.jpg 150w, https:\/\/uenf.br\/projetos\/arvoresdauenf\/files\/2020\/08\/66647559_892445424448799_2719885889918376693_n-min-768x768.jpg 768w\" sizes=\"auto, (max-width: 501px) 100vw, 501px\" \/><p id=\"caption-attachment-1829\" class=\"wp-caption-text\">Flamboyant no campus Leonel Brizola. Foto: Janie Mendes Jasmim<\/p><\/div>\n<h3><strong><span style=\"color: #000000\">Fam\u00edlia: Fabaceae\u00a0<\/span><\/strong><\/h3>\n<p><strong><span style=\"color: #000000\">Nomes populares:\u00a0<b>flamboi\u00e3<\/b>\u00a0e\u00a0<b>flamboai\u00e3 originam-se do nome\u00a0<\/b><\/span><\/strong><strong><span style=\"color: #000000\">Flamboyant (franc\u00eas),\u00a0oriundo do latim\u00a0<i>flammare<\/i>, incendiar, nome que recebeu em fun\u00e7\u00e3o da colora\u00e7\u00e3o viva de suas flores. <\/span><\/strong><strong><span style=\"color: #000000\">Ac\u00e1cia-rubra, \u00c1rvore-flamejante, Flamboiant, Flor-do-para\u00edso, Pau-rosa\u00a0<\/span><\/strong><\/p>\n<h3>Origem: nativa de Madagascar e cultivada em demais regi\u00f5es do mundo<\/h3>\n<h3 id=\"distribuicaoGeografica\" class=\"label\"><strong>Distribui\u00e7\u00e3o Geogr\u00e1fica<\/strong><\/h3>\n<div class=\"tabelamapa\">\n<div id=\"tr-carregaTaxonGrupoDistribuicaoGeograficaCertezaNordeste\" class=\"distribuicaoGeograficaCertezaNordeste\">\n<div id=\"idFieldCertezaNordeste\" class=\"field\">\n<h3 id=\"distribuicaoGeografica\" class=\"label\"><strong>Ocorr\u00eancias:<\/strong><\/h3>\n<div class=\"tabelamapa\">\n<div id=\"tr-carregaTaxonGrupoDistribuicaoGeograficaCertezaNorte\" class=\"distribuicaoGeograficaCertezaNorte\">\n<ul>\n<li><b>\u00a0Norte<\/b> (Amazonas, Par\u00e1, Roraima)<\/li>\n<li><b>\u00a0Nordeste<\/b> (Alagoas, Bahia, Cear\u00e1, Maranh\u00e3o, Para\u00edba, Pernambuco, Piau\u00ed, Rio Grande do Norte, Sergipe)<\/li>\n<li><b>Centro-Oeste<\/b> (Distrito Federal, Goi\u00e1s, Mato Grosso do Sul, Mato Grosso)<\/li>\n<li><b>Sudeste<\/b> (Esp\u00edrito Santo, Minas Gerais, Rio de Janeiro, S\u00e3o Paulo)<\/li>\n<li><b>Sul<\/b>\u00a0(Paran\u00e1, Rio Grande do Sul, Santa Catarina)<\/li>\n<\/ul>\n<p><img loading=\"lazy\" decoding=\"async\" class=\"size-full wp-image-1753 aligncenter\" src=\"http:\/\/uenf.br\/projetos\/arvoresdauenf\/files\/2020\/08\/flamboyant-min.jpg\" alt=\"\" width=\"369\" height=\"379\" srcset=\"https:\/\/uenf.br\/projetos\/arvoresdauenf\/files\/2020\/08\/flamboyant-min.jpg 369w, https:\/\/uenf.br\/projetos\/arvoresdauenf\/files\/2020\/08\/flamboyant-min-292x300.jpg 292w\" sizes=\"auto, (max-width: 369px) 100vw, 369px\" \/><\/p>\n<\/div>\n<div id=\"tr-carregaTaxonGrupoDistribuicaoGeograficaDuvidaNorte\" class=\"distribuicaoGeograficaDuvidaNorte\">\n<div><\/div>\n<div>Fonte: Flora do Brasil, 2020 (<a href=\"http:\/\/floradobrasil.jbrj.gov.br\/reflora\/listaBrasil\/ConsultaPublicaUC\/BemVindoConsultaPublicaConsultar.do?invalidatePageControlCounter=1&amp;idsFilhosAlgas=%5B2%5D&amp;idsFilhosFungos=%5B1%2C10%2C11%5D&amp;lingua=&amp;grupo=5&amp;familia=null&amp;genero=&amp;especie=&amp;autor=&amp;nomeVernaculo=&amp;nomeCompleto=Fabaceae+Delonix+regia+%28Bojer+ex+Hook.%29+Raf.&amp;formaVida=null&amp;substrato=null&amp;ocorreBrasil=QUALQUER&amp;ocorrencia=OCORRE&amp;endemismo=TODOS&amp;origem=TODOS&amp;regiao=QUALQUER&amp;estado=QUALQUER&amp;ilhaOceanica=32767&amp;domFitogeograficos=QUALQUER&amp;bacia=QUALQUER&amp;vegetacao=TODOS&amp;mostrarAte=SUBESP_VAR&amp;opcoesBusca=TODOS_OS_NOMES&amp;loginUsuario=Visitante&amp;senhaUsuario=&amp;contexto=consulta-publica\">clique aqui<\/a>)<\/div>\n<div><\/div>\n<\/div>\n<\/div>\n<\/div>\n<\/div>\n<\/div>\n<div id=\"attachment_1830\" style=\"width: 501px\" class=\"wp-caption aligncenter\"><img loading=\"lazy\" decoding=\"async\" aria-describedby=\"caption-attachment-1830\" class=\"wp-image-1830\" src=\"http:\/\/uenf.br\/projetos\/arvoresdauenf\/files\/2020\/08\/DSC05690-min-1024x768.jpg\" alt=\"\" width=\"491\" height=\"368\" srcset=\"https:\/\/uenf.br\/projetos\/arvoresdauenf\/files\/2020\/08\/DSC05690-min-1024x768.jpg 1024w, https:\/\/uenf.br\/projetos\/arvoresdauenf\/files\/2020\/08\/DSC05690-min-300x225.jpg 300w, https:\/\/uenf.br\/projetos\/arvoresdauenf\/files\/2020\/08\/DSC05690-min-768x576.jpg 768w, https:\/\/uenf.br\/projetos\/arvoresdauenf\/files\/2020\/08\/DSC05690-min-1536x1152.jpg 1536w, https:\/\/uenf.br\/projetos\/arvoresdauenf\/files\/2020\/08\/DSC05690-min-2048x1536.jpg 2048w\" sizes=\"auto, (max-width: 491px) 100vw, 491px\" \/><p id=\"caption-attachment-1830\" class=\"wp-caption-text\">Suas flores possuem cinco p\u00e9talas, sendo uma delas maior do que as outras. A face superior \u00e9 vermelha ou alaranjada, sobre um fundo branco com bordas avermelhadas. Foto: Jos\u00e9 Gabriel de Souza Silva<\/p><\/div>\n<p>&nbsp;<\/p>\n<div id=\"attachment_1883\" style=\"width: 501px\" class=\"wp-caption aligncenter\"><img loading=\"lazy\" decoding=\"async\" aria-describedby=\"caption-attachment-1883\" class=\"wp-image-1883\" src=\"http:\/\/uenf.br\/projetos\/arvoresdauenf\/files\/2020\/08\/20200707_093829-min-1024x768.jpg\" alt=\"\" width=\"491\" height=\"367\" srcset=\"https:\/\/uenf.br\/projetos\/arvoresdauenf\/files\/2020\/08\/20200707_093829-min-1024x768.jpg 1024w, https:\/\/uenf.br\/projetos\/arvoresdauenf\/files\/2020\/08\/20200707_093829-min-300x225.jpg 300w, https:\/\/uenf.br\/projetos\/arvoresdauenf\/files\/2020\/08\/20200707_093829-min-768x576.jpg 768w, https:\/\/uenf.br\/projetos\/arvoresdauenf\/files\/2020\/08\/20200707_093829-min-1536x1152.jpg 1536w, https:\/\/uenf.br\/projetos\/arvoresdauenf\/files\/2020\/08\/20200707_093829-min-2048x1536.jpg 2048w\" sizes=\"auto, (max-width: 491px) 100vw, 491px\" \/><p id=\"caption-attachment-1883\" class=\"wp-caption-text\">As sementes de flamboyant\u00a0 s\u00e3o duras e possuem colora\u00e7\u00e3o castanho-claro, medindo cerca de 1,70 cm de comprimento.\u00a0 Apresentam dorm\u00eancia tegumentar, para que germinem a dorm\u00eancia deve ser quebrada, com lixa ou \u00e1gua quente.\u00a0 Foto: Deborah Barroso<\/p><\/div>\n<div class=\"tabelamapa\">\n<div id=\"tr-carregaTaxonGrupoDistribuicaoGeograficaCertezaNordeste\" class=\"distribuicaoGeograficaCertezaNordeste\">\n<div id=\"idFieldCertezaNordeste\" class=\"field\">\n<div class=\"tabelamapa\">\n<div>\n<h3><strong>Curiosidades:<\/strong><\/h3>\n<ul>\n<li>\u00a0Seu uso na arboriza\u00e7\u00e3o urbana \u00a0deve ser restrito a parques e grandes espa\u00e7os, pois suas ra\u00edzes s\u00e3o muito superficiais e danosas, destruindo cal\u00e7adas ao seu redor (<a href=\"https:\/\/pt.wikipedia.org\/wiki\/Delonix_regia\">clique aqui<\/a>).<\/li>\n<li>A madeira pode ser utilizada em constru\u00e7\u00f5es leves e no fabrico de canoas. (<a href=\"http:\/\/www.aplantadavez.com.br\/2014\/10\/flamboyant-delonix-regia-ex-hook.html\">clique aqui<\/a>)<\/li>\n<li>Extrato etan\u00f3lico de suas folhas apresenta atividade\u00a0 antiinflamat\u00f3ria (<a href=\"https:\/\/www.hindawi.com\/journals\/aps\/2012\/476985\/\">clique aqui<\/a>) e antioxidante (<a href=\"https:\/\/www.researchgate.net\/profile\/Subhendu_Mishra\/publication\/262638901_Screening_of_ten_indian_medicinal_plant_extracts_for_antioxidant_activity\/links\/00b7d5384f68ead88e000000\/Screening-of-ten-indian-medicinal-plant-extracts-for-antioxidant-activity.pdf\">clique aqui<\/a>).<\/li>\n<li>Pela\u00a0 intensa colora\u00e7\u00e3o vermelha nas flores, o seu nome popular ficou conhecido como flamboyant, que possui origem francesa e significa \u201cflamejante\u201d. Por\u00e9m, ainda ocorre uma variedade de flamboyant chamada \u201cFlavida\u201d, que possui as flores amarelas.<\/li>\n<\/ul>\n<\/div>\n<\/div>\n<\/div>\n<\/div>\n<\/div>\n","protected":false},"excerpt":{"rendered":"<p>Delonix regia\u00a0(Bojer ex Hook.) Raf. Fam\u00edlia: Fabaceae\u00a0 Nomes populares:\u00a0flamboi\u00e3\u00a0e\u00a0flamboai\u00e3 originam-se do nome\u00a0Flamboyant (franc\u00eas),\u00a0oriundo do latim\u00a0flammare, incendiar, nome que recebeu em&#8230;<\/p>\n","protected":false},"author":22,"featured_media":0,"parent":27,"menu_order":0,"comment_status":"closed","ping_status":"closed","template":"","meta":{"footnotes":""},"class_list":["post-216","page","type-page","status-publish","hentry"],"_links":{"self":[{"href":"https:\/\/uenf.br\/projetos\/arvoresdauenf\/wp-json\/wp\/v2\/pages\/216","targetHints":{"allow":["GET"]}}],"collection":[{"href":"https:\/\/uenf.br\/projetos\/arvoresdauenf\/wp-json\/wp\/v2\/pages"}],"about":[{"href":"https:\/\/uenf.br\/projetos\/arvoresdauenf\/wp-json\/wp\/v2\/types\/page"}],"author":[{"embeddable":true,"href":"https:\/\/uenf.br\/projetos\/arvoresdauenf\/wp-json\/wp\/v2\/users\/22"}],"replies":[{"embeddable":true,"href":"https:\/\/uenf.br\/projetos\/arvoresdauenf\/wp-json\/wp\/v2\/comments?post=216"}],"version-history":[{"count":0,"href":"https:\/\/uenf.br\/projetos\/arvoresdauenf\/wp-json\/wp\/v2\/pages\/216\/revisions"}],"up":[{"embeddable":true,"href":"https:\/\/uenf.br\/projetos\/arvoresdauenf\/wp-json\/wp\/v2\/pages\/27"}],"wp:attachment":[{"href":"https:\/\/uenf.br\/projetos\/arvoresdauenf\/wp-json\/wp\/v2\/media?parent=216"}],"curies":[{"name":"wp","href":"https:\/\/api.w.org\/{rel}","templated":true}]}}