{"id":2227,"date":"2022-06-09T02:06:56","date_gmt":"2022-06-09T05:06:56","guid":{"rendered":"https:\/\/uenf.br\/projetos\/arvoresdauenf\/?page_id=2227"},"modified":"2024-03-27T17:06:39","modified_gmt":"2024-03-27T20:06:39","slug":"carrapeta","status":"publish","type":"page","link":"https:\/\/uenf.br\/projetos\/arvoresdauenf\/especie-2\/carrapeta\/","title":{"rendered":"Carrapeta"},"content":{"rendered":"<h2 class=\"taxon\"><i><b>Guarea guidonia (L.)<\/b><\/i><\/h2>\n<div id=\"attachment_2252\" style=\"width: 388px\" class=\"wp-caption aligncenter\"><a href=\"https:\/\/uenf.br\/projetos\/arvoresdauenf\/files\/2022\/06\/20220530_110023.jpg\"><img loading=\"lazy\" decoding=\"async\" aria-describedby=\"caption-attachment-2252\" class=\"wp-image-2252\" src=\"https:\/\/uenf.br\/projetos\/arvoresdauenf\/files\/2022\/06\/20220530_110023-576x1024.jpg\" alt=\"\" width=\"378\" height=\"672\" srcset=\"https:\/\/uenf.br\/projetos\/arvoresdauenf\/files\/2022\/06\/20220530_110023-576x1024.jpg 576w, https:\/\/uenf.br\/projetos\/arvoresdauenf\/files\/2022\/06\/20220530_110023-169x300.jpg 169w, https:\/\/uenf.br\/projetos\/arvoresdauenf\/files\/2022\/06\/20220530_110023-768x1365.jpg 768w, https:\/\/uenf.br\/projetos\/arvoresdauenf\/files\/2022\/06\/20220530_110023-864x1536.jpg 864w, https:\/\/uenf.br\/projetos\/arvoresdauenf\/files\/2022\/06\/20220530_110023-1152x2048.jpg 1152w\" sizes=\"auto, (max-width: 378px) 100vw, 378px\" \/><\/a><p id=\"caption-attachment-2252\" class=\"wp-caption-text\">Foto: Jos\u00e9 Gabriel de Souza Silva<\/p><\/div>\n<p>&nbsp;<\/p>\n<div id=\"attachment_2230\" style=\"width: 393px\" class=\"wp-caption aligncenter\"><img loading=\"lazy\" decoding=\"async\" aria-describedby=\"caption-attachment-2230\" class=\"size-full wp-image-2230\" src=\"https:\/\/uenf.br\/projetos\/arvoresdauenf\/files\/2022\/06\/carrap161.jpg\" alt=\"\" width=\"383\" height=\"249\" srcset=\"https:\/\/uenf.br\/projetos\/arvoresdauenf\/files\/2022\/06\/carrap161.jpg 383w, https:\/\/uenf.br\/projetos\/arvoresdauenf\/files\/2022\/06\/carrap161-300x195.jpg 300w\" sizes=\"auto, (max-width: 383px) 100vw, 383px\" \/><p id=\"caption-attachment-2230\" class=\"wp-caption-text\">Imagem: https:\/\/www.portalsaofrancisco.com.br\/biologia\/carrapeta<\/p><\/div>\n<div id=\"attachment_2670\" style=\"width: 348px\" class=\"wp-caption aligncenter\"><img loading=\"lazy\" decoding=\"async\" aria-describedby=\"caption-attachment-2670\" class=\"wp-image-2670\" src=\"https:\/\/uenf.br\/projetos\/arvoresdauenf\/files\/2024\/03\/WhatsApp-Image-2024-03-27-at-17.03.58-225x300.jpeg\" alt=\"\" width=\"338\" height=\"451\" srcset=\"https:\/\/uenf.br\/projetos\/arvoresdauenf\/files\/2024\/03\/WhatsApp-Image-2024-03-27-at-17.03.58-225x300.jpeg 225w, https:\/\/uenf.br\/projetos\/arvoresdauenf\/files\/2024\/03\/WhatsApp-Image-2024-03-27-at-17.03.58-769x1024.jpeg 769w, https:\/\/uenf.br\/projetos\/arvoresdauenf\/files\/2024\/03\/WhatsApp-Image-2024-03-27-at-17.03.58-768x1023.jpeg 768w, https:\/\/uenf.br\/projetos\/arvoresdauenf\/files\/2024\/03\/WhatsApp-Image-2024-03-27-at-17.03.58-1153x1536.jpeg 1153w, https:\/\/uenf.br\/projetos\/arvoresdauenf\/files\/2024\/03\/WhatsApp-Image-2024-03-27-at-17.03.58-1537x2048.jpeg 1537w\" sizes=\"auto, (max-width: 338px) 100vw, 338px\" \/><p id=\"caption-attachment-2670\" class=\"wp-caption-text\">Foto: Savyo Carvalho<\/p><\/div>\n<h3><strong><span style=\"color: #000000\">Fam\u00edlia: Meliaceae\u00a0<\/span><\/strong><\/h3>\n<h3><strong><span style=\"color: #000000\">Nomes populares: carrapeta-verdadeira , marinheiro, canjerana, ta\u00fava, Pau-bala e Jatauba-branca.<\/span><\/strong><\/h3>\n<h3>Origem:\u00a0 Am\u00e9rica do Sul<\/h3>\n<h3 id=\"ocorrencia_confirmada\" class=\"label\"><strong>Ocorr\u00eancias<\/strong><\/h3>\n<div id=\"tr-carregaTaxonGrupoDistribuicaoGeograficaCertezaNorte\" class=\"distribuicaoGeograficaCertezaNorte\">\n<ul>\n<li id=\"idFieldCertezaNorte\" class=\"field\"><b>Norte<\/b> (Acre, Amazonas, Amap\u00e1, Par\u00e1, Rond\u00f4nia, Roraima, Tocantins)<\/li>\n<li class=\"field\"><b>Nordeste<\/b> (Alagoas, Bahia, Cear\u00e1, Maranh\u00e3o, Para\u00edba, Pernambuco, Piau\u00ed, Rio Grande do Norte, Sergipe)<\/li>\n<li class=\"field\"><b>Centro-Oeste<\/b> (Distrito Federal, Goi\u00e1s, Mato Grosso do Sul, Mato Grosso)<\/li>\n<li class=\"field\"><b>Sudeste<\/b> (Esp\u00edrito Santo, Minas Gerais, Rio de Janeiro, S\u00e3o Paulo)<\/li>\n<li class=\"field\"><b>Sul<\/b>\u00a0(Paran\u00e1, Rio Grande do Sul, Santa Catarina)<\/li>\n<\/ul>\n<p><img loading=\"lazy\" decoding=\"async\" class=\"size-full wp-image-2228 aligncenter\" src=\"https:\/\/uenf.br\/projetos\/arvoresdauenf\/files\/2022\/06\/Captura-de-Tela-15.png\" alt=\"\" width=\"315\" height=\"328\" srcset=\"https:\/\/uenf.br\/projetos\/arvoresdauenf\/files\/2022\/06\/Captura-de-Tela-15.png 315w, https:\/\/uenf.br\/projetos\/arvoresdauenf\/files\/2022\/06\/Captura-de-Tela-15-288x300.png 288w\" sizes=\"auto, (max-width: 315px) 100vw, 315px\" \/><\/p>\n<p>Fonte: Flora do Brasil, 2022. <a href=\"http:\/\/reflora.jbrj.gov.br\/reflora\/listaBrasil\/ConsultaPublicaUC\/BemVindoConsultaPublicaConsultar.do?invalidatePageControlCounter=37&amp;idsFilhosAlgas=%5B2%5D&amp;idsFilhosFungos=%5B1%2C11%2C10%5D&amp;lingua=&amp;grupo=6&amp;familia=null&amp;genero=&amp;especie=&amp;autor=&amp;nomeVernaculo=marinheiro&amp;nomeCompleto=&amp;formaVida=null&amp;substrato=null&amp;ocorreBrasil=QUALQUER&amp;ocorrencia=OCORRE&amp;endemismo=TODOS&amp;origem=TODOS&amp;regiao=QUALQUER&amp;estado=QUALQUER&amp;ilhaOceanica=32767&amp;domFitogeograficos=QUALQUER&amp;bacia=QUALQUER&amp;vegetacao=TODOS&amp;mostrarAte=SUBESP_VAR&amp;opcoesBusca=TODOS_OS_NOMES&amp;loginUsuario=Visitante&amp;senhaUsuario=&amp;contexto=consulta-publica\">(Clique aqui)<\/a><\/p>\n<p><strong>\u00a0 \u00a0 \u00a0 Curiosidades:\u00a0<\/strong><\/p>\n<\/div>\n<ul>\n<li>Sua madeira \u00e9\u00a0 utilizada na constru\u00e7\u00e3o civil e naval, carroceria, carpintaria e mour\u00e3o de cerca.\u00a0<a href=\"https:\/\/www.embrapa.br\/documents\/1355054\/26025431\/SITE+ARVORES_FICHA_36_Guarea+guidonea.pdf\/f68c7c25-7d50-531c-43fc-c78fa1a8c2a9\">(Clique aqui)<\/a><\/li>\n<li>\u00a0Na medicina popular a esp\u00e9cie possui propriedades adstringentes, purgativas, febr\u00edfugas, abortivas, em\u00e9ticas e anti-inflamat\u00f3ria, sendo tamb\u00e9m utilizada no tratamento de reumatismo, hidropsia e tumores artr\u00edticos. <a href=\"https:\/\/www.scielo.br\/j\/qn\/a\/tX77vb7kNHT39N9Mt4PXkxS\/?format=html\">(Clique aqui)<\/a><\/li>\n<li>Suas folhas s\u00e3o consideradas t\u00f3xicas para o gado.<\/li>\n<\/ul>\n","protected":false},"excerpt":{"rendered":"<p>Guarea guidonia (L.) &nbsp; Fam\u00edlia: Meliaceae\u00a0 Nomes populares: carrapeta-verdadeira , marinheiro, canjerana, ta\u00fava, Pau-bala e Jatauba-branca. Origem:\u00a0 Am\u00e9rica do Sul&#8230;<\/p>\n","protected":false},"author":24,"featured_media":0,"parent":27,"menu_order":0,"comment_status":"closed","ping_status":"closed","template":"","meta":{"footnotes":""},"class_list":["post-2227","page","type-page","status-publish","hentry"],"_links":{"self":[{"href":"https:\/\/uenf.br\/projetos\/arvoresdauenf\/wp-json\/wp\/v2\/pages\/2227","targetHints":{"allow":["GET"]}}],"collection":[{"href":"https:\/\/uenf.br\/projetos\/arvoresdauenf\/wp-json\/wp\/v2\/pages"}],"about":[{"href":"https:\/\/uenf.br\/projetos\/arvoresdauenf\/wp-json\/wp\/v2\/types\/page"}],"author":[{"embeddable":true,"href":"https:\/\/uenf.br\/projetos\/arvoresdauenf\/wp-json\/wp\/v2\/users\/24"}],"replies":[{"embeddable":true,"href":"https:\/\/uenf.br\/projetos\/arvoresdauenf\/wp-json\/wp\/v2\/comments?post=2227"}],"version-history":[{"count":0,"href":"https:\/\/uenf.br\/projetos\/arvoresdauenf\/wp-json\/wp\/v2\/pages\/2227\/revisions"}],"up":[{"embeddable":true,"href":"https:\/\/uenf.br\/projetos\/arvoresdauenf\/wp-json\/wp\/v2\/pages\/27"}],"wp:attachment":[{"href":"https:\/\/uenf.br\/projetos\/arvoresdauenf\/wp-json\/wp\/v2\/media?parent=2227"}],"curies":[{"name":"wp","href":"https:\/\/api.w.org\/{rel}","templated":true}]}}