{"id":2242,"date":"2022-06-20T12:26:14","date_gmt":"2022-06-20T15:26:14","guid":{"rendered":"https:\/\/uenf.br\/projetos\/arvoresdauenf\/?page_id=2242"},"modified":"2022-06-20T12:27:22","modified_gmt":"2022-06-20T15:27:22","slug":"omissao-de-nutrientes-em-especies-arboreas-nativas-da-mata-atlantica","status":"publish","type":"page","link":"https:\/\/uenf.br\/projetos\/arvoresdauenf\/campus-leonel-brizola\/pesquisas\/setor-de-silvicultura\/omissao-de-nutrientes-em-especies-arboreas-nativas-da-mata-atlantica\/","title":{"rendered":"OMISS\u00c3O DE NUTRIENTES EM ESP\u00c9CIES ARB\u00d3REAS NATIVAS DA MATA ATL\u00c2NTICA"},"content":{"rendered":"<p><strong>OMISS\u00c3O DE NUTRIENTES EM ESP\u00c9CIES ARB\u00d3REAS NATIVAS DA MATA ATL\u00c2NTICA<\/strong><\/p>\n<p><u>Giovanna Campos Mamede Weiss de Carvalho <\/u><\/p>\n<p>David Pessanha Siqueira, Christian da Cunha Ribeiro, Guilherme Ribeiro, Jos\u00e9 Gabriel de Souza Silva, Maria Clara Coutinho Rodrigues, Nayana Machado de Oliveira Ribeiro, Renata de Deus Silva,\u00a0Tuane Cristina da Silva, Yara Pereira Gon\u00e7alves, Deborah Guerra Barroso<\/p>\n<p>&nbsp;<\/p>\n<p><a href=\"https:\/\/uenf.br\/projetos\/arvoresdauenf\/files\/2022\/06\/esquema-exp-giovanna.jpg\"><img loading=\"lazy\" decoding=\"async\" class=\"aligncenter size-full wp-image-2243\" src=\"https:\/\/uenf.br\/projetos\/arvoresdauenf\/files\/2022\/06\/esquema-exp-giovanna.jpg\" alt=\"\" width=\"960\" height=\"540\" srcset=\"https:\/\/uenf.br\/projetos\/arvoresdauenf\/files\/2022\/06\/esquema-exp-giovanna.jpg 960w, https:\/\/uenf.br\/projetos\/arvoresdauenf\/files\/2022\/06\/esquema-exp-giovanna-300x169.jpg 300w, https:\/\/uenf.br\/projetos\/arvoresdauenf\/files\/2022\/06\/esquema-exp-giovanna-768x432.jpg 768w, https:\/\/uenf.br\/projetos\/arvoresdauenf\/files\/2022\/06\/esquema-exp-giovanna-800x450.jpg 800w\" sizes=\"auto, (max-width: 960px) 100vw, 960px\" \/><\/a><\/p>\n<p>&nbsp;<\/p>\n<p>Com o aumento da demanda por mudas de esp\u00e9cies arb\u00f3reas nativas nos \u00faltimos anos, em fun\u00e7\u00e3o de projetos que objetivam a adequa\u00e7\u00e3o de \u00e1reas de preserva\u00e7\u00e3o permanente (APP) e reserva legal (RL) e a recupera\u00e7\u00e3o de \u00e1reas degradadas, associados ou n\u00e3o \u00e0 explora\u00e7\u00e3o econ\u00f4mica, houve aumento no interesse em estudos n\u00e3o apenas sobre a propaga\u00e7\u00e3o, como tamb\u00e9m acerca do manejo florestal dessas esp\u00e9cies. Contudo, ainda existem muitas lacunas sobre o conhecimento da demanda por nutrientes e da express\u00e3o do d\u00e9ficit nutricional para as diversas esp\u00e9cies florestais com potencial ambiental e econ\u00f4mico. Assim, o presente estudo objetiva caracterizar os sintomas de defici\u00eancia nutricional bem como os efeitos fisiol\u00f3gicos, morfol\u00f3gicos e anat\u00f4micos em mudas de <em>Apuleia leiocarpa, Cordia thricotoma, Plathymenia reticulata e Paratecoma peroba<\/em> com idade para estabelecimento de plantios a campo. Para isso, mudas das referidas esp\u00e9cies ser\u00e3o produzidas a partir de sementes e posteriormente submetidas aos tratamentos com aplica\u00e7\u00e3o de solu\u00e7\u00e3o nutritiva de Bolle-Jones (1954) completa e com elemento faltante (macronutrientes e boro). Cada experimento ser\u00e1 instalado, em delineamento em blocos casualizados (DBC) com 8 tratamentos dispostos em 4 blocos com 4 plantas por parcela. Haver\u00e1 o monitoramento constante das plantas, com registro fotogr\u00e1fico dos sintomas visuais bem como avalia\u00e7\u00f5es biom\u00e9tricas, fisiologicas e anat\u00f4micas, assim como ser\u00e3o determinados o comprimento e a densidade dos pelos radiculares. Diante disso, espera-se que os registros fotogr\u00e1ficos obtidos possam auxiliar na diagnose visual de defici\u00eancia nutricional das especies em quest\u00e3o, assim como determinar a partir de indicadores fisiol\u00f3gicos e biom\u00e9tricos o in\u00edcio da defici\u00eancia nutricional antes do aparecimento dos sintomas avan\u00e7ados, visando a auxiliar produtores na identifica\u00e7\u00e3o precoce das defici\u00eancias e entender os mecanismos precursores dos sintomas de defici\u00eancia nutricional.<\/p>\n<p>&nbsp;<\/p>\n<p>&nbsp;<\/p>\n","protected":false},"excerpt":{"rendered":"<p>OMISS\u00c3O DE NUTRIENTES EM ESP\u00c9CIES ARB\u00d3REAS NATIVAS DA MATA ATL\u00c2NTICA Giovanna Campos Mamede Weiss de Carvalho David Pessanha Siqueira, Christian&#8230;<\/p>\n","protected":false},"author":22,"featured_media":0,"parent":2146,"menu_order":0,"comment_status":"closed","ping_status":"closed","template":"","meta":{"footnotes":""},"class_list":["post-2242","page","type-page","status-publish","hentry"],"_links":{"self":[{"href":"https:\/\/uenf.br\/projetos\/arvoresdauenf\/wp-json\/wp\/v2\/pages\/2242","targetHints":{"allow":["GET"]}}],"collection":[{"href":"https:\/\/uenf.br\/projetos\/arvoresdauenf\/wp-json\/wp\/v2\/pages"}],"about":[{"href":"https:\/\/uenf.br\/projetos\/arvoresdauenf\/wp-json\/wp\/v2\/types\/page"}],"author":[{"embeddable":true,"href":"https:\/\/uenf.br\/projetos\/arvoresdauenf\/wp-json\/wp\/v2\/users\/22"}],"replies":[{"embeddable":true,"href":"https:\/\/uenf.br\/projetos\/arvoresdauenf\/wp-json\/wp\/v2\/comments?post=2242"}],"version-history":[{"count":0,"href":"https:\/\/uenf.br\/projetos\/arvoresdauenf\/wp-json\/wp\/v2\/pages\/2242\/revisions"}],"up":[{"embeddable":true,"href":"https:\/\/uenf.br\/projetos\/arvoresdauenf\/wp-json\/wp\/v2\/pages\/2146"}],"wp:attachment":[{"href":"https:\/\/uenf.br\/projetos\/arvoresdauenf\/wp-json\/wp\/v2\/media?parent=2242"}],"curies":[{"name":"wp","href":"https:\/\/api.w.org\/{rel}","templated":true}]}}