{"id":2254,"date":"2022-06-24T12:04:08","date_gmt":"2022-06-24T15:04:08","guid":{"rendered":"https:\/\/uenf.br\/projetos\/arvoresdauenf\/?page_id=2254"},"modified":"2022-06-26T10:17:02","modified_gmt":"2022-06-26T13:17:02","slug":"mirindiba-rosa","status":"publish","type":"page","link":"https:\/\/uenf.br\/projetos\/arvoresdauenf\/especie-2\/mirindiba-rosa\/","title":{"rendered":"Mirindiba rosa"},"content":{"rendered":"<h2 class=\"taxon\"><i>Lafoensia glyptocarpa <\/i>Koehne<\/h2>\n<p>&nbsp;<\/p>\n<h3><strong><span style=\"color: #000000\">Fam\u00edlia: Litraceae<\/span><\/strong><\/h3>\n<h3><strong><span style=\"color: #000000\">Nomes populares: mirindiba rosa, <b>mirindiba-bagre<\/b>,\u00a0<b>louro-de-s\u00e3o-paulo<\/b>,\u00a0<b>mirinduva e <\/b><b>dedaleiro.<\/b><\/span><\/strong><\/h3>\n<h3 id=\"distribuicaoGeografica\" class=\"label\"><strong>Distribui\u00e7\u00e3o Geogr\u00e1fica<\/strong><\/h3>\n<div class=\"tabelamapa\">\n<h4 id=\"ocorrencia_confirmada\" class=\"label\">Ocorr\u00eancias:<\/h4>\n<ul>\n<li class=\"label\"><b>Nordeste<\/b>\u00a0(Bahia, Pernambuco, Piau\u00ed)<\/li>\n<\/ul>\n<div id=\"idFieldCertezaNordeste\" class=\"field\">\n<div class=\"dominiosFitogeograficos\">\n<h3 class=\"label\"><strong>Dom\u00ednios Fitogeogr\u00e1ficos\u00a0<\/strong><\/h3>\n<\/div>\n<div id=\"tr-carregaTaxonGrupoDominiosFitogeograficos\" class=\"dominiosFitogeograficos\">\n<ul>\n<li id=\"idFieldDominiosFitogeograficos\" class=\"field\">Cerrado<\/li>\n<\/ul>\n<p><a href=\"https:\/\/uenf.br\/projetos\/arvoresdauenf\/files\/2022\/06\/mapa-1.jpg\"><img loading=\"lazy\" decoding=\"async\" class=\"aligncenter wp-image-2256\" src=\"https:\/\/uenf.br\/projetos\/arvoresdauenf\/files\/2022\/06\/mapa-1.jpg\" alt=\"\" width=\"377\" height=\"387\" srcset=\"https:\/\/uenf.br\/projetos\/arvoresdauenf\/files\/2022\/06\/mapa-1.jpg 473w, https:\/\/uenf.br\/projetos\/arvoresdauenf\/files\/2022\/06\/mapa-1-292x300.jpg 292w\" sizes=\"auto, (max-width: 377px) 100vw, 377px\" \/><\/a><\/p>\n<\/div>\n<p>Fonte: Flora do Brasil, 2020 (<a href=\"http:\/\/floradobrasil.jbrj.gov.br\/reflora\/listaBrasil\/ConsultaPublicaUC\/BemVindoConsultaPublicaConsultar.do?invalidatePageControlCounter=1&amp;idsFilhosAlgas=%5B2%5D&amp;idsFilhosFungos=%5B1%2C11%2C10%5D&amp;lingua=&amp;grupo=6&amp;familia=null&amp;genero=&amp;especie=&amp;autor=&amp;nomeVernaculo=&amp;nomeCompleto=Lafoensia+glyptocarpa&amp;formaVida=null&amp;substrato=null&amp;ocorreBrasil=QUALQUER&amp;ocorrencia=OCORRE&amp;endemismo=TODOS&amp;origem=TODOS&amp;regiao=QUALQUER&amp;estado=QUALQUER&amp;ilhaOceanica=32767&amp;domFitogeograficos=QUALQUER&amp;bacia=QUALQUER&amp;vegetacao=TODOS&amp;mostrarAte=SUBESP_VAR&amp;opcoesBusca=TODOS_OS_NOMES&amp;loginUsuario=Visitante&amp;senhaUsuario=&amp;contexto=consulta-publica\">clique aqui<\/a>)<\/p>\n<h3>Pesquisas na UENF<\/h3>\n<ul>\n<li><span style=\"font-size: large\">No Setor de Silvicultura da UENF, a especie foi utilizada para testar a utiliza\u00e7\u00e3o do Lodo de Esgoto na composi\u00e7\u00e3o de substratos, visando atender <\/span><span style=\"font-size: large\">o suprimento da crescente demanda por mudas nativas, com alternativas para destina\u00e7\u00e3o adequada do lodo de esgoto<\/span><span style=\"font-size: large\">. <\/span><span style=\"font-size: large\">Os resultados mostraram que at\u00e9 mesmo as menores propor\u00e7\u00f5es\u00a0 do lodo de esgoto foram ben\u00e9ficas para o crescimento\u00a0 das\u00a0 mudas de\u00a0 mirindiba, sendo uma boa alternativa\u00a0 para redu\u00e7\u00e3o dos custos com substratos comerciais.<\/span><\/li>\n<\/ul>\n<\/div>\n<\/div>\n","protected":false},"excerpt":{"rendered":"<p>Lafoensia glyptocarpa Koehne &nbsp; Fam\u00edlia: Litraceae Nomes populares: mirindiba rosa, mirindiba-bagre,\u00a0louro-de-s\u00e3o-paulo,\u00a0mirinduva e dedaleiro. Distribui\u00e7\u00e3o Geogr\u00e1fica Ocorr\u00eancias: Nordeste\u00a0(Bahia, Pernambuco, Piau\u00ed) Dom\u00ednios&#8230;<\/p>\n","protected":false},"author":22,"featured_media":0,"parent":27,"menu_order":0,"comment_status":"closed","ping_status":"closed","template":"","meta":{"footnotes":""},"class_list":["post-2254","page","type-page","status-publish","hentry"],"_links":{"self":[{"href":"https:\/\/uenf.br\/projetos\/arvoresdauenf\/wp-json\/wp\/v2\/pages\/2254","targetHints":{"allow":["GET"]}}],"collection":[{"href":"https:\/\/uenf.br\/projetos\/arvoresdauenf\/wp-json\/wp\/v2\/pages"}],"about":[{"href":"https:\/\/uenf.br\/projetos\/arvoresdauenf\/wp-json\/wp\/v2\/types\/page"}],"author":[{"embeddable":true,"href":"https:\/\/uenf.br\/projetos\/arvoresdauenf\/wp-json\/wp\/v2\/users\/22"}],"replies":[{"embeddable":true,"href":"https:\/\/uenf.br\/projetos\/arvoresdauenf\/wp-json\/wp\/v2\/comments?post=2254"}],"version-history":[{"count":0,"href":"https:\/\/uenf.br\/projetos\/arvoresdauenf\/wp-json\/wp\/v2\/pages\/2254\/revisions"}],"up":[{"embeddable":true,"href":"https:\/\/uenf.br\/projetos\/arvoresdauenf\/wp-json\/wp\/v2\/pages\/27"}],"wp:attachment":[{"href":"https:\/\/uenf.br\/projetos\/arvoresdauenf\/wp-json\/wp\/v2\/media?parent=2254"}],"curies":[{"name":"wp","href":"https:\/\/api.w.org\/{rel}","templated":true}]}}