{"id":2267,"date":"2022-09-13T09:23:27","date_gmt":"2022-09-13T12:23:27","guid":{"rendered":"https:\/\/uenf.br\/projetos\/arvoresdauenf\/?page_id=2267"},"modified":"2022-09-13T09:23:27","modified_gmt":"2022-09-13T12:23:27","slug":"miniestaquia-de-cordia-trichotoma-vell-arrab-ex-steud","status":"publish","type":"page","link":"https:\/\/uenf.br\/projetos\/arvoresdauenf\/campus-leonel-brizola\/pesquisas\/setor-de-silvicultura\/miniestaquia-de-cordia-trichotoma-vell-arrab-ex-steud\/","title":{"rendered":"MINIESTAQUIA DE Cordia trichotoma (Vell.) Arrab. Ex Steud"},"content":{"rendered":"<p><strong>Miniestaquia de <em>Cordia trichotoma<\/em> (Vell.) Arrab. Ex Steud. com pr\u00e9 tratamento em H<sub>2<\/sub>O<sub>2<\/sub> e imers\u00e3o em AIB<\/strong><\/p>\n<p><em>Maria Clara Coutinho Rodrigues, Giovanna Campos Mamede Weiss de Carvalho, Renata de Deus Silva, David Pessanha Siqueira, Deborah Guerra Barroso<\/em><\/p>\n<p><a href=\"https:\/\/uenf.br\/projetos\/arvoresdauenf\/files\/2022\/09\/esquema-Maria-Clara.jpg\"><img loading=\"lazy\" decoding=\"async\" class=\"aligncenter size-large wp-image-2268\" src=\"https:\/\/uenf.br\/projetos\/arvoresdauenf\/files\/2022\/09\/esquema-Maria-Clara-1024x576.jpg\" alt=\"\" width=\"1024\" height=\"576\" srcset=\"https:\/\/uenf.br\/projetos\/arvoresdauenf\/files\/2022\/09\/esquema-Maria-Clara-1024x576.jpg 1024w, https:\/\/uenf.br\/projetos\/arvoresdauenf\/files\/2022\/09\/esquema-Maria-Clara-300x169.jpg 300w, https:\/\/uenf.br\/projetos\/arvoresdauenf\/files\/2022\/09\/esquema-Maria-Clara-768x432.jpg 768w, https:\/\/uenf.br\/projetos\/arvoresdauenf\/files\/2022\/09\/esquema-Maria-Clara-800x450.jpg 800w, https:\/\/uenf.br\/projetos\/arvoresdauenf\/files\/2022\/09\/esquema-Maria-Clara.jpg 1280w\" sizes=\"auto, (max-width: 1024px) 100vw, 1024px\" \/><\/a><\/p>\n<p>Louro pardo \u00e9 uma esp\u00e9cie florestal listada como priorit\u00e1ria na pesquisa em Silvicultura de Esp\u00e9cies Nativas, sendo utilizada em projetos de reflorestamento e para explora\u00e7\u00e3o de madeira. Apesar da demanda de mudas da esp\u00e9cie e da exist\u00eancia de m\u00e9todo de propaga\u00e7\u00e3o vegetativa na literatura, n\u00e3o h\u00e1 registro de sua utiliza\u00e7\u00e3o em larga escala em viveiros. Um dos fatores limitantes do fornecimento dessas mudas ao mercado \u00e9 a necessidade do tratamento cont\u00ednuo de 20 h pr\u00e9 estaqueamento, que demanda m\u00e3o de obra especializada e seu uso n\u00e3o \u00e9 vi\u00e1vel em tecidos mais tenros como o de brota\u00e7\u00f5es epic\u00f3rmicas de galhos resgatados e por consequ\u00eancia dificultando a clonagem de gen\u00f3tipos superiores.\u00a0 O presente trabalho objetiva avaliar o efeito de imers\u00e3o r\u00e1pida em AIB sobre o enraizamento de miniestacas de louro pardo ap\u00f3s imers\u00e3o em H<sub>2<\/sub>O<sub>2<\/sub>. Para tanto, ser\u00e1 delineado um experimento fatorial 5&#215;2 em delineamento inteiramente casualizado, com quatro repeti\u00e7\u00f5es e 10 miniestacas por parcela. No fator 1, ser\u00e3o utilizadas as concentra\u00e7\u00f5es de 0 e 50 mM de H<sub>2<\/sub>O<sub>2<\/sub>. No fator 2, ser\u00e3o utilizadas as seguintes concentra\u00e7\u00f5es de AIB: 0,1000,2000,4000 e 8000 mg.L<sup>-1<\/sup>. As miniestacas ter\u00e3o 1,5 cm de suas bases imersas em solu\u00e7\u00e3o contendo 50mM de H<sub>2<\/sub>O<sub>2<\/sub> durante 8h e posteriormente separadas em diferentes tratamentos onde suas bases ser\u00e3o imersas nas solu\u00e7\u00f5es de AIB propostas, durante 15 segundos. Em seguida ser\u00e3o estaqueadas e acondicionadas em c\u00e2mara de nebuliza\u00e7\u00e3o por 60 dias. Na expedi\u00e7\u00e3o da c\u00e2mara de nebuliza\u00e7\u00e3o, ser\u00e1 quantificado o percentual de sobreviv\u00eancia e as miniestacas vivas ser\u00e3o mantidas em casa de vegeta\u00e7\u00e3o por mais 90 dias. Decorridos 150 de experimenta\u00e7\u00e3o, ser\u00e3o avaliados o percentual de sobreviv\u00eancia, enraizamento, altura, di\u00e2metro \u00e0 altura do colo, massa seca da parte a\u00e9rea, massa seca de raiz e \u00edndice de qualidade de Dickson. Como resultado, espera-se aprimorar o m\u00e9todo de propaga\u00e7\u00e3o vegetativa da esp\u00e9cie, reduzindo o tempo necess\u00e1rio ao tratamento com AIB.<\/p>\n","protected":false},"excerpt":{"rendered":"<p>Miniestaquia de Cordia trichotoma (Vell.) Arrab. Ex Steud. com pr\u00e9 tratamento em H2O2 e imers\u00e3o em AIB Maria Clara Coutinho&#8230;<\/p>\n","protected":false},"author":22,"featured_media":0,"parent":2146,"menu_order":0,"comment_status":"closed","ping_status":"closed","template":"","meta":{"footnotes":""},"class_list":["post-2267","page","type-page","status-publish","hentry"],"_links":{"self":[{"href":"https:\/\/uenf.br\/projetos\/arvoresdauenf\/wp-json\/wp\/v2\/pages\/2267","targetHints":{"allow":["GET"]}}],"collection":[{"href":"https:\/\/uenf.br\/projetos\/arvoresdauenf\/wp-json\/wp\/v2\/pages"}],"about":[{"href":"https:\/\/uenf.br\/projetos\/arvoresdauenf\/wp-json\/wp\/v2\/types\/page"}],"author":[{"embeddable":true,"href":"https:\/\/uenf.br\/projetos\/arvoresdauenf\/wp-json\/wp\/v2\/users\/22"}],"replies":[{"embeddable":true,"href":"https:\/\/uenf.br\/projetos\/arvoresdauenf\/wp-json\/wp\/v2\/comments?post=2267"}],"version-history":[{"count":0,"href":"https:\/\/uenf.br\/projetos\/arvoresdauenf\/wp-json\/wp\/v2\/pages\/2267\/revisions"}],"up":[{"embeddable":true,"href":"https:\/\/uenf.br\/projetos\/arvoresdauenf\/wp-json\/wp\/v2\/pages\/2146"}],"wp:attachment":[{"href":"https:\/\/uenf.br\/projetos\/arvoresdauenf\/wp-json\/wp\/v2\/media?parent=2267"}],"curies":[{"name":"wp","href":"https:\/\/api.w.org\/{rel}","templated":true}]}}