{"id":2270,"date":"2022-09-20T09:15:31","date_gmt":"2022-09-20T12:15:31","guid":{"rendered":"https:\/\/uenf.br\/projetos\/arvoresdauenf\/?page_id=2270"},"modified":"2023-05-18T10:58:55","modified_gmt":"2023-05-18T13:58:55","slug":"pera-rio-sobre-limoeiro-cravo","status":"publish","type":"page","link":"https:\/\/uenf.br\/projetos\/arvoresdauenf\/campus-leonel-brizola\/pesquisas\/setor-de-fruticultura\/pera-rio-sobre-limoeiro-cravo\/","title":{"rendered":"Pera Rio sobre Limoeiro Cravo"},"content":{"rendered":"<p>Esp\u00e9cie: <em>Citrus<\/em> x <em>sinensis<\/em><\/p>\n<p>Cultivar copa: laranjeira P\u00eara Rio<\/p>\n<p>Matura\u00e7\u00e3o dos frutos: meia esta\u00e7\u00e3o<\/p>\n<p>Cultivar porta-enxerto: Limoeiro Cravo<\/p>\n<p>Data de plantio: 11\/2011<\/p>\n<p>&nbsp;<\/p>\n<p><img loading=\"lazy\" decoding=\"async\" class=\"size-medium wp-image-2460 aligncenter\" src=\"https:\/\/uenf.br\/projetos\/arvoresdauenf\/files\/2023\/05\/copa-planta-1-1-169x300.jpeg\" alt=\"\" width=\"169\" height=\"300\" srcset=\"https:\/\/uenf.br\/projetos\/arvoresdauenf\/files\/2023\/05\/copa-planta-1-1-169x300.jpeg 169w, https:\/\/uenf.br\/projetos\/arvoresdauenf\/files\/2023\/05\/copa-planta-1-1-575x1024.jpeg 575w, https:\/\/uenf.br\/projetos\/arvoresdauenf\/files\/2023\/05\/copa-planta-1-1.jpeg 719w\" sizes=\"auto, (max-width: 169px) 100vw, 169px\" \/><\/p>\n<p><img loading=\"lazy\" decoding=\"async\" class=\"size-medium wp-image-2461 aligncenter\" src=\"https:\/\/uenf.br\/projetos\/arvoresdauenf\/files\/2023\/05\/Fruto-planta-1-169x300.jpg\" alt=\"\" width=\"169\" height=\"300\" srcset=\"https:\/\/uenf.br\/projetos\/arvoresdauenf\/files\/2023\/05\/Fruto-planta-1-169x300.jpg 169w, https:\/\/uenf.br\/projetos\/arvoresdauenf\/files\/2023\/05\/Fruto-planta-1-575x1024.jpg 575w, https:\/\/uenf.br\/projetos\/arvoresdauenf\/files\/2023\/05\/Fruto-planta-1.jpg 719w\" sizes=\"auto, (max-width: 169px) 100vw, 169px\" \/><\/p>\n<p><img loading=\"lazy\" decoding=\"async\" class=\"size-medium wp-image-2459 aligncenter\" src=\"https:\/\/uenf.br\/projetos\/arvoresdauenf\/files\/2023\/05\/PLANTA-1-1-146x300.jpeg\" alt=\"\" width=\"146\" height=\"300\" srcset=\"https:\/\/uenf.br\/projetos\/arvoresdauenf\/files\/2023\/05\/PLANTA-1-1-146x300.jpeg 146w, https:\/\/uenf.br\/projetos\/arvoresdauenf\/files\/2023\/05\/PLANTA-1-1-498x1024.jpeg 498w, https:\/\/uenf.br\/projetos\/arvoresdauenf\/files\/2023\/05\/PLANTA-1-1.jpeg 622w\" sizes=\"auto, (max-width: 146px) 100vw, 146px\" \/><\/p>\n<p>Copa: Laranjeira P\u00eara IAC 2000\u2013 <strong><em>Citrus<\/em><\/strong> x <strong><em>aurantium <\/em><\/strong>var <strong><em>sinensis<\/em><\/strong> L.<\/p>\n<p>Tipo: Laranja comum<\/p>\n<p>Porta-enxerto: <strong><em>Citrus <\/em>x<em>limonia<\/em><\/strong> Osbeck \u2013 limoeiro \u2018Cravo\u2019<\/p>\n<p>Caracter\u00edsticas: A laranja P\u00eara IAC 2000 se destaca das demais por apresentar frutos grandes e de boa qualidade, provavelmente devido ao maior vigor da copa. As folhas s\u00e3o grandes e verde brilhantes, os ramos mais baixeiros crescem para cima o que faz essa laranjeira ser conhecida como \u201cde saia alta\u201d. Por conta disso \u00e9 mais f\u00e1cil entrar por baixo da planta para atingir seu tronco. No Norte Fluminense, em plantio irrigado, os frutos da combina\u00e7\u00e3o P\u00eara sobre o porta-enxerto \u2018Limoeiro Cravo\u2019atingiu altura de 1,71 m aos cinco anos ap\u00f3s o plantio, com produ\u00e7\u00e3o m\u00e9dia de 50 quilos por planta com frutos pesando em m\u00e9dia 270 gramas (Carvalho, 2017), com formato de p\u00eara (caracter\u00edstica que deu nome a essa cultivar). O vigor da P\u00eara IAC 2000 promoveu um di\u00e2metro de tronco mais largo do que o verificado para o\u00a0 limoeiro Cravo, resultando em um tronco com partes de diferentes di\u00e2metros. Fruto rico em \u00e1cido asc\u00f3rbico, que amadurecem entre junho a agosto no Norte Fluminense, e possuem um bom equil\u00edbrio entre a\u00e7\u00facar e acidez.<\/p>\n<p>Refer\u00eancias:<\/p>\n<p><a href=\"https:\/\/uenf.br\/posgraduacao\/producao-vegetal\/wp-content\/uploads\/sites\/10\/2017\/07\/Disserta%C3%A7%C3%A3o-Waleska-revisada.pdf\">https:\/\/uenf.br\/posgraduacao\/producao-vegetal\/wp-content\/uploads\/sites\/10\/2017\/07\/Disserta%C3%A7%C3%A3o-Waleska-revisada.pdf<\/a><\/p>\n<p><a href=\"https:\/\/www.ccsenet.org\/journal\/index.php\/jas\/article\/view\/75402\">https:\/\/www.ccsenet.org\/journal\/index.php\/jas\/article\/view\/75402<\/a><\/p>\n","protected":false},"excerpt":{"rendered":"<p>Esp\u00e9cie: Citrus x sinensis Cultivar copa: laranjeira P\u00eara Rio Matura\u00e7\u00e3o dos frutos: meia esta\u00e7\u00e3o Cultivar porta-enxerto: Limoeiro Cravo Data de&#8230;<\/p>\n","protected":false},"author":22,"featured_media":0,"parent":2148,"menu_order":0,"comment_status":"closed","ping_status":"closed","template":"","meta":{"footnotes":""},"class_list":["post-2270","page","type-page","status-publish","hentry"],"_links":{"self":[{"href":"https:\/\/uenf.br\/projetos\/arvoresdauenf\/wp-json\/wp\/v2\/pages\/2270","targetHints":{"allow":["GET"]}}],"collection":[{"href":"https:\/\/uenf.br\/projetos\/arvoresdauenf\/wp-json\/wp\/v2\/pages"}],"about":[{"href":"https:\/\/uenf.br\/projetos\/arvoresdauenf\/wp-json\/wp\/v2\/types\/page"}],"author":[{"embeddable":true,"href":"https:\/\/uenf.br\/projetos\/arvoresdauenf\/wp-json\/wp\/v2\/users\/22"}],"replies":[{"embeddable":true,"href":"https:\/\/uenf.br\/projetos\/arvoresdauenf\/wp-json\/wp\/v2\/comments?post=2270"}],"version-history":[{"count":0,"href":"https:\/\/uenf.br\/projetos\/arvoresdauenf\/wp-json\/wp\/v2\/pages\/2270\/revisions"}],"up":[{"embeddable":true,"href":"https:\/\/uenf.br\/projetos\/arvoresdauenf\/wp-json\/wp\/v2\/pages\/2148"}],"wp:attachment":[{"href":"https:\/\/uenf.br\/projetos\/arvoresdauenf\/wp-json\/wp\/v2\/media?parent=2270"}],"curies":[{"name":"wp","href":"https:\/\/api.w.org\/{rel}","templated":true}]}}