{"id":2275,"date":"2022-09-20T09:31:57","date_gmt":"2022-09-20T12:31:57","guid":{"rendered":"https:\/\/uenf.br\/projetos\/arvoresdauenf\/?page_id=2275"},"modified":"2023-05-18T10:50:44","modified_gmt":"2023-05-18T13:50:44","slug":"lima-sorocaba-sobre-flying-dragon","status":"publish","type":"page","link":"https:\/\/uenf.br\/projetos\/arvoresdauenf\/campus-leonel-brizola\/pesquisas\/setor-de-fruticultura\/lima-sorocaba-sobre-flying-dragon\/","title":{"rendered":"Lima Sorocaba sobre Flying Dragon"},"content":{"rendered":"<p>Esp\u00e9cie: <em>Citrus<\/em> x <em>sinensis<\/em><\/p>\n<p>Cultivar copa: laranjeira Lima Sorocaba<\/p>\n<p>Matura\u00e7\u00e3o dos frutos: meia esta\u00e7\u00e3o<\/p>\n<p>Cultivar porta-enxerto: <em>Poncirus trifoliata<\/em> var. Flying Dragon<\/p>\n<p>Data de plantio: 11\/2011<\/p>\n<p><img loading=\"lazy\" decoding=\"async\" class=\"size-medium wp-image-2451 aligncenter\" src=\"https:\/\/uenf.br\/projetos\/arvoresdauenf\/files\/2023\/05\/copa-planta-6-1-169x300.jpeg\" alt=\"\" width=\"169\" height=\"300\" srcset=\"https:\/\/uenf.br\/projetos\/arvoresdauenf\/files\/2023\/05\/copa-planta-6-1-169x300.jpeg 169w, https:\/\/uenf.br\/projetos\/arvoresdauenf\/files\/2023\/05\/copa-planta-6-1-575x1024.jpeg 575w, https:\/\/uenf.br\/projetos\/arvoresdauenf\/files\/2023\/05\/copa-planta-6-1-768x1367.jpeg 768w, https:\/\/uenf.br\/projetos\/arvoresdauenf\/files\/2023\/05\/copa-planta-6-1-863x1536.jpeg 863w, https:\/\/uenf.br\/projetos\/arvoresdauenf\/files\/2023\/05\/copa-planta-6-1.jpeg 899w\" sizes=\"auto, (max-width: 169px) 100vw, 169px\" \/><\/p>\n<p><img loading=\"lazy\" decoding=\"async\" class=\"size-medium wp-image-2449 aligncenter\" src=\"https:\/\/uenf.br\/projetos\/arvoresdauenf\/files\/2023\/05\/lima-sorocaba-225x300.jpg\" alt=\"\" width=\"225\" height=\"300\" srcset=\"https:\/\/uenf.br\/projetos\/arvoresdauenf\/files\/2023\/05\/lima-sorocaba-225x300.jpg 225w, https:\/\/uenf.br\/projetos\/arvoresdauenf\/files\/2023\/05\/lima-sorocaba-768x1024.jpg 768w, https:\/\/uenf.br\/projetos\/arvoresdauenf\/files\/2023\/05\/lima-sorocaba.jpg 960w\" sizes=\"auto, (max-width: 225px) 100vw, 225px\" \/><\/p>\n<p><img loading=\"lazy\" decoding=\"async\" class=\"size-medium wp-image-2450 aligncenter\" src=\"https:\/\/uenf.br\/projetos\/arvoresdauenf\/files\/2023\/05\/PLANTA-6-146x300.jpeg\" alt=\"\" width=\"146\" height=\"300\" srcset=\"https:\/\/uenf.br\/projetos\/arvoresdauenf\/files\/2023\/05\/PLANTA-6-146x300.jpeg 146w, https:\/\/uenf.br\/projetos\/arvoresdauenf\/files\/2023\/05\/PLANTA-6-498x1024.jpeg 498w, https:\/\/uenf.br\/projetos\/arvoresdauenf\/files\/2023\/05\/PLANTA-6.jpeg 622w\" sizes=\"auto, (max-width: 146px) 100vw, 146px\" \/><\/p>\n<p>Copa: Lima Sorocaba<\/p>\n<p>Tipo: laranja de baixa acidez<\/p>\n<p>Porta-enxerto<em>: <\/em>Limoeiro Cravo (<em>Citrus<\/em> x<em>limonia<\/em>)<\/p>\n<p>Caracter\u00edsticas: A laranja lima Sorocaba possui sabor extremamente doce e pode ser produzida em todo o Brasil. Geralmente produz frutos grandes, com m\u00e9dia de 230g. O formato \u00e9 esf\u00e9rico e a polpa tem baixa acidez. A \u00c9poca de colheita dos frutos, sob cultivo irrigado no 5\u00ba ano de cultivo em Campos dos Goytacazes, acontece a partir de maio. Quando enxertada sobre o porta-enxerto \u2018Limoeiro Cravo\u2019, as plantas atingiram 4,15 m aos cinco anos ap\u00f3s plantio. A laranja Lima Sorocaba, apesar de ter baixa acidez, tem altos teores de \u00e1cido asc\u00f3rbico, chegando a 38 mg\/100 mL de polpa, superando os teores de vitamina C de muitas outras laranjas comuns. Os frutos podem ser destinados \u00e0s pessoas com restri\u00e7\u00f5es para ingest\u00e3o de frutas \u00e1cidas, como crian\u00e7as ou adultos, suprindo suas demandas nessa vitamina. Quando a planta \u00e9 enxertada sobre o Cravo o Brix da polpa chega a 8,4 graus o que, em conjunto \u00e0 sua baixa acidez, confere um sabor predominantemente adocicado aos frutos (Carvalho, 2017).<\/p>\n<p>Refer\u00eancias:<\/p>\n<p><a href=\"https:\/\/uenf.br\/posgraduacao\/producao-vegetal\/wp-content\/uploads\/sites\/10\/2017\/07\/Disserta%C3%A7%C3%A3o-Waleska-revisada.pdf\">https:\/\/uenf.br\/posgraduacao\/producao-vegetal\/wp-content\/uploads\/sites\/10\/2017\/07\/Disserta%C3%A7%C3%A3o-Waleska-revisada.pdf<\/a><\/p>\n<p>&nbsp;<\/p>\n","protected":false},"excerpt":{"rendered":"<p>Esp\u00e9cie: Citrus x sinensis Cultivar copa: laranjeira Lima Sorocaba Matura\u00e7\u00e3o dos frutos: meia esta\u00e7\u00e3o Cultivar porta-enxerto: Poncirus trifoliata var. Flying&#8230;<\/p>\n","protected":false},"author":22,"featured_media":0,"parent":2148,"menu_order":0,"comment_status":"closed","ping_status":"closed","template":"","meta":{"footnotes":""},"class_list":["post-2275","page","type-page","status-publish","hentry"],"_links":{"self":[{"href":"https:\/\/uenf.br\/projetos\/arvoresdauenf\/wp-json\/wp\/v2\/pages\/2275","targetHints":{"allow":["GET"]}}],"collection":[{"href":"https:\/\/uenf.br\/projetos\/arvoresdauenf\/wp-json\/wp\/v2\/pages"}],"about":[{"href":"https:\/\/uenf.br\/projetos\/arvoresdauenf\/wp-json\/wp\/v2\/types\/page"}],"author":[{"embeddable":true,"href":"https:\/\/uenf.br\/projetos\/arvoresdauenf\/wp-json\/wp\/v2\/users\/22"}],"replies":[{"embeddable":true,"href":"https:\/\/uenf.br\/projetos\/arvoresdauenf\/wp-json\/wp\/v2\/comments?post=2275"}],"version-history":[{"count":0,"href":"https:\/\/uenf.br\/projetos\/arvoresdauenf\/wp-json\/wp\/v2\/pages\/2275\/revisions"}],"up":[{"embeddable":true,"href":"https:\/\/uenf.br\/projetos\/arvoresdauenf\/wp-json\/wp\/v2\/pages\/2148"}],"wp:attachment":[{"href":"https:\/\/uenf.br\/projetos\/arvoresdauenf\/wp-json\/wp\/v2\/media?parent=2275"}],"curies":[{"name":"wp","href":"https:\/\/api.w.org\/{rel}","templated":true}]}}