{"id":2277,"date":"2022-09-20T09:33:08","date_gmt":"2022-09-20T12:33:08","guid":{"rendered":"https:\/\/uenf.br\/projetos\/arvoresdauenf\/?page_id=2277"},"modified":"2023-05-18T10:40:56","modified_gmt":"2023-05-18T13:40:56","slug":"laranjeira-natal-sobre-flying-dragon","status":"publish","type":"page","link":"https:\/\/uenf.br\/projetos\/arvoresdauenf\/campus-leonel-brizola\/pesquisas\/setor-de-fruticultura\/laranjeira-natal-sobre-flying-dragon\/","title":{"rendered":"Laranjeira Natal sobre Flying Dragon"},"content":{"rendered":"<p>Esp\u00e9cie: <em>Citrus<\/em> x <em>sinensis<\/em><\/p>\n<p>Cultivar copa: laranjeira Natal<\/p>\n<p>Matura\u00e7\u00e3o dos frutos: tardia<\/p>\n<p>Cultivar porta-enxerto: <em>Poncirus trifoliata<\/em> var. Flying Dragon<\/p>\n<p>Data de plantio: 11\/2011<\/p>\n<p><img loading=\"lazy\" decoding=\"async\" class=\"size-medium wp-image-2434 aligncenter\" src=\"https:\/\/uenf.br\/projetos\/arvoresdauenf\/files\/2023\/05\/copa-planta-7-169x300.jpeg\" alt=\"\" width=\"169\" height=\"300\" srcset=\"https:\/\/uenf.br\/projetos\/arvoresdauenf\/files\/2023\/05\/copa-planta-7-169x300.jpeg 169w, https:\/\/uenf.br\/projetos\/arvoresdauenf\/files\/2023\/05\/copa-planta-7-575x1024.jpeg 575w, https:\/\/uenf.br\/projetos\/arvoresdauenf\/files\/2023\/05\/copa-planta-7-768x1367.jpeg 768w, https:\/\/uenf.br\/projetos\/arvoresdauenf\/files\/2023\/05\/copa-planta-7-863x1536.jpeg 863w, https:\/\/uenf.br\/projetos\/arvoresdauenf\/files\/2023\/05\/copa-planta-7.jpeg 899w\" sizes=\"auto, (max-width: 169px) 100vw, 169px\" \/> <img loading=\"lazy\" decoding=\"async\" class=\"size-medium wp-image-2435 aligncenter\" src=\"https:\/\/uenf.br\/projetos\/arvoresdauenf\/files\/2023\/05\/fruta-planta-7-169x300.jpeg\" alt=\"\" width=\"169\" height=\"300\" srcset=\"https:\/\/uenf.br\/projetos\/arvoresdauenf\/files\/2023\/05\/fruta-planta-7-169x300.jpeg 169w, https:\/\/uenf.br\/projetos\/arvoresdauenf\/files\/2023\/05\/fruta-planta-7-575x1024.jpeg 575w, https:\/\/uenf.br\/projetos\/arvoresdauenf\/files\/2023\/05\/fruta-planta-7-768x1367.jpeg 768w, https:\/\/uenf.br\/projetos\/arvoresdauenf\/files\/2023\/05\/fruta-planta-7-863x1536.jpeg 863w, https:\/\/uenf.br\/projetos\/arvoresdauenf\/files\/2023\/05\/fruta-planta-7.jpeg 899w\" sizes=\"auto, (max-width: 169px) 100vw, 169px\" \/> <img loading=\"lazy\" decoding=\"async\" class=\"size-medium wp-image-2436 aligncenter\" src=\"https:\/\/uenf.br\/projetos\/arvoresdauenf\/files\/2023\/05\/PLANTA-7-146x300.jpeg\" alt=\"\" width=\"146\" height=\"300\" srcset=\"https:\/\/uenf.br\/projetos\/arvoresdauenf\/files\/2023\/05\/PLANTA-7-146x300.jpeg 146w, https:\/\/uenf.br\/projetos\/arvoresdauenf\/files\/2023\/05\/PLANTA-7-498x1024.jpeg 498w, https:\/\/uenf.br\/projetos\/arvoresdauenf\/files\/2023\/05\/PLANTA-7.jpeg 622w\" sizes=\"auto, (max-width: 146px) 100vw, 146px\" \/><\/p>\n<p>Copa: Laranjeira Natal \u2013 <em>Citrus x aurantium<\/em> var sinensis L.<\/p>\n<p>Tipo: Laranja comum<\/p>\n<p>Porta-enxerto<em>: Poncirus trifoliata<\/em> var monstrosa (\u2018Flying Dragon\u2019)<\/p>\n<p>Caracter\u00edsticas: Os frutos cont\u00eam poucas sementes e polpa com muito suco. Muito boa qualidade para ind\u00fastria e consumo in natura. A laranja Natal \u00e9 uma variedade tardia com matura\u00e7\u00e3o dos frutos ocorrendo a partir de novembro nas condi\u00e7\u00f5es do Norte Fluminense, sendo seus frutos mais indicados para a industrializa\u00e7\u00e3o (Carvalho, 2017). Quando enxertada sobre o porta-enxerto <em>Poncirus trifoliata<\/em> var monstrosa (\u2018Flying Dragon\u2019), os frutos possuem a maior quantidade em \u00e1cido asc\u00f3rbico (vitamina C) em rela\u00e7\u00e3o \u00e0s outras laranjeiras, por\u00e9m s\u00e3o menores e mais \u00e1cidos. A altura m\u00e9dia das laranjeiras \u2018Natal\u2019 enxertadas sobre o porta-enxerto Flying Dragon foi de 1,8 m aos 5 anos ap\u00f3s o plantio (Carvalho, 2017) o que facilita os tratos culturais e a colheita, permitindo tamb\u00e9m a forma\u00e7\u00e3o de plantios mais adensados que podem permitir ao produtor, um retorno mais r\u00e1pido do investimento.<\/p>\n<p>&nbsp;<\/p>\n<p>Refer\u00eancias:<\/p>\n<p><a href=\"https:\/\/uenf.br\/posgraduacao\/producao-vegetal\/wp-content\/uploads\/sites\/10\/2014\/08\/Denilson.pdf\">https:\/\/uenf.br\/posgraduacao\/producao-vegetal\/wp-content\/uploads\/sites\/10\/2014\/08\/Denilson.pdf<\/a><\/p>\n<p><a href=\"https:\/\/uenf.br\/posgraduacao\/producao-vegetal\/wp-content\/uploads\/sites\/10\/2017\/07\/Disserta%C3%A7%C3%A3o-Waleska-revisada.pdf\">https:\/\/uenf.br\/posgraduacao\/producao-vegetal\/wp-content\/uploads\/sites\/10\/2017\/07\/Disserta%C3%A7%C3%A3o-Waleska-revisada.pdf<\/a><\/p>\n","protected":false},"excerpt":{"rendered":"<p>Esp\u00e9cie: Citrus x sinensis Cultivar copa: laranjeira Natal Matura\u00e7\u00e3o dos frutos: tardia Cultivar porta-enxerto: Poncirus trifoliata var. Flying Dragon Data&#8230;<\/p>\n","protected":false},"author":22,"featured_media":0,"parent":2148,"menu_order":0,"comment_status":"closed","ping_status":"closed","template":"","meta":{"footnotes":""},"class_list":["post-2277","page","type-page","status-publish","hentry"],"_links":{"self":[{"href":"https:\/\/uenf.br\/projetos\/arvoresdauenf\/wp-json\/wp\/v2\/pages\/2277","targetHints":{"allow":["GET"]}}],"collection":[{"href":"https:\/\/uenf.br\/projetos\/arvoresdauenf\/wp-json\/wp\/v2\/pages"}],"about":[{"href":"https:\/\/uenf.br\/projetos\/arvoresdauenf\/wp-json\/wp\/v2\/types\/page"}],"author":[{"embeddable":true,"href":"https:\/\/uenf.br\/projetos\/arvoresdauenf\/wp-json\/wp\/v2\/users\/22"}],"replies":[{"embeddable":true,"href":"https:\/\/uenf.br\/projetos\/arvoresdauenf\/wp-json\/wp\/v2\/comments?post=2277"}],"version-history":[{"count":0,"href":"https:\/\/uenf.br\/projetos\/arvoresdauenf\/wp-json\/wp\/v2\/pages\/2277\/revisions"}],"up":[{"embeddable":true,"href":"https:\/\/uenf.br\/projetos\/arvoresdauenf\/wp-json\/wp\/v2\/pages\/2148"}],"wp:attachment":[{"href":"https:\/\/uenf.br\/projetos\/arvoresdauenf\/wp-json\/wp\/v2\/media?parent=2277"}],"curies":[{"name":"wp","href":"https:\/\/api.w.org\/{rel}","templated":true}]}}