{"id":2279,"date":"2022-09-20T09:34:18","date_gmt":"2022-09-20T12:34:18","guid":{"rendered":"https:\/\/uenf.br\/projetos\/arvoresdauenf\/?page_id=2279"},"modified":"2023-05-18T10:44:03","modified_gmt":"2023-05-18T13:44:03","slug":"laranjeira-natal-sobre-limoeiro-cravo","status":"publish","type":"page","link":"https:\/\/uenf.br\/projetos\/arvoresdauenf\/campus-leonel-brizola\/pesquisas\/setor-de-fruticultura\/laranjeira-natal-sobre-limoeiro-cravo\/","title":{"rendered":"Laranjeira Natal sobre Limoeiro Cravo"},"content":{"rendered":"<p>Esp\u00e9cie: <em>Citrus<\/em> x <em>sinensis<\/em><\/p>\n<p>Cultivar copa: laranjeira Natal<\/p>\n<p>Matura\u00e7\u00e3o dos frutos: tardia<\/p>\n<p>Cultivar porta-enxerto: Limoeiro Cravo<\/p>\n<p>Data de plantio: 11\/2011<\/p>\n<p>&nbsp;<\/p>\n<p><img loading=\"lazy\" decoding=\"async\" class=\"size-medium wp-image-2440 aligncenter\" src=\"https:\/\/uenf.br\/projetos\/arvoresdauenf\/files\/2023\/05\/planta-169x300.jpg\" alt=\"\" width=\"169\" height=\"300\" srcset=\"https:\/\/uenf.br\/projetos\/arvoresdauenf\/files\/2023\/05\/planta-169x300.jpg 169w, https:\/\/uenf.br\/projetos\/arvoresdauenf\/files\/2023\/05\/planta-575x1024.jpg 575w, https:\/\/uenf.br\/projetos\/arvoresdauenf\/files\/2023\/05\/planta-768x1367.jpg 768w, https:\/\/uenf.br\/projetos\/arvoresdauenf\/files\/2023\/05\/planta-863x1536.jpg 863w, https:\/\/uenf.br\/projetos\/arvoresdauenf\/files\/2023\/05\/planta.jpg 899w\" sizes=\"auto, (max-width: 169px) 100vw, 169px\" \/><\/p>\n<p><img loading=\"lazy\" decoding=\"async\" class=\"size-medium wp-image-2439 aligncenter\" src=\"https:\/\/uenf.br\/projetos\/arvoresdauenf\/files\/2023\/05\/tronco-169x300.jpg\" alt=\"\" width=\"169\" height=\"300\" srcset=\"https:\/\/uenf.br\/projetos\/arvoresdauenf\/files\/2023\/05\/tronco-169x300.jpg 169w, https:\/\/uenf.br\/projetos\/arvoresdauenf\/files\/2023\/05\/tronco-575x1024.jpg 575w, https:\/\/uenf.br\/projetos\/arvoresdauenf\/files\/2023\/05\/tronco.jpg 719w\" sizes=\"auto, (max-width: 169px) 100vw, 169px\" \/><\/p>\n<p><img loading=\"lazy\" decoding=\"async\" class=\"size-medium wp-image-2441 aligncenter\" src=\"https:\/\/uenf.br\/projetos\/arvoresdauenf\/files\/2023\/05\/tronco-a-146x300.jpg\" alt=\"\" width=\"146\" height=\"300\" srcset=\"https:\/\/uenf.br\/projetos\/arvoresdauenf\/files\/2023\/05\/tronco-a-146x300.jpg 146w, https:\/\/uenf.br\/projetos\/arvoresdauenf\/files\/2023\/05\/tronco-a-498x1024.jpg 498w, https:\/\/uenf.br\/projetos\/arvoresdauenf\/files\/2023\/05\/tronco-a.jpg 622w\" sizes=\"auto, (max-width: 146px) 100vw, 146px\" \/><\/p>\n<p>Copa: Laranjeira Natal \u2013 <strong><em>Citrus<\/em><\/strong> x <strong><em>aurantium <\/em><\/strong>var <strong><em>sinensis<\/em><\/strong> L.<\/p>\n<p>Tipo: Laranja comum<\/p>\n<p>Porta-enxerto: <strong><em>Citrus limonia<\/em><\/strong> Osbeck \u2013 limoeiro \u2018Cravo\u2019<\/p>\n<p>Caracter\u00edsticas: Variedade selecionada a partir da laranja Val\u00eancia. Os frutos cont\u00eam poucas sementes e polpa com muito suco e qualidade muito boa para a ind\u00fastria. (Pompeu Junior, 2005). A laranjeira Natal \u00e9 uma variedade tardia com matura\u00e7\u00e3o dos frutos ocorrendo em novembro nas condi\u00e7\u00f5es do Norte Fluminense, tendo seus frutos mais indicados para a industrializa\u00e7\u00e3o (Carvalho, 2017). Quando enxertada sobre o porta-enxerto limoeiro \u2018Cravo\u2019, sob cultivo irrigado atingiu altura de 3,8m aos cinco anos ap\u00f3s plantio com produ\u00e7\u00e3o m\u00e9dia de 48 kg por planta, com peso m\u00e9dio por fruto de 178 gramas e rendimento de suco de 54%. Entre as demais laranjas cultivadas sobre o mesmo porta-enxerto foi a que teve maior teor de \u00e1cido asc\u00f3rbico (vitamina C), boa quantidade de a\u00e7\u00facar (Carvalho, 2017). Ressalta-se, por\u00e9m, que precisa ser colhida madura para que haja redu\u00e7\u00e3o da acidez o que ocorre \u00e0 partir de novembro nessas condi\u00e7\u00f5es.<\/p>\n<p>&nbsp;<\/p>\n<p>Refer\u00eancias:<\/p>\n<p>Pompeu Junior, J. (2005) Porta-enxertos In: Mattos Junior, D; De Negri, J.D.; Pio, R.M.; Pompeu Junior, J. (Eds) Citros, Campinas, 61-104.<\/p>\n<p><a href=\"https:\/\/uenf.br\/posgraduacao\/producao-vegetal\/wp-content\/uploads\/sites\/10\/2014\/08\/Denilson.pdf\">https:\/\/uenf.br\/posgraduacao\/producao-vegetal\/wp-content\/uploads\/sites\/10\/2014\/08\/Denilson.pdf<\/a><\/p>\n<p><a href=\"https:\/\/uenf.br\/posgraduacao\/producao-vegetal\/wp-content\/uploads\/sites\/10\/2017\/07\/Disserta%C3%A7%C3%A3o-Waleska-revisada.pdf\">https:\/\/uenf.br\/posgraduacao\/producao-vegetal\/wp-content\/uploads\/sites\/10\/2017\/07\/Disserta%C3%A7%C3%A3o-Waleska-revisada.pdf<\/a><\/p>\n","protected":false},"excerpt":{"rendered":"<p>Esp\u00e9cie: Citrus x sinensis Cultivar copa: laranjeira Natal Matura\u00e7\u00e3o dos frutos: tardia Cultivar porta-enxerto: Limoeiro Cravo Data de plantio: 11\/2011&#8230;<\/p>\n","protected":false},"author":22,"featured_media":0,"parent":2148,"menu_order":0,"comment_status":"closed","ping_status":"closed","template":"","meta":{"footnotes":""},"class_list":["post-2279","page","type-page","status-publish","hentry"],"_links":{"self":[{"href":"https:\/\/uenf.br\/projetos\/arvoresdauenf\/wp-json\/wp\/v2\/pages\/2279","targetHints":{"allow":["GET"]}}],"collection":[{"href":"https:\/\/uenf.br\/projetos\/arvoresdauenf\/wp-json\/wp\/v2\/pages"}],"about":[{"href":"https:\/\/uenf.br\/projetos\/arvoresdauenf\/wp-json\/wp\/v2\/types\/page"}],"author":[{"embeddable":true,"href":"https:\/\/uenf.br\/projetos\/arvoresdauenf\/wp-json\/wp\/v2\/users\/22"}],"replies":[{"embeddable":true,"href":"https:\/\/uenf.br\/projetos\/arvoresdauenf\/wp-json\/wp\/v2\/comments?post=2279"}],"version-history":[{"count":0,"href":"https:\/\/uenf.br\/projetos\/arvoresdauenf\/wp-json\/wp\/v2\/pages\/2279\/revisions"}],"up":[{"embeddable":true,"href":"https:\/\/uenf.br\/projetos\/arvoresdauenf\/wp-json\/wp\/v2\/pages\/2148"}],"wp:attachment":[{"href":"https:\/\/uenf.br\/projetos\/arvoresdauenf\/wp-json\/wp\/v2\/media?parent=2279"}],"curies":[{"name":"wp","href":"https:\/\/api.w.org\/{rel}","templated":true}]}}