{"id":2281,"date":"2022-09-20T09:35:11","date_gmt":"2022-09-20T12:35:11","guid":{"rendered":"https:\/\/uenf.br\/projetos\/arvoresdauenf\/?page_id=2281"},"modified":"2023-05-18T11:06:59","modified_gmt":"2023-05-18T14:06:59","slug":"tahiti-sobre-flying-dragon","status":"publish","type":"page","link":"https:\/\/uenf.br\/projetos\/arvoresdauenf\/campus-leonel-brizola\/pesquisas\/setor-de-fruticultura\/tahiti-sobre-flying-dragon\/","title":{"rendered":"Tahiti sobre Flying Dragon 2011"},"content":{"rendered":"<p>Esp\u00e9cie: <em>Citrus<\/em> x <em>latifolia<\/em><\/p>\n<p>Cultivar copa: Limeira \u00e1cida Tahiti<\/p>\n<p>Matura\u00e7\u00e3o dos frutos: precoce<\/p>\n<p>Cultivar porta-enxerto: <em>Poncirus trifoliata<\/em> var. Flying Dragon<\/p>\n<p>Data de plantio: 11\/2011<\/p>\n<p>&nbsp;<\/p>\n<p><img loading=\"lazy\" decoding=\"async\" class=\"size-medium wp-image-2470 aligncenter\" src=\"https:\/\/uenf.br\/projetos\/arvoresdauenf\/files\/2023\/05\/copa-planta-8-169x300.jpeg\" alt=\"\" width=\"169\" height=\"300\" srcset=\"https:\/\/uenf.br\/projetos\/arvoresdauenf\/files\/2023\/05\/copa-planta-8-169x300.jpeg 169w, https:\/\/uenf.br\/projetos\/arvoresdauenf\/files\/2023\/05\/copa-planta-8-575x1024.jpeg 575w, https:\/\/uenf.br\/projetos\/arvoresdauenf\/files\/2023\/05\/copa-planta-8-768x1367.jpeg 768w, https:\/\/uenf.br\/projetos\/arvoresdauenf\/files\/2023\/05\/copa-planta-8-863x1536.jpeg 863w, https:\/\/uenf.br\/projetos\/arvoresdauenf\/files\/2023\/05\/copa-planta-8.jpeg 899w\" sizes=\"auto, (max-width: 169px) 100vw, 169px\" \/><\/p>\n<p><img loading=\"lazy\" decoding=\"async\" class=\"size-medium wp-image-2471 aligncenter\" src=\"https:\/\/uenf.br\/projetos\/arvoresdauenf\/files\/2023\/05\/fruta-planta-8-169x300.jpeg\" alt=\"\" width=\"169\" height=\"300\" srcset=\"https:\/\/uenf.br\/projetos\/arvoresdauenf\/files\/2023\/05\/fruta-planta-8-169x300.jpeg 169w, https:\/\/uenf.br\/projetos\/arvoresdauenf\/files\/2023\/05\/fruta-planta-8-575x1024.jpeg 575w, https:\/\/uenf.br\/projetos\/arvoresdauenf\/files\/2023\/05\/fruta-planta-8-768x1367.jpeg 768w, https:\/\/uenf.br\/projetos\/arvoresdauenf\/files\/2023\/05\/fruta-planta-8-863x1536.jpeg 863w, https:\/\/uenf.br\/projetos\/arvoresdauenf\/files\/2023\/05\/fruta-planta-8.jpeg 899w\" sizes=\"auto, (max-width: 169px) 100vw, 169px\" \/><\/p>\n<p><img loading=\"lazy\" decoding=\"async\" class=\"size-medium wp-image-2469 aligncenter\" src=\"https:\/\/uenf.br\/projetos\/arvoresdauenf\/files\/2023\/05\/planta-8-146x300.jpeg\" alt=\"\" width=\"146\" height=\"300\" srcset=\"https:\/\/uenf.br\/projetos\/arvoresdauenf\/files\/2023\/05\/planta-8-146x300.jpeg 146w, https:\/\/uenf.br\/projetos\/arvoresdauenf\/files\/2023\/05\/planta-8-498x1024.jpeg 498w, https:\/\/uenf.br\/projetos\/arvoresdauenf\/files\/2023\/05\/planta-8.jpeg 622w\" sizes=\"auto, (max-width: 146px) 100vw, 146px\" \/><\/p>\n<p>Copa: Limeira \u00c1cida Tahiti \u2013 <strong><em>Citrus<\/em><\/strong> x<strong><em>latifolia<\/em><\/strong><\/p>\n<p>Tipo: Laranja de Umbigo<\/p>\n<p>Porta-enxerto: <strong><em>Poncirus trifoliata<\/em> <\/strong>var<strong> monstrosa <\/strong>(\u2018Flying Dragon\u2019)<\/p>\n<p>O conhecido \u201climoeiro Tahiti\u201d \u00e9 botanicamente uma limeira \u00e1cida, tendo seus frutos comercializados como lim\u00f5es. O Tahiti \u00e9 um fruto \u00e1cido, sem sementes e de casca muito verde. Quando maduro tem um amarelecimento de casca que n\u00e3o \u00e9 desejado pelos consumidores, sendo colhidos verdes, mas com um percentual de suco acima de 50. Frutos colhidos muito verdes possuem a casca enrugada e pouco suco. As plantas s\u00e3o vigorosas mas quando essa variedade \u00e9 enxertada sobre o <em>Poncirus trifoliata<\/em> var monstrosa (\u2018Flying Dragon\u2019), a altura \u00e9 bem menor do que quando essa cultivar \u00e9 enxertada sobre porta-enxertos vigorosos. Em Campos dos Goytacazes-RJ, aos cinco anos ap\u00f3s plantio as copas dessa combina\u00e7\u00e3o (Tahiti e Flying Dragon) \u00a0atingiram \u00a0m\u00e9dia de 3,1 m de altura (Carvalho et al., 2017). \u00a0Embora a \u00e9poca principal de colheita seja de dezembro a janeiro, quando o Tahiti foi enxertado sobre o Flying Dragon houve um pico de safra em setembro e v\u00e1rios per\u00edodos de colheita extendido por todo o ano (Portella, 2015) o que favorece o escoamento da produ\u00e7\u00e3o e maior pre\u00e7o do fruto para o produtor.<\/p>\n<p>&nbsp;<\/p>\n<p>Refer\u00eancias:<\/p>\n<p><a href=\"https:\/\/uenf.br\/posgraduacao\/producao-vegetal\/wp-content\/uploads\/sites\/10\/2017\/07\/Disserta%C3%A7%C3%A3o-Waleska-revisada.pdf\">https:\/\/uenf.br\/posgraduacao\/producao-vegetal\/wp-content\/uploads\/sites\/10\/2017\/07\/Disserta%C3%A7%C3%A3o-Waleska-revisada.pdf<\/a><\/p>\n<p><a href=\"https:\/\/www.ccsenet.org\/journal\/index.php\/jas\/article\/view\/75402\">https:\/\/www.ccsenet.org\/journal\/index.php\/jas\/article\/view\/75402<\/a><\/p>\n<p><a href=\"https:\/\/uenf.br\/posgraduacao\/producao-vegetal\/wp-content\/uploads\/sites\/10\/2015\/07\/Disserta%C3%A7%C3%A3o-Camilla-25-06-2015-vers%C3%A3o-final-com-ficha-catalog.pdf\">https:\/\/uenf.br\/posgraduacao\/producao-vegetal\/wp-content\/uploads\/sites\/10\/2015\/07\/Disserta%C3%A7%C3%A3o-Camilla-25-06-2015-vers%C3%A3o-final-com-ficha-catalog.pdf<\/a><\/p>\n","protected":false},"excerpt":{"rendered":"<p>Esp\u00e9cie: Citrus x latifolia Cultivar copa: Limeira \u00e1cida Tahiti Matura\u00e7\u00e3o dos frutos: precoce Cultivar porta-enxerto: Poncirus trifoliata var. Flying Dragon&#8230;<\/p>\n","protected":false},"author":22,"featured_media":0,"parent":2148,"menu_order":0,"comment_status":"closed","ping_status":"closed","template":"","meta":{"footnotes":""},"class_list":["post-2281","page","type-page","status-publish","hentry"],"_links":{"self":[{"href":"https:\/\/uenf.br\/projetos\/arvoresdauenf\/wp-json\/wp\/v2\/pages\/2281","targetHints":{"allow":["GET"]}}],"collection":[{"href":"https:\/\/uenf.br\/projetos\/arvoresdauenf\/wp-json\/wp\/v2\/pages"}],"about":[{"href":"https:\/\/uenf.br\/projetos\/arvoresdauenf\/wp-json\/wp\/v2\/types\/page"}],"author":[{"embeddable":true,"href":"https:\/\/uenf.br\/projetos\/arvoresdauenf\/wp-json\/wp\/v2\/users\/22"}],"replies":[{"embeddable":true,"href":"https:\/\/uenf.br\/projetos\/arvoresdauenf\/wp-json\/wp\/v2\/comments?post=2281"}],"version-history":[{"count":0,"href":"https:\/\/uenf.br\/projetos\/arvoresdauenf\/wp-json\/wp\/v2\/pages\/2281\/revisions"}],"up":[{"embeddable":true,"href":"https:\/\/uenf.br\/projetos\/arvoresdauenf\/wp-json\/wp\/v2\/pages\/2148"}],"wp:attachment":[{"href":"https:\/\/uenf.br\/projetos\/arvoresdauenf\/wp-json\/wp\/v2\/media?parent=2281"}],"curies":[{"name":"wp","href":"https:\/\/api.w.org\/{rel}","templated":true}]}}