{"id":2283,"date":"2022-09-20T09:36:16","date_gmt":"2022-09-20T12:36:16","guid":{"rendered":"https:\/\/uenf.br\/projetos\/arvoresdauenf\/?page_id=2283"},"modified":"2023-05-18T11:13:28","modified_gmt":"2023-05-18T14:13:28","slug":"tahiti-sobre-limoeiro-cravo","status":"publish","type":"page","link":"https:\/\/uenf.br\/projetos\/arvoresdauenf\/campus-leonel-brizola\/pesquisas\/setor-de-fruticultura\/tahiti-sobre-limoeiro-cravo\/","title":{"rendered":"Tahiti sobre Limoeiro Cravo"},"content":{"rendered":"<p>Esp\u00e9cie: <em>Citrus<\/em> x <em>latifolia<\/em><\/p>\n<p>Cultivar copa: Limeira \u00e1cida Tahiti<\/p>\n<p>Matura\u00e7\u00e3o dos frutos: precoce<\/p>\n<p>Cultivar porta-enxerto: Limoeiro Cravo<\/p>\n<p>Data de plantio: 11\/2011<\/p>\n<p>&nbsp;<\/p>\n<p><img loading=\"lazy\" decoding=\"async\" class=\"size-medium wp-image-2477 aligncenter\" src=\"https:\/\/uenf.br\/projetos\/arvoresdauenf\/files\/2023\/05\/copa-planta-22-169x300.jpeg\" alt=\"\" width=\"169\" height=\"300\" srcset=\"https:\/\/uenf.br\/projetos\/arvoresdauenf\/files\/2023\/05\/copa-planta-22-169x300.jpeg 169w, https:\/\/uenf.br\/projetos\/arvoresdauenf\/files\/2023\/05\/copa-planta-22-575x1024.jpeg 575w, https:\/\/uenf.br\/projetos\/arvoresdauenf\/files\/2023\/05\/copa-planta-22-768x1367.jpeg 768w, https:\/\/uenf.br\/projetos\/arvoresdauenf\/files\/2023\/05\/copa-planta-22-863x1536.jpeg 863w, https:\/\/uenf.br\/projetos\/arvoresdauenf\/files\/2023\/05\/copa-planta-22.jpeg 899w\" sizes=\"auto, (max-width: 169px) 100vw, 169px\" \/><\/p>\n<p><img loading=\"lazy\" decoding=\"async\" class=\"size-medium wp-image-2478 aligncenter\" src=\"https:\/\/uenf.br\/projetos\/arvoresdauenf\/files\/2023\/05\/fruta-planta-22-169x300.jpeg\" alt=\"\" width=\"169\" height=\"300\" srcset=\"https:\/\/uenf.br\/projetos\/arvoresdauenf\/files\/2023\/05\/fruta-planta-22-169x300.jpeg 169w, https:\/\/uenf.br\/projetos\/arvoresdauenf\/files\/2023\/05\/fruta-planta-22-575x1024.jpeg 575w, https:\/\/uenf.br\/projetos\/arvoresdauenf\/files\/2023\/05\/fruta-planta-22-768x1367.jpeg 768w, https:\/\/uenf.br\/projetos\/arvoresdauenf\/files\/2023\/05\/fruta-planta-22-863x1536.jpeg 863w, https:\/\/uenf.br\/projetos\/arvoresdauenf\/files\/2023\/05\/fruta-planta-22.jpeg 899w\" sizes=\"auto, (max-width: 169px) 100vw, 169px\" \/><\/p>\n<p><img loading=\"lazy\" decoding=\"async\" class=\"size-medium wp-image-2476 aligncenter\" src=\"https:\/\/uenf.br\/projetos\/arvoresdauenf\/files\/2023\/05\/planta-22-146x300.jpeg\" alt=\"\" width=\"146\" height=\"300\" srcset=\"https:\/\/uenf.br\/projetos\/arvoresdauenf\/files\/2023\/05\/planta-22-146x300.jpeg 146w, https:\/\/uenf.br\/projetos\/arvoresdauenf\/files\/2023\/05\/planta-22-498x1024.jpeg 498w, https:\/\/uenf.br\/projetos\/arvoresdauenf\/files\/2023\/05\/planta-22.jpeg 622w\" sizes=\"auto, (max-width: 146px) 100vw, 146px\" \/><\/p>\n<p>Copa: Limeira \u00c1cida Tahiti \u2013 <strong><em>Citrus<\/em><\/strong> x<strong><em>latifolia<\/em><\/strong><\/p>\n<p>Tipo: Laranja de Umbigo<\/p>\n<p>Porta-enxerto: Limoeiro Cravo (<em>Citrus xlimonia<\/em>)<\/p>\n<p>O conhecido \u201climoeiro Tahiti\u201d \u00e9 botanicamente uma limeira \u00e1cida, tendo seus frutos comercializados como lim\u00f5es. O Tahiti \u00e9 um fruto \u00e1cido, sem sementes e de casca muito verde. Quando maduro tem um amarelecimento de casca que n\u00e3o \u00e9 desejado pelos consumidores, sendo colhidos verdes, mas com um percentual de suco acima de 50. Frutos colhidos muito verdes possuem a casca enrugada e pouco suco. As plantas s\u00e3o vigorosas principalmente quando enxertadas sobre porta-enxertos vigorosos como o limoeiro \u2018Cravo\u2019. Em Campos dos Goytacazes-RJ, aos cinco anos ap\u00f3s plantio as copas dessa combina\u00e7\u00e3o (Tahiti Cravo) \u00a0atingiram \u00a0m\u00e9dia de 5,4 m de altura (Carvalho et al., 2017). \u00a0Embora a \u00e9poca principal de colheita seja de dezembro a janeiro, quando o Tahiti \u00e9 irrigado pode se colher pequenas safras em v\u00e1rios meses do ano, mas de modo geral, h\u00e1 uma baixa oferta da fruta no segundo semestre do ano (Portella, 2015).<\/p>\n<p>Refer\u00eancias:<\/p>\n<p><a href=\"https:\/\/uenf.br\/posgraduacao\/producao-vegetal\/wp-content\/uploads\/sites\/10\/2017\/07\/Disserta%C3%A7%C3%A3o-Waleska-revisada.pdf\">https:\/\/uenf.br\/posgraduacao\/producao-vegetal\/wp-content\/uploads\/sites\/10\/2017\/07\/Disserta%C3%A7%C3%A3o-Waleska-revisada.pdf<\/a><\/p>\n<p><a href=\"https:\/\/www.ccsenet.org\/journal\/index.php\/jas\/article\/view\/75402\">https:\/\/www.ccsenet.org\/journal\/index.php\/jas\/article\/view\/75402<\/a><\/p>\n<p><a href=\"https:\/\/uenf.br\/posgraduacao\/producao-vegetal\/wp-content\/uploads\/sites\/10\/2015\/07\/Disserta%C3%A7%C3%A3o-Camilla-25-06-2015-vers%C3%A3o-final-com-ficha-catalog.pdf\">https:\/\/uenf.br\/posgraduacao\/producao-vegetal\/wp-content\/uploads\/sites\/10\/2015\/07\/Disserta%C3%A7%C3%A3o-Camilla-25-06-2015-vers%C3%A3o-final-com-ficha-catalog.pdf<\/a><\/p>\n","protected":false},"excerpt":{"rendered":"<p>Esp\u00e9cie: Citrus x latifolia Cultivar copa: Limeira \u00e1cida Tahiti Matura\u00e7\u00e3o dos frutos: precoce Cultivar porta-enxerto: Limoeiro Cravo Data de plantio:&#8230;<\/p>\n","protected":false},"author":22,"featured_media":0,"parent":2148,"menu_order":0,"comment_status":"closed","ping_status":"closed","template":"","meta":{"footnotes":""},"class_list":["post-2283","page","type-page","status-publish","hentry"],"_links":{"self":[{"href":"https:\/\/uenf.br\/projetos\/arvoresdauenf\/wp-json\/wp\/v2\/pages\/2283","targetHints":{"allow":["GET"]}}],"collection":[{"href":"https:\/\/uenf.br\/projetos\/arvoresdauenf\/wp-json\/wp\/v2\/pages"}],"about":[{"href":"https:\/\/uenf.br\/projetos\/arvoresdauenf\/wp-json\/wp\/v2\/types\/page"}],"author":[{"embeddable":true,"href":"https:\/\/uenf.br\/projetos\/arvoresdauenf\/wp-json\/wp\/v2\/users\/22"}],"replies":[{"embeddable":true,"href":"https:\/\/uenf.br\/projetos\/arvoresdauenf\/wp-json\/wp\/v2\/comments?post=2283"}],"version-history":[{"count":0,"href":"https:\/\/uenf.br\/projetos\/arvoresdauenf\/wp-json\/wp\/v2\/pages\/2283\/revisions"}],"up":[{"embeddable":true,"href":"https:\/\/uenf.br\/projetos\/arvoresdauenf\/wp-json\/wp\/v2\/pages\/2148"}],"wp:attachment":[{"href":"https:\/\/uenf.br\/projetos\/arvoresdauenf\/wp-json\/wp\/v2\/media?parent=2283"}],"curies":[{"name":"wp","href":"https:\/\/api.w.org\/{rel}","templated":true}]}}