{"id":2285,"date":"2022-09-20T09:36:58","date_gmt":"2022-09-20T12:36:58","guid":{"rendered":"https:\/\/uenf.br\/projetos\/arvoresdauenf\/?page_id=2285"},"modified":"2023-05-18T10:24:46","modified_gmt":"2023-05-18T13:24:46","slug":"bahia-sobre-limoeiro-cravo","status":"publish","type":"page","link":"https:\/\/uenf.br\/projetos\/arvoresdauenf\/campus-leonel-brizola\/pesquisas\/setor-de-fruticultura\/bahia-sobre-limoeiro-cravo\/","title":{"rendered":"Bahia sobre Limoeiro Cravo"},"content":{"rendered":"<p>Esp\u00e9cie: <em>Citrus<\/em> x <em>sinensis<\/em><\/p>\n<p>Cultivar copa: laranjeira Bahia<\/p>\n<p>Matura\u00e7\u00e3o dos frutos: meia esta\u00e7\u00e3o<\/p>\n<p>Cultivar porta-enxerto: Limoeiro Cravo<\/p>\n<p>Data de plantio: 11\/2011<\/p>\n<p><img loading=\"lazy\" decoding=\"async\" class=\"alignnone size-medium wp-image-2414 aligncenter\" src=\"https:\/\/uenf.br\/projetos\/arvoresdauenf\/files\/2023\/05\/copa-planta-18-169x300.jpeg\" alt=\"\" width=\"169\" height=\"300\" srcset=\"https:\/\/uenf.br\/projetos\/arvoresdauenf\/files\/2023\/05\/copa-planta-18-169x300.jpeg 169w, https:\/\/uenf.br\/projetos\/arvoresdauenf\/files\/2023\/05\/copa-planta-18-575x1024.jpeg 575w, https:\/\/uenf.br\/projetos\/arvoresdauenf\/files\/2023\/05\/copa-planta-18.jpeg 719w\" sizes=\"auto, (max-width: 169px) 100vw, 169px\" \/> <img loading=\"lazy\" decoding=\"async\" class=\"alignnone size-medium wp-image-2416 aligncenter\" src=\"https:\/\/uenf.br\/projetos\/arvoresdauenf\/files\/2023\/05\/fruta-planta-18-169x300.jpeg\" alt=\"\" width=\"169\" height=\"300\" srcset=\"https:\/\/uenf.br\/projetos\/arvoresdauenf\/files\/2023\/05\/fruta-planta-18-169x300.jpeg 169w, https:\/\/uenf.br\/projetos\/arvoresdauenf\/files\/2023\/05\/fruta-planta-18-575x1024.jpeg 575w, https:\/\/uenf.br\/projetos\/arvoresdauenf\/files\/2023\/05\/fruta-planta-18-768x1367.jpeg 768w, https:\/\/uenf.br\/projetos\/arvoresdauenf\/files\/2023\/05\/fruta-planta-18-863x1536.jpeg 863w, https:\/\/uenf.br\/projetos\/arvoresdauenf\/files\/2023\/05\/fruta-planta-18.jpeg 899w\" sizes=\"auto, (max-width: 169px) 100vw, 169px\" \/> <img loading=\"lazy\" decoding=\"async\" class=\"alignnone size-medium wp-image-2417 aligncenter\" src=\"https:\/\/uenf.br\/projetos\/arvoresdauenf\/files\/2023\/05\/planta-18-146x300.jpeg\" alt=\"\" width=\"146\" height=\"300\" srcset=\"https:\/\/uenf.br\/projetos\/arvoresdauenf\/files\/2023\/05\/planta-18-146x300.jpeg 146w, https:\/\/uenf.br\/projetos\/arvoresdauenf\/files\/2023\/05\/planta-18-498x1024.jpeg 498w, https:\/\/uenf.br\/projetos\/arvoresdauenf\/files\/2023\/05\/planta-18.jpeg 622w\" sizes=\"auto, (max-width: 146px) 100vw, 146px\" \/><\/p>\n<p>Copa: Laranjeira Bahia \u2013 <strong><em>Citrus<\/em><\/strong> x <strong><em>aurantium <\/em><\/strong>var <strong><em>sinensis<\/em><\/strong> L.<\/p>\n<p>Tipo: Laranja de Umbigo<\/p>\n<p>Porta-enxerto: <strong><em>Citrus limonia<\/em><\/strong> Osbeck \u2013 limoeiro \u2018Cravo\u2019<\/p>\n<p>Considera-se que a laranjeira Bahia originou-se de uma muta\u00e7\u00e3o natural de uma planta da laranjeira \u2018Seleta\u2019, ocorrida no Estado da Bahia, entre 1810 e 1820 (Pompeu J\u00fanior, 2005), dando origem a uma cultivar de origem tipicamente brasileira. A laranja Bahia \u00e9 uma das laranjas de melhor sabor e caracter\u00edsticas agrad\u00e1veis para consumo ao natural. Al\u00e9m de n\u00e3o produzir sementes, os frutos s\u00e3o grandes e f\u00e1ceis de mastigar, podendo ser consumidos integralmente, retirando-se apenas a casca (exocarpo ou flavedo). Quando enxertada sobre o porta-enxerto limoeiro<em> \u2018<\/em>Cravo\u2019 as plantas atingem cerca de 4m de altura ap\u00f3s o quinto ano de plantio. Os frutos das plantas enxertadas sobre esse porta-enxerto, nas condi\u00e7\u00f5es de Campos dos Goytacazes-RJ, s\u00e3o grandes, atingindo em m\u00e9dia 287 gramas aos cinco anos ap\u00f3s o plantio, sendo muito saborosos com rela\u00e7\u00e3o entre s\u00f3lidos sol\u00faveis\/acidez de 16,5, o que indica um sabor bastante adocicado (Carvalho, 2017). Plantio efetuado em novembro de 2011 (Portella, 2015).<\/p>\n<p>&nbsp;<\/p>\n<p>Refer\u00eancias:<\/p>\n<p>Pompeu Junior, J. (2005) Porta-enxertos In: Mattos Junior, D; De Negri, J.D.; Pio, R.M.; Pompeu Junior, J. (Eds) Citros, Campinas, 61-104.<\/p>\n<p><a href=\"https:\/\/uenf.br\/posgraduacao\/producao-vegetal\/wp-content\/uploads\/sites\/10\/2015\/07\/Disserta%C3%A7%C3%A3o-Camilla-25-06-2015-vers%C3%A3o-final-com-ficha-catalog.pdf\">https:\/\/uenf.br\/posgraduacao\/producao-vegetal\/wp-content\/uploads\/sites\/10\/2015\/07\/Disserta%C3%A7%C3%A3o-Camilla-25-06-2015-vers%C3%A3o-final-com-ficha-catalog.pdf<\/a><\/p>\n<p><a href=\"https:\/\/uenf.br\/posgraduacao\/producao-vegetal\/wp-content\/uploads\/sites\/10\/2017\/07\/Disserta%C3%A7%C3%A3o-Waleska-revisada.pdf\">https:\/\/uenf.br\/posgraduacao\/producao-vegetal\/wp-content\/uploads\/sites\/10\/2017\/07\/Disserta%C3%A7%C3%A3o-Waleska-revisada.pdf<\/a><\/p>\n","protected":false},"excerpt":{"rendered":"<p>Esp\u00e9cie: Citrus x sinensis Cultivar copa: laranjeira Bahia Matura\u00e7\u00e3o dos frutos: meia esta\u00e7\u00e3o Cultivar porta-enxerto: Limoeiro Cravo Data de plantio:&#8230;<\/p>\n","protected":false},"author":22,"featured_media":0,"parent":2148,"menu_order":0,"comment_status":"closed","ping_status":"closed","template":"","meta":{"footnotes":""},"class_list":["post-2285","page","type-page","status-publish","hentry"],"_links":{"self":[{"href":"https:\/\/uenf.br\/projetos\/arvoresdauenf\/wp-json\/wp\/v2\/pages\/2285","targetHints":{"allow":["GET"]}}],"collection":[{"href":"https:\/\/uenf.br\/projetos\/arvoresdauenf\/wp-json\/wp\/v2\/pages"}],"about":[{"href":"https:\/\/uenf.br\/projetos\/arvoresdauenf\/wp-json\/wp\/v2\/types\/page"}],"author":[{"embeddable":true,"href":"https:\/\/uenf.br\/projetos\/arvoresdauenf\/wp-json\/wp\/v2\/users\/22"}],"replies":[{"embeddable":true,"href":"https:\/\/uenf.br\/projetos\/arvoresdauenf\/wp-json\/wp\/v2\/comments?post=2285"}],"version-history":[{"count":0,"href":"https:\/\/uenf.br\/projetos\/arvoresdauenf\/wp-json\/wp\/v2\/pages\/2285\/revisions"}],"up":[{"embeddable":true,"href":"https:\/\/uenf.br\/projetos\/arvoresdauenf\/wp-json\/wp\/v2\/pages\/2148"}],"wp:attachment":[{"href":"https:\/\/uenf.br\/projetos\/arvoresdauenf\/wp-json\/wp\/v2\/media?parent=2285"}],"curies":[{"name":"wp","href":"https:\/\/api.w.org\/{rel}","templated":true}]}}