{"id":2287,"date":"2022-09-20T09:39:24","date_gmt":"2022-09-20T12:39:24","guid":{"rendered":"https:\/\/uenf.br\/projetos\/arvoresdauenf\/?page_id=2287"},"modified":"2023-05-18T10:21:50","modified_gmt":"2023-05-18T13:21:50","slug":"bahia-sobre-flying-dragon","status":"publish","type":"page","link":"https:\/\/uenf.br\/projetos\/arvoresdauenf\/campus-leonel-brizola\/pesquisas\/setor-de-fruticultura\/bahia-sobre-flying-dragon\/","title":{"rendered":"Bahia sobre Flying Dragon"},"content":{"rendered":"<p>Esp\u00e9cie: <em>Citrus<\/em> x <em>sinensis<\/em><\/p>\n<p>Cultivar copa: laranjeira Bahia<\/p>\n<p>Matura\u00e7\u00e3o dos frutos: meia esta\u00e7\u00e3o<\/p>\n<p>Cultivar porta-enxerto: <em>Poncirus trifoliata<\/em> var. Flying Dragon<\/p>\n<p>Data de plantio: 11\/2011<\/p>\n<p><img loading=\"lazy\" decoding=\"async\" class=\"size-medium wp-image-2409 aligncenter\" src=\"https:\/\/uenf.br\/projetos\/arvoresdauenf\/files\/2023\/05\/copa-planta-14-169x300.jpeg\" alt=\"\" width=\"169\" height=\"300\" srcset=\"https:\/\/uenf.br\/projetos\/arvoresdauenf\/files\/2023\/05\/copa-planta-14-169x300.jpeg 169w, https:\/\/uenf.br\/projetos\/arvoresdauenf\/files\/2023\/05\/copa-planta-14-575x1024.jpeg 575w, https:\/\/uenf.br\/projetos\/arvoresdauenf\/files\/2023\/05\/copa-planta-14-768x1367.jpeg 768w, https:\/\/uenf.br\/projetos\/arvoresdauenf\/files\/2023\/05\/copa-planta-14-863x1536.jpeg 863w, https:\/\/uenf.br\/projetos\/arvoresdauenf\/files\/2023\/05\/copa-planta-14.jpeg 899w\" sizes=\"auto, (max-width: 169px) 100vw, 169px\" \/><\/p>\n<p><img loading=\"lazy\" decoding=\"async\" class=\"size-medium wp-image-2410 aligncenter\" src=\"https:\/\/uenf.br\/projetos\/arvoresdauenf\/files\/2023\/05\/fruta-planta-14-169x300.jpeg\" alt=\"\" width=\"169\" height=\"300\" srcset=\"https:\/\/uenf.br\/projetos\/arvoresdauenf\/files\/2023\/05\/fruta-planta-14-169x300.jpeg 169w, https:\/\/uenf.br\/projetos\/arvoresdauenf\/files\/2023\/05\/fruta-planta-14-575x1024.jpeg 575w, https:\/\/uenf.br\/projetos\/arvoresdauenf\/files\/2023\/05\/fruta-planta-14-768x1367.jpeg 768w, https:\/\/uenf.br\/projetos\/arvoresdauenf\/files\/2023\/05\/fruta-planta-14-863x1536.jpeg 863w, https:\/\/uenf.br\/projetos\/arvoresdauenf\/files\/2023\/05\/fruta-planta-14.jpeg 899w\" sizes=\"auto, (max-width: 169px) 100vw, 169px\" \/><\/p>\n<p><img loading=\"lazy\" decoding=\"async\" class=\"size-medium wp-image-2411 aligncenter\" src=\"https:\/\/uenf.br\/projetos\/arvoresdauenf\/files\/2023\/05\/planta-14-146x300.jpeg\" alt=\"\" width=\"146\" height=\"300\" srcset=\"https:\/\/uenf.br\/projetos\/arvoresdauenf\/files\/2023\/05\/planta-14-146x300.jpeg 146w, https:\/\/uenf.br\/projetos\/arvoresdauenf\/files\/2023\/05\/planta-14-498x1024.jpeg 498w, https:\/\/uenf.br\/projetos\/arvoresdauenf\/files\/2023\/05\/planta-14.jpeg 622w\" sizes=\"auto, (max-width: 146px) 100vw, 146px\" \/><\/p>\n<p>Copa: Laranjeira Bahia \u2013 <strong><em>Citrus<\/em><\/strong> x <strong><em>aurantium <\/em><\/strong>var <strong><em>sinensis<\/em><\/strong> L.<\/p>\n<p>Tipo: Laranja de Umbigo<\/p>\n<p>Porta-enxerto: <strong><em>Poncirus trifoliata<\/em> <\/strong>var<strong> monstrosa <\/strong>(\u2018Flying Dragon\u2019)<\/p>\n<p>Considera-se que a laranjeira Bahia tenha por origem uma muta\u00e7\u00e3o natural de uma planta da laranjeira \u2018Seleta\u2019, ocorrida no Estado da Bahia, entre 1810 e 1820 (Pompeu J\u00fanior, 2005), dando origem a uma cultivar de origem tipicamente brasileira. A laranja Bahia \u00e9 uma das laranjas de melhor sabor e caracter\u00edsticas agrad\u00e1veis para consumo ao natural. Al\u00e9m de n\u00e3o produzir sementes, os frutos s\u00e3o grandes e f\u00e1ceis de mastigar, podendo ser consumidos integralmente, retirando-se apenas a casca (exocarpo ou flavedo). Quando enxertada sobre o porta-enxerto <em>Poncirus trifoliata<\/em> var monstrosa (\u2018Flying Dragon\u2019), os frutos apresentam uma qualidade excepcional com muito a\u00e7\u00facar e pouca acidez. Al\u00e9m disso, os frutos das plantas enxertadas sobre esse porta-enxerto, nas condi\u00e7\u00f5es de Campos dos Goytacazes-RJ, t\u00eam muito suco e tamanho mais adequado para a comercializa\u00e7\u00e3o. A altura das laranjeiras Bahia enxertadas sobre o referido porta-enxerto atingiu 2,2 m aos 6 anos ap\u00f3s o plantio (Carvalho, 2017 e Carvalho et al. 2018) o que facilita os tratos culturais e a colheita, permitindo tamb\u00e9m a forma\u00e7\u00e3o de plantios mais adensados que permitem ao produtor, um retorno mais r\u00e1pido do investimento. A \u00e1rea citada foi plantada em novembro de 2011 estando as plantas com 11 anos de idade no momento.<\/p>\n<p>&nbsp;<\/p>\n<p>Refer\u00eancias:<\/p>\n<p>Pompeu Junior, J. (2005) Porta-enxertos In: Mattos Junior, D; De Negri, J.D.; Pio, R.M.; Pompeu Junior, J. (Eds) Citros, Campinas, 61-104.<\/p>\n<p><a href=\"https:\/\/uenf.br\/posgraduacao\/producao-vegetal\/wp-content\/uploads\/sites\/10\/2017\/07\/Disserta%C3%A7%C3%A3o-Waleska-revisada.pdf\">https:\/\/uenf.br\/posgraduacao\/producao-vegetal\/wp-content\/uploads\/sites\/10\/2017\/07\/Disserta%C3%A7%C3%A3o-Waleska-revisada.pdf<\/a><\/p>\n<p><a href=\"https:\/\/www.ccsenet.org\/journal\/index.php\/jas\/article\/view\/75402\">https:\/\/www.ccsenet.org\/journal\/index.php\/jas\/article\/view\/75402<\/a><\/p>\n","protected":false},"excerpt":{"rendered":"<p>Esp\u00e9cie: Citrus x sinensis Cultivar copa: laranjeira Bahia Matura\u00e7\u00e3o dos frutos: meia esta\u00e7\u00e3o Cultivar porta-enxerto: Poncirus trifoliata var. Flying Dragon&#8230;<\/p>\n","protected":false},"author":22,"featured_media":0,"parent":2148,"menu_order":0,"comment_status":"closed","ping_status":"closed","template":"","meta":{"footnotes":""},"class_list":["post-2287","page","type-page","status-publish","hentry"],"_links":{"self":[{"href":"https:\/\/uenf.br\/projetos\/arvoresdauenf\/wp-json\/wp\/v2\/pages\/2287","targetHints":{"allow":["GET"]}}],"collection":[{"href":"https:\/\/uenf.br\/projetos\/arvoresdauenf\/wp-json\/wp\/v2\/pages"}],"about":[{"href":"https:\/\/uenf.br\/projetos\/arvoresdauenf\/wp-json\/wp\/v2\/types\/page"}],"author":[{"embeddable":true,"href":"https:\/\/uenf.br\/projetos\/arvoresdauenf\/wp-json\/wp\/v2\/users\/22"}],"replies":[{"embeddable":true,"href":"https:\/\/uenf.br\/projetos\/arvoresdauenf\/wp-json\/wp\/v2\/comments?post=2287"}],"version-history":[{"count":0,"href":"https:\/\/uenf.br\/projetos\/arvoresdauenf\/wp-json\/wp\/v2\/pages\/2287\/revisions"}],"up":[{"embeddable":true,"href":"https:\/\/uenf.br\/projetos\/arvoresdauenf\/wp-json\/wp\/v2\/pages\/2148"}],"wp:attachment":[{"href":"https:\/\/uenf.br\/projetos\/arvoresdauenf\/wp-json\/wp\/v2\/media?parent=2287"}],"curies":[{"name":"wp","href":"https:\/\/api.w.org\/{rel}","templated":true}]}}